{"id":9124,"date":"2024-09-28T17:06:41","date_gmt":"2024-09-28T15:06:41","guid":{"rendered":"https:\/\/www.pedagogie.ac-nice.fr\/plplh\/?page_id=9124"},"modified":"2024-12-16T17:20:16","modified_gmt":"2024-12-16T16:20:16","slug":"emc-en-tle-bac-pro","status":"publish","type":"page","link":"https:\/\/www.pedagogie.ac-nice.fr\/plplh\/emc-en-tle-bac-pro\/","title":{"rendered":"EMC en Tle BAC PRO"},"content":{"rendered":"<ul>\n<li><strong><a href=\"https:\/\/www.pedagogie.ac-nice.fr\/plplh\/wp-content\/uploads\/sites\/18\/2020\/02\/EMC-TleBacPro.pdf\"><span style=\"font-size: 14pt;\">PROGRAMME D&rsquo;<span style=\"color: #ff6600;\">EMC<\/span><\/span><\/a><\/strong><\/li>\n<li>Documents de <strong>mise en \u0153uvre en classe <\/strong>:\n<ul>\n<li><a href=\"https:\/\/www.pedagogie.ac-nice.fr\/plplh\/wp-content\/uploads\/sites\/18\/2020\/09\/RA20_Lycee_P_CAP21T_EMC_Construire_des_competences_1256317.pdf\"><strong>Construire progressivement des comp\u00e9tences en EMC<\/strong><\/a><\/li>\n<li><strong><a href=\"https:\/\/www.pedagogie.ac-nice.fr\/plplh\/wp-content\/uploads\/sites\/18\/2020\/09\/RA20_Lycee_P_CAP21T_EMC_Debat_1258579.pdf\">Pratiquer le d\u00e9bat en EMC<\/a><\/strong><\/li>\n<li><strong><a href=\"https:\/\/www.pedagogie.ac-nice.fr\/plplh\/wp-content\/uploads\/sites\/18\/2020\/09\/RA20_Lycee_P_CAP21T_EMC_Trace_Ecrite_1258569.pdf\">Des traces \u00e9crites \u00e0 la trace \u00e9crite en EMC&nbsp;: un processus au service du projet<\/a><\/strong><\/li>\n<li><strong><a href=\"https:\/\/www.pedagogie.ac-nice.fr\/plplh\/wp-content\/uploads\/sites\/18\/2020\/09\/RA20_Lycee_P_CAP21T_EMC_Film_documentaire_1256318.pdf\">Mettre en \u0153uvre le programme d&rsquo;EMC avec le film documentaire<\/a><\/strong><\/li>\n<\/ul>\n<\/li>\n<li>Pr\u00e9sentation du th\u00e8me annuel : S&rsquo;engager et d\u00e9battre en d\u00e9mocratie autour des d\u00e9fis de soci\u00e9t\u00e9 :\n<ul>\n<li><strong><a href=\"https:\/\/www.pedagogie.ac-nice.fr\/plplh\/wp-content\/uploads\/sites\/18\/2023\/03\/ra22_lycee_p_t_emc_s-engager-debattre-democratie-defis-societe-biotechnologies-ethique.pdf\">Les d\u00e9fis des biotechnologies et de l\u2019\u00e9thique<\/a><\/strong><\/li>\n<li><strong><a href=\"https:\/\/www.pedagogie.ac-nice.fr\/plplh\/wp-content\/uploads\/sites\/18\/2023\/03\/ra22_lycee_p_t_emc_s-engager-debattre-democratie-defis-societe-changement-climatique.pdf\">Les questions de soci\u00e9t\u00e9 relatives au changement climatique<\/a><\/strong><\/li>\n<li>La r\u00e9volution num\u00e9rique et l\u2019essor de l\u2019Internet (\u00e0 venir)<\/li>\n<\/ul>\n<\/li>\n<\/ul>\n<ul>\n<li>\n<h4>PROGRAMME D&rsquo;<strong>ENSEIGNEMENT MORAL ET CIVIQUE <\/strong>de <span style=\"color: #ff6600;\">Terminale Bac Pro<\/span> &#8211; <span style=\"color: #ff0000;\">\u00c0 partir de la rentr\u00e9e 2026<\/span><\/h4>\n<ul>\n<li><a href=\"https:\/\/www.pedagogie.ac-nice.fr\/plplh\/wp-content\/uploads\/sites\/18\/2024\/06\/Programmes-EMC-TBAC.pdf\" target=\"_blank\" rel=\"noopener\"><strong>Th\u00e8me : La vie d\u00e9mocratique : d\u00e9bat, d\u00e9lib\u00e9ration et prise de d\u00e9cision<\/strong><\/a><\/li>\n<li>Consultez la <strong><a href=\"https:\/\/www.pedagogie.ac-nice.fr\/plplh\/wp-content\/uploads\/sites\/18\/2024\/06\/tableau-de-synthese-themes-EMC-09-2024.pdf\" target=\"_blank\" rel=\"noopener\">pr\u00e9sentation synth\u00e9tique de ces nouveaux&nbsp; programmes en lyc\u00e9e professionnel<\/a><\/strong>.<\/li>\n<\/ul>\n<\/li>\n<\/ul>\n","protected":false},"excerpt":{"rendered":"<p>PROGRAMME D&rsquo;EMC Documents de mise en \u0153uvre en classe : Construire progressivement des comp\u00e9tences en EMC Pratiquer le d\u00e9bat en EMC Des traces \u00e9crites \u00e0 la trace \u00e9crite en EMC&nbsp;: un processus au service du projet Mettre en \u0153uvre le programme d&rsquo;EMC avec le film documentaire Pr\u00e9sentation du th\u00e8me annuel : S&rsquo;engager et d\u00e9battre en &hellip; <\/p>\n<p><a class=\"more-link btn\" href=\"https:\/\/www.pedagogie.ac-nice.fr\/plplh\/emc-en-tle-bac-pro\/\">Lire la suite<\/a><\/p>\n","protected":false},"author":195,"featured_media":0,"parent":0,"menu_order":0,"comment_status":"closed","ping_status":"closed","template":"","meta":{"ngg_post_thumbnail":0,"footnotes":""},"class_list":["post-9124","page","type-page","status-publish","hentry","nodate","item-wrap"],"rttpg_featured_image_url":null,"rttpg_author":{"display_name":"David Lamoureux","author_link":"https:\/\/www.pedagogie.ac-nice.fr\/plplh\/author\/dlamoureux\/"},"rttpg_comment":0,"rttpg_category":null,"rttpg_excerpt":"PROGRAMME D&rsquo;EMC Documents de mise en \u0153uvre en classe : Construire progressivement des comp\u00e9tences en EMC Pratiquer le d\u00e9bat en EMC Des traces \u00e9crites \u00e0 la trace \u00e9crite en EMC&nbsp;: un processus au service du projet Mettre en \u0153uvre le programme d&rsquo;EMC avec le film documentaire Pr\u00e9sentation du th\u00e8me annuel : S&rsquo;engager et d\u00e9battre en\u2026","post_mailing_queue_ids":[],"_links":{"self":[{"href":"https:\/\/www.pedagogie.ac-nice.fr\/plplh\/wp-json\/wp\/v2\/pages\/9124","targetHints":{"allow":["GET"]}}],"collection":[{"href":"https:\/\/www.pedagogie.ac-nice.fr\/plplh\/wp-json\/wp\/v2\/pages"}],"about":[{"href":"https:\/\/www.pedagogie.ac-nice.fr\/plplh\/wp-json\/wp\/v2\/types\/page"}],"author":[{"embeddable":true,"href":"https:\/\/www.pedagogie.ac-nice.fr\/plplh\/wp-json\/wp\/v2\/users\/195"}],"replies":[{"embeddable":true,"href":"https:\/\/www.pedagogie.ac-nice.fr\/plplh\/wp-json\/wp\/v2\/comments?post=9124"}],"version-history":[{"count":6,"href":"https:\/\/www.pedagogie.ac-nice.fr\/plplh\/wp-json\/wp\/v2\/pages\/9124\/revisions"}],"predecessor-version":[{"id":9551,"href":"https:\/\/www.pedagogie.ac-nice.fr\/plplh\/wp-json\/wp\/v2\/pages\/9124\/revisions\/9551"}],"wp:attachment":[{"href":"https:\/\/www.pedagogie.ac-nice.fr\/plplh\/wp-json\/wp\/v2\/media?parent=9124"}],"curies":[{"name":"wp","href":"https:\/\/api.w.org\/{rel}","templated":true}]}}