{"id":9460,"date":"2024-12-16T14:30:56","date_gmt":"2024-12-16T13:30:56","guid":{"rendered":"https:\/\/www.pedagogie.ac-nice.fr\/plplh\/?page_id=9460"},"modified":"2025-10-16T10:22:35","modified_gmt":"2025-10-16T08:22:35","slug":"emc-en-cap-2","status":"publish","type":"page","link":"https:\/\/www.pedagogie.ac-nice.fr\/plplh\/emc-en-cap-2\/","title":{"rendered":"EMC en CAP"},"content":{"rendered":"<ul>\n<li><span style=\"color: #333333;\"><strong><span style=\"font-size: 14pt;\">PROGRAMME D&rsquo;EMC <\/span><span style=\"font-size: 14pt;\">&#8211; CAP<\/span><\/strong><\/span>\n<ul>\n<li><a href=\"https:\/\/www.pedagogie.ac-nice.fr\/plplh\/wp-content\/uploads\/sites\/18\/2024\/06\/Programmes-EMC-CAP.pdf\" target=\"_blank\" rel=\"noopener\"><strong>Th\u00e8mes : Droits, libert\u00e9s et responsabilit\u00e9 et Coh\u00e9sion et diversit\u00e9 dans une soci\u00e9t\u00e9 d\u00e9mocratique<\/strong><\/a><\/li>\n<li>Consultez la <strong><a href=\"https:\/\/www.pedagogie.ac-nice.fr\/plplh\/wp-content\/uploads\/sites\/18\/2024\/06\/tableau-de-synthese-themes-EMC-09-2024.pdf\" target=\"_blank\" rel=\"noopener\">pr\u00e9sentation synth\u00e9tique de ces nouveaux&nbsp; programmes en lyc\u00e9e professionnel<\/a><\/strong>.<\/li>\n<\/ul>\n<ul>\n<li>Retrouvez les documents d&rsquo;accompagnement pour <strong>une mise en \u0153uvre par comp\u00e9tences<\/strong> sur la page <a href=\"https:\/\/www.pedagogie.ac-nice.fr\/plplh\/enseigner\/par-competences\/\"><strong>ENSEIGNER &gt; PAR COMP\u00c9TENCES <\/strong><\/a><\/li>\n<\/ul>\n<ul>\n<li style=\"list-style-type: none;\">&nbsp;<\/li>\n<\/ul>\n<\/li>\n<li>Documents de <strong>mise en \u0153uvre en classe <\/strong>:\n<ul>\n<li><strong><a class=\"download-link with-icon\" href=\"https:\/\/www.pedagogie.ac-nice.fr\/plplh\/wp-content\/uploads\/sites\/18\/2025\/06\/2025_livretaccompagnement_emc_lyceecap_0.pdf\" target=\"_blank\" rel=\"noopener\" data-tracking-attached=\"true\">Livret d\u2019accompagnement pour la premi\u00e8re th\u00e9matique de CAP&nbsp;: Droits, libert\u00e9s et responsabilit\u00e9<\/a><\/strong><\/li>\n<\/ul>\n<\/li>\n<\/ul>\n<div class=\"page\" title=\"Page 6\">\n<div class=\"section\">\n<div class=\"layoutArea\">&nbsp;<\/div>\n<\/div>\n<\/div>\n","protected":false},"excerpt":{"rendered":"<p>PROGRAMME D&rsquo;EMC &#8211; CAP Th\u00e8mes : Droits, libert\u00e9s et responsabilit\u00e9 et Coh\u00e9sion et diversit\u00e9 dans une soci\u00e9t\u00e9 d\u00e9mocratique Consultez la pr\u00e9sentation synth\u00e9tique de ces nouveaux&nbsp; programmes en lyc\u00e9e professionnel. Retrouvez les documents d&rsquo;accompagnement pour une mise en \u0153uvre par comp\u00e9tences sur la page ENSEIGNER &gt; PAR COMP\u00c9TENCES &nbsp; Documents de mise en \u0153uvre en classe &hellip; <\/p>\n<p><a class=\"more-link btn\" href=\"https:\/\/www.pedagogie.ac-nice.fr\/plplh\/emc-en-cap-2\/\">Lire la suite<\/a><\/p>\n","protected":false},"author":195,"featured_media":0,"parent":0,"menu_order":0,"comment_status":"closed","ping_status":"closed","template":"","meta":{"ngg_post_thumbnail":0,"footnotes":""},"class_list":["post-9460","page","type-page","status-publish","hentry","nodate","item-wrap"],"rttpg_featured_image_url":null,"rttpg_author":{"display_name":"David Lamoureux","author_link":"https:\/\/www.pedagogie.ac-nice.fr\/plplh\/author\/dlamoureux\/"},"rttpg_comment":0,"rttpg_category":null,"rttpg_excerpt":"PROGRAMME D&rsquo;EMC &#8211; CAP Th\u00e8mes : Droits, libert\u00e9s et responsabilit\u00e9 et Coh\u00e9sion et diversit\u00e9 dans une soci\u00e9t\u00e9 d\u00e9mocratique Consultez la pr\u00e9sentation synth\u00e9tique de ces nouveaux&nbsp; programmes en lyc\u00e9e professionnel. Retrouvez les documents d&rsquo;accompagnement pour une mise en \u0153uvre par comp\u00e9tences sur la page ENSEIGNER &gt; PAR COMP\u00c9TENCES &nbsp; Documents de mise en \u0153uvre en classe\u2026","post_mailing_queue_ids":[],"_links":{"self":[{"href":"https:\/\/www.pedagogie.ac-nice.fr\/plplh\/wp-json\/wp\/v2\/pages\/9460","targetHints":{"allow":["GET"]}}],"collection":[{"href":"https:\/\/www.pedagogie.ac-nice.fr\/plplh\/wp-json\/wp\/v2\/pages"}],"about":[{"href":"https:\/\/www.pedagogie.ac-nice.fr\/plplh\/wp-json\/wp\/v2\/types\/page"}],"author":[{"embeddable":true,"href":"https:\/\/www.pedagogie.ac-nice.fr\/plplh\/wp-json\/wp\/v2\/users\/195"}],"replies":[{"embeddable":true,"href":"https:\/\/www.pedagogie.ac-nice.fr\/plplh\/wp-json\/wp\/v2\/comments?post=9460"}],"version-history":[{"count":10,"href":"https:\/\/www.pedagogie.ac-nice.fr\/plplh\/wp-json\/wp\/v2\/pages\/9460\/revisions"}],"predecessor-version":[{"id":10323,"href":"https:\/\/www.pedagogie.ac-nice.fr\/plplh\/wp-json\/wp\/v2\/pages\/9460\/revisions\/10323"}],"wp:attachment":[{"href":"https:\/\/www.pedagogie.ac-nice.fr\/plplh\/wp-json\/wp\/v2\/media?parent=9460"}],"curies":[{"name":"wp","href":"https:\/\/api.w.org\/{rel}","templated":true}]}}