{"id":9494,"date":"2024-12-16T15:23:46","date_gmt":"2024-12-16T14:23:46","guid":{"rendered":"https:\/\/www.pedagogie.ac-nice.fr\/plplh\/?page_id=9494"},"modified":"2025-12-31T14:43:22","modified_gmt":"2025-12-31T13:43:22","slug":"francais-en-2de-bcp","status":"publish","type":"page","link":"https:\/\/www.pedagogie.ac-nice.fr\/plplh\/francais-en-2de-bcp\/","title":{"rendered":"Fran\u00e7ais en 2de BAC PRO"},"content":{"rendered":"<h4><span style=\"color: #ff6600;\"><strong>1. Grille horaire<\/strong><\/span><\/h4>\n<ul>\n<li>Consultez la <strong>grille horaire de r\u00e9f\u00e9rence<\/strong> pour la <a href=\"https:\/\/www.pedagogie.ac-nice.fr\/plplh\/wp-content\/uploads\/sites\/18\/2024\/03\/Grille-horaire-Bac-Pro-2024.pdf\" target=\"_blank\" rel=\"noopener\"><strong>Seconde Bac Pro<\/strong><\/a><\/li>\n<\/ul>\n<h4><span style=\"color: #ff6600;\"><strong>2. Programme<\/strong><\/span><\/h4>\n<ul>\n<li><strong><a href=\"https:\/\/www.pedagogie.ac-nice.fr\/plplh\/wp-content\/uploads\/sites\/18\/2019\/04\/fran\u00e7ais-2nde.pdf\"><span style=\"font-size: 14pt;\">PROGRAMME DE<span style=\"color: #ff6600;\"> FRAN\u00c7AIS<\/span><\/span><\/a><\/strong><\/li>\n<li>La pr\u00e9sentation acad\u00e9mique des <a href=\"https:\/\/www.pedagogie.ac-nice.fr\/plplh\/wp-content\/uploads\/sites\/18\/2019\/09\/PRESENTATION-FRANC\u0327AIS-2019.pdf\"><strong>programmes de Lettres <\/strong>en <strong>2nde Bac Pro<\/strong> et <strong>CAP<\/strong><\/a><\/li>\n<li>Une r\u00e9flexion acad\u00e9mique sur <strong><a href=\"https:\/\/www.pedagogie.ac-nice.fr\/plplh\/programme-de-francais-reflexions-et-mise-en-oeuvre-en-2de-bac-pro\/presentation-oe-lettres-v-relue\/\" rel=\"attachment wp-att-3469\">la mise en \u0153uvre :&nbsp;<\/a><\/strong>\n<ul>\n<li><strong><a href=\"https:\/\/www.pedagogie.ac-nice.fr\/plplh\/wp-content\/uploads\/sites\/18\/2019\/11\/pr%C3%A9sentation-programme-lettres-V.Relue_.pdf\" target=\"_blank\" rel=\"noopener noreferrer\">annuelle du programme de fran\u00e7ais <\/a><\/strong>&nbsp;en 2de Bac Pro<\/li>\n<li><strong><a href=\"https:\/\/www.pedagogie.ac-nice.fr\/plplh\/programme-de-francais-reflexions-et-mise-en-oeuvre-en-2de-bac-pro\/presentation-oe-lettres-v-relue\/\" rel=\"attachment wp-att-3469\">de l\u2019objet d\u2019\u00e9tude \u201cdevenir soi, les \u00e9critures autobiographiques\u201d<\/a><\/strong><\/li>\n<li><a href=\"https:\/\/www.pedagogie.ac-nice.fr\/plplh\/wp-content\/uploads\/sites\/18\/2020\/03\/Pre\u0301sentation-E-Langue.pdf\"><strong>de l\u2019\u00e9tude de la langue<\/strong><\/a> en CAP et en 2de Bac Pro.<\/li>\n<\/ul>\n<\/li>\n<li>Documents de <strong>mise en \u0153uvre en classe <\/strong>:&nbsp;\n<ul>\n<li><strong><a href=\"https:\/\/eduscol.education.fr\/cid144226\/francais-voie-pro.html\">Lire, \u00c9crire, l&rsquo;Oral et l&rsquo;\u00c9tude de la langue<\/a><\/strong><\/li>\n<li><strong><a href=\"https:\/\/www.pedagogie.ac-nice.fr\/plplh\/wp-content\/uploads\/sites\/18\/2021\/08\/lire-une-OI-en-lp.pdf\">Lire une oeuvre int\u00e9grale<\/a><\/strong><\/li>\n<li>CLEMI : <strong><a href=\"https:\/\/www.pedagogie.ac-nice.fr\/plplh\/wp-content\/uploads\/sites\/18\/2023\/08\/Entrees__EMI__dans_les_programmes_du_lycee_professionel.pdf\" target=\"_blank\" rel=\"noopener\">Rep\u00e9rage des connaissances et comp\u00e9tences EMI<\/a><\/strong> dans les nouveaux programmes de lyc\u00e9e professionnel (2019)<\/li>\n<li>Vad\u00e9mecum <strong><a href=\"https:\/\/www.pedagogie.ac-nice.fr\/plplh\/wp-content\/uploads\/sites\/18\/2025\/12\/vademecum-emi.pdf\" target=\"_blank\" rel=\"noopener\">\u00c9ducation \u00e0 l&rsquo;information et aux m\u00e9dias<\/a><\/strong> (2024)<\/li>\n<\/ul>\n<\/li>\n<li>Page Eduscol consacr\u00e9e au <strong><a href=\"https:\/\/eduscol.education.fr\/cid144226\/francais-voie-pro.html\">Fran\u00e7ais en lyc\u00e9e professionnel<\/a><\/strong><\/li>\n<li>&nbsp;Pr\u00e9sentation <strong>des objets d&rsquo;\u00e9tude <\/strong>:\n<ul>\n<li><a href=\"https:\/\/www.pedagogie.ac-nice.fr\/plplh\/wp-content\/uploads\/sites\/18\/2020\/10\/RA20_Lycee_P_2_FRA_devenir-soi_Ecritures-autobiographiques_1331549.pdf\"><strong>Devenir soi, \u00e9critures autobiographiques :&nbsp; pr\u00e9sentation de l&rsquo;objet d&rsquo;\u00e9tude<\/strong><\/a><\/li>\n<li><a href=\"https:\/\/www.pedagogie.ac-nice.fr\/plplh\/wp-content\/uploads\/sites\/18\/2020\/10\/RA20_Lycee_P_2_FRA_devenir-soi_Ecritures-autobiographiques-references_1331551.pdf\"><strong>Devenir soi, \u00e9critures autobiographiques : propositions bibliographiques<\/strong><\/a><strong><br \/>\n<\/strong><\/li>\n<li>\n<p id=\"summary-item-3\" class=\"title\"><strong><a href=\"https:\/\/www.pedagogie.ac-nice.fr\/plplh\/wp-content\/uploads\/sites\/18\/2021\/11\/ra21_lycee_p_2_fra_s-informer-circuits-information.pdf\">S\u2019informer, informer : les circuits de l\u2019information<\/a><\/strong><\/p>\n<\/li>\n<\/ul>\n<\/li>\n<\/ul>\n","protected":false},"excerpt":{"rendered":"<p>1. Grille horaire Consultez la grille horaire de r\u00e9f\u00e9rence pour la Seconde Bac Pro 2. Programme PROGRAMME DE FRAN\u00c7AIS La pr\u00e9sentation acad\u00e9mique des programmes de Lettres en 2nde Bac Pro et CAP Une r\u00e9flexion acad\u00e9mique sur la mise en \u0153uvre :&nbsp; annuelle du programme de fran\u00e7ais &nbsp;en 2de Bac Pro de l\u2019objet d\u2019\u00e9tude \u201cdevenir soi, &hellip; <\/p>\n<p><a class=\"more-link btn\" href=\"https:\/\/www.pedagogie.ac-nice.fr\/plplh\/francais-en-2de-bcp\/\">Lire la suite<\/a><\/p>\n","protected":false},"author":195,"featured_media":0,"parent":0,"menu_order":0,"comment_status":"closed","ping_status":"closed","template":"","meta":{"ngg_post_thumbnail":0,"footnotes":""},"class_list":["post-9494","page","type-page","status-publish","hentry","nodate","item-wrap"],"rttpg_featured_image_url":null,"rttpg_author":{"display_name":"David Lamoureux","author_link":"https:\/\/www.pedagogie.ac-nice.fr\/plplh\/author\/dlamoureux\/"},"rttpg_comment":0,"rttpg_category":null,"rttpg_excerpt":"1. Grille horaire Consultez la grille horaire de r\u00e9f\u00e9rence pour la Seconde Bac Pro 2. Programme PROGRAMME DE FRAN\u00c7AIS La pr\u00e9sentation acad\u00e9mique des programmes de Lettres en 2nde Bac Pro et CAP Une r\u00e9flexion acad\u00e9mique sur la mise en \u0153uvre :&nbsp; annuelle du programme de fran\u00e7ais &nbsp;en 2de Bac Pro de l\u2019objet d\u2019\u00e9tude \u201cdevenir soi,\u2026","post_mailing_queue_ids":[],"_links":{"self":[{"href":"https:\/\/www.pedagogie.ac-nice.fr\/plplh\/wp-json\/wp\/v2\/pages\/9494","targetHints":{"allow":["GET"]}}],"collection":[{"href":"https:\/\/www.pedagogie.ac-nice.fr\/plplh\/wp-json\/wp\/v2\/pages"}],"about":[{"href":"https:\/\/www.pedagogie.ac-nice.fr\/plplh\/wp-json\/wp\/v2\/types\/page"}],"author":[{"embeddable":true,"href":"https:\/\/www.pedagogie.ac-nice.fr\/plplh\/wp-json\/wp\/v2\/users\/195"}],"replies":[{"embeddable":true,"href":"https:\/\/www.pedagogie.ac-nice.fr\/plplh\/wp-json\/wp\/v2\/comments?post=9494"}],"version-history":[{"count":10,"href":"https:\/\/www.pedagogie.ac-nice.fr\/plplh\/wp-json\/wp\/v2\/pages\/9494\/revisions"}],"predecessor-version":[{"id":10709,"href":"https:\/\/www.pedagogie.ac-nice.fr\/plplh\/wp-json\/wp\/v2\/pages\/9494\/revisions\/10709"}],"wp:attachment":[{"href":"https:\/\/www.pedagogie.ac-nice.fr\/plplh\/wp-json\/wp\/v2\/media?parent=9494"}],"curies":[{"name":"wp","href":"https:\/\/api.w.org\/{rel}","templated":true}]}}