{"id":9496,"date":"2024-12-16T15:24:07","date_gmt":"2024-12-16T14:24:07","guid":{"rendered":"https:\/\/www.pedagogie.ac-nice.fr\/plplh\/?page_id=9496"},"modified":"2025-12-24T16:42:11","modified_gmt":"2025-12-24T15:42:11","slug":"histoire-geographie-en-2de-bcp","status":"publish","type":"page","link":"https:\/\/www.pedagogie.ac-nice.fr\/plplh\/histoire-geographie-en-2de-bcp\/","title":{"rendered":"Histoire-G\u00e9ographie en 2de BAC PRO"},"content":{"rendered":"<div class=\"entry-content clearfix\">\n<h4><span style=\"color: #ff6600;\"><strong>1. Grille horaire<\/strong><\/span><\/h4>\n<ul>\n<li>Consultez la <strong>grille horaire de r\u00e9f\u00e9rence<\/strong> pour la <a href=\"https:\/\/www.pedagogie.ac-nice.fr\/plplh\/wp-content\/uploads\/sites\/18\/2024\/03\/Grille-horaire-Bac-Pro-2024.pdf\" target=\"_blank\" rel=\"noopener\"><strong>Seconde Bac Pro<\/strong><\/a><\/li>\n<\/ul>\n<h4><span style=\"color: #ff6600;\"><strong>2. Programme<\/strong><\/span><\/h4>\n<\/div>\n<ul>\n<li><strong><a href=\"https:\/\/www.pedagogie.ac-nice.fr\/plplh\/wp-content\/uploads\/sites\/18\/2019\/04\/2nde-HG.pdf\"><span style=\"font-size: 14pt;\">PROGRAMME D&rsquo;<span style=\"color: #ff6600;\">HISTOIRE-G\u00c9OGRAPHIE<\/span> <\/span><\/a><\/strong><\/li>\n<li>La pr\u00e9sentation acad\u00e9mique des <a href=\"https:\/\/www.pedagogie.ac-nice.fr\/plplh\/wp-content\/uploads\/sites\/18\/2019\/09\/PRESENTATION-HG-2019-.pdf\"><strong>programmes d&rsquo;Histoire-G\u00e9ographie-EMC <\/strong>en <strong>2nde Bac<\/strong> <strong>Pro <\/strong>et CAP<\/a><\/li>\n<li>Les r\u00e9flexions acad\u00e9miques sur la mise en \u0153uvre :\n<ul>\n<li><a href=\"https:\/\/www.pedagogie.ac-nice.fr\/plplh\/wp-content\/uploads\/sites\/18\/2019\/10\/HISTOIRE-logique-progression.pdf\"><strong>annuelle du programme d&rsquo;histoire-g\u00e9ographie<\/strong><\/a><\/li>\n<li><strong><a href=\"https:\/\/www.pedagogie.ac-nice.fr\/plplh\/wp-content\/uploads\/sites\/18\/2019\/10\/HISTOIRE-mise-en-oeuvre-th1.pdf\">du th\u00e8me d&rsquo;\u00e9tude \u00ab\u00a0L&rsquo;expansion du monde connu\u00a0\u00bb<\/a><\/strong><\/li>\n<li><a href=\"https:\/\/www.pedagogie.ac-nice.fr\/plplh\/wp-content\/uploads\/sites\/18\/2020\/03\/pre\u0301sentation-th2-2dBAC-re\u0301volutions.pdf\"><strong>du th\u00e8me \u00ab\u00a0L&rsquo;Am\u00e9rique et l&rsquo;Europe en r\u00e9volution\u00a0\u00bb <\/strong><\/a><\/li>\n<\/ul>\n<\/li>\n<\/ul>\n<ul>\n<li>Documents de <strong>mise en \u0153uvre en classe <\/strong>:\n<ul>\n<li><a href=\"https:\/\/www.pedagogie.ac-nice.fr\/plplh\/wp-content\/uploads\/sites\/18\/2021\/08\/RA20_Lycee_P_CAP12T_COM_GEO_approche_competences_1325596.pdf\"><strong>Approche par comp\u00e9tences en LP : mise en oeuvre et progressivit\u00e9 sur le cycle de bac professionnel<\/strong><\/a><\/li>\n<li><a href=\"https:\/\/www.pedagogie.ac-nice.fr\/plplh\/wp-content\/uploads\/sites\/18\/2021\/11\/ra21_lycee_p_21t_histgeo_fixer-reperes-notions-mots-cles.pdf\"><strong>Fixer des rep\u00e8res et des notions et mots-cl\u00e9s en histoire-g\u00e9ographie \u2013 mise en \u0153uvre et progressivit\u00e9 sur le cycle baccalaur\u00e9at professionnel<\/strong><\/a><\/li>\n<li><strong><a href=\"https:\/\/cache.media.eduscol.education.fr\/file\/Histoire-geo\/47\/5\/RA19_Lycee_P_CAP-2de_Histoire-geo_Consolidation-socle-commun_1195475.pdf\" target=\"_blank\" rel=\"noopener noreferrer\">Mise en \u0153uvre de la consolidation des acquis du socle commun en histoire-g\u00e9ographie<\/a><\/strong><\/li>\n<\/ul>\n<\/li>\n<li>Les th\u00e8mes d\u2019\u00e9tude en<strong> Histoire<\/strong> :\n<ul>\n<li><a href=\"https:\/\/cache.media.eduscol.education.fr\/file\/Histoire-geo\/47\/3\/RA19_Lycee_P_2de_Histoire_Circulation-colonisation-revolution_expansion-monde-connu_1195473.pdf\" target=\"_blank\" rel=\"noopener noreferrer\"><strong>L\u2019expansion du monde connu<\/strong><\/a><\/li>\n<li><a href=\"https:\/\/cache.media.eduscol.education.fr\/file\/Histoire-geo\/47\/2\/RA19_Lycee_P_2de_Histoire_Circulation-colonisation-revolution_amerique-europe-revolution_1195472.pdf\" target=\"_blank\" rel=\"noopener noreferrer\"><strong>L\u2019Am\u00e9rique et l\u2019Europe en r\u00e9volution, des ann\u00e9es 1760 \u00e0 1804<\/strong><\/a><\/li>\n<li><a href=\"https:\/\/cache.media.eduscol.education.fr\/file\/Histoire-geo\/47\/4\/RA19_Lycee_P_2de_Histoire_Metiers-compagnons-compagnonnage-chef-doeuvre_1195474.pdf\" target=\"_blank\" rel=\"noopener noreferrer\"><strong>M\u00e9tiers, compagnons, compagnonnage et chef d\u2019\u0153uvre<\/strong><\/a><\/li>\n<li>Document IG\u00c9SR-DGESCO :&nbsp; <strong><a href=\"https:\/\/www.pedagogie.ac-nice.fr\/plplh\/wp-content\/uploads\/sites\/18\/2020\/12\/place_esclavage_programmes_1326753.pdf\">L\u2019esclavage, les traites n\u00e9gri\u00e8res et leurs abolitions dans les programmes scolaires d\u2019enseignement <\/a><\/strong>(septembre 2020)<\/li>\n<\/ul>\n<\/li>\n<li>Les th\u00e8mes d\u2019\u00e9tude en<strong> G\u00e9ographie<\/strong> :\n<ul>\n<li><a href=\"https:\/\/cache.media.eduscol.education.fr\/file\/Histoire-geo\/47\/1\/RA19_Lycee_P_2de_Geo_reseaux_production_echanges_mondialises_1195471.pdf\" target=\"_blank\" rel=\"noopener noreferrer\"><strong>Les r\u00e9seaux de production et d\u2019\u00e9changes mondialis\u00e9s<\/strong><\/a><\/li>\n<li><a href=\"https:\/\/cache.media.eduscol.education.fr\/file\/Histoire-geo\/47\/0\/RA19_Lycee_P_2de_Geo_circulation_croissante_1195470.pdf\" target=\"_blank\" rel=\"noopener noreferrer\"><strong>Une circulation croissante mais diverse des personnes \u00e0 l\u2019\u00e9chelle mondiale<\/strong><\/a><\/li>\n<\/ul>\n<\/li>\n<\/ul>\n","protected":false},"excerpt":{"rendered":"<p>1. Grille horaire Consultez la grille horaire de r\u00e9f\u00e9rence pour la Seconde Bac Pro 2. Programme PROGRAMME D&rsquo;HISTOIRE-G\u00c9OGRAPHIE La pr\u00e9sentation acad\u00e9mique des programmes d&rsquo;Histoire-G\u00e9ographie-EMC en 2nde Bac Pro et CAP Les r\u00e9flexions acad\u00e9miques sur la mise en \u0153uvre : annuelle du programme d&rsquo;histoire-g\u00e9ographie du th\u00e8me d&rsquo;\u00e9tude \u00ab\u00a0L&rsquo;expansion du monde connu\u00a0\u00bb du th\u00e8me \u00ab\u00a0L&rsquo;Am\u00e9rique et l&rsquo;Europe &hellip; <\/p>\n<p><a class=\"more-link btn\" href=\"https:\/\/www.pedagogie.ac-nice.fr\/plplh\/histoire-geographie-en-2de-bcp\/\">Lire la suite<\/a><\/p>\n","protected":false},"author":195,"featured_media":0,"parent":0,"menu_order":0,"comment_status":"closed","ping_status":"closed","template":"","meta":{"ngg_post_thumbnail":0,"footnotes":""},"class_list":["post-9496","page","type-page","status-publish","hentry","nodate","item-wrap"],"rttpg_featured_image_url":null,"rttpg_author":{"display_name":"David Lamoureux","author_link":"https:\/\/www.pedagogie.ac-nice.fr\/plplh\/author\/dlamoureux\/"},"rttpg_comment":0,"rttpg_category":null,"rttpg_excerpt":"1. Grille horaire Consultez la grille horaire de r\u00e9f\u00e9rence pour la Seconde Bac Pro 2. Programme PROGRAMME D&rsquo;HISTOIRE-G\u00c9OGRAPHIE La pr\u00e9sentation acad\u00e9mique des programmes d&rsquo;Histoire-G\u00e9ographie-EMC en 2nde Bac Pro et CAP Les r\u00e9flexions acad\u00e9miques sur la mise en \u0153uvre : annuelle du programme d&rsquo;histoire-g\u00e9ographie du th\u00e8me d&rsquo;\u00e9tude \u00ab\u00a0L&rsquo;expansion du monde connu\u00a0\u00bb du th\u00e8me \u00ab\u00a0L&rsquo;Am\u00e9rique et l&rsquo;Europe\u2026","post_mailing_queue_ids":[],"_links":{"self":[{"href":"https:\/\/www.pedagogie.ac-nice.fr\/plplh\/wp-json\/wp\/v2\/pages\/9496","targetHints":{"allow":["GET"]}}],"collection":[{"href":"https:\/\/www.pedagogie.ac-nice.fr\/plplh\/wp-json\/wp\/v2\/pages"}],"about":[{"href":"https:\/\/www.pedagogie.ac-nice.fr\/plplh\/wp-json\/wp\/v2\/types\/page"}],"author":[{"embeddable":true,"href":"https:\/\/www.pedagogie.ac-nice.fr\/plplh\/wp-json\/wp\/v2\/users\/195"}],"replies":[{"embeddable":true,"href":"https:\/\/www.pedagogie.ac-nice.fr\/plplh\/wp-json\/wp\/v2\/comments?post=9496"}],"version-history":[{"count":10,"href":"https:\/\/www.pedagogie.ac-nice.fr\/plplh\/wp-json\/wp\/v2\/pages\/9496\/revisions"}],"predecessor-version":[{"id":10618,"href":"https:\/\/www.pedagogie.ac-nice.fr\/plplh\/wp-json\/wp\/v2\/pages\/9496\/revisions\/10618"}],"wp:attachment":[{"href":"https:\/\/www.pedagogie.ac-nice.fr\/plplh\/wp-json\/wp\/v2\/media?parent=9496"}],"curies":[{"name":"wp","href":"https:\/\/api.w.org\/{rel}","templated":true}]}}