{"id":9520,"date":"2024-12-16T16:47:18","date_gmt":"2024-12-16T15:47:18","guid":{"rendered":"https:\/\/www.pedagogie.ac-nice.fr\/plplh\/?page_id=9520"},"modified":"2025-12-24T17:13:44","modified_gmt":"2025-12-24T16:13:44","slug":"francais-en-1re-bac-pro","status":"publish","type":"page","link":"https:\/\/www.pedagogie.ac-nice.fr\/plplh\/francais-en-1re-bac-pro\/","title":{"rendered":"Fran\u00e7ais en 1re BAC PRO"},"content":{"rendered":"<h4><span style=\"color: #ff6600;\"><strong>1. Grille horaire<\/strong><\/span><\/h4>\n<ul>\n<li style=\"list-style-type: none;\">\n<ul>\n<li>Consultez la <strong>grille horaire de r\u00e9f\u00e9rence<\/strong> pour la <a href=\"https:\/\/www.pedagogie.ac-nice.fr\/plplh\/wp-content\/uploads\/sites\/18\/2024\/03\/Grille-horaire-Bac-Pro-2024.pdf\" target=\"_blank\" rel=\"noopener\"><strong>Premi\u00e8re Bac Pro<\/strong><\/a><\/li>\n<\/ul>\n<\/li>\n<\/ul>\n<h4><span style=\"color: #ff6600;\">2. Programme<\/span><\/h4>\n<ul>\n<li><a href=\"https:\/\/www.pedagogie.ac-nice.fr\/plplh\/wp-content\/uploads\/sites\/18\/2020\/02\/Franc\u0327ais-1erBacPro.pdf\"><strong><span style=\"font-size: 14pt;\">PROGRAMME DE <span style=\"color: #ff6600;\">FRAN\u00c7AIS<\/span><\/span><\/strong><\/a><\/li>\n<li>Documents de <strong>mise en \u0153uvre en classe <\/strong>:&nbsp;\n<ul>\n<li><strong><a href=\"https:\/\/eduscol.education.fr\/cid144226\/francais-voie-pro.html\">Lire, \u00c9crire, l&rsquo;Oral et l&rsquo;\u00c9tude de la langue<\/a><\/strong><\/li>\n<li><strong><a href=\"https:\/\/www.pedagogie.ac-nice.fr\/plplh\/wp-content\/uploads\/sites\/18\/2021\/08\/lire-une-OI-en-lp.pdf\">Lire une \u0153uvre int\u00e9grale<\/a><\/strong><\/li>\n<\/ul>\n<\/li>\n<li>Page Eduscol consacr\u00e9e au <strong><a href=\"https:\/\/eduscol.education.fr\/cid144226\/francais-voie-pro.html\">Fran\u00e7ais en lyc\u00e9e professionnel :&nbsp;<\/a><\/strong>\n<ul>\n<li>Cr\u00e9er fabriquer : proposition de s\u00e9quence sur les traces de Nicolas Bouvier<\/li>\n<li>Lire et suivre un personnage : Proposition de s\u00e9quence pour un parcours de lecture dans un roman <i>La Dame aux cam\u00e9lias<\/i><\/li>\n<\/ul>\n<\/li>\n<li>Pr\u00e9sentation des <strong>Objets d&rsquo;\u00e9tude<\/strong> :\n<ul>\n<li><a href=\"https:\/\/www.pedagogie.ac-nice.fr\/plplh\/wp-content\/uploads\/sites\/18\/2020\/07\/Pre\u0301sentation-1bac-FR-re\u0302ver-cre\u0301er-imaginer-1_compressed-1.pdf\"><strong>Cr\u00e9er, fabriquer : l\u2019invention et l\u2019imaginaire<\/strong><\/a><\/li>\n<li><strong><a href=\"https:\/\/www.pedagogie.ac-nice.fr\/plplh\/wp-content\/uploads\/sites\/18\/2020\/07\/Pre\u0301sentation-1bac-FR-itine\u0301raires-romanesques-1_compressed.pdf\">Lire et suivre un personnage : itin\u00e9raires romanesques<\/a><\/strong><\/li>\n<\/ul>\n<\/li>\n<\/ul>\n<h4><strong><span style=\"color: #ff6600;\">3. D\u00e9finition de l\u2019\u00e9preuve d\u2019examen : attestation de r\u00e9ussite interm\u00e9diaire<\/span><br \/>\n<\/strong><\/h4>\n<ul>\n<li>Consultez&nbsp;<strong><a href=\"https:\/\/www.pedagogie.ac-nice.fr\/plplh\/wp-content\/uploads\/sites\/18\/2021\/01\/JO-7012021-attestation-interme\u0301diaire-BCP.pdf\"> les conditions de de\u0301livrance de l\u2019attestation de re\u0301ussite interme\u0301diaire en baccalaure\u0301at professionnel et a\u0300 son mode\u0300le<\/a><\/strong> (arr\u00eat\u00e9 du16 d\u00e9cembre 2020)\n<ul>\n<li><strong><a href=\"https:\/\/www.education.gouv.fr\/bo\/2024\/Hebdo32\/MENE2421719N\" target=\"_blank\" rel=\"noopener\">BO&nbsp; n\u00b032 du 29 ao\u00fbt 2024<\/a><\/strong> portant le remplacement du mot \u00ab chef-d\u2019\u0153uvre \u00bb par le mot \u00ab projet \u00bb<\/li>\n<\/ul>\n<\/li>\n<li><a href=\"https:\/\/www.pedagogie.ac-nice.fr\/plplh\/wp-content\/uploads\/sites\/18\/2020\/10\/Livret-scolaire-BCP-R2020.pdf\"><strong>Le nouveau livret scolaire<\/strong><\/a> pour l\u2019examen du Bac Professionnel (arr\u00eat\u00e9 du 17 juin 2020)<\/li>\n<li><a href=\"https:\/\/www.pedagogie.ac-nice.fr\/plplh\/wp-content\/uploads\/sites\/18\/2020\/10\/Livret-scolaire-1Bpro-LHG.pdf\"><strong>La page 8 du livret scolaire<\/strong><\/a> consacr\u00e9e \u00e0 l\u2019\u00e9valuation <strong>du Fran\u00e7ais et de l\u2019Histoire-G\u00e9ographie-EMC<\/strong> en Premi\u00e8re Bac Pro<\/li>\n<\/ul>\n","protected":false},"excerpt":{"rendered":"<p>1. Grille horaire Consultez la grille horaire de r\u00e9f\u00e9rence pour la Premi\u00e8re Bac Pro 2. Programme PROGRAMME DE FRAN\u00c7AIS Documents de mise en \u0153uvre en classe :&nbsp; Lire, \u00c9crire, l&rsquo;Oral et l&rsquo;\u00c9tude de la langue Lire une \u0153uvre int\u00e9grale Page Eduscol consacr\u00e9e au Fran\u00e7ais en lyc\u00e9e professionnel :&nbsp; Cr\u00e9er fabriquer : proposition de s\u00e9quence sur &hellip; <\/p>\n<p><a class=\"more-link btn\" href=\"https:\/\/www.pedagogie.ac-nice.fr\/plplh\/francais-en-1re-bac-pro\/\">Lire la suite<\/a><\/p>\n","protected":false},"author":195,"featured_media":0,"parent":0,"menu_order":0,"comment_status":"closed","ping_status":"closed","template":"","meta":{"ngg_post_thumbnail":0,"footnotes":""},"class_list":["post-9520","page","type-page","status-publish","hentry","nodate","item-wrap"],"rttpg_featured_image_url":null,"rttpg_author":{"display_name":"David Lamoureux","author_link":"https:\/\/www.pedagogie.ac-nice.fr\/plplh\/author\/dlamoureux\/"},"rttpg_comment":0,"rttpg_category":null,"rttpg_excerpt":"1. Grille horaire Consultez la grille horaire de r\u00e9f\u00e9rence pour la Premi\u00e8re Bac Pro 2. Programme PROGRAMME DE FRAN\u00c7AIS Documents de mise en \u0153uvre en classe :&nbsp; Lire, \u00c9crire, l&rsquo;Oral et l&rsquo;\u00c9tude de la langue Lire une \u0153uvre int\u00e9grale Page Eduscol consacr\u00e9e au Fran\u00e7ais en lyc\u00e9e professionnel :&nbsp; Cr\u00e9er fabriquer : proposition de s\u00e9quence sur\u2026","post_mailing_queue_ids":[],"_links":{"self":[{"href":"https:\/\/www.pedagogie.ac-nice.fr\/plplh\/wp-json\/wp\/v2\/pages\/9520","targetHints":{"allow":["GET"]}}],"collection":[{"href":"https:\/\/www.pedagogie.ac-nice.fr\/plplh\/wp-json\/wp\/v2\/pages"}],"about":[{"href":"https:\/\/www.pedagogie.ac-nice.fr\/plplh\/wp-json\/wp\/v2\/types\/page"}],"author":[{"embeddable":true,"href":"https:\/\/www.pedagogie.ac-nice.fr\/plplh\/wp-json\/wp\/v2\/users\/195"}],"replies":[{"embeddable":true,"href":"https:\/\/www.pedagogie.ac-nice.fr\/plplh\/wp-json\/wp\/v2\/comments?post=9520"}],"version-history":[{"count":6,"href":"https:\/\/www.pedagogie.ac-nice.fr\/plplh\/wp-json\/wp\/v2\/pages\/9520\/revisions"}],"predecessor-version":[{"id":10637,"href":"https:\/\/www.pedagogie.ac-nice.fr\/plplh\/wp-json\/wp\/v2\/pages\/9520\/revisions\/10637"}],"wp:attachment":[{"href":"https:\/\/www.pedagogie.ac-nice.fr\/plplh\/wp-json\/wp\/v2\/media?parent=9520"}],"curies":[{"name":"wp","href":"https:\/\/api.w.org\/{rel}","templated":true}]}}