{"id":9558,"date":"2024-12-18T15:42:26","date_gmt":"2024-12-18T14:42:26","guid":{"rendered":"https:\/\/www.pedagogie.ac-nice.fr\/plplh\/?page_id=9558"},"modified":"2026-01-23T17:41:01","modified_gmt":"2026-01-23T16:41:01","slug":"dnb-sujets-de-francais","status":"publish","type":"page","link":"https:\/\/www.pedagogie.ac-nice.fr\/plplh\/dnb-sujets-de-francais\/","title":{"rendered":"DNB &#8211; Sujets de fran\u00e7ais"},"content":{"rendered":"<p><span style=\"color: #ff6600;\"><strong>Session 2025<\/strong><\/span><\/p>\n<ul>\n<li>Le sujet de DNB aux <strong>Antilles-Guyane <\/strong>et les \u00e9l\u00e9ments de correction, septembre 2025 :\n<ul>\n<li>Texte litt\u00e9raire : Pierre Loti, <em>P\u00eacheur d\u2019Islande<\/em>, 1886.<\/li>\n<li>Image : Le vieil homme et l\u2019enfant, photogramme extrait du film de Claude Berri, 1967.<\/li>\n<\/ul>\n<\/li>\n<\/ul>\n<pre><a href=\"https:\/\/www.pedagogie.ac-nice.fr\/plplh\/wp-content\/uploads\/sites\/18\/2025\/10\/DNB-PRO-AntillesGuyane-Sujet.pdf\" target=\"_blank\" rel=\"noopener\">- grammaire et comp\u00e9tences linguistiques<\/a>\r\n<a href=\"https:\/\/www.pedagogie.ac-nice.fr\/plplh\/wp-content\/uploads\/sites\/18\/2025\/10\/DNB-PRO-AntillesGuyane-Sujet.pdf\" target=\"_blank\" rel=\"noopener\">- compr\u00e9hension et comp\u00e9tences d'interpr\u00e9tation<\/a> \r\n- <a href=\"https:\/\/www.pedagogie.ac-nice.fr\/plplh\/wp-content\/uploads\/sites\/18\/2025\/10\/DNB-PRO-FR-AntillesGuyane-Redaction.pdf\" target=\"_blank\" rel=\"noopener\">r\u00e9daction<\/a>\r\n<a href=\"https:\/\/www.pedagogie.ac-nice.fr\/plplh\/wp-content\/uploads\/sites\/18\/2025\/10\/DNB-PRO-AntillesGuyane-elements-de-corrige.pdf\" target=\"_blank\" rel=\"noopener\">- \u00e9l\u00e9ments de correction<\/a><\/pre>\n<ul>\n<li>Le sujet de DNB en <strong>m\u00e9tropole <\/strong>et les \u00e9l\u00e9ments de correction, septembre 2025 :\n<ul>\n<li>Texte litt\u00e9raire : Charles Juliet, <em>L&rsquo;ann\u00e9e de l&rsquo;\u00e9veil<\/em>, 1989.<\/li>\n<li>Image : Affiche du film T<em>\u00e9nor<\/em> de Claude Zidi Jr, 2022.<\/li>\n<\/ul>\n<\/li>\n<\/ul>\n<pre>- <a href=\"https:\/\/www.pedagogie.ac-nice.fr\/plplh\/wp-content\/uploads\/sites\/18\/2025\/10\/25PROFRDME3-Dictee_v1.pdf\" target=\"_blank\" rel=\"noopener\">dict\u00e9e<\/a> et <a href=\"https:\/\/www.pedagogie.ac-nice.fr\/plplh\/wp-content\/uploads\/sites\/18\/2025\/10\/25PROFRDAME3-Dictee-amenagee_v1-0.pdf\" target=\"_blank\" rel=\"noopener\">dict\u00e9e am\u00e9nag\u00e9e<\/a>\r\n- <a href=\"https:\/\/www.pedagogie.ac-nice.fr\/plplh\/wp-content\/uploads\/sites\/18\/2025\/10\/25PROFRQGCME3-Grammaire_v1-0.pdf\" target=\"_blank\" rel=\"noopener\">grammaire et comp\u00e9tences linguistiques<\/a>\r\n- <a href=\"https:\/\/www.pedagogie.ac-nice.fr\/plplh\/wp-content\/uploads\/sites\/18\/2025\/10\/25PROFRQGCME3-Grammaire_v1-0.pdf\" target=\"_blank\" rel=\"noopener\">compr\u00e9hension et comp\u00e9tences d'interpr\u00e9tation<\/a>\r\n- <a href=\"https:\/\/www.pedagogie.ac-nice.fr\/plplh\/wp-content\/uploads\/sites\/18\/2025\/10\/25PROFRRME3-Redaction_v1-0.pdf\" target=\"_blank\" rel=\"noopener\">r\u00e9daction<\/a>\r\n- <a href=\"https:\/\/www.pedagogie.ac-nice.fr\/plplh\/wp-content\/uploads\/sites\/18\/2025\/10\/FRANCAIS-PRO-C25PROFRME3_v1-0.pdf\" target=\"_blank\" rel=\"noopener\">\u00e9l\u00e9ments de correction<\/a><\/pre>\n<ul>\n<li>Le sujet de DNB en <strong>m\u00e9tropole <\/strong>et les \u00e9l\u00e9ments de correction, juin 2025 :\n<ul>\n<li>Texte litt\u00e9raire : Marie Vingtras,&nbsp; <em>TBlizzard<\/em>, 2023.<\/li>\n<li>Image : Couverture du DVD du film documentaire <i>Passion Alaska (2017)<\/i>, de Jean-Philippe Rapp et Mathieu Wenger.<\/li>\n<\/ul>\n<\/li>\n<\/ul>\n<pre>- <a href=\"https:\/\/www.pedagogie.ac-nice.fr\/plplh\/wp-content\/uploads\/sites\/18\/2025\/06\/dipl-me-national-du-brevet-2025-fran-ais-dict-e-228298.pdf\" target=\"_blank\" rel=\"noopener\">dict\u00e9e<\/a> et <a href=\"https:\/\/www.pedagogie.ac-nice.fr\/plplh\/wp-content\/uploads\/sites\/18\/2025\/06\/dipl-me-national-du-brevet-2025-fran-ais-dict-e-am-nag-e-228296.pdf\" target=\"_blank\" rel=\"noopener\">dict\u00e9e am\u00e9nag\u00e9e<\/a>\r\n- <a href=\"https:\/\/www.pedagogie.ac-nice.fr\/plplh\/wp-content\/uploads\/sites\/18\/2025\/06\/dipl-me-national-du-brevet-2025-fran-ais-grammaire-et-comp-tences-linguistiques-compr-hension-et-comp-tences-d-interpr-tation-228300.pdf\" target=\"_blank\" rel=\"noopener\">grammaire et comp\u00e9tences linguistiques<\/a> \r\n- <a href=\"https:\/\/www.pedagogie.ac-nice.fr\/plplh\/wp-content\/uploads\/sites\/18\/2025\/06\/dipl-me-national-du-brevet-2025-fran-ais-grammaire-et-comp-tences-linguistiques-compr-hension-et-comp-tences-d-interpr-tation-228300.pdf\" target=\"_blank\" rel=\"noopener\">compr\u00e9hension et comp\u00e9tences d'interpr\u00e9tation<\/a> \r\n- <a href=\"https:\/\/www.pedagogie.ac-nice.fr\/plplh\/wp-content\/uploads\/sites\/18\/2025\/06\/dipl-me-national-du-brevet-2025-fran-ais-r-daction-228302.pdf\" target=\"_blank\" rel=\"noopener\">r\u00e9daction<\/a> \r\n- <a href=\"https:\/\/www.pedagogie.ac-nice.fr\/plplh\/wp-content\/uploads\/sites\/18\/2025\/06\/DNB-PRO-Francais25-Corrige.pdf\" target=\"_blank\" rel=\"noopener\">\u00e9l\u00e9ments de correction<\/a><\/pre>\n<p><span style=\"color: #ff6600;\"><strong>Session 2024<\/strong><\/span><\/p>\n<ul>\n<li>Le sujet de DNB en <strong>m\u00e9tropole <\/strong>et les \u00e9l\u00e9ments de correction, septembre 2024 :\n<ul>\n<li>Texte litt\u00e9raire : Catherine Cuenca, <em>Celle qui voulait conduire le tram<\/em>, 2017.<\/li>\n<li>Image : Affiche \u00e9mise par l\u2019antenne universitaire de Beauvais pour une journ\u00e9e conf\u00e9rence le<br \/>\n2017.<\/li>\n<\/ul>\n<\/li>\n<\/ul>\n<pre>- <a href=\"https:\/\/www.pedagogie.ac-nice.fr\/plplh\/wp-content\/uploads\/sites\/18\/2024\/10\/Cuenca-Dictee.pdf\" target=\"_blank\" rel=\"noopener\">dict\u00e9e<\/a> et <a href=\"https:\/\/www.pedagogie.ac-nice.fr\/plplh\/wp-content\/uploads\/sites\/18\/2024\/10\/Cuenca-Dictee-am.pdf\" target=\"_blank\" rel=\"noopener\">dict\u00e9e am\u00e9nag\u00e9e<\/a>\r\n- <a href=\"https:\/\/www.pedagogie.ac-nice.fr\/plplh\/wp-content\/uploads\/sites\/18\/2024\/10\/Cuenca-Questions.pdf\" target=\"_blank\" rel=\"noopener\">grammaire et comp\u00e9tences linguistiques<\/a> \r\n- <a href=\"https:\/\/www.pedagogie.ac-nice.fr\/plplh\/wp-content\/uploads\/sites\/18\/2024\/10\/Cuenca-Questions.pdf\" target=\"_blank\" rel=\"noopener\">compr\u00e9hension et comp\u00e9tences d'interpr\u00e9tation<\/a> \r\n- <a href=\"https:\/\/www.pedagogie.ac-nice.fr\/plplh\/wp-content\/uploads\/sites\/18\/2024\/10\/Cuenca-Redaction.pdf\">r\u00e9daction<\/a> \r\n- <a href=\"https:\/\/www.pedagogie.ac-nice.fr\/plplh\/wp-content\/uploads\/sites\/18\/2024\/10\/Cuenca-corrige.pdf\" target=\"_blank\" rel=\"noopener\">\u00e9l\u00e9ments de correction<\/a><\/pre>\n<ul>\n<li>Le sujet de DNB aux <strong>Antilles-Guyane <\/strong>et les \u00e9l\u00e9ments de correction, septembre 2024 :\n<ul>\n<li>Texte litt\u00e9raire : Delphine de Vigan, <em>Les Enfants sont rois<\/em>, 2021.<\/li>\n<li>Image : Photo d\u2019illustration de presse, publi\u00e9e le 8 septembre 2020.<\/li>\n<\/ul>\n<\/li>\n<\/ul>\n<pre>- <a href=\"https:\/\/www.pedagogie.ac-nice.fr\/plplh\/wp-content\/uploads\/sites\/18\/2024\/10\/24PROFRDAG3-dictee.pdf\" target=\"_blank\" rel=\"noopener\">dict\u00e9e<\/a> et <a href=\"https:\/\/www.pedagogie.ac-nice.fr\/plplh\/wp-content\/uploads\/sites\/18\/2024\/10\/24PROFRDAG3-dictee.pdf\" target=\"_blank\" rel=\"noopener\">dict\u00e9e am\u00e9nag\u00e9e<\/a>\r\n- <a href=\"https:\/\/www.pedagogie.ac-nice.fr\/plplh\/wp-content\/uploads\/sites\/18\/2024\/10\/24PROFRQGCAG3-Comprehension.pdf\" target=\"_blank\" rel=\"noopener\">grammaire et comp\u00e9tences linguistiques<\/a>\r\n- <a href=\"https:\/\/www.pedagogie.ac-nice.fr\/plplh\/wp-content\/uploads\/sites\/18\/2024\/10\/24PROFRQGCAG3-Comprehension.pdf\" target=\"_blank\" rel=\"noopener\">compr\u00e9hension et comp\u00e9tences d'interpr\u00e9tation<\/a>\r\n- <a href=\"https:\/\/www.pedagogie.ac-nice.fr\/plplh\/wp-content\/uploads\/sites\/18\/2024\/10\/24PROFRRAG3-Redaction.pdf\">r\u00e9daction<\/a>\r\n- <a href=\"https:\/\/www.pedagogie.ac-nice.fr\/plplh\/wp-content\/uploads\/sites\/18\/2024\/10\/24PROFRAG3-Corrige.pdf\" target=\"_blank\" rel=\"noopener\">\u00e9l\u00e9ments de correction<\/a><\/pre>\n<ul>\n<li>Le sujet de DNB en <strong>m\u00e9tropole <\/strong>et les \u00e9l\u00e9ments de correction, juin 2024 :\n<ul>\n<li>Texte litt\u00e9raire : Jules Renard, \u00ab Une famille d\u2019arbres \u00bb, <em>Histoires naturelles<\/em>, 1894.<\/li>\n<li>Image : Storm Thorgerson, <em>Tree of half life (arbre de demi-vie)<\/em>, 2003.<\/li>\n<\/ul>\n<\/li>\n<\/ul>\n<pre>- <a href=\"https:\/\/www.pedagogie.ac-nice.fr\/plplh\/wp-content\/uploads\/sites\/18\/2024\/07\/DNB-Renard-Dictee.pdf\" target=\"_blank\" rel=\"noopener\">dict\u00e9e<\/a> et <a href=\"https:\/\/www.pedagogie.ac-nice.fr\/plplh\/wp-content\/uploads\/sites\/18\/2024\/07\/DNB-Renard-Dictee-am.pdf\" target=\"_blank\" rel=\"noopener\">dict\u00e9e am\u00e9nag\u00e9e<\/a>\r\n- <a href=\"https:\/\/www.pedagogie.ac-nice.fr\/plplh\/wp-content\/uploads\/sites\/18\/2024\/07\/DNB-Renard-Questions.pdf\" target=\"_blank\" rel=\"noopener\">grammaire et comp\u00e9tences linguistiques<\/a>\r\n- <a href=\"https:\/\/www.pedagogie.ac-nice.fr\/plplh\/wp-content\/uploads\/sites\/18\/2023\/06\/23PROFRQGCME1-Questions.pdf\" target=\"_blank\" rel=\"noopener\">compr\u00e9hension et comp\u00e9tences d'interpr\u00e9tation<\/a>\r\n- <a href=\"https:\/\/www.pedagogie.ac-nice.fr\/plplh\/wp-content\/uploads\/sites\/18\/2024\/07\/DNB-Renard-Redaction.pdf\">r\u00e9daction<\/a>\r\n- <a href=\"https:\/\/www.pedagogie.ac-nice.fr\/plplh\/wp-content\/uploads\/sites\/18\/2024\/07\/DNB-Renard-Corrige.pdf\" target=\"_blank\" rel=\"noopener\">\u00e9l\u00e9ments de correction<\/a><\/pre>\n<p><span style=\"color: #ff6600;\"><strong>Session 2023<\/strong><\/span><\/p>\n<ul>\n<li>Le sujet de DNB en <strong>m\u00e9tropole <\/strong>et les \u00e9l\u00e9ments de correction, juin 2023 :\n<ul>\n<li>Texte litt\u00e9raire : Georges Perec, <em>W ou le souvenir d\u2019enfance<\/em>, 1975.<\/li>\n<li>Image : Edward Hopper, <em>Locomotive, <\/em>1944.<\/li>\n<\/ul>\n<\/li>\n<\/ul>\n<pre>- <a href=\"https:\/\/www.pedagogie.ac-nice.fr\/plplh\/wp-content\/uploads\/sites\/18\/2023\/06\/23PROFRDME1-Dictee.pdf\" target=\"_blank\" rel=\"noopener\">dict\u00e9e<\/a> et <a href=\"https:\/\/www.pedagogie.ac-nice.fr\/plplh\/wp-content\/uploads\/sites\/18\/2023\/06\/23PROFRDAME1-Dictee-am.pdf\" target=\"_blank\" rel=\"noopener\">dict\u00e9e am\u00e9nag\u00e9e<\/a>\r\n- <a href=\"https:\/\/www.pedagogie.ac-nice.fr\/plplh\/wp-content\/uploads\/sites\/18\/2023\/06\/23PROFRQGCME1-Questions.pdf\" target=\"_blank\" rel=\"noopener\">grammaire et comp\u00e9tences linguistiques<\/a>\r\n- <a href=\"https:\/\/www.pedagogie.ac-nice.fr\/plplh\/wp-content\/uploads\/sites\/18\/2023\/06\/23PROFRQGCME1-Questions.pdf\" target=\"_blank\" rel=\"noopener\">compr\u00e9hension et comp\u00e9tences d'interpr\u00e9tation<\/a>\r\n- <a href=\"https:\/\/www.pedagogie.ac-nice.fr\/plplh\/wp-content\/uploads\/sites\/18\/2023\/06\/23PROFRRME1-Redac.pdf\" target=\"_blank\" rel=\"noopener\">r\u00e9daction<\/a>\r\n- <a href=\"https:\/\/www.pedagogie.ac-nice.fr\/plplh\/wp-content\/uploads\/sites\/18\/2023\/06\/DNB-PRO-FR-ME-CORRIGE-2023.pdf\" target=\"_blank\" rel=\"noopener\">\u00e9l\u00e9ments de correction<\/a><\/pre>\n<p><span style=\"color: #ff6600;\"><strong>Session 2022<\/strong><\/span><\/p>\n<ul>\n<li>Le sujet de DNB en <strong>m\u00e9tropole <\/strong>et les \u00e9l\u00e9ments de correction, septembre 2022 :\n<ul>\n<li>Texte litt\u00e9raire : Isabelle Autissier, <em>Soudain, seuls<\/em>, 2015.<\/li>\n<li>Image : Affiche du 11e festival Partir Autrement, 2018.<\/li>\n<\/ul>\n<\/li>\n<\/ul>\n<pre>- <a href=\"https:\/\/www.pedagogie.ac-nice.fr\/plplh\/wp-content\/uploads\/sites\/18\/2022\/10\/DNB-Pro-Dicte\u0301e-sept22.pdf\">dict\u00e9e<\/a> et <a href=\"https:\/\/www.pedagogie.ac-nice.fr\/plplh\/wp-content\/uploads\/sites\/18\/2022\/10\/DNB-Pro-dicte\u0301e-ame\u0301nage\u0301e-sept22.pdf\">dict\u00e9e am\u00e9nag\u00e9e<\/a>\r\n- <a href=\"https:\/\/www.pedagogie.ac-nice.fr\/plplh\/wp-content\/uploads\/sites\/18\/2022\/10\/DNB-PRO-Grammaire-sept22.pdf\">grammaire et comp\u00e9tences linguistiques<\/a>\r\n- <a href=\"https:\/\/www.pedagogie.ac-nice.fr\/plplh\/wp-content\/uploads\/sites\/18\/2022\/10\/DNB-PRO-Grammaire-sept22.pdf\">compr\u00e9hension et comp\u00e9tences d'interpr\u00e9tation<\/a>\r\n- <a href=\"https:\/\/www.pedagogie.ac-nice.fr\/plplh\/wp-content\/uploads\/sites\/18\/2022\/10\/DNB-Pro-Re\u0301daction-sept22.pdf\">r\u00e9daction<\/a>\r\n- <a href=\"https:\/\/www.pedagogie.ac-nice.fr\/plplh\/wp-content\/uploads\/sites\/18\/2022\/10\/DNB-Pro-franc\u0327ais-e\u0301le\u0301ments-correction-sept.22.pdf\">\u00e9l\u00e9ments de correction<\/a><\/pre>\n<ul>\n<li>Le sujet de DNB en <strong>m\u00e9tropole <\/strong>et les \u00e9l\u00e9ments de correction, juin 2022 :\n<ul>\n<li>Texte litt\u00e9raire : V\u00e9ronique Olmi, <em>Num\u00e9ro Six<\/em>, 2002.<\/li>\n<li>Image : Herbier dit \u00ab des tranch\u00e9es \u00bb, Museum d\u2019histoire naturelle, Paris.<\/li>\n<\/ul>\n<\/li>\n<\/ul>\n<pre>- <a href=\"https:\/\/www.pedagogie.ac-nice.fr\/plplh\/wp-content\/uploads\/sites\/18\/2022\/07\/DNB-pro-dicte\u0301e-2022.pdf\">dict\u00e9e<\/a> et <a href=\"https:\/\/www.pedagogie.ac-nice.fr\/plplh\/wp-content\/uploads\/sites\/18\/2022\/07\/DNB-pro-dicte\u0301e-ame\u0301nage\u0301e-2022.pdf\">dict\u00e9e am\u00e9nag\u00e9e<\/a>\r\n- <a href=\"https:\/\/www.pedagogie.ac-nice.fr\/plplh\/wp-content\/uploads\/sites\/18\/2022\/07\/DNB-PRO-2022-SUJET-FRANCAIS.pdf\">grammaire et comp\u00e9tences linguistiques<\/a>\r\n- <a href=\"https:\/\/www.pedagogie.ac-nice.fr\/plplh\/wp-content\/uploads\/sites\/18\/2022\/07\/DNB-PRO-2022-SUJET-FRANCAIS.pdf\">compr\u00e9hension et comp\u00e9tences d'interpr\u00e9tation<\/a>\r\n- <a href=\"https:\/\/www.pedagogie.ac-nice.fr\/plplh\/wp-content\/uploads\/sites\/18\/2022\/07\/DNB-PRO-2022-SUJET-REDACTION.pdf\">r\u00e9daction<\/a>\r\n- <a href=\"https:\/\/www.pedagogie.ac-nice.fr\/plplh\/wp-content\/uploads\/sites\/18\/2022\/07\/DNB-PRO-2022-FRANCAIS-CORRIGE.pdf\">\u00e9l\u00e9ments de correction<\/a><\/pre>\n<p><span style=\"color: #ff6600;\"><strong>Session 2021<\/strong><\/span><\/p>\n<ul>\n<li>Le sujet de DNB en <strong>m\u00e9tropole <\/strong>et les \u00e9l\u00e9ments de correction, juin 2021 :<\/li>\n<\/ul>\n<pre>- <a href=\"https:\/\/www.pedagogie.ac-nice.fr\/plplh\/wp-content\/uploads\/sites\/18\/2021\/07\/21PROFRDME1.pdf\">dict\u00e9e<\/a> et <a href=\"https:\/\/www.pedagogie.ac-nice.fr\/plplh\/wp-content\/uploads\/sites\/18\/2021\/07\/21PROFRDAME1.pdf\">dict\u00e9e am\u00e9nag\u00e9e<\/a>\r\n- <a href=\"https:\/\/www.pedagogie.ac-nice.fr\/plplh\/wp-content\/uploads\/sites\/18\/2021\/07\/21PROFRQGCME1.pdf\">grammaire et comp\u00e9tences linguistiques<\/a>\r\n- <a href=\"https:\/\/www.pedagogie.ac-nice.fr\/plplh\/wp-content\/uploads\/sites\/18\/2021\/07\/21PROFRQGCME1.pdf\">compr\u00e9hension et comp\u00e9tences d'interpr\u00e9tation<\/a>\r\n<a href=\"https:\/\/www.pedagogie.ac-nice.fr\/plplh\/wp-content\/uploads\/sites\/18\/2021\/07\/DNB-REDACTION-PRO-2021.pdf\">- r\u00e9daction<\/a>\r\n<a href=\"https:\/\/www.pedagogie.ac-nice.fr\/plplh\/wp-content\/uploads\/sites\/18\/2021\/07\/DNB-FR-CORRIGE-2021.pdf\">- \u00e9l\u00e9ments de correction<\/a><\/pre>\n<p><span style=\"color: #ff6600;\"><strong>Session 2020<\/strong><\/span><\/p>\n<ul>\n<li>Le sujet de DNB en <strong>m\u00e9tropole<\/strong>, septembre 2020 :<\/li>\n<\/ul>\n<pre>- <a href=\"https:\/\/www.pedagogie.ac-nice.fr\/plplh\/wp-content\/uploads\/sites\/18\/2020\/09\/metropole_-_dictee.pdf\">dict\u00e9e<\/a> et <a href=\"https:\/\/www.pedagogie.ac-nice.fr\/plplh\/wp-content\/uploads\/sites\/18\/2020\/09\/metropole_-_dictee_amenagee.pdf\">dict\u00e9e am\u00e9nag\u00e9e<\/a>\r\n- <a href=\"https:\/\/www.pedagogie.ac-nice.fr\/plplh\/wp-content\/uploads\/sites\/18\/2020\/09\/metropole_-_texte_question_de_comprehension_et_grammaire-1.pdf\">grammaire et comp\u00e9tences linguistiques<\/a>\r\n- <a href=\"https:\/\/www.pedagogie.ac-nice.fr\/plplh\/wp-content\/uploads\/sites\/18\/2020\/09\/metropole_-_texte_question_de_comprehension_et_grammaire-1.pdf\">compr\u00e9hension et comp\u00e9tences d'interpr\u00e9tation<\/a>\r\n- <a href=\"https:\/\/www.pedagogie.ac-nice.fr\/plplh\/wp-content\/uploads\/sites\/18\/2020\/09\/metropole_-_redaction.pdf\">r\u00e9daction<\/a><\/pre>\n<p><span style=\"color: #ff6600;\"><strong>Session 2019<\/strong><\/span><\/p>\n<ul>\n<li>Le sujet de DNB en <strong>m\u00e9tropole <\/strong>et les \u00e9l\u00e9ments de correction, septembre 2019 :<\/li>\n<\/ul>\n<pre><a href=\"https:\/\/www.pedagogie.ac-nice.fr\/plplh\/wp-content\/uploads\/sites\/18\/2018\/09\/dict\u00e9e-1.pdf\">- <\/a><a href=\"https:\/\/www.pedagogie.ac-nice.fr\/plplh\/wp-content\/uploads\/sites\/18\/2019\/09\/dicte\u0301e-septembre2019.pdf\">dicte\u0301e <\/a>et <a href=\"https:\/\/www.pedagogie.ac-nice.fr\/plplh\/wp-content\/uploads\/sites\/18\/2019\/09\/Dicte\u0301e-ame\u0301nage\u0301e-septembre2019.pdf\">dicte\u0301e ame\u0301nage\u0301e<\/a>\r\n- <a href=\"https:\/\/www.pedagogie.ac-nice.fr\/plplh\/wp-content\/uploads\/sites\/18\/2019\/09\/Grammaire-septembre2019.pdf\">grammaire et comp\u00e9tences linguistiques<\/a>\r\n<a href=\"https:\/\/www.pedagogie.ac-nice.fr\/plplh\/wp-content\/uploads\/sites\/18\/2019\/06\/grammaire-compre\u0301hension.pdf\">- <\/a><a href=\"https:\/\/www.pedagogie.ac-nice.fr\/plplh\/wp-content\/uploads\/sites\/18\/2019\/09\/Grammaire-septembre2019.pdf\">compr\u00e9hension et comp\u00e9tences d'interpr\u00e9tation<\/a>\r\n- <a href=\"https:\/\/www.pedagogie.ac-nice.fr\/plplh\/wp-content\/uploads\/sites\/18\/2019\/09\/Re\u0301daction-septembre2019.pdf\">re\u0301daction<\/a>\r\n- <a href=\"https:\/\/www.pedagogie.ac-nice.fr\/plplh\/wp-content\/uploads\/sites\/18\/2019\/09\/DNB-correction2019.pdf\">\u00e9l\u00e9ments de correction<\/a><\/pre>\n<ul>\n<li>Le sujet de DNB en <strong>m\u00e9tropole <\/strong>et les \u00e9l\u00e9ments de correction, juin 2019 :<\/li>\n<\/ul>\n<pre><a href=\"https:\/\/www.pedagogie.ac-nice.fr\/plplh\/wp-content\/uploads\/sites\/18\/2018\/09\/dict\u00e9e-1.pdf\">- <\/a><a href=\"https:\/\/www.pedagogie.ac-nice.fr\/plplh\/wp-content\/uploads\/sites\/18\/2024\/10\/24PROFRDAG3-dictee.pdf\">dicte\u0301e<\/a> et <a href=\"https:\/\/www.pedagogie.ac-nice.fr\/plplh\/wp-content\/uploads\/sites\/18\/2019\/06\/dicte\u0301e-ame\u0301nage\u0301e.pdf\">dicte\u0301e ame\u0301nage\u0301e<\/a>\r\n- <a href=\"https:\/\/www.pedagogie.ac-nice.fr\/plplh\/wp-content\/uploads\/sites\/18\/2019\/06\/grammaire-compre\u0301hension.pdf\">grammaire et  comp\u00e9tences linguistiques<\/a>\r\n<a href=\"https:\/\/www.pedagogie.ac-nice.fr\/plplh\/wp-content\/uploads\/sites\/18\/2024\/10\/24PROFRQGCAG3-Comprehension.pdf\">- compre\u0301hension et comp\u00e9tences d'interpr\u00e9tation<\/a>\r\n- <a href=\"https:\/\/www.pedagogie.ac-nice.fr\/plplh\/wp-content\/uploads\/sites\/18\/2024\/10\/24PROFRRAG3-Redaction.pdf\">re\u0301daction<\/a>\r\n- <a href=\"https:\/\/www.pedagogie.ac-nice.fr\/plplh\/wp-content\/uploads\/sites\/18\/2024\/10\/24PROFRAG3-Corrige.pdf\">\u00e9l\u00e9ments de correction<\/a><\/pre>\n<p><span style=\"color: #ff6600;\"><strong>Session 2018<\/strong><\/span><\/p>\n<ul>\n<li>Le sujet de DNB aux <strong>Antilles et en Guyane <\/strong>et les \u00e9l\u00e9ments de correction, septembre 2018 :<\/li>\n<\/ul>\n<pre><a href=\"https:\/\/www.pedagogie.ac-nice.fr\/plplh\/wp-content\/uploads\/sites\/18\/2018\/09\/dict\u00e9e-1.pdf\">- dict\u00e9e<\/a> et <a href=\"https:\/\/www.pedagogie.ac-nice.fr\/plplh\/wp-content\/uploads\/sites\/18\/2018\/09\/dict\u00e9e-am\u00e9nag\u00e9e-1.pdf\">dict\u00e9e am\u00e9nag\u00e9e<\/a>\r\n- <a href=\"https:\/\/www.pedagogie.ac-nice.fr\/plplh\/wp-content\/uploads\/sites\/18\/2018\/09\/grammaire-et-comp\u00e9tences-linguistique.pdf\">grammaire et comp\u00e9tences linguistiques<\/a>\r\n<a href=\"https:\/\/www.pedagogie.ac-nice.fr\/plplh\/wp-content\/uploads\/sites\/18\/2018\/09\/grammaire-et-comp\u00e9tences-linguistique.pdf\">- compr\u00e9hension et comp\u00e9tences d\u2019interpr\u00e9tation<\/a>\r\n- <a href=\"https:\/\/www.pedagogie.ac-nice.fr\/plplh\/wp-content\/uploads\/sites\/18\/2018\/09\/r\u00e9daction-1.pdf\">r\u00e9daction<\/a>\r\n- <a href=\"https:\/\/www.pedagogie.ac-nice.fr\/plplh\/wp-content\/uploads\/sites\/18\/2018\/09\/\u00e9l\u00e9ments-de-correction-1.pdf\">\u00e9l\u00e9ments de correction<\/a><\/pre>\n<ul>\n<li>Le sujet de DNB en <strong>m\u00e9tropole <\/strong>et les \u00e9l\u00e9ments de correction, septembre 2018 :<\/li>\n<\/ul>\n<pre><a href=\"https:\/\/www.pedagogie.ac-nice.fr\/plplh\/wp-content\/uploads\/sites\/18\/2018\/09\/dict\u00e9e-1.pdf\">- <\/a><a href=\"https:\/\/www.pedagogie.ac-nice.fr\/plplh\/wp-content\/uploads\/sites\/18\/2018\/09\/dict\u00e9e.pdf\">dict\u00e9e<\/a> et <a href=\"https:\/\/www.pedagogie.ac-nice.fr\/plplh\/wp-content\/uploads\/sites\/18\/2018\/09\/dict\u00e9e-am\u00e9nag\u00e9e.pdf\">dict\u00e9e am\u00e9nag\u00e9e<\/a>\r\n<a href=\"https:\/\/www.pedagogie.ac-nice.fr\/plplh\/wp-content\/uploads\/sites\/18\/2018\/09\/grammaire-et-comp\u00e9tences-linguisitques-Compr\u00e9hension-et-comp\u00e9tences-dinterpr\u00e9tation.pdf\">- grammaire et comp\u00e9tences linguistiques<\/a>\r\n<a href=\"https:\/\/www.pedagogie.ac-nice.fr\/plplh\/wp-content\/uploads\/sites\/18\/2018\/09\/grammaire-et-comp\u00e9tences-linguisitques-Compr\u00e9hension-et-comp\u00e9tences-dinterpr\u00e9tation.pdf\">- compr\u00e9hension et comp\u00e9tences d\u2019interpr\u00e9tation<\/a>\r\n<a href=\"https:\/\/www.pedagogie.ac-nice.fr\/plplh\/wp-content\/uploads\/sites\/18\/2018\/09\/r\u00e9daction.pdf\">- r\u00e9daction<\/a>\r\n- <a href=\"https:\/\/www.pedagogie.ac-nice.fr\/plplh\/wp-content\/uploads\/sites\/18\/2018\/09\/\u00e9l\u00e9ments-de-correction.pdf\">\u00e9l\u00e9ments de correction<\/a><\/pre>\n<ul>\n<li>Le sujet de DNB en <strong>m\u00e9tropole et <\/strong>les \u00e9l\u00e9ments de correction, juin 2018 :<\/li>\n<\/ul>\n<pre><a href=\"https:\/\/www.pedagogie.ac-nice.fr\/plplh\/wp-content\/uploads\/sites\/18\/2018\/09\/dict\u00e9e.pdf\">- dict\u00e9e<\/a> et <a href=\"https:\/\/www.pedagogie.ac-nice.fr\/plplh\/wp-content\/uploads\/sites\/18\/2018\/09\/dict\u00e9e-am\u00e9nag\u00e9e.pdf\">dict\u00e9e am\u00e9nag\u00e9e<\/a>\r\n<a href=\"https:\/\/www.pedagogie.ac-nice.fr\/plplh\/wp-content\/uploads\/sites\/18\/2018\/09\/grammaire-et-comp\u00e9tences-linguisitques-Compr\u00e9hension-et-comp\u00e9tences-dinterpr\u00e9tation.pdf\">- grammaire et comp\u00e9tences linguistiques<\/a>\r\n<a href=\"https:\/\/www.pedagogie.ac-nice.fr\/plplh\/wp-content\/uploads\/sites\/18\/2018\/09\/grammaire-et-comp\u00e9tences-linguisitques-Compr\u00e9hension-et-comp\u00e9tences-dinterpr\u00e9tation.pdf\">- compr\u00e9hension et comp\u00e9tences d\u2019interpr\u00e9tation<\/a>\r\n<a href=\"https:\/\/www.pedagogie.ac-nice.fr\/plplh\/wp-content\/uploads\/sites\/18\/2018\/09\/r\u00e9daction.pdf\">- r\u00e9daction<\/a>\r\n- <a href=\"https:\/\/www.pedagogie.ac-nice.fr\/plplh\/wp-content\/uploads\/sites\/18\/2018\/09\/\u00e9l\u00e9ments-de-correction.pdf\">\u00e9l\u00e9ments de correction<\/a><\/pre>\n","protected":false},"excerpt":{"rendered":"<p>Session 2025 Le sujet de DNB aux Antilles-Guyane et les \u00e9l\u00e9ments de correction, septembre 2025 : Texte litt\u00e9raire : Pierre Loti, P\u00eacheur d\u2019Islande, 1886. Image : Le vieil homme et l\u2019enfant, photogramme extrait du film de Claude Berri, 1967. &#8211; grammaire et comp\u00e9tences linguistiques &#8211; compr\u00e9hension et comp\u00e9tences d&rsquo;interpr\u00e9tation &#8211; r\u00e9daction &#8211; \u00e9l\u00e9ments de correction &hellip; <\/p>\n<p><a class=\"more-link btn\" href=\"https:\/\/www.pedagogie.ac-nice.fr\/plplh\/dnb-sujets-de-francais\/\">Lire la suite<\/a><\/p>\n","protected":false},"author":195,"featured_media":0,"parent":0,"menu_order":0,"comment_status":"closed","ping_status":"closed","template":"","meta":{"ngg_post_thumbnail":0,"footnotes":""},"class_list":["post-9558","page","type-page","status-publish","hentry","nodate","item-wrap"],"rttpg_featured_image_url":null,"rttpg_author":{"display_name":"David Lamoureux","author_link":"https:\/\/www.pedagogie.ac-nice.fr\/plplh\/author\/dlamoureux\/"},"rttpg_comment":0,"rttpg_category":null,"rttpg_excerpt":"Session 2025 Le sujet de DNB aux Antilles-Guyane et les \u00e9l\u00e9ments de correction, septembre 2025 : Texte litt\u00e9raire : Pierre Loti, P\u00eacheur d\u2019Islande, 1886. Image : Le vieil homme et l\u2019enfant, photogramme extrait du film de Claude Berri, 1967. - grammaire et comp\u00e9tences linguistiques - compr\u00e9hension et comp\u00e9tences d'interpr\u00e9tation - r\u00e9daction - \u00e9l\u00e9ments de correction\u2026","post_mailing_queue_ids":[],"_links":{"self":[{"href":"https:\/\/www.pedagogie.ac-nice.fr\/plplh\/wp-json\/wp\/v2\/pages\/9558","targetHints":{"allow":["GET"]}}],"collection":[{"href":"https:\/\/www.pedagogie.ac-nice.fr\/plplh\/wp-json\/wp\/v2\/pages"}],"about":[{"href":"https:\/\/www.pedagogie.ac-nice.fr\/plplh\/wp-json\/wp\/v2\/types\/page"}],"author":[{"embeddable":true,"href":"https:\/\/www.pedagogie.ac-nice.fr\/plplh\/wp-json\/wp\/v2\/users\/195"}],"replies":[{"embeddable":true,"href":"https:\/\/www.pedagogie.ac-nice.fr\/plplh\/wp-json\/wp\/v2\/comments?post=9558"}],"version-history":[{"count":16,"href":"https:\/\/www.pedagogie.ac-nice.fr\/plplh\/wp-json\/wp\/v2\/pages\/9558\/revisions"}],"predecessor-version":[{"id":10807,"href":"https:\/\/www.pedagogie.ac-nice.fr\/plplh\/wp-json\/wp\/v2\/pages\/9558\/revisions\/10807"}],"wp:attachment":[{"href":"https:\/\/www.pedagogie.ac-nice.fr\/plplh\/wp-json\/wp\/v2\/media?parent=9558"}],"curies":[{"name":"wp","href":"https:\/\/api.w.org\/{rel}","templated":true}]}}