{"id":9563,"date":"2024-12-18T15:47:30","date_gmt":"2024-12-18T14:47:30","guid":{"rendered":"https:\/\/www.pedagogie.ac-nice.fr\/plplh\/?page_id=9563"},"modified":"2024-12-18T15:59:46","modified_gmt":"2024-12-18T14:59:46","slug":"dnb-sujets-dexamen","status":"publish","type":"page","link":"https:\/\/www.pedagogie.ac-nice.fr\/plplh\/dnb-sujets-dexamen\/","title":{"rendered":"DNB &#8211; Sujets d&rsquo;examen"},"content":{"rendered":"<h3><strong>S\u00c9RIE PROFESSIONNELLE<\/strong><\/h3>\n<ul>\n<li>\n<h3><strong><a href=\"https:\/\/www.pedagogie.ac-nice.fr\/plplh\/dnb-sujets-de-francais\/\" target=\"_blank\" rel=\"noopener\">FRAN\u00c7AIS<\/a><\/strong><\/h3>\n<\/li>\n<li>\n<h3><a href=\"https:\/\/www.pedagogie.ac-nice.fr\/plplh\/dnb\/\" target=\"_blank\" rel=\"noopener\"><strong>HISTOIRE-G\u00c9OGRAPHIE-EMC<\/strong> <\/a><\/h3>\n<\/li>\n<\/ul>\n","protected":false},"excerpt":{"rendered":"<p>S\u00c9RIE PROFESSIONNELLE FRAN\u00c7AIS HISTOIRE-G\u00c9OGRAPHIE-EMC<\/p>\n","protected":false},"author":195,"featured_media":0,"parent":0,"menu_order":0,"comment_status":"closed","ping_status":"closed","template":"","meta":{"ngg_post_thumbnail":0,"footnotes":""},"class_list":["post-9563","page","type-page","status-publish","hentry","nodate","item-wrap"],"rttpg_featured_image_url":null,"rttpg_author":{"display_name":"David Lamoureux","author_link":"https:\/\/www.pedagogie.ac-nice.fr\/plplh\/author\/dlamoureux\/"},"rttpg_comment":0,"rttpg_category":null,"rttpg_excerpt":"S\u00c9RIE PROFESSIONNELLE FRAN\u00c7AIS HISTOIRE-G\u00c9OGRAPHIE-EMC","post_mailing_queue_ids":[],"_links":{"self":[{"href":"https:\/\/www.pedagogie.ac-nice.fr\/plplh\/wp-json\/wp\/v2\/pages\/9563","targetHints":{"allow":["GET"]}}],"collection":[{"href":"https:\/\/www.pedagogie.ac-nice.fr\/plplh\/wp-json\/wp\/v2\/pages"}],"about":[{"href":"https:\/\/www.pedagogie.ac-nice.fr\/plplh\/wp-json\/wp\/v2\/types\/page"}],"author":[{"embeddable":true,"href":"https:\/\/www.pedagogie.ac-nice.fr\/plplh\/wp-json\/wp\/v2\/users\/195"}],"replies":[{"embeddable":true,"href":"https:\/\/www.pedagogie.ac-nice.fr\/plplh\/wp-json\/wp\/v2\/comments?post=9563"}],"version-history":[{"count":5,"href":"https:\/\/www.pedagogie.ac-nice.fr\/plplh\/wp-json\/wp\/v2\/pages\/9563\/revisions"}],"predecessor-version":[{"id":9572,"href":"https:\/\/www.pedagogie.ac-nice.fr\/plplh\/wp-json\/wp\/v2\/pages\/9563\/revisions\/9572"}],"wp:attachment":[{"href":"https:\/\/www.pedagogie.ac-nice.fr\/plplh\/wp-json\/wp\/v2\/media?parent=9563"}],"curies":[{"name":"wp","href":"https:\/\/api.w.org\/{rel}","templated":true}]}}