{"id":9753,"date":"2025-03-13T13:21:16","date_gmt":"2025-03-13T12:21:16","guid":{"rendered":"https:\/\/www.pedagogie.ac-nice.fr\/plplh\/?page_id=9753"},"modified":"2026-02-08T19:01:45","modified_gmt":"2026-02-08T18:01:45","slug":"soutien-au-parcours","status":"publish","type":"page","link":"https:\/\/www.pedagogie.ac-nice.fr\/plplh\/soutien-au-parcours\/","title":{"rendered":"Soutien au parcours en baccalaur\u00e9at professionnel"},"content":{"rendered":"<h4><span style=\"color: #ff6600;\">Textes officiels<\/span><\/h4>\n<ul>\n<li><a href=\"https:\/\/www.education.gouv.fr\/bo\/2024\/Hebdo11\/MENE2404141N\" target=\"_blank\" rel=\"noopener\"><strong>BO n\u00b011 du 4 mars 2024<\/strong><\/a><\/li>\n<li>Page Eduscol :&nbsp;<strong><a href=\"https:\/\/eduscol.education.fr\/658\/accompagnement-personnalise-et-soutien-au-parcours-au-lycee-professionnel\" target=\"_blank\" rel=\"noopener\">Accompagnement personnalis\u00e9 et soutien au parcours au lyc\u00e9e professionnel<\/a><\/strong>\n<ul>\n<li>Vademecum pour<strong><a href=\"https:\/\/www.pedagogie.ac-nice.fr\/plplh\/wp-content\/uploads\/sites\/18\/2025\/03\/vademecum_accompagnement-orientationvoiepro.pdf\" target=\"_blank\" rel=\"noopener\"> l&rsquo;accompagnement \u00e0 l&rsquo;orientation en voie professionnelle<\/a><\/strong><\/li>\n<\/ul>\n<\/li>\n<\/ul>\n<h4><span style=\"color: #ff6600;\">Ressources acad\u00e9miques<\/span><\/h4>\n<ul>\n<li><img loading=\"lazy\" decoding=\"async\" class=\" wp-image-10843 alignright\" src=\"https:\/\/www.pedagogie.ac-nice.fr\/plplh\/wp-content\/uploads\/sites\/18\/2026\/02\/Capture-decran-2026-02-08-a-16.24.24-e1770565954106-300x190.png\" alt=\"\" width=\"178\" height=\"113\" srcset=\"https:\/\/www.pedagogie.ac-nice.fr\/plplh\/wp-content\/uploads\/sites\/18\/2026\/02\/Capture-decran-2026-02-08-a-16.24.24-e1770565954106-300x190.png 300w, https:\/\/www.pedagogie.ac-nice.fr\/plplh\/wp-content\/uploads\/sites\/18\/2026\/02\/Capture-decran-2026-02-08-a-16.24.24-e1770565954106.png 646w\" sizes=\"auto, (max-width: 178px) 100vw, 178px\" \/>Consultez le <strong><a href=\"https:\/\/digipad.app\/p\/737419\/8701c51a3d671\" target=\"_blank\" rel=\"noopener\">digipad acad\u00e9mique consacr\u00e9 au soutien au parcours en terminale bac pro<\/a><\/strong>.\n<ul>\n<li>Pour acc\u00e9der <strong>aux diaporamas<\/strong> du cycle de cinq webinaires \u00ab\u00a0Soutien au parcours\u00a0\u00bb, cliquez sur le cadre-ressource \u00ab\u00a0Accompagnement 2025-2026\u00a0\u00bb, dans une des colonnes le plus \u00e0 droite.<\/li>\n<li>Pour acc\u00e9der <strong>aux vid\u00e9os<\/strong> des webinaires, consultez la colonne-rubrique \u00ab\u00a0Soutien au parcours\u00a0\u00bb.<\/li>\n<\/ul>\n<\/li>\n<li>Livret acad\u00e9mique d&rsquo;<strong><a href=\"https:\/\/www.pedagogie.ac-nice.fr\/plplh\/wp-content\/uploads\/sites\/18\/2026\/02\/LIVRET_DU-SOUTIEN-AU-PARCOURS_BAC-PRO_ACADEMIE-DE-NICE.pdf\" target=\"_blank\" rel=\"noopener\">accompagnement du soutien au parcours : vers un parcours personnalis\u00e9<\/a><\/strong><\/li>\n<\/ul>\n","protected":false},"excerpt":{"rendered":"<p>Textes officiels BO n\u00b011 du 4 mars 2024 Page Eduscol :&nbsp;Accompagnement personnalis\u00e9 et soutien au parcours au lyc\u00e9e professionnel Vademecum pour l&rsquo;accompagnement \u00e0 l&rsquo;orientation en voie professionnelle Ressources acad\u00e9miques Consultez le digipad acad\u00e9mique consacr\u00e9 au soutien au parcours en terminale bac pro. Pour acc\u00e9der aux diaporamas du cycle de cinq webinaires \u00ab\u00a0Soutien au parcours\u00a0\u00bb, cliquez &hellip; <\/p>\n<p><a class=\"more-link btn\" href=\"https:\/\/www.pedagogie.ac-nice.fr\/plplh\/soutien-au-parcours\/\">Lire la suite<\/a><\/p>\n","protected":false},"author":195,"featured_media":0,"parent":0,"menu_order":0,"comment_status":"closed","ping_status":"closed","template":"","meta":{"ngg_post_thumbnail":0,"footnotes":""},"class_list":["post-9753","page","type-page","status-publish","hentry","nodate","item-wrap"],"rttpg_featured_image_url":null,"rttpg_author":{"display_name":"David Lamoureux","author_link":"https:\/\/www.pedagogie.ac-nice.fr\/plplh\/author\/dlamoureux\/"},"rttpg_comment":0,"rttpg_category":null,"rttpg_excerpt":"Textes officiels BO n\u00b011 du 4 mars 2024 Page Eduscol :&nbsp;Accompagnement personnalis\u00e9 et soutien au parcours au lyc\u00e9e professionnel Vademecum pour l&rsquo;accompagnement \u00e0 l&rsquo;orientation en voie professionnelle Ressources acad\u00e9miques Consultez le digipad acad\u00e9mique consacr\u00e9 au soutien au parcours en terminale bac pro. Pour acc\u00e9der aux diaporamas du cycle de cinq webinaires \u00ab\u00a0Soutien au parcours\u00a0\u00bb, cliquez\u2026","post_mailing_queue_ids":[],"_links":{"self":[{"href":"https:\/\/www.pedagogie.ac-nice.fr\/plplh\/wp-json\/wp\/v2\/pages\/9753","targetHints":{"allow":["GET"]}}],"collection":[{"href":"https:\/\/www.pedagogie.ac-nice.fr\/plplh\/wp-json\/wp\/v2\/pages"}],"about":[{"href":"https:\/\/www.pedagogie.ac-nice.fr\/plplh\/wp-json\/wp\/v2\/types\/page"}],"author":[{"embeddable":true,"href":"https:\/\/www.pedagogie.ac-nice.fr\/plplh\/wp-json\/wp\/v2\/users\/195"}],"replies":[{"embeddable":true,"href":"https:\/\/www.pedagogie.ac-nice.fr\/plplh\/wp-json\/wp\/v2\/comments?post=9753"}],"version-history":[{"count":7,"href":"https:\/\/www.pedagogie.ac-nice.fr\/plplh\/wp-json\/wp\/v2\/pages\/9753\/revisions"}],"predecessor-version":[{"id":10851,"href":"https:\/\/www.pedagogie.ac-nice.fr\/plplh\/wp-json\/wp\/v2\/pages\/9753\/revisions\/10851"}],"wp:attachment":[{"href":"https:\/\/www.pedagogie.ac-nice.fr\/plplh\/wp-json\/wp\/v2\/media?parent=9753"}],"curies":[{"name":"wp","href":"https:\/\/api.w.org\/{rel}","templated":true}]}}