{"id":9971,"date":"2025-06-16T17:07:17","date_gmt":"2025-06-16T15:07:17","guid":{"rendered":"https:\/\/www.pedagogie.ac-nice.fr\/plplh\/?page_id=9971"},"modified":"2025-06-28T15:51:42","modified_gmt":"2025-06-28T13:51:42","slug":"bp-partie-histoire-geographie","status":"publish","type":"page","link":"https:\/\/www.pedagogie.ac-nice.fr\/plplh\/bp-partie-histoire-geographie\/","title":{"rendered":"BP &#8211; Partie Histoire ou G\u00e9ographie"},"content":{"rendered":"<h2>Expression et connaissance du monde \u2013 Partie Histoire ou G\u00e9ographie<\/h2>\n<p><em>Sujets qui prennent appui sur le programme d\u2019enseignement d\u2019expression et connaissance du monde (fran\u00e7ais \u2013 histoire-g\u00e9ographie) <a href=\"http:\/\/www.education.gouv.fr\/pid285\/bulletin_officiel.html?cid_bo=100573\">BO n\u00b011 du 17 mars 2016.<\/a><\/em><\/p>\n<h3><span style=\"color: #0000ff;\"><strong>Histoire-G\u00e9ographie<\/strong><\/span><\/h3>\n<p><span style=\"color: #ff6600;\"><strong>Session 2025<\/strong><\/span><\/p>\n<ul>\n<li>Le <a href=\"https:\/\/www.pedagogie.ac-nice.fr\/plplh\/wp-content\/uploads\/sites\/18\/2025\/06\/SUJET-BP-HISTOIRE-GEO-2025.pdf\" target=\"_blank\" rel=\"noopener\"><strong>sujet d\u2019histoire<\/strong><\/a>, mai 2025 et <strong><a href=\"https:\/\/www.pedagogie.ac-nice.fr\/plplh\/wp-content\/uploads\/sites\/18\/2025\/06\/CORRIGE-BP-HISTOIRE-GEO-2025.pdf\" target=\"_blank\" rel=\"noopener\">son corrig\u00e9<\/a><\/strong>.<\/li>\n<\/ul>\n<pre><span style=\"font-family: arial, helvetica, sans-serif;\">- Sujet d\u2019\u00e9tude : Guerres et conflits contemporains dans le monde depuis 1945\r\n- Situation : La Guerre froide, conflit id\u00e9ologique, conflit de puissance : l\u2019arme de la propagande<\/span><\/pre>\n<p><span style=\"color: #ff6600;\"><strong>Session 2024<\/strong><\/span><\/p>\n<ul>\n<li>Le <strong><a href=\"https:\/\/www.pedagogie.ac-nice.fr\/plplh\/wp-content\/uploads\/sites\/18\/2024\/10\/24SA-BP-ECM-HG-3.pdf\" target=\"_blank\" rel=\"noopener\">sujet de g\u00e9ographie<\/a><\/strong>, septembre 2024 et <strong><a href=\"https:\/\/www.pedagogie.ac-nice.fr\/plplh\/wp-content\/uploads\/sites\/18\/2024\/10\/24SA-BP-ECM-HG-3-C.pdf\" target=\"_blank\" rel=\"noopener\">son corrig\u00e9<\/a><\/strong>.<\/li>\n<\/ul>\n<pre><span style=\"font-family: arial, helvetica, sans-serif;\">- Sujet d\u2019\u00e9tude : Ressources et d\u00e9veloppement durable\r\n- Situation : Le d\u00e9veloppement des parcs \u00e9oliens en mer en France : Dieppe Le Tr\u00e9port, un exemple de conflit d\u2019usage<\/span><\/pre>\n<ul>\n<li>Le <strong><a href=\"https:\/\/www.pedagogie.ac-nice.fr\/plplh\/wp-content\/uploads\/sites\/18\/2024\/06\/SUJET-BP-HG-mai-24.pdf\" target=\"_blank\" rel=\"noopener\">sujet d\u2019histoire<\/a><\/strong>, mai 2024 et <strong><a href=\"https:\/\/www.pedagogie.ac-nice.fr\/plplh\/wp-content\/uploads\/sites\/18\/2024\/06\/CORRIGE-BP-HG-2024.pdf\" target=\"_blank\" rel=\"noopener\">son corrig\u00e9<\/a><\/strong>.<\/li>\n<\/ul>\n<pre><span style=\"font-family: arial, helvetica, sans-serif;\">- Sujet d\u2019\u00e9tude : Guerres et conflits contemporains dans le monde depuis 1945\r\n- Situation : La course \u00e0 l\u2019espace durant la guerre froide<\/span><\/pre>\n<p><span style=\"color: #ff6600;\"><strong>Session 2023<\/strong><\/span><\/p>\n<ul>\n<li>Le <a href=\"https:\/\/www.pedagogie.ac-nice.fr\/plplh\/wp-content\/uploads\/sites\/18\/2022\/11\/BP-SUJET-ECM-HG-sept22.pdf\" target=\"_blank\" rel=\"noopener\"><strong>sujet <\/strong><\/a><strong><a href=\"https:\/\/www.pedagogie.ac-nice.fr\/plplh\/wp-content\/uploads\/sites\/18\/2023\/05\/SUJET-BP-HISTOIRE-2023.pdf\" target=\"_blank\" rel=\"noopener\">d\u2019histoire<\/a><\/strong>, mai 2023 et son <strong><a href=\"https:\/\/www.pedagogie.ac-nice.fr\/plplh\/wp-content\/uploads\/sites\/18\/2023\/06\/BP-CORRIGE-HISTGEO-2023.pdf\" target=\"_blank\" rel=\"noopener\">corrig\u00e9<\/a><\/strong>.<\/li>\n<\/ul>\n<pre><span style=\"font-family: arial, helvetica, sans-serif;\">- Sujet d'\u00e9tude : Le monde apre\u0300s le tournant des anne\u0301es 1990\r\n- Situation : Le 11 septembre et ses conse\u0301quences<\/span><\/pre>\n<div class=\"page\" title=\"Page 2\">\n<div class=\"layoutArea\">\n<div class=\"column\">&nbsp;<\/div>\n<\/div>\n<\/div>\n<p><span style=\"color: #ff6600;\"><strong>Session 2022<\/strong><\/span><\/p>\n<ul>\n<li>Le <a href=\"https:\/\/www.pedagogie.ac-nice.fr\/plplh\/wp-content\/uploads\/sites\/18\/2022\/11\/BP-SUJET-ECM-HG-sept22.pdf\" target=\"_blank\" rel=\"noopener\"><strong>sujet de g\u00e9ographie<\/strong><\/a>, septembre 2022 et son <a href=\"https:\/\/www.pedagogie.ac-nice.fr\/plplh\/wp-content\/uploads\/sites\/18\/2022\/11\/BP-CORRIGE-ECM-HG-sept-22.pdf\" target=\"_blank\" rel=\"noopener\"><strong>corrig\u00e9<\/strong><\/a>.<\/li>\n<\/ul>\n<pre><span style=\"font-family: arial, helvetica, sans-serif;\">- Sujet d'\u00e9tude : La mondialisation : fonctionnement et int\u00e9gration in\u00e9gale des territoires\r\n- Situation : Le de\u0301troit d\u2019Ormuz : un passage strate\u0301gique sous tension<\/span><\/pre>\n<ul>\n<li>Le <a href=\"https:\/\/www.pedagogie.ac-nice.fr\/plplh\/wp-content\/uploads\/sites\/18\/2022\/11\/Sujet-HG-BP-2022.pdf\" target=\"_blank\" rel=\"noopener\"><strong>sujet d\u2019histoire<\/strong><\/a>, mai 2022 et son <a href=\"https:\/\/www.pedagogie.ac-nice.fr\/plplh\/wp-content\/uploads\/sites\/18\/2022\/11\/Corrige-HG-BP-2022.pdf\" target=\"_blank\" rel=\"noopener\"><strong>corrig\u00e9<\/strong><\/a>.<\/li>\n<\/ul>\n<pre><span style=\"font-family: arial, helvetica, sans-serif;\">- Sujet d'\u00e9tude : Guerres et conflits contemporains dans le monde depuis 1945\r\n- Situation : La Guerre froide, conflit id\u00e9ologique, conflit de puissances : le plan Marshall<\/span><\/pre>\n<p><span style=\"color: #ff6600;\"><strong>Session 2021<\/strong><\/span><\/p>\n<ul>\n<li>Le <strong><a href=\"https:\/\/www.pedagogie.ac-nice.fr\/plplh\/wp-content\/uploads\/sites\/18\/2022\/11\/bp_ecm_sujet_hgc_septembre_2021.pdf\">sujet d\u2019histoire<\/a><\/strong>, septembre 2021 et son<a href=\"https:\/\/www.pedagogie.ac-nice.fr\/plplh\/wp-content\/uploads\/sites\/18\/2022\/11\/bep_ecm_sujet_hgc_corrige_septembre_2021.pdf\"><strong> corrig\u00e9<\/strong><\/a>.<\/li>\n<\/ul>\n<pre><span style=\"font-family: arial, helvetica, sans-serif;\">- Sujet d'\u00e9tude : Guerres et conflits contemporains dans le monde depuis 1945\r\n- Situation : Une crise de la guerre froide : la guerre de Core\u0301e<\/span><\/pre>\n<p><span style=\"color: #ff6600;\"><strong>Session 2019<\/strong><\/span><\/p>\n<ul>\n<li>Le<strong><a href=\"https:\/\/www.pedagogie.ac-nice.fr\/plplh\/wp-content\/uploads\/sites\/18\/2019\/05\/Sujet-Hist-geo-2019.pdf\"> sujet de g\u00e9ographie<\/a><\/strong>, mai 2019.<\/li>\n<\/ul>\n<pre><span style=\"font-family: arial, helvetica, sans-serif;\">- Sujet d'\u00e9tude :&nbsp; Ressources et d\u00e9veloppement durable\r\n- Situation&nbsp; : Les enjeux \u00e9nerg\u00e9tiques contemporains : l\u2019exemple du gaz<\/span><\/pre>\n<p><span style=\"color: #ff6600;\"><strong>Session 2018<\/strong><\/span><\/p>\n<ul>\n<li>Le&nbsp;<strong><a href=\"http:\/\/www.ac-nice.fr\/plplh\/wp-content\/uploads\/2018\/04\/SUJ-Histgeo-Pisc-MRM18.pdf\">sujet d\u2019histoire<\/a><\/strong>,&nbsp; septembre 2018.<\/li>\n<\/ul>\n<pre><span style=\"font-family: arial, helvetica, sans-serif;\">- Sujet d'\u00e9tude : Guerres et conflits contemporains dans le monde depuis 1945\r\n- Situation : Le blocus de Berlin<\/span><\/pre>\n<ul>\n<li>Le <strong><a href=\"https:\/\/www.pedagogie.ac-nice.fr\/plplh\/wp-content\/uploads\/sites\/18\/2019\/06\/BP-histgeo-mrm2018.pdf\">sujet de g\u00e9ographie, <\/a><\/strong>mai 2018 et son <a href=\"https:\/\/www.pedagogie.ac-nice.fr\/plplh\/wp-content\/uploads\/sites\/18\/2019\/06\/BP-corrige_histgeo_mrm18-2.pdf\"><strong>corrig\u00e9<\/strong><\/a>.<\/li>\n<\/ul>\n<pre><span style=\"font-family: arial, helvetica, sans-serif;\">- Sujet d'\u00e9tude : La mondialisation : fonctionnement et int\u00e9gration in\u00e9gale des territoires\r\n- Situation : Le monde de la rose<\/span><\/pre>\n","protected":false},"excerpt":{"rendered":"<p>Expression et connaissance du monde \u2013 Partie Histoire ou G\u00e9ographie Sujets qui prennent appui sur le programme d\u2019enseignement d\u2019expression et connaissance du monde (fran\u00e7ais \u2013 histoire-g\u00e9ographie) BO n\u00b011 du 17 mars 2016. Histoire-G\u00e9ographie Session 2025 Le sujet d\u2019histoire, mai 2025 et son corrig\u00e9. &#8211; Sujet d\u2019\u00e9tude : Guerres et conflits contemporains dans le monde depuis &hellip; <\/p>\n<p><a class=\"more-link btn\" href=\"https:\/\/www.pedagogie.ac-nice.fr\/plplh\/bp-partie-histoire-geographie\/\">Lire la suite<\/a><\/p>\n","protected":false},"author":195,"featured_media":0,"parent":0,"menu_order":0,"comment_status":"closed","ping_status":"closed","template":"","meta":{"ngg_post_thumbnail":0,"footnotes":""},"class_list":["post-9971","page","type-page","status-publish","hentry","nodate","item-wrap"],"rttpg_featured_image_url":null,"rttpg_author":{"display_name":"David Lamoureux","author_link":"https:\/\/www.pedagogie.ac-nice.fr\/plplh\/author\/dlamoureux\/"},"rttpg_comment":0,"rttpg_category":null,"rttpg_excerpt":"Expression et connaissance du monde \u2013 Partie Histoire ou G\u00e9ographie Sujets qui prennent appui sur le programme d\u2019enseignement d\u2019expression et connaissance du monde (fran\u00e7ais \u2013 histoire-g\u00e9ographie) BO n\u00b011 du 17 mars 2016. Histoire-G\u00e9ographie Session 2025 Le sujet d\u2019histoire, mai 2025 et son corrig\u00e9. - Sujet d\u2019\u00e9tude : Guerres et conflits contemporains dans le monde depuis\u2026","post_mailing_queue_ids":[],"_links":{"self":[{"href":"https:\/\/www.pedagogie.ac-nice.fr\/plplh\/wp-json\/wp\/v2\/pages\/9971","targetHints":{"allow":["GET"]}}],"collection":[{"href":"https:\/\/www.pedagogie.ac-nice.fr\/plplh\/wp-json\/wp\/v2\/pages"}],"about":[{"href":"https:\/\/www.pedagogie.ac-nice.fr\/plplh\/wp-json\/wp\/v2\/types\/page"}],"author":[{"embeddable":true,"href":"https:\/\/www.pedagogie.ac-nice.fr\/plplh\/wp-json\/wp\/v2\/users\/195"}],"replies":[{"embeddable":true,"href":"https:\/\/www.pedagogie.ac-nice.fr\/plplh\/wp-json\/wp\/v2\/comments?post=9971"}],"version-history":[{"count":6,"href":"https:\/\/www.pedagogie.ac-nice.fr\/plplh\/wp-json\/wp\/v2\/pages\/9971\/revisions"}],"predecessor-version":[{"id":10078,"href":"https:\/\/www.pedagogie.ac-nice.fr\/plplh\/wp-json\/wp\/v2\/pages\/9971\/revisions\/10078"}],"wp:attachment":[{"href":"https:\/\/www.pedagogie.ac-nice.fr\/plplh\/wp-json\/wp\/v2\/media?parent=9971"}],"curies":[{"name":"wp","href":"https:\/\/api.w.org\/{rel}","templated":true}]}}