{"id":108,"date":"2015-01-28T23:05:06","date_gmt":"2015-01-28T22:05:06","guid":{"rendered":"http:\/\/www.ac-nice.fr\/plpms\/2015\/?page_id=108"},"modified":"2018-11-29T19:24:09","modified_gmt":"2018-11-29T18:24:09","slug":"mentions-legales-credits","status":"publish","type":"page","link":"https:\/\/www.pedagogie.ac-nice.fr\/plpms\/mentions-legales-credits\/","title":{"rendered":"Mentions l\u00e9gales &#8211; Cr\u00e9dits"},"content":{"rendered":"<p>Informations l\u00e9gales concernant le site PLPMS de l&rsquo;acad\u00e9mie de Nice.<\/p>\n<h3>Directeurs de publication &#8211; Responsables de la r\u00e9daction<\/h3>\n<p><strong>Les Inspecteurs de l\u2019\u00c9ducation Nationale<br \/>\n<\/strong>Math\u00e9matiques \/ Sciences physiques et chimiques<\/p>\n<p><strong>Rectorat de Nice<br \/>\n<\/strong>Bureau:\u00a0 + 33 (0) 4 93 53 72 50<br \/>\nFax: \u00a0+ 33 (0) 4 93 53 72 44<\/p>\n<p>Mail :\u00a0 <a href=\"mailto:ien.eg-mspc@ac-nice.fr\">ien.eg-mspc@ac-nice.fr<\/a><\/p>\n<h3><strong>Raison sociale et h\u00e9bergeur<\/strong><\/h3>\n<p>Rectorat de l&rsquo;acad\u00e9mie de Nice<br \/>\n53 avenue Cap de Croix<br \/>\n06181 Nice cedex 2<\/p>\n<p>T\u00e9l\u00e9phone 04 93 53 70 70<br \/>\nT\u00e9l\u00e9copie 04 93 53 70 83<\/p>\n<h3>Cr\u00e9ation de liens hypertexte<\/h3>\n<p>L&rsquo;acad\u00e9mie de Nice autorise tout site internet ou tout autre support \u00e0 mettre en place un lien hypertexte pointant vers les contenus du site PLPMS. La mention explicite du site PLPMS dans l&rsquo;intitul\u00e9 du lien est souhait\u00e9e mais pas obligatoire.<\/p>\n<h3>Responsabilit\u00e9<\/h3>\n<p>Le site acad\u00e9mique PLPMS propose de nombreux liens vers d&rsquo;autres sites : sites institutionnels, sites d&rsquo;associations, d&rsquo;entreprises partenaires, sites \u00e9trangers. Ces liens visent \u00e0 permettre \u00e0 l&rsquo;internaute d&rsquo;acc\u00e9der plus facilement \u00e0 d&rsquo;autres ressources documentaires sur le sujet consult\u00e9. Ces sites sont ind\u00e9pendants du site acad\u00e9mique PLPMS : la responsabilit\u00e9 de l&rsquo;acad\u00e9mie de Nice, non plus que celle du directeur de publication et\/ou de sa r\u00e9daction, n&rsquo;est pas engag\u00e9e par les contenus des sites cit\u00e9s.<\/p>\n<h3>Accessibilit\u00e9<\/h3>\n<p>Les pages sont mises progressivement en conformit\u00e9 avec les recommandations du r\u00e9f\u00e9rentiel commun des crit\u00e8res d&rsquo;accessibilit\u00e9 des services Internet de l&rsquo;administration fran\u00e7aise pour respecter la loi n\u00b02005-102 du 11 f\u00e9vrier 2005 pour l&rsquo;\u00e9galit\u00e9 des droits et des chances, la participation et la citoyennet\u00e9 des personnes handicap\u00e9es.<\/p>\n<h3>Cr\u00e9dits<\/h3>\n<p>L&rsquo;\u00e9quipe des PLPMS de l&rsquo;acad\u00e9mie produit autant que faire se peut ses propres m\u00e9dias, mais peut avoir recourt \u00e0 des m\u00e9dias libres dans le respect des droits d&rsquo;auteurs associ\u00e9s.<br \/>\nSoucieuse du respect du droit d&rsquo;auteur, un travail de contr\u00f4le des droits des m\u00e9dias utilis\u00e9s sur ce site est mis en place.<\/p>\n<p>Merci de signaler par mail \u00e0\u00a0 <a href=\"mailto:ien.eg-mspc@ac-nice.fr\">ien.eg-mspc@ac-nice.fr<\/a>\u00a0toute irr\u00e9gularit\u00e9 constat\u00e9e sur le site.<\/p>\n<p>Ce site utilise des images d&rsquo;illustrations modifi\u00e9es en\u00a0tout\u00a0ou\u00a0partie, issues de\u00a0<a href=\"https:\/\/pixabay.com\/fr\/\" target=\"_blank\" rel=\"noopener\">Pixabay<\/a> et\u00a0<a href=\"http:\/\/www.freepik.com\">Freepik<\/a>.<\/p>\n<p>L&rsquo;image de fond du site a \u00e9t\u00e9 r\u00e9alis\u00e9e avec deux ressources Freepik (<a href=\"http:\/\/www.freepik.com\">Designed by Bimbimkha \/ Freepik<\/a>\/ et\u00a0<a href=\"http:\/\/www.freepik.com\">Freepik<\/a>).<\/p>\n<p>&nbsp;<\/p>\n","protected":false},"excerpt":{"rendered":"<p>Informations l\u00e9gales concernant le site PLPMS de l&rsquo;acad\u00e9mie de Nice. Directeurs de publication &#8211; Responsables de la r\u00e9daction Les Inspecteurs de l\u2019\u00c9ducation Nationale Math\u00e9matiques \/ Sciences physiques et chimiques Rectorat de Nice Bureau:\u00a0 + 33 (0) 4 93 53 72 50 Fax: \u00a0+ 33 (0) 4 93 53 72 44 Mail :\u00a0 ien.eg-mspc@ac-nice.fr Raison sociale [&hellip;]<\/p>\n","protected":false},"author":1,"featured_media":0,"parent":0,"menu_order":0,"comment_status":"closed","ping_status":"closed","template":"","meta":{"_et_pb_use_builder":"","_et_pb_old_content":"","_et_gb_content_width":"","ngg_post_thumbnail":0,"footnotes":""},"class_list":["post-108","page","type-page","status-publish","hentry"],"rttpg_featured_image_url":null,"rttpg_author":{"display_name":"norco","author_link":"https:\/\/www.pedagogie.ac-nice.fr\/plpms\/author\/norco\/"},"rttpg_comment":0,"rttpg_category":null,"rttpg_excerpt":"Informations l\u00e9gales concernant le site PLPMS de l&rsquo;acad\u00e9mie de Nice. Directeurs de publication &#8211; Responsables de la r\u00e9daction Les Inspecteurs de l\u2019\u00c9ducation Nationale Math\u00e9matiques \/ Sciences physiques et chimiques Rectorat de Nice Bureau:\u00a0 + 33 (0) 4 93 53 72 50 Fax: \u00a0+ 33 (0) 4 93 53 72 44 Mail :\u00a0 ien.eg-mspc@ac-nice.fr Raison sociale\u2026","post_mailing_queue_ids":[],"_links":{"self":[{"href":"https:\/\/www.pedagogie.ac-nice.fr\/plpms\/wp-json\/wp\/v2\/pages\/108","targetHints":{"allow":["GET"]}}],"collection":[{"href":"https:\/\/www.pedagogie.ac-nice.fr\/plpms\/wp-json\/wp\/v2\/pages"}],"about":[{"href":"https:\/\/www.pedagogie.ac-nice.fr\/plpms\/wp-json\/wp\/v2\/types\/page"}],"author":[{"embeddable":true,"href":"https:\/\/www.pedagogie.ac-nice.fr\/plpms\/wp-json\/wp\/v2\/users\/1"}],"replies":[{"embeddable":true,"href":"https:\/\/www.pedagogie.ac-nice.fr\/plpms\/wp-json\/wp\/v2\/comments?post=108"}],"version-history":[{"count":2,"href":"https:\/\/www.pedagogie.ac-nice.fr\/plpms\/wp-json\/wp\/v2\/pages\/108\/revisions"}],"predecessor-version":[{"id":909,"href":"https:\/\/www.pedagogie.ac-nice.fr\/plpms\/wp-json\/wp\/v2\/pages\/108\/revisions\/909"}],"wp:attachment":[{"href":"https:\/\/www.pedagogie.ac-nice.fr\/plpms\/wp-json\/wp\/v2\/media?parent=108"}],"curies":[{"name":"wp","href":"https:\/\/api.w.org\/{rel}","templated":true}]}}