{"id":111,"date":"2015-01-28T23:09:46","date_gmt":"2015-01-28T22:09:46","guid":{"rendered":"http:\/\/www.ac-nice.fr\/plpms\/2015\/?page_id=111"},"modified":"2015-01-28T23:09:46","modified_gmt":"2015-01-28T22:09:46","slug":"accessibilite","status":"publish","type":"page","link":"https:\/\/www.pedagogie.ac-nice.fr\/plpms\/accessibilite\/","title":{"rendered":"Accessibilit\u00e9"},"content":{"rendered":"<div id=\"chapo\">\n<p>La mise en application de l&rsquo;article 47 de la loi du 11 f\u00e9vrier 2005 sur l&rsquo;\u00e9galit\u00e9 des chances stipule que tous les services en ligne de l&rsquo;\u00c9tat doivent \u00eatre accessibles \u00e0 tous.<\/p>\n<p>Un soin tout particulier est pris pour rendre ce site internet le plus accessible possible.<\/p>\n<\/div>\n<p><a name=\"tous-les-sites-publics-doivent-obeir-a-des-normes-d\u2019accessibilite\"><\/a><b>Tous les sites publics doivent ob\u00e9ir \u00e0 des normes d&rsquo;accessibilit\u00e9<\/b><\/p>\n<p>La loi n\u00b02005-102 du 11 f\u00e9vrier 2005 pour l&rsquo;\u00e9galit\u00e9 des droits et des chances, la participation et la citoyennet\u00e9 des personnes handicap\u00e9es pr\u00e9cise que \u00ab\u00a0les services de communication publique en ligne des services de l&rsquo;\u00c9tat, des collectivit\u00e9s territoriales et des \u00e9tablissements publics qui en d\u00e9pendent doivent \u00eatre accessibles aux personnes handicap\u00e9es\u00a0\u00bb.<\/p>\n","protected":false},"excerpt":{"rendered":"<p>La mise en application de l&rsquo;article 47 de la loi du 11 f\u00e9vrier 2005 sur l&rsquo;\u00e9galit\u00e9 des chances stipule que tous les services en ligne de l&rsquo;\u00c9tat doivent \u00eatre accessibles \u00e0 tous. Un soin tout particulier est pris pour rendre ce site internet le plus accessible possible. Tous les sites publics doivent ob\u00e9ir \u00e0 des [&hellip;]<\/p>\n","protected":false},"author":1,"featured_media":0,"parent":0,"menu_order":0,"comment_status":"closed","ping_status":"closed","template":"","meta":{"_et_pb_use_builder":"","_et_pb_old_content":"","_et_gb_content_width":"","ngg_post_thumbnail":0,"footnotes":""},"class_list":["post-111","page","type-page","status-publish","hentry"],"rttpg_featured_image_url":null,"rttpg_author":{"display_name":"norco","author_link":"https:\/\/www.pedagogie.ac-nice.fr\/plpms\/author\/norco\/"},"rttpg_comment":0,"rttpg_category":null,"rttpg_excerpt":"La mise en application de l&rsquo;article 47 de la loi du 11 f\u00e9vrier 2005 sur l&rsquo;\u00e9galit\u00e9 des chances stipule que tous les services en ligne de l&rsquo;\u00c9tat doivent \u00eatre accessibles \u00e0 tous. Un soin tout particulier est pris pour rendre ce site internet le plus accessible possible. Tous les sites publics doivent ob\u00e9ir \u00e0 des\u2026","post_mailing_queue_ids":[],"_links":{"self":[{"href":"https:\/\/www.pedagogie.ac-nice.fr\/plpms\/wp-json\/wp\/v2\/pages\/111","targetHints":{"allow":["GET"]}}],"collection":[{"href":"https:\/\/www.pedagogie.ac-nice.fr\/plpms\/wp-json\/wp\/v2\/pages"}],"about":[{"href":"https:\/\/www.pedagogie.ac-nice.fr\/plpms\/wp-json\/wp\/v2\/types\/page"}],"author":[{"embeddable":true,"href":"https:\/\/www.pedagogie.ac-nice.fr\/plpms\/wp-json\/wp\/v2\/users\/1"}],"replies":[{"embeddable":true,"href":"https:\/\/www.pedagogie.ac-nice.fr\/plpms\/wp-json\/wp\/v2\/comments?post=111"}],"version-history":[{"count":0,"href":"https:\/\/www.pedagogie.ac-nice.fr\/plpms\/wp-json\/wp\/v2\/pages\/111\/revisions"}],"wp:attachment":[{"href":"https:\/\/www.pedagogie.ac-nice.fr\/plpms\/wp-json\/wp\/v2\/media?parent=111"}],"curies":[{"name":"wp","href":"https:\/\/api.w.org\/{rel}","templated":true}]}}