{"id":176,"date":"2015-06-15T22:22:56","date_gmt":"2015-06-15T21:22:56","guid":{"rendered":"http:\/\/www.ac-nice.fr\/plpms\/2015\/?page_id=176"},"modified":"2015-06-15T22:22:56","modified_gmt":"2015-06-15T21:22:56","slug":"prevention-sante-et-securite","status":"publish","type":"page","link":"https:\/\/www.pedagogie.ac-nice.fr\/plpms\/thematiques-en-mathematiques\/prevention-sante-et-securite\/","title":{"rendered":"Pr\u00e9vention, Sant\u00e9 et S\u00e9curit\u00e9"},"content":{"rendered":"<p>Par ann\u00e9e de formation, l\u2019enseignant choisit au moins deux th\u00e9matiques dans des sujets diff\u00e9rents.<br \/>\nLa th\u00e9matique choisie est d\u2019autant plus riche qu\u2019elle permet d\u2019aborder plusieurs modules du programme. Pour chacune d\u2019entre elles, des questions \u00e9nonc\u00e9es par l\u2019enseignant doivent \u00eatre propos\u00e9es. Celles-ci doivent \u00eatre en phase avec la vie quotidienne des \u00e9l\u00e8ves et leur formation professionnelle et motiver l\u2019acquisition des comp\u00e9tences d\u00e9crites dans le programme.<br \/>\nL\u2019utilisation de ces th\u00e9matiques peut prendre plusieurs formes (activit\u00e9 introductive concr\u00e8te, s\u00e9ance de travaux pratiques, recherche multim\u00e9dia, travail en groupe, travail personnel\u2026).<\/p>\n<p><strong>Une premi\u00e8re liste non exhaustive et r\u00e9visable de th\u00e9matiques \u00e0 explorer pour le Pr\u00e9vention, Sant\u00e9 et S\u00e9curit\u00e9 <\/strong>est propos\u00e9e ci-dessous :<\/p>\n<ul>\n<li><strong>Pr\u00e9venir un risque li\u00e9 \u00e0 l\u2019environnement;<\/strong><\/li>\n<li><strong>Prendre conscience du danger des pratiques addictives;<\/strong><\/li>\n<li><strong>Prendre soin de soi;<\/strong><\/li>\n<li><strong>Utiliser un v\u00e9hicule.<\/strong><\/li>\n<\/ul>\n<h2>Enseigner avec la th\u00e9matique Pr\u00e9vention, Sant\u00e9 et S\u00e9curit\u00e9<\/h2>\n<h3>Exemple d\u2019activit\u00e9s<\/h3>\n<div style=\"background-color: #ffea8f;padding: 10px;font-size: 110%\">\n<strong><a href=\"http:\/\/www.ac-nice.fr\/plpms\/2015\/category\/enseigner\/mathematiques\/prevention-sante-et-securite\/\">&gt;&gt; Retrouvez des exemples d\u2019activit\u00e9s men\u00e9s au sein de l\u2019acad\u00e9mie.<\/a><\/strong>\n<\/div>\n<h3>Ressources en ligne<\/h3>\n<h4>Sant\u00e9, pr\u00e9vention<\/h4>\n<p><b>Agence nationale de s\u00e9curit\u00e9 sanitaire de l&rsquo;alimentation, de l&rsquo;environnement et du travail<\/b><\/p>\n<p>Veille et \u00e9tudes dans les domaines nutritionnels et sanitaires pour l\u2019homme, les animaux et l\u2019environnement<\/p>\n<p><a class=\"chevron\" title=\"nouvelle fen\u00eatre\" href=\"http:\/\/www.anses.fr\/fr\" target=\"_blank\">www.anses.fr<\/a><\/p>\n<p><b>Institut national de pr\u00e9vention et d&rsquo;\u00e9ducation pour la sant\u00e9 (INPES)<\/b><\/p>\n<p>\u00c9tablissement public charg\u00e9 de mettre en place des programmes d&rsquo;\u00e9ducation \u00e0 la sant\u00e9<\/p>\n<p><a class=\"chevron\" title=\"nouvelle fen\u00eatre\" href=\"http:\/\/www.inpes.sante.fr\/\" target=\"_blank\">www.inpes.sante.fr<\/a><\/p>\n<p><b>Mission interminist\u00e9rielle de lutte contre la drogue et la toxicomanie (MILDT)<\/b><\/p>\n<p><a class=\"chevron\" title=\"nouvelle fen\u00eatre\" href=\"http:\/\/www.drogues.gouv.fr\/\" target=\"_blank\">www.drogues.gouv.fr<\/a><\/p>\n<h4><strong>L&rsquo;\u00e9ducation \u00e0 la s\u00e9curit\u00e9 routi\u00e8re<\/strong><\/h4>\n<p><a href=\"http:\/\/eduscol.education.fr\/education-securite-routiere\/\" target=\"_blank\">Ressources et outils p\u00e9dagogiques pour les enseignants sur le portail national \u00e9duscol<\/a><\/p>\n<p><a class=\"chevron\" title=\"nouvelle fen\u00eatre\" href=\"http:\/\/www.securiteroutiere.gouv.fr\/\" target=\"_blank\">Le site de la d\u00e9l\u00e9gation \u00e0 la s\u00e9curit\u00e9 et \u00e0 la circulation routi\u00e8re www.securiteroutiere.gouv.fr<\/a><\/p>\n<p>&nbsp;<\/p>\n<div style=\"background-color: #ffea8f;padding: 10px;font-size: 110%\">\n<h2>S\u2019informer sur\u00a0la\u00a0pr\u00e9vention, la sant\u00e9 et la s\u00e9curit\u00e9<\/h2>\n<h3>Sur ac-nice.fr<\/h3>\n<p><strong>Sant\u00e9 et pr\u00e9vention :<\/strong> Chaque coll\u00e8ge et lyc\u00e9e d\u00e9finit un programme d\u2019\u00e9ducation \u00e0 la sant\u00e9 et \u00e0 la citoyennet\u00e9 : \u00e9ducation nutritionnelle, \u00e9ducation \u00e0 la sexualit\u00e9, pr\u00e9vention des conduites addictives. Le suivi de sant\u00e9 des \u00e9l\u00e8ves est assur\u00e9 tout au long de la scolarit\u00e9. Des bilans de sant\u00e9 sont organis\u00e9s au sein des \u00e9tablissements.<\/p>\n<p><a href=\"http:\/\/www.ac-nice.fr\/cid70586\/sante-social.html\" target=\"_blank\">Consultez ac-nice.fr<\/a><\/p>\n<p><strong>L&rsquo;\u00e9ducation \u00e0 la s\u00e9curit\u00e9 routi\u00e8re :\u00a0<\/strong>L&rsquo;\u00e9ducation \u00e0 la s\u00e9curit\u00e9 routi\u00e8re \u00e0 l&rsquo;\u00c9cole est un enjeu majeur de la maternelle au baccalaur\u00e9at. Elle fait acqu\u00e9rir aux \u00e9l\u00e8ves un comportement responsable dans l&rsquo;espace routier.\u00a0Les coll\u00e9giens passent les attestations scolaires de s\u00e9curit\u00e9 routi\u00e8re de niveaux 1 et 2 (ASSR 1 et ASSR 2) en cinqui\u00e8me puis en troisi\u00e8me. Ces attestations visent \u00e0 responsabiliser les jeunes usagers de la route, qu&rsquo;ils soient pi\u00e9tons, cyclistes, cyclomotoristes, passagers d&rsquo;une voiture ou futurs automobilistes.<\/p>\n<p><a href=\"http:\/\/www.ac-nice.fr\/cid70585\/l-education-securite-routiere.html\" target=\"_blank\">Consultez ac-nice.fr<\/a><\/p>\n<h3>Sur education.gouv.fr<\/h3>\n<p><strong>Sant\u00e9 et pr\u00e9vention :<\/strong> L\u2019\u00c9cole a une double mission : l&rsquo;\u00e9ducation \u00e0 la sant\u00e9 des \u00e9l\u00e8ves et le suivi de leur sant\u00e9. L\u2019\u00e9ducation \u00e0 la sant\u00e9 est int\u00e9gr\u00e9e dans les programmes de l\u2019\u00e9cole primaire. Chaque coll\u00e8ge et lyc\u00e9e d\u00e9finit un programme d\u2019\u00e9ducation \u00e0 la sant\u00e9 et \u00e0 la citoyennet\u00e9 : \u00e9ducation nutritionnelle, \u00e9ducation \u00e0 la sexualit\u00e9, pr\u00e9vention des conduites addictives. Le suivi de sant\u00e9 des \u00e9l\u00e8ves est assur\u00e9 tout au long de la scolarit\u00e9. Des bilans de sant\u00e9 sont organis\u00e9s au sein des \u00e9tablissements.<\/p>\n<p><a href=\"http:\/\/www.education.gouv.fr\/cid50297\/la-sante-des-eleves.html\" target=\"_blank\">Consultez education.gouv.fr<\/a><\/p>\n<h3><\/h3>\n<\/div>\n","protected":false},"excerpt":{"rendered":"<p>Par ann\u00e9e de formation, l\u2019enseignant choisit au moins deux th\u00e9matiques dans des sujets diff\u00e9rents. La th\u00e9matique choisie est d\u2019autant plus riche qu\u2019elle permet d\u2019aborder plusieurs modules du programme. Pour chacune d\u2019entre elles, des questions \u00e9nonc\u00e9es par l\u2019enseignant doivent \u00eatre propos\u00e9es. Celles-ci doivent \u00eatre en phase avec la vie quotidienne des \u00e9l\u00e8ves et leur formation professionnelle [&hellip;]<\/p>\n","protected":false},"author":1,"featured_media":0,"parent":48,"menu_order":2,"comment_status":"closed","ping_status":"closed","template":"","meta":{"_et_pb_use_builder":"","_et_pb_old_content":"","_et_gb_content_width":"","ngg_post_thumbnail":0,"footnotes":""},"class_list":["post-176","page","type-page","status-publish","hentry"],"rttpg_featured_image_url":null,"rttpg_author":{"display_name":"norco","author_link":"https:\/\/www.pedagogie.ac-nice.fr\/plpms\/author\/norco\/"},"rttpg_comment":0,"rttpg_category":null,"rttpg_excerpt":"Par ann\u00e9e de formation, l\u2019enseignant choisit au moins deux th\u00e9matiques dans des sujets diff\u00e9rents. La th\u00e9matique choisie est d\u2019autant plus riche qu\u2019elle permet d\u2019aborder plusieurs modules du programme. Pour chacune d\u2019entre elles, des questions \u00e9nonc\u00e9es par l\u2019enseignant doivent \u00eatre propos\u00e9es. Celles-ci doivent \u00eatre en phase avec la vie quotidienne des \u00e9l\u00e8ves et leur formation professionnelle\u2026","post_mailing_queue_ids":[],"_links":{"self":[{"href":"https:\/\/www.pedagogie.ac-nice.fr\/plpms\/wp-json\/wp\/v2\/pages\/176","targetHints":{"allow":["GET"]}}],"collection":[{"href":"https:\/\/www.pedagogie.ac-nice.fr\/plpms\/wp-json\/wp\/v2\/pages"}],"about":[{"href":"https:\/\/www.pedagogie.ac-nice.fr\/plpms\/wp-json\/wp\/v2\/types\/page"}],"author":[{"embeddable":true,"href":"https:\/\/www.pedagogie.ac-nice.fr\/plpms\/wp-json\/wp\/v2\/users\/1"}],"replies":[{"embeddable":true,"href":"https:\/\/www.pedagogie.ac-nice.fr\/plpms\/wp-json\/wp\/v2\/comments?post=176"}],"version-history":[{"count":0,"href":"https:\/\/www.pedagogie.ac-nice.fr\/plpms\/wp-json\/wp\/v2\/pages\/176\/revisions"}],"up":[{"embeddable":true,"href":"https:\/\/www.pedagogie.ac-nice.fr\/plpms\/wp-json\/wp\/v2\/pages\/48"}],"wp:attachment":[{"href":"https:\/\/www.pedagogie.ac-nice.fr\/plpms\/wp-json\/wp\/v2\/media?parent=176"}],"curies":[{"name":"wp","href":"https:\/\/api.w.org\/{rel}","templated":true}]}}