{"id":180,"date":"2015-06-15T22:27:33","date_gmt":"2015-06-15T21:27:33","guid":{"rendered":"http:\/\/www.ac-nice.fr\/plpms\/2015\/?page_id=180"},"modified":"2015-06-15T22:27:33","modified_gmt":"2015-06-15T21:27:33","slug":"evolution-des-sciences-et-techniques","status":"publish","type":"page","link":"https:\/\/www.pedagogie.ac-nice.fr\/plpms\/thematiques-en-mathematiques\/evolution-des-sciences-et-techniques\/","title":{"rendered":"\u00c9volution des sciences et techniques"},"content":{"rendered":"<p>Par ann\u00e9e de formation, l\u2019enseignant choisit au moins deux th\u00e9matiques dans des sujets diff\u00e9rents.<br \/>\nLa th\u00e9matique choisie est d\u2019autant plus riche qu\u2019elle permet d\u2019aborder plusieurs modules du programme. Pour chacune d\u2019entre elles, des questions \u00e9nonc\u00e9es par l\u2019enseignant doivent \u00eatre propos\u00e9es. Celles-ci doivent \u00eatre en phase avec la vie quotidienne des \u00e9l\u00e8ves et leur formation professionnelle et motiver l\u2019acquisition des comp\u00e9tences d\u00e9crites dans le programme.<br \/>\nL\u2019utilisation de ces th\u00e9matiques peut prendre plusieurs formes (activit\u00e9 introductive concr\u00e8te, s\u00e9ance de travaux pratiques, recherche multim\u00e9dia, travail en groupe, travail personnel\u2026).<\/p>\n<p>Une premi\u00e8re liste non exhaustive et r\u00e9visable de th\u00e9matiques \u00e0 explorer pour\u00a0<strong>\u00c9volution des sciences et techniques <\/strong>est propos\u00e9e ci-dessous :<\/p>\n<ul>\n<li><strong>Transmettre une information;<\/strong><\/li>\n<li><strong>Mesurer le temps et les distances;<\/strong><\/li>\n<li><strong>D\u00e9couvrir les nombres \u00e0 travers l\u2019histoire des math\u00e9matiques;<\/strong><\/li>\n<li><strong>Observer le ciel.<\/strong><\/li>\n<\/ul>\n","protected":false},"excerpt":{"rendered":"<p>Par ann\u00e9e de formation, l\u2019enseignant choisit au moins deux th\u00e9matiques dans des sujets diff\u00e9rents. La th\u00e9matique choisie est d\u2019autant plus riche qu\u2019elle permet d\u2019aborder plusieurs modules du programme. Pour chacune d\u2019entre elles, des questions \u00e9nonc\u00e9es par l\u2019enseignant doivent \u00eatre propos\u00e9es. Celles-ci doivent \u00eatre en phase avec la vie quotidienne des \u00e9l\u00e8ves et leur formation professionnelle [&hellip;]<\/p>\n","protected":false},"author":1,"featured_media":0,"parent":48,"menu_order":3,"comment_status":"closed","ping_status":"closed","template":"","meta":{"_et_pb_use_builder":"","_et_pb_old_content":"","_et_gb_content_width":"","ngg_post_thumbnail":0,"footnotes":""},"class_list":["post-180","page","type-page","status-publish","hentry"],"rttpg_featured_image_url":null,"rttpg_author":{"display_name":"norco","author_link":"https:\/\/www.pedagogie.ac-nice.fr\/plpms\/author\/norco\/"},"rttpg_comment":0,"rttpg_category":null,"rttpg_excerpt":"Par ann\u00e9e de formation, l\u2019enseignant choisit au moins deux th\u00e9matiques dans des sujets diff\u00e9rents. La th\u00e9matique choisie est d\u2019autant plus riche qu\u2019elle permet d\u2019aborder plusieurs modules du programme. Pour chacune d\u2019entre elles, des questions \u00e9nonc\u00e9es par l\u2019enseignant doivent \u00eatre propos\u00e9es. Celles-ci doivent \u00eatre en phase avec la vie quotidienne des \u00e9l\u00e8ves et leur formation professionnelle\u2026","post_mailing_queue_ids":[],"_links":{"self":[{"href":"https:\/\/www.pedagogie.ac-nice.fr\/plpms\/wp-json\/wp\/v2\/pages\/180","targetHints":{"allow":["GET"]}}],"collection":[{"href":"https:\/\/www.pedagogie.ac-nice.fr\/plpms\/wp-json\/wp\/v2\/pages"}],"about":[{"href":"https:\/\/www.pedagogie.ac-nice.fr\/plpms\/wp-json\/wp\/v2\/types\/page"}],"author":[{"embeddable":true,"href":"https:\/\/www.pedagogie.ac-nice.fr\/plpms\/wp-json\/wp\/v2\/users\/1"}],"replies":[{"embeddable":true,"href":"https:\/\/www.pedagogie.ac-nice.fr\/plpms\/wp-json\/wp\/v2\/comments?post=180"}],"version-history":[{"count":0,"href":"https:\/\/www.pedagogie.ac-nice.fr\/plpms\/wp-json\/wp\/v2\/pages\/180\/revisions"}],"up":[{"embeddable":true,"href":"https:\/\/www.pedagogie.ac-nice.fr\/plpms\/wp-json\/wp\/v2\/pages\/48"}],"wp:attachment":[{"href":"https:\/\/www.pedagogie.ac-nice.fr\/plpms\/wp-json\/wp\/v2\/media?parent=180"}],"curies":[{"name":"wp","href":"https:\/\/api.w.org\/{rel}","templated":true}]}}