{"id":6,"date":"2014-11-06T00:30:38","date_gmt":"2014-11-05T23:30:38","guid":{"rendered":"http:\/\/www.ac-nice.fr\/plpms\/2015\/?page_id=6"},"modified":"2018-10-18T10:43:59","modified_gmt":"2018-10-18T08:43:59","slug":"6-2","status":"publish","type":"page","link":"https:\/\/www.pedagogie.ac-nice.fr\/plpms\/6-2\/","title":{"rendered":"Vade Mecum : le contr\u00f4le en cours de formation"},"content":{"rendered":"<p>Le groupe d&rsquo;accompagnement au CCF de l&rsquo;acad\u00e9mie de Nice a le plaisir de vous communiquer un vade-mecum sur le contr\u00f4le en cours de formation pour les Maths-Sciences.<\/p>\n<p>Vous y trouverez des informations utiles \u00e0 l&rsquo;\u00e9laboration de vos propres situations d&rsquo;\u00e9valuation comme notamment les textes r\u00e9glementaires, des outils de conception mais aussi des exemples de mise en \u0153uvre aussi bien en Math\u00e9matiques qu&rsquo; en Sciences Physiques et Chimiques.<\/p>\n<p><!--more--><\/p>\n<h2>A t\u00e9l\u00e9charger<\/h2>\n<p><strong><a href=\"https:\/\/www.pedagogie.ac-nice.fr\/plpms\/wp-content\/uploads\/sites\/19\/2018\/10\/CCF-vade-mecum-plpms-acnice.pdf\" target=\"_blank\" rel=\"noopener\">T\u00e9l\u00e9charger le vademecum et ses annexes<\/a><\/strong><\/p>\n<p><a title=\" ZIP(2,2 Mo) - nouvelle fen\u00eatre\" href=\"..\/..\/ccf-vade-mecum\/CCF-vade-mecum-plpms-acnice-sujets.zip\" target=\"_blank\" rel=\"noopener\"><span class=\"Apple-style-span\" style=\"font-weight: bold\">T\u00e9l\u00e9charger les sujets pr\u00e9sent\u00e9s dans le Vade-Mecum en version word<\/span><\/a><\/p>\n<p><span class=\"Apple-style-span\" style=\"font-weight: bold\"><a title=\"DOCX(111Ko) - nouvelle fen\u00eatre\" href=\"..\/..\/ccf-vade-mecum\/CCF-vade-mecum-plpms-acnice-matrice.docx\" target=\"_blank\" rel=\"noopener\">T\u00e9l\u00e9charger les matrices : sujet et grilles<\/a><\/span><\/p>\n<h2><span class=\"Apple-style-span\" style=\"font-weight: bold\">Extrait : Le Vade-Mecum &#8211; Le contr\u00f4le en cours de formation<\/span><\/h2>\n<p>L\u2019\u00e9valuation certificative par contr\u00f4le en cours de formation (CCF) s\u2019est g\u00e9n\u00e9ralis\u00e9e en Maths-Sciences. Afin de ne pas r\u00e9duire le temps de formation, il importe de respecter au mieux les objectifs et les finalit\u00e9s de cette modalit\u00e9 d\u2019\u00e9valuation. Parce qu\u2019il se d\u00e9roule pendant la formation et non \u00e0 l\u2019issue de celle-ci, le CCF permet de r\u00e9troagir sur la formation. Il n\u2019est pas une succession de plusieurs examens, identiques pour tous\u00a0: les candidats en formation sont \u00e9valu\u00e9s d\u00e8s qu\u2019ils sont consid\u00e9r\u00e9s comme pr\u00eats. Ainsi, l\u2019\u00e9valuation simultan\u00e9e de l\u2019ensemble des candidats en formation ne peut \u00eatre envisag\u00e9e que si tous sont r\u00e9put\u00e9s avoir atteint le niveau requis pour l\u2019\u00e9valuation, ou ont re\u00e7u la formation correspondante en fin de p\u00e9riode r\u00e8glementaire pr\u00e9vue pour l\u2019\u00e9valuation.<\/p>\n<p>En d\u00e9but d\u2019ann\u00e9e, les candidats en formation sont obligatoirement inform\u00e9s sur les principes du CCF, sur la d\u00e9finition et le coefficient des \u00e9preuves, sur le statut et les objectifs de chaque situation d&rsquo;\u00e9valuation, sur les performances attendues et les conditions de d\u00e9roulement, sur les modalit\u00e9s de notation et sur l&rsquo;incidence d&rsquo;une absence \u00e0 une situation d&rsquo;\u00e9valuation. Un soin particulier est port\u00e9 par les professeurs sur la pr\u00e9sentation aux \u00e9l\u00e8ves de la grille nationale d\u2019\u00e9valuation. Lorsque les formateurs jugent que le moment est venu, le candidat en formation est clairement inform\u00e9 de la date de l&rsquo;\u00e9valuation certificative et de ce qui est attendu de lui pour cette situation. Par ailleurs, les formateurs tiennent compte de l\u2019existence du CCF dans leur pratique usuelle.<\/p>\n<p>Les professeurs ne communiqueront pas leurs propositions de note aux \u00e9l\u00e8ves.<\/p>\n<h3>La p\u00e9riode d\u2019\u00e9valuation<\/h3>\n<p>Un calendrier rigide fix\u00e9 pr\u00e9cocement et qui ne prendrait pas en compte le degr\u00e9 de performance des candidats ne saurait \u00eatre satisfaisant. Par contre, et d\u2019un point de vue pratique, il faut estimer une p\u00e9riode favorable \u00e0 l\u2019organisation des \u00e9valuations afin de rester dans le cadre l\u00e9gal de la dur\u00e9e de la formation. Cette modalit\u00e9 introduit une relative souplesse dans la mise en \u0153uvre du CCF et permet, une fois que les comp\u00e9tences sont r\u00e9put\u00e9es acquises, de moduler le calendrier des situations d\u2019\u00e9valuation.<\/p>\n<p>En d\u00e9coupant les 3 ann\u00e9es du cursus de formation en 6 semestres, nous obtenons le calendrier suivant\u00a0:<\/p>\n<table border=\"1\" cellspacing=\"0\" cellpadding=\"0\">\n<tbody>\n<tr>\n<td valign=\"top\" width=\"203\"><span class=\"Apple-style-span\" style=\"font-weight: bold\">Dipl\u00f4me<\/span><\/td>\n<td valign=\"top\" width=\"99\">\n<p align=\"center\"><span class=\"Apple-style-span\" style=\"font-weight: bold\">Situation 1<\/span><\/p>\n<\/td>\n<td valign=\"top\" width=\"106\">\n<p align=\"center\"><span class=\"Apple-style-span\" style=\"font-weight: bold\">Situation 2<\/span><\/p>\n<\/td>\n<\/tr>\n<tr>\n<td valign=\"top\" width=\"203\">Baccalaur\u00e9at professionnel<\/td>\n<td valign=\"top\" width=\"99\">\n<p align=\"center\">Fin Semestre 5<\/p>\n<\/td>\n<td valign=\"top\" width=\"106\">\n<p align=\"center\">Fin Semestre 6<\/p>\n<\/td>\n<\/tr>\n<tr>\n<td valign=\"top\" width=\"203\">BEP en certification interm\u00e9diaire<\/td>\n<td valign=\"top\" width=\"99\">\n<p align=\"center\">Fin Semestre 2<\/p>\n<\/td>\n<td valign=\"top\" width=\"106\">\n<p align=\"center\">Fin Semestre 3<\/p>\n<\/td>\n<\/tr>\n<tr>\n<td valign=\"top\" width=\"203\">CAP en certification interm\u00e9diaire<\/td>\n<td valign=\"top\" width=\"99\">\n<p align=\"center\">Fin Semestre 2<\/p>\n<\/td>\n<td valign=\"top\" width=\"106\">\n<p align=\"center\">Fin Semestre 3<\/p>\n<\/td>\n<\/tr>\n<tr>\n<td valign=\"top\" width=\"203\">CAP<\/td>\n<td valign=\"top\" width=\"99\">\n<p align=\"center\">Semestre 2<\/p>\n<\/td>\n<td valign=\"top\" width=\"106\">\n<p align=\"center\">Semestre 4<\/p>\n<\/td>\n<\/tr>\n<\/tbody>\n<\/table>\n<h3>Le sujet d\u2019\u00e9valuation certificative<\/h3>\n<p>Le CCF doit porter sur les comp\u00e9tences, les connaissances et les attitudes dites \u00ab\u00a0terminales\u00a0\u00bb qui sont d\u00e9finies dans l\u2019arr\u00eat\u00e9 de cr\u00e9ation de chaque dipl\u00f4me professionnel. Leur conception est de la responsabilit\u00e9 des formateurs. Un exemplaire de chaque situation d\u2019\u00e9valuation doit \u00eatre tenu \u00e0 disposition de l\u2019inspecteur de l\u2019\u00e9ducation nationale dans l\u2019\u00e9tablissement ou lui \u00eatre transmis \u00e0 sa demande.<\/p>\n<h3>La grille d\u2019\u00e9valuation<\/h3>\n<p>Il convient \u00e9galement de rappeler que l\u2019utilisation de la grille nationale d\u2019\u00e9valuation par comp\u00e9tences rev\u00eat un caract\u00e8re obligatoire \u00e0 partir de la rentr\u00e9e scolaire 2013 pour chaque CCF. Aussi, et afin de pr\u00e9parer au mieux les candidats, il importe de l\u2019utiliser dans sa pratique quotidienne afin de former les candidats \u00e0 l\u2019identification des comp\u00e9tences \u00e0 acqu\u00e9rir durant leur parcours de formation.<\/p>\n<p>La place de l\u2019oral est fondamentale. \u00c0 travers l\u2019appel, il convient de solliciter le candidat \u00e0 pr\u00e9senter des r\u00e9sultats, \u00e0 les justifier, \u00e0 rendre compte d\u2019observations, \u00e0 formuler une conclusion. En math\u00e9matiques, les capacit\u00e9s li\u00e9es \u00e0 l\u2019utilisation des TIC doivent \u00eatre \u00e9valu\u00e9es pour chaque CCF. Dans le cas particulier de la formation initiale au CAP, cette \u00e9valuation ne rev\u00eat pas un caract\u00e8re obligatoire. Les trois points d\u00e9di\u00e9s \u00e0 ces capacit\u00e9s peuvent donc \u00eatre r\u00e9partis sur les aptitudes \u00e0 mobiliser des connaissances et des comp\u00e9tences pour r\u00e9soudre des probl\u00e8mes. En sciences physiques et chimiques, le recours \u00e0 une exp\u00e9rimentation (\u00e9ventuellement assist\u00e9e par ordinateur) pour chaque support d\u2019\u00e9valuation est obligatoire.<\/p>\n<h3>La convocation des candidats<\/h3>\n<p>L&rsquo;information orale concernant la date de l&rsquo;\u00e9valuation doit \u00eatre confirm\u00e9e <span class=\"Apple-style-span\" style=\"font-style: italic\">a minima<\/span> par une inscription dans le carnet de correspondance. Cette confirmation \u00e9crite vaut convocation. Une liste d\u2019\u00e9margement des pr\u00e9sents peut \u00eatre constitu\u00e9e.<\/p>\n<h3>Les cas d\u2019absences \u00e0 une \u00e9valuation<\/h3>\n<p>Deux cas peuvent se pr\u00e9senter\u00a0: l&rsquo;absence est justifi\u00e9e ou n&rsquo;est pas justifi\u00e9e. La mise en \u0153uvre du CCF relevant de la comp\u00e9tence du chef d&rsquo;\u00e9tablissement en tant que chef de centre d\u2019examen, il lui appartient d&rsquo;appr\u00e9cier le motif de l&rsquo;absence. Absence non justifi\u00e9e : note 0 attribu\u00e9e \u00e0 la situation. Absence justifi\u00e9e\u00a0: une autre date est propos\u00e9e\u00a0; en cas d\u2019absence r\u00e9it\u00e9r\u00e9e \u00e0 cette autre date, la note 0 est attribu\u00e9e \u00e0 la situation. Dans certaines circonstances, laiss\u00e9es \u00e0 l&rsquo;appr\u00e9ciation du recteur, le candidat absent \u00e0 une ou plusieurs situations d&rsquo;\u00e9valuation (exemple\u00a0: candidat hospitalis\u00e9 qui a suivi les cours par correspondance), mais qui r\u00e9int\u00e8gre l&rsquo;\u00e9tablissement avant la date des \u00e9preuves ponctuelles, peut se pr\u00e9senter aux \u00e9preuves en la forme ponctuelle.<\/p>\n<h3>L\u2019encadrement des \u00e9preuves certificatives<\/h3>\n<p>Chaque \u00e9preuve doit respecter tant sous la forme que sur le fond les r\u00e8gles d\u2019un examen. En particulier il faut veiller \u00e0 l\u2019\u00e9quit\u00e9 entre tous les \u00e9l\u00e8ves de chaque situation d\u2019\u00e9valuation.<\/p>\n<p>On \u00e9vitera tout sur-encadrement des \u00e9preuves\u00a0; il ne s\u2019agit pas de recr\u00e9er les conditions d\u2019un examen de fin d\u2019ann\u00e9e, mais au contraire de rapprocher les moments d\u2019\u00e9valuation avec la formation. Quelles que soient les modalit\u00e9s de passation des \u00e9preuves de certifications choisies au sein des \u00e9tablissements scolaires, il est obligatoire de conserver l\u2019horaire disciplinaire d\u00fb \u00e0 ces derniers. Compte tenu de la finalit\u00e9 de cet examen, les p\u00e9riodes de r\u00e9visions avant une situation d\u2019\u00e9valuation ne sont pas appropri\u00e9es.<\/p>\n<p>\u00c0 l\u2019inverse il convient de ne pas sous-encadrer ces \u00e9preuves qui doivent montrer que l\u2019on se situe dans le cadre d\u2019une \u00e9valuation certificative. Il est totalement exclu de faire recommencer une \u00e9preuve \u00e0 un candidat, quel que soit le r\u00e9sultat obtenu.<\/p>\n<p><span class=\"Apple-style-span\" style=\"font-weight: bold\">Pour plus d&rsquo;information, <a title=\"PDF(6Mo) - nouvelle fen\u00eatre\" href=\"..\/..\/ccf-vade-mecum\/CCF-vade-mecum-plpms-acnice.pdf\" target=\"_blank\" rel=\"noopener\">T\u00e9l\u00e9charger le Vade-Mecum et ses annexes<\/a><\/span><\/p>\n","protected":false},"excerpt":{"rendered":"<p>Le groupe d&rsquo;accompagnement au CCF de l&rsquo;acad\u00e9mie de Nice a le plaisir de vous communiquer un vade-mecum sur le contr\u00f4le en cours de formation pour les Maths-Sciences. Vous y trouverez des informations utiles \u00e0 l&rsquo;\u00e9laboration de vos propres situations d&rsquo;\u00e9valuation comme notamment les textes r\u00e9glementaires, des outils de conception mais aussi des exemples de mise [&hellip;]<\/p>\n","protected":false},"author":1,"featured_media":10,"parent":0,"menu_order":0,"comment_status":"closed","ping_status":"closed","template":"","meta":{"_et_pb_use_builder":"","_et_pb_old_content":"","_et_gb_content_width":"","ngg_post_thumbnail":0,"footnotes":""},"class_list":["post-6","page","type-page","status-publish","has-post-thumbnail","hentry"],"rttpg_featured_image_url":null,"rttpg_author":{"display_name":"norco","author_link":"https:\/\/www.pedagogie.ac-nice.fr\/plpms\/author\/norco\/"},"rttpg_comment":0,"rttpg_category":null,"rttpg_excerpt":"Le groupe d&rsquo;accompagnement au CCF de l&rsquo;acad\u00e9mie de Nice a le plaisir de vous communiquer un vade-mecum sur le contr\u00f4le en cours de formation pour les Maths-Sciences. Vous y trouverez des informations utiles \u00e0 l&rsquo;\u00e9laboration de vos propres situations d&rsquo;\u00e9valuation comme notamment les textes r\u00e9glementaires, des outils de conception mais aussi des exemples de mise\u2026","post_mailing_queue_ids":[],"_links":{"self":[{"href":"https:\/\/www.pedagogie.ac-nice.fr\/plpms\/wp-json\/wp\/v2\/pages\/6","targetHints":{"allow":["GET"]}}],"collection":[{"href":"https:\/\/www.pedagogie.ac-nice.fr\/plpms\/wp-json\/wp\/v2\/pages"}],"about":[{"href":"https:\/\/www.pedagogie.ac-nice.fr\/plpms\/wp-json\/wp\/v2\/types\/page"}],"author":[{"embeddable":true,"href":"https:\/\/www.pedagogie.ac-nice.fr\/plpms\/wp-json\/wp\/v2\/users\/1"}],"replies":[{"embeddable":true,"href":"https:\/\/www.pedagogie.ac-nice.fr\/plpms\/wp-json\/wp\/v2\/comments?post=6"}],"version-history":[{"count":2,"href":"https:\/\/www.pedagogie.ac-nice.fr\/plpms\/wp-json\/wp\/v2\/pages\/6\/revisions"}],"predecessor-version":[{"id":811,"href":"https:\/\/www.pedagogie.ac-nice.fr\/plpms\/wp-json\/wp\/v2\/pages\/6\/revisions\/811"}],"wp:featuredmedia":[{"embeddable":true,"href":"https:\/\/www.pedagogie.ac-nice.fr\/plpms\/wp-json\/"}],"wp:attachment":[{"href":"https:\/\/www.pedagogie.ac-nice.fr\/plpms\/wp-json\/wp\/v2\/media?parent=6"}],"curies":[{"name":"wp","href":"https:\/\/api.w.org\/{rel}","templated":true}]}}