{"id":65,"date":"2015-01-27T23:22:54","date_gmt":"2015-01-27T22:22:54","guid":{"rendered":"http:\/\/www.ac-nice.fr\/plpms\/2015\/?page_id=65"},"modified":"2020-08-31T09:45:00","modified_gmt":"2020-08-31T07:45:00","slug":"coordonnateurs-de-mathematiques-sciences-physiques-et-chimiques","status":"publish","type":"page","link":"https:\/\/www.pedagogie.ac-nice.fr\/plpms\/coordonnateurs-de-mathematiques-sciences-physiques-et-chimiques\/","title":{"rendered":"Coordonnateurs de math\u00e9matiques sciences physiques et chimiques"},"content":{"rendered":"<p><strong>Le coordonnateur est un enseignant de l&rsquo;\u00e9tablissement, relais entre l&rsquo;\u00e9quipe disciplinaire, la direction et les inspecteurs.\u00a0Il participe au conseil p\u00e9dagogique. Il est nomm\u00e9 pour un an.<\/strong><\/p>\n<p><!--more--><\/p>\n<p class=\"p1\">Le coordonnateur de discipline(s)\u00a0:<\/p>\n<p class=\"p1\">&#8211; anime le travail p\u00e9dagogique collectif des enseignants de la discipline ou du champ disciplinaire\u00a0;<\/p>\n<p class=\"p1\">&#8211; informe l&rsquo;\u00e9quipe des professeurs sur l&rsquo;ensemble des questions int\u00e9ressant la (les) discipline(s) au sein de l&rsquo;\u00e9tablissement\u00a0;<\/p>\n<p class=\"p1\">&#8211; coordonne le suivi de l&rsquo;ensemble des mat\u00e9riels et \u00e9quipements p\u00e9dagogiques de la (des) discipline(s)\u00a0;<\/p>\n<p class=\"p1\">&#8211; coordonne la mise en \u0153uvre des projets disciplinaires et interdisciplinaires\u00a0;<\/p>\n<p class=\"p1\">&#8211; contribue \u00e0 l&rsquo;animation et \u00e0 l&rsquo;organisation des r\u00e9unions d&rsquo;\u00e9quipe et des conseils d&rsquo;enseignement, dans le cadre fix\u00e9 par l&rsquo;<a href=\"http:\/\/www.legifrance.gouv.fr\/affichCodeArticle.do?cidTexte=LEGITEXT000006071191&amp;idArticle=LEGIARTI000018377542&amp;dateTexte=&amp;categorieLien=cid\"><span class=\"s1\">article R.421-49 du code de l&rsquo;\u00e9ducation<\/span><\/a>\u00a0;<\/p>\n<p class=\"p1\"><a href=\"http:\/\/www.education.gouv.fr\/pid25535\/bulletin_officiel.html&amp;cid_bo=87297\" target=\"_blank\" rel=\"noopener noreferrer\">Consultez le r\u00f4le du <span class=\"s1\"><b>coordonnateur de discipline<\/b><\/span>\u00a0paru au BO du n\u00b018 du 30 avril 2015<\/a><\/p>\n","protected":false},"excerpt":{"rendered":"<p>Le coordonnateur est un enseignant de l&rsquo;\u00e9tablissement, relais entre l&rsquo;\u00e9quipe disciplinaire, la direction et les inspecteurs.\u00a0Il participe au conseil p\u00e9dagogique. Il est nomm\u00e9 pour un an.<\/p>\n","protected":false},"author":1,"featured_media":0,"parent":0,"menu_order":0,"comment_status":"closed","ping_status":"closed","template":"","meta":{"_et_pb_use_builder":"","_et_pb_old_content":"","_et_gb_content_width":"","ngg_post_thumbnail":0,"footnotes":""},"class_list":["post-65","page","type-page","status-publish","hentry"],"rttpg_featured_image_url":null,"rttpg_author":{"display_name":"norco","author_link":"https:\/\/www.pedagogie.ac-nice.fr\/plpms\/author\/norco\/"},"rttpg_comment":0,"rttpg_category":null,"rttpg_excerpt":"Le coordonnateur est un enseignant de l&rsquo;\u00e9tablissement, relais entre l&rsquo;\u00e9quipe disciplinaire, la direction et les inspecteurs.\u00a0Il participe au conseil p\u00e9dagogique. Il est nomm\u00e9 pour un an.","post_mailing_queue_ids":[],"_links":{"self":[{"href":"https:\/\/www.pedagogie.ac-nice.fr\/plpms\/wp-json\/wp\/v2\/pages\/65","targetHints":{"allow":["GET"]}}],"collection":[{"href":"https:\/\/www.pedagogie.ac-nice.fr\/plpms\/wp-json\/wp\/v2\/pages"}],"about":[{"href":"https:\/\/www.pedagogie.ac-nice.fr\/plpms\/wp-json\/wp\/v2\/types\/page"}],"author":[{"embeddable":true,"href":"https:\/\/www.pedagogie.ac-nice.fr\/plpms\/wp-json\/wp\/v2\/users\/1"}],"replies":[{"embeddable":true,"href":"https:\/\/www.pedagogie.ac-nice.fr\/plpms\/wp-json\/wp\/v2\/comments?post=65"}],"version-history":[{"count":2,"href":"https:\/\/www.pedagogie.ac-nice.fr\/plpms\/wp-json\/wp\/v2\/pages\/65\/revisions"}],"predecessor-version":[{"id":1255,"href":"https:\/\/www.pedagogie.ac-nice.fr\/plpms\/wp-json\/wp\/v2\/pages\/65\/revisions\/1255"}],"wp:attachment":[{"href":"https:\/\/www.pedagogie.ac-nice.fr\/plpms\/wp-json\/wp\/v2\/media?parent=65"}],"curies":[{"name":"wp","href":"https:\/\/api.w.org\/{rel}","templated":true}]}}