{"id":761,"date":"2018-10-17T23:30:49","date_gmt":"2018-10-17T21:30:49","guid":{"rendered":"https:\/\/www.pedagogie.ac-nice.fr\/plpms\/?page_id=761"},"modified":"2018-10-17T23:30:49","modified_gmt":"2018-10-17T21:30:49","slug":"sequences-pedagogiques","status":"publish","type":"page","link":"https:\/\/www.pedagogie.ac-nice.fr\/plpms\/sequences-pedagogiques\/","title":{"rendered":"S\u00e9quences p\u00e9dagogiques"},"content":{"rendered":"<h2 id=\"tablepress-1-name\" class=\"tablepress-table-name tablepress-table-name-id-1\">S\u00e9quences p\u00e9dagogiques<\/h2>\n<span id=\"tablepress-1-description\" class=\"tablepress-table-description tablepress-table-description-id-1\">Cette s\u00e9ance est issue directement du travail r\u00e9alis\u00e9 lors des ateliers. Elles ne sont pr\u00e9sent\u00e9es ici qu\u2019en tant que support de travail, et n\u2019ont pas fait l\u2019objet d\u2019une validation quelconque.  Merci de signaler toute erreur ou manquement au droit d\u2019auteur.<\/span>\n\n<table id=\"tablepress-1\" class=\"tablepress tablepress-id-1\" aria-labelledby=\"tablepress-1-name\" aria-describedby=\"tablepress-1-description\">\n<thead>\n<tr class=\"row-1\">\n\t<th class=\"column-1\">Disciplines<\/th><th class=\"column-2\">Th\u00e8mes<\/th><th class=\"column-3\">Publics concern\u00e9s<\/th><th class=\"column-4\">Articles<\/th><td class=\"column-5\"><\/td>\n<\/tr>\n<\/thead>\n<tbody class=\"row-striping row-hover\">\n<tr class=\"row-2\">\n\t<td class=\"column-1\">Math\u00e9matiques<\/td><td class=\"column-2\">Vie sociale et Loisirs<\/td><td class=\"column-3\">Term bac pro<\/td><td class=\"column-4\"><a href=\"https:\/\/www.pedagogie.ac-nice.fr\/plpms\/2018\/02\/15\/vie-sociale-et-loisirs-derivee-et-saut-en-parachute\/\">Vie sociale et Loisirs : d\u00e9riv\u00e9e et saut en parachute<\/a><\/td><td class=\"column-5\"><\/td>\n<\/tr>\n<tr class=\"row-3\">\n\t<td class=\"column-1\">Sciences<\/td><td class=\"column-2\">Son et Lumi\u00e8re \u2013 (SL)<\/td><td class=\"column-3\">1\u00e8re bac pro<\/td><td class=\"column-4\"><a href=\"https:\/\/www.pedagogie.ac-nice.fr\/plpms\/2018\/03\/26\/en-direct-des-ateliers-sl1-fibre-optique-comment-une-fibre-optique-peut-elle-guider-la-lumiere\/\">SL1 fibre optique : Comment une fibre optique peut-elle guider la lumi\u00e8re ?<\/a><\/td><td class=\"column-5\"><\/td>\n<\/tr>\n<tr class=\"row-4\">\n\t<td class=\"column-1\">Sciences<\/td><td class=\"column-2\">Hygi\u00e8ne et Sant\u00e9 \u2013 (HS)<\/td><td class=\"column-3\">Term bac pro<\/td><td class=\"column-4\"><a href=\"https:\/\/www.pedagogie.ac-nice.fr\/plpms\/2018\/02\/15\/hs4-lunettes-de-soleil\/\">HS4 Lunettes de Soleil<\/a><\/td><td class=\"column-5\"><\/td>\n<\/tr>\n<tr class=\"row-5\">\n\t<td class=\"column-1\">Sciences<\/td><td class=\"column-2\">Transports \u2013 (T)<\/td><td class=\"column-3\">2de bac pro<\/td><td class=\"column-4\"><a href=\"https:\/\/www.pedagogie.ac-nice.fr\/plpms\/2018\/02\/15\/cme1-le-salage-des-routes\/\">CME1 : le salage des routes<\/a><\/td><td class=\"column-5\"><\/td>\n<\/tr>\n<tr class=\"row-6\">\n\t<td class=\"column-1\">Math\u00e9matiques<\/td><td class=\"column-2\">Pr\u00e9vention, Sant\u00e9 et S\u00e9curit\u00e9<\/td><td class=\"column-3\">Term bac pro<\/td><td class=\"column-4\"><a href=\"https:\/\/www.pedagogie.ac-nice.fr\/plpms\/2018\/02\/15\/statistiques-a-2-variables-tms\/\">Statistiques \u00e0 2 variables : troubles musculosquelettiques \u2013 TMS<\/a><\/td><td class=\"column-5\"><\/td>\n<\/tr>\n<tr class=\"row-7\">\n\t<td class=\"column-1\">Math\u00e9matiques<\/td><td class=\"column-2\">Pr\u00e9vention, Sant\u00e9 et S\u00e9curit\u00e9<\/td><td class=\"column-3\">Term bac pro<\/td><td class=\"column-4\"><a href=\"https:\/\/www.pedagogie.ac-nice.fr\/plpms\/2018\/02\/15\/statistiques-a-2-variables-lalcoolemie\/\">Statistiques \u00e0 2 variables : l\u2019Alcool\u00e9mie<\/a><\/td><td class=\"column-5\"><\/td>\n<\/tr>\n<tr class=\"row-8\">\n\t<td class=\"column-1\">Sciences<\/td><td class=\"column-2\">Son et Lumi\u00e8re \u2013 (SL)<\/td><td class=\"column-3\">Term bac pro<\/td><td class=\"column-4\"><a href=\"https:\/\/www.pedagogie.ac-nice.fr\/plpms\/2018\/02\/15\/sl3-fibre-optique-a-domicile\/\">SL3 Fibre optique \u00e0 domicile<\/a><\/td><td class=\"column-5\"><\/td>\n<\/tr>\n<tr class=\"row-9\">\n\t<td class=\"column-1\">Sciences<\/td><td class=\"column-2\">Son et Lumi\u00e8re \u2013 (SL)<\/td><td class=\"column-3\">Term bac pro<\/td><td class=\"column-4\"><a href=\"https:\/\/www.pedagogie.ac-nice.fr\/plpms\/2015\/01\/29\/appareil-photographique\/\">Appareil Photographique<\/a><\/td><td class=\"column-5\"><\/td>\n<\/tr>\n<tr class=\"row-10\">\n\t<td class=\"column-1\">Sciences<\/td><td class=\"column-2\">Hygi\u00e8ne et Sant\u00e9 \u2013 (HS)<\/td><td class=\"column-3\">2de bac pro<\/td><td class=\"column-4\"><a href=\"https:\/\/www.pedagogie.ac-nice.fr\/plpms\/2015\/06\/15\/la-valise-a-roulette\/\">La valise \u00e0 roulette<\/a><\/td><td class=\"column-5\"><\/td>\n<\/tr>\n<tr class=\"row-11\">\n\t<td class=\"column-1\"><\/td><td class=\"column-2\"><\/td><td class=\"column-3\"><\/td><td class=\"column-4\"><\/td><td class=\"column-5\"><\/td>\n<\/tr>\n<\/tbody>\n<\/table>\n<!-- #tablepress-1 from cache -->\n","protected":false},"excerpt":{"rendered":"","protected":false},"author":79,"featured_media":0,"parent":0,"menu_order":0,"comment_status":"closed","ping_status":"closed","template":"","meta":{"_et_pb_use_builder":"","_et_pb_old_content":"","_et_gb_content_width":"","ngg_post_thumbnail":0,"footnotes":""},"class_list":["post-761","page","type-page","status-publish","hentry"],"rttpg_featured_image_url":null,"rttpg_author":{"display_name":"ringo","author_link":"https:\/\/www.pedagogie.ac-nice.fr\/plpms\/author\/ringo\/"},"rttpg_comment":0,"rttpg_category":null,"rttpg_excerpt":null,"post_mailing_queue_ids":[],"_links":{"self":[{"href":"https:\/\/www.pedagogie.ac-nice.fr\/plpms\/wp-json\/wp\/v2\/pages\/761","targetHints":{"allow":["GET"]}}],"collection":[{"href":"https:\/\/www.pedagogie.ac-nice.fr\/plpms\/wp-json\/wp\/v2\/pages"}],"about":[{"href":"https:\/\/www.pedagogie.ac-nice.fr\/plpms\/wp-json\/wp\/v2\/types\/page"}],"author":[{"embeddable":true,"href":"https:\/\/www.pedagogie.ac-nice.fr\/plpms\/wp-json\/wp\/v2\/users\/79"}],"replies":[{"embeddable":true,"href":"https:\/\/www.pedagogie.ac-nice.fr\/plpms\/wp-json\/wp\/v2\/comments?post=761"}],"version-history":[{"count":2,"href":"https:\/\/www.pedagogie.ac-nice.fr\/plpms\/wp-json\/wp\/v2\/pages\/761\/revisions"}],"predecessor-version":[{"id":763,"href":"https:\/\/www.pedagogie.ac-nice.fr\/plpms\/wp-json\/wp\/v2\/pages\/761\/revisions\/763"}],"wp:attachment":[{"href":"https:\/\/www.pedagogie.ac-nice.fr\/plpms\/wp-json\/wp\/v2\/media?parent=761"}],"curies":[{"name":"wp","href":"https:\/\/api.w.org\/{rel}","templated":true}]}}