{"id":1122,"date":"2017-04-26T20:10:44","date_gmt":"2017-04-26T19:10:44","guid":{"rendered":"http:\/\/www.ac-nice.fr\/wmaster\/sbssa\/?page_id=1122"},"modified":"2026-04-16T16:06:48","modified_gmt":"2026-04-16T14:06:48","slug":"cap-accompagnant-educatif-petite-enfance","status":"publish","type":"page","link":"https:\/\/www.pedagogie.ac-nice.fr\/sbssa\/cap-accompagnant-educatif-petite-enfance\/","title":{"rendered":"CAP Accompagnant \u00e9ducatif petite enfance"},"content":{"rendered":"<div class=\"f_center\">\n<div class=\"resource\">Ressources acad\u00e9miques<\/div>\n<div class=\"sous-resource\">\n<ol>\n<li><strong><span style=\"color: #000000;\"><a style=\"color: #000000;\" href=\"https:\/\/www.pedagogie.ac-nice.fr\/sbssa\/wp-content\/uploads\/sites\/10\/2024\/03\/ens-doc-cap-aepe-mars24.docx\" target=\"_blank\" rel=\"noopener\">Ensemble documentaire acad\u00e9mique: grille horaire, PFMP, document de liaison CF-Milieu professionnel, co-intervention, chef d&rsquo;oeuvre, cahier des charges des CCF<\/a><img loading=\"lazy\" decoding=\"async\" class=\"alignnone wp-image-1995\" src=\"https:\/\/www.pedagogie.ac-nice.fr\/sbssa\/wp-content\/uploads\/sites\/10\/2024\/03\/microsoft-office-png-hd-ozellikle-windows-i-letim-sistemine-sahip-olan-hemen-her-bilgisayar-n-icerisinde-yer-alan-olmazsa-olmaz-microsoft-urunlerind-150x150.png\" alt=\"\" width=\"32\" height=\"32\" srcset=\"https:\/\/www.pedagogie.ac-nice.fr\/sbssa\/wp-content\/uploads\/sites\/10\/2024\/03\/microsoft-office-png-hd-ozellikle-windows-i-letim-sistemine-sahip-olan-hemen-her-bilgisayar-n-icerisinde-yer-alan-olmazsa-olmaz-microsoft-urunlerind-150x150.png 150w, https:\/\/www.pedagogie.ac-nice.fr\/sbssa\/wp-content\/uploads\/sites\/10\/2024\/03\/microsoft-office-png-hd-ozellikle-windows-i-letim-sistemine-sahip-olan-hemen-her-bilgisayar-n-icerisinde-yer-alan-olmazsa-olmaz-microsoft-urunlerind-300x300.png 300w, https:\/\/www.pedagogie.ac-nice.fr\/sbssa\/wp-content\/uploads\/sites\/10\/2024\/03\/microsoft-office-png-hd-ozellikle-windows-i-letim-sistemine-sahip-olan-hemen-her-bilgisayar-n-icerisinde-yer-alan-olmazsa-olmaz-microsoft-urunlerind-768x768.png 768w, https:\/\/www.pedagogie.ac-nice.fr\/sbssa\/wp-content\/uploads\/sites\/10\/2024\/03\/microsoft-office-png-hd-ozellikle-windows-i-letim-sistemine-sahip-olan-hemen-her-bilgisayar-n-icerisinde-yer-alan-olmazsa-olmaz-microsoft-urunlerind-720x720.png 720w, https:\/\/www.pedagogie.ac-nice.fr\/sbssa\/wp-content\/uploads\/sites\/10\/2024\/03\/microsoft-office-png-hd-ozellikle-windows-i-letim-sistemine-sahip-olan-hemen-her-bilgisayar-n-icerisinde-yer-alan-olmazsa-olmaz-microsoft-urunlerind.png 1024w\" sizes=\"auto, (max-width: 32px) 100vw, 32px\" \/><\/span><\/strong><\/li>\n<li><strong><span style=\"color: #000000;\"><a style=\"color: #000000;\" href=\"\/wp-content\/uploads\/sites\/10\/2017\/10\/projetdaccueil-et-EP3.docx\" target=\"_blank\" rel=\"noopener\">Projet d&rsquo;accueil <\/a><a href=\"https:\/\/www.pedagogie.ac-nice.fr\/sbssa\/wp-content\/uploads\/sites\/10\/2024\/01\/ens-doc-cap-aepe-sept21.docx\" target=\"_blank\" rel=\"noopener\"><img loading=\"lazy\" decoding=\"async\" class=\"alignnone wp-image-79 size-full\" src=\"\/wp-content\/uploads\/2014\/10\/Word.png\" alt=\"fichier-doc\" width=\"24\" height=\"24\"><\/a><\/span><\/strong><\/li>\n<li><strong><span style=\"color: #000000;\"><a style=\"color: #000000;\" href=\"https:\/\/www.pedagogie.ac-nice.fr\/sbssa\/wp-content\/uploads\/sites\/10\/2017\/10\/proposition-repartition-BSE-STMS.docx\">Proposition de r\u00e9partition des enseignements professionnels&nbsp; <\/a><img loading=\"lazy\" decoding=\"async\" class=\"alignnone wp-image-1995\" src=\"https:\/\/www.pedagogie.ac-nice.fr\/sbssa\/wp-content\/uploads\/sites\/10\/2024\/03\/microsoft-office-png-hd-ozellikle-windows-i-letim-sistemine-sahip-olan-hemen-her-bilgisayar-n-icerisinde-yer-alan-olmazsa-olmaz-microsoft-urunlerind-150x150.png\" alt=\"\" width=\"33\" height=\"33\" srcset=\"https:\/\/www.pedagogie.ac-nice.fr\/sbssa\/wp-content\/uploads\/sites\/10\/2024\/03\/microsoft-office-png-hd-ozellikle-windows-i-letim-sistemine-sahip-olan-hemen-her-bilgisayar-n-icerisinde-yer-alan-olmazsa-olmaz-microsoft-urunlerind-150x150.png 150w, https:\/\/www.pedagogie.ac-nice.fr\/sbssa\/wp-content\/uploads\/sites\/10\/2024\/03\/microsoft-office-png-hd-ozellikle-windows-i-letim-sistemine-sahip-olan-hemen-her-bilgisayar-n-icerisinde-yer-alan-olmazsa-olmaz-microsoft-urunlerind-300x300.png 300w, https:\/\/www.pedagogie.ac-nice.fr\/sbssa\/wp-content\/uploads\/sites\/10\/2024\/03\/microsoft-office-png-hd-ozellikle-windows-i-letim-sistemine-sahip-olan-hemen-her-bilgisayar-n-icerisinde-yer-alan-olmazsa-olmaz-microsoft-urunlerind-768x768.png 768w, https:\/\/www.pedagogie.ac-nice.fr\/sbssa\/wp-content\/uploads\/sites\/10\/2024\/03\/microsoft-office-png-hd-ozellikle-windows-i-letim-sistemine-sahip-olan-hemen-her-bilgisayar-n-icerisinde-yer-alan-olmazsa-olmaz-microsoft-urunlerind-720x720.png 720w, https:\/\/www.pedagogie.ac-nice.fr\/sbssa\/wp-content\/uploads\/sites\/10\/2024\/03\/microsoft-office-png-hd-ozellikle-windows-i-letim-sistemine-sahip-olan-hemen-her-bilgisayar-n-icerisinde-yer-alan-olmazsa-olmaz-microsoft-urunlerind.png 1024w\" sizes=\"auto, (max-width: 33px) 100vw, 33px\" \/><\/span><\/strong><\/li>\n<li><strong><span style=\"color: #000000;\"><a style=\"color: #000000;\" href=\"https:\/\/www.pedagogie.ac-nice.fr\/sbssa\/wp-content\/uploads\/sites\/10\/2024\/03\/grille-aepe-ccf-2.xlsx\" target=\"_blank\" rel=\"noopener\">Grilles d&rsquo;\u00e9valuation par CCF<img loading=\"lazy\" decoding=\"async\" class=\"alignnone wp-image-1969\" src=\"https:\/\/www.pedagogie.ac-nice.fr\/sbssa\/wp-content\/uploads\/sites\/10\/2024\/03\/xls-jpeg-icon-150x150.jpg\" alt=\"\" width=\"32\" height=\"32\" srcset=\"https:\/\/www.pedagogie.ac-nice.fr\/sbssa\/wp-content\/uploads\/sites\/10\/2024\/03\/xls-jpeg-icon-150x150.jpg 150w, https:\/\/www.pedagogie.ac-nice.fr\/sbssa\/wp-content\/uploads\/sites\/10\/2024\/03\/xls-jpeg-icon-300x300.jpg 300w\" sizes=\"auto, (max-width: 32px) 100vw, 32px\" \/><\/a><\/span><\/strong><\/li>\n<\/ol>\n<\/div>\n<div class=\"resource\">Ressources nationales<\/div>\n<div class=\"sous-resource\">\n<ol>\n<li><span style=\"color: #000000;\"><strong><a style=\"color: #000000;\" href=\"https:\/\/www.pedagogie.ac-nice.fr\/sbssa\/wp-content\/uploads\/sites\/10\/2024\/03\/Reperes_pour_la_formation_CAP_AEPE_janvier_2020.pdf\">Rep\u00e8res pour la formation. Document national <\/a><\/strong><a href=\"https:\/\/www.pedagogie.ac-nice.fr\/sbssa\/wp-content\/uploads\/sites\/10\/2024\/03\/Reperes_pour_la_formation_CAP_AEPE_janvier_2020.pdf\" target=\"_blank\" rel=\"noopener\"><img loading=\"lazy\" decoding=\"async\" class=\"alignnone wp-image-1982\" src=\"https:\/\/www.pedagogie.ac-nice.fr\/sbssa\/wp-content\/uploads\/sites\/10\/2024\/03\/icone-pdf-1-150x150.png\" alt=\"\" width=\"43\" height=\"43\" srcset=\"https:\/\/www.pedagogie.ac-nice.fr\/sbssa\/wp-content\/uploads\/sites\/10\/2024\/03\/icone-pdf-1-150x150.png 150w, https:\/\/www.pedagogie.ac-nice.fr\/sbssa\/wp-content\/uploads\/sites\/10\/2024\/03\/icone-pdf-1.png 300w\" sizes=\"auto, (max-width: 43px) 100vw, 43px\" \/><\/a><\/span><\/li>\n<li><strong><span style=\"color: #000000;\"><a style=\"color: #000000;\" href=\"https:\/\/www.pedagogie.ac-nice.fr\/sbssa\/wp-content\/uploads\/sites\/10\/2024\/03\/Guide-equipement-CAP-AEPE-2-2.docx\">Guide \u00e9quipement<\/a><img loading=\"lazy\" decoding=\"async\" class=\"alignnone wp-image-1995\" src=\"https:\/\/www.pedagogie.ac-nice.fr\/sbssa\/wp-content\/uploads\/sites\/10\/2024\/03\/microsoft-office-png-hd-ozellikle-windows-i-letim-sistemine-sahip-olan-hemen-her-bilgisayar-n-icerisinde-yer-alan-olmazsa-olmaz-microsoft-urunlerind-150x150.png\" alt=\"\" width=\"35\" height=\"35\" srcset=\"https:\/\/www.pedagogie.ac-nice.fr\/sbssa\/wp-content\/uploads\/sites\/10\/2024\/03\/microsoft-office-png-hd-ozellikle-windows-i-letim-sistemine-sahip-olan-hemen-her-bilgisayar-n-icerisinde-yer-alan-olmazsa-olmaz-microsoft-urunlerind-150x150.png 150w, https:\/\/www.pedagogie.ac-nice.fr\/sbssa\/wp-content\/uploads\/sites\/10\/2024\/03\/microsoft-office-png-hd-ozellikle-windows-i-letim-sistemine-sahip-olan-hemen-her-bilgisayar-n-icerisinde-yer-alan-olmazsa-olmaz-microsoft-urunlerind-300x300.png 300w, https:\/\/www.pedagogie.ac-nice.fr\/sbssa\/wp-content\/uploads\/sites\/10\/2024\/03\/microsoft-office-png-hd-ozellikle-windows-i-letim-sistemine-sahip-olan-hemen-her-bilgisayar-n-icerisinde-yer-alan-olmazsa-olmaz-microsoft-urunlerind-768x768.png 768w, https:\/\/www.pedagogie.ac-nice.fr\/sbssa\/wp-content\/uploads\/sites\/10\/2024\/03\/microsoft-office-png-hd-ozellikle-windows-i-letim-sistemine-sahip-olan-hemen-her-bilgisayar-n-icerisinde-yer-alan-olmazsa-olmaz-microsoft-urunlerind-720x720.png 720w, https:\/\/www.pedagogie.ac-nice.fr\/sbssa\/wp-content\/uploads\/sites\/10\/2024\/03\/microsoft-office-png-hd-ozellikle-windows-i-letim-sistemine-sahip-olan-hemen-her-bilgisayar-n-icerisinde-yer-alan-olmazsa-olmaz-microsoft-urunlerind.png 1024w\" sizes=\"auto, (max-width: 35px) 100vw, 35px\" \/><\/span><\/strong><\/li>\n<\/ol>\n<\/div>\n<\/div>\n","protected":false},"excerpt":{"rendered":"<p>Ressources acad\u00e9miques Ensemble documentaire acad\u00e9mique: grille horaire, PFMP, document de liaison CF-Milieu professionnel, co-intervention, chef d&rsquo;oeuvre, cahier des charges des CCF Projet d&rsquo;accueil Proposition de r\u00e9partition des enseignements professionnels&nbsp; Grilles d&rsquo;\u00e9valuation par CCF Ressources nationales Rep\u00e8res pour la formation. Document national Guide \u00e9quipement<\/p>\n","protected":false},"author":1,"featured_media":0,"parent":0,"menu_order":0,"comment_status":"closed","ping_status":"closed","template":"","meta":{"ngg_post_thumbnail":0,"footnotes":""},"class_list":["post-1122","page","type-page","status-publish","hentry"],"rttpg_featured_image_url":null,"rttpg_author":{"display_name":"norco","author_link":"https:\/\/www.pedagogie.ac-nice.fr\/sbssa\/author\/norco\/"},"rttpg_comment":0,"rttpg_category":null,"rttpg_excerpt":"Ressources acad\u00e9miques Ensemble documentaire acad\u00e9mique: grille horaire, PFMP, document de liaison CF-Milieu professionnel, co-intervention, chef d&rsquo;oeuvre, cahier des charges des CCF Projet d&rsquo;accueil Proposition de r\u00e9partition des enseignements professionnels&nbsp; Grilles d&rsquo;\u00e9valuation par CCF Ressources nationales Rep\u00e8res pour la formation. Document national Guide \u00e9quipement","post_mailing_queue_ids":[],"_links":{"self":[{"href":"https:\/\/www.pedagogie.ac-nice.fr\/sbssa\/wp-json\/wp\/v2\/pages\/1122","targetHints":{"allow":["GET"]}}],"collection":[{"href":"https:\/\/www.pedagogie.ac-nice.fr\/sbssa\/wp-json\/wp\/v2\/pages"}],"about":[{"href":"https:\/\/www.pedagogie.ac-nice.fr\/sbssa\/wp-json\/wp\/v2\/types\/page"}],"author":[{"embeddable":true,"href":"https:\/\/www.pedagogie.ac-nice.fr\/sbssa\/wp-json\/wp\/v2\/users\/1"}],"replies":[{"embeddable":true,"href":"https:\/\/www.pedagogie.ac-nice.fr\/sbssa\/wp-json\/wp\/v2\/comments?post=1122"}],"version-history":[{"count":51,"href":"https:\/\/www.pedagogie.ac-nice.fr\/sbssa\/wp-json\/wp\/v2\/pages\/1122\/revisions"}],"predecessor-version":[{"id":2408,"href":"https:\/\/www.pedagogie.ac-nice.fr\/sbssa\/wp-json\/wp\/v2\/pages\/1122\/revisions\/2408"}],"wp:attachment":[{"href":"https:\/\/www.pedagogie.ac-nice.fr\/sbssa\/wp-json\/wp\/v2\/media?parent=1122"}],"curies":[{"name":"wp","href":"https:\/\/api.w.org\/{rel}","templated":true}]}}