{"id":137,"date":"2015-01-17T12:26:15","date_gmt":"2015-01-17T11:26:15","guid":{"rendered":"http:\/\/.\/?page_id=137"},"modified":"2026-04-20T15:18:14","modified_gmt":"2026-04-20T13:18:14","slug":"bac-pro-accompagnement-soins-services-a-la-personne","status":"publish","type":"page","link":"https:\/\/www.pedagogie.ac-nice.fr\/sbssa\/bac-pro-accompagnement-soins-services-a-la-personne\/","title":{"rendered":"Bac Pro Accompagnement soins et services \u00e0 la personne"},"content":{"rendered":"<div class=\"f_center\">\n<div>\n<div><strong>Ressources acad\u00e9miques<\/strong><\/div>\n<div class=\"sous-resource\">\n<ol>\n<li><strong><span style=\"color: #000000;\"><a style=\"color: #000000;\" href=\"https:\/\/www.pedagogie.ac-nice.fr\/sbssa\/wp-content\/uploads\/sites\/10\/2026\/04\/ASSP-vade-mecum-Nice-Dec-25.pdf\" target=\"_blank\" rel=\"noopener\">Vade mecum<\/a><a href=\"https:\/\/www.pedagogie.ac-nice.fr\/sbssa\/wp-content\/uploads\/sites\/10\/2026\/04\/ASSP-exemple-de-progression1ASSP.pdf\"><img loading=\"lazy\" decoding=\"async\" class=\"alignnone wp-image-2379\" src=\"https:\/\/www.pedagogie.ac-nice.fr\/sbssa\/wp-content\/uploads\/sites\/10\/2026\/04\/logo-PDF.png\" alt=\"\" width=\"48\" height=\"48\"><\/a><\/span><\/strong><\/li>\n<li><strong><span style=\"color: #000000;\"><a style=\"color: #000000;\" href=\"https:\/\/www.pedagogie.ac-nice.fr\/sbssa\/wp-content\/uploads\/sites\/10\/2024\/03\/livret-suivi-pfmp-bcp-assp-R22-MaJ-janv24.pdf\" target=\"_blank\" rel=\"noopener\">Livret de suivi des PFMP<img loading=\"lazy\" decoding=\"async\" class=\"alignnone wp-image-2380\" src=\"https:\/\/www.pedagogie.ac-nice.fr\/sbssa\/wp-content\/uploads\/sites\/10\/2026\/04\/logo-Word.png\" alt=\"\" width=\"39\" height=\"39\"><\/a><\/span><\/strong><\/li>\n<li><strong><span style=\"color: #000000;\"><a style=\"color: #000000;\" href=\"https:\/\/www.pedagogie.ac-nice.fr\/sbssa\/wp-content\/uploads\/sites\/10\/2026\/04\/Liste_des_lieux_de_PFMP_BAC_ASSP_MODIFIE-2024.pdf\" target=\"_blank\" rel=\"noopener\">Lieux de PFMP<\/a><a href=\"https:\/\/www.pedagogie.ac-nice.fr\/sbssa\/wp-content\/uploads\/sites\/10\/2026\/04\/ASSP-exemple-de-progression1ASSP.pdf\"><img loading=\"lazy\" decoding=\"async\" class=\"alignnone wp-image-2379\" src=\"https:\/\/www.pedagogie.ac-nice.fr\/sbssa\/wp-content\/uploads\/sites\/10\/2026\/04\/logo-PDF.png\" alt=\"\" width=\"48\" height=\"48\"><\/a><\/span><\/strong><\/li>\n<li><strong><span style=\"color: #000000;\"><a style=\"color: #000000;\" href=\"https:\/\/www.pedagogie.ac-nice.fr\/sbssa\/wp-content\/uploads\/sites\/10\/2026\/04\/ASSP-exemple-de-progression1ASSP.pdf\" target=\"_blank\" rel=\"noopener\">Exemple de progression<img loading=\"lazy\" decoding=\"async\" class=\"alignnone wp-image-2379\" src=\"https:\/\/www.pedagogie.ac-nice.fr\/sbssa\/wp-content\/uploads\/sites\/10\/2026\/04\/logo-PDF.png\" alt=\"\" width=\"48\" height=\"48\"><\/a><\/span><\/strong><\/li>\n<li><strong><span style=\"color: #000000;\"><a style=\"color: #000000;\" href=\"https:\/\/www.pedagogie.ac-nice.fr\/sbssa\/wp-content\/uploads\/sites\/10\/2026\/04\/ASSP-E31-exemple-de-support-daide-PFMP-CCF.doc\">E31 exemple de support d&rsquo;aide PFMP CCF<\/a> <a href=\"https:\/\/www.pedagogie.ac-nice.fr\/sbssa\/wp-content\/uploads\/sites\/10\/2024\/03\/livret-suivi-pfmp-bcp-assp-R22-MaJ-janv24.pdf\" target=\"_blank\" rel=\"noopener\"><img loading=\"lazy\" decoding=\"async\" class=\"alignnone wp-image-2380\" src=\"https:\/\/www.pedagogie.ac-nice.fr\/sbssa\/wp-content\/uploads\/sites\/10\/2026\/04\/logo-Word.png\" alt=\"\" width=\"39\" height=\"39\"><\/a><\/span><\/strong><\/li>\n<li><strong><span style=\"color: #000000;\"><a style=\"color: #000000;\" href=\"https:\/\/www.pedagogie.ac-nice.fr\/sbssa\/wp-content\/uploads\/sites\/10\/2026\/04\/ASSP-E32-exemple-de-document-pour-preparer-loral.pdf\">E32 exemple de document pour pr\u00e9parer l&rsquo;oral<\/a><\/span><\/strong><a href=\"https:\/\/www.pedagogie.ac-nice.fr\/sbssa\/wp-content\/uploads\/sites\/10\/2026\/04\/ASSP-exemple-de-progression1ASSP.pdf\"><strong><img loading=\"lazy\" decoding=\"async\" class=\"alignnone wp-image-2379\" src=\"https:\/\/www.pedagogie.ac-nice.fr\/sbssa\/wp-content\/uploads\/sites\/10\/2026\/04\/logo-PDF.png\" alt=\"\" width=\"48\" height=\"48\"><\/strong><\/a><\/li>\n<\/ol>\n<\/div>\n<div><strong>Ressources nationales<\/strong><\/div>\n<div class=\"sous-resource\">\n<ol>\n<li><strong><span style=\"color: #000000;\"><a style=\"color: #000000;\" href=\"https:\/\/referentiels-professionnels.eduscol.education.fr\/bac_pro_ASSP.html\" target=\"_blank\" rel=\"noopener noreferrer\">R\u00e9f\u00e9rentiels des dipl\u00f4mes professionnels &#8211; annexes (education.fr)<\/a><\/span><\/strong><\/li>\n<li><strong><span style=\"color: #000000;\"><a style=\"color: #000000;\" href=\"https:\/\/www.pedagogie.ac-nice.fr\/sbssa\/wp-content\/uploads\/sites\/10\/2026\/04\/ASSP-texte-equivalences-deas-deap.pdf\">Equivalences BCP ASSP\/ DEAS \/ DEAP<\/a><a href=\"https:\/\/www.pedagogie.ac-nice.fr\/sbssa\/wp-content\/uploads\/sites\/10\/2026\/04\/ASSP-exemple-de-progression1ASSP.pdf\"><img loading=\"lazy\" decoding=\"async\" class=\"alignnone wp-image-2379\" src=\"https:\/\/www.pedagogie.ac-nice.fr\/sbssa\/wp-content\/uploads\/sites\/10\/2026\/04\/logo-PDF.png\" alt=\"\" width=\"48\" height=\"48\"><\/a><\/span><\/strong><\/li>\n<li><strong><span style=\"color: #000000;\"><a style=\"color: #000000;\" href=\"https:\/\/www.pedagogie.ac-nice.fr\/sbssa\/wp-content\/uploads\/sites\/10\/2026\/04\/Grilles-CCF-BCP-ASSP-V-15-12-25.xlsx\" target=\"_blank\" rel=\"noopener\"><strong>Grille d&rsquo;\u00e9valuation par CCF <img loading=\"lazy\" decoding=\"async\" class=\"alignnone wp-image-2378\" src=\"https:\/\/www.pedagogie.ac-nice.fr\/sbssa\/wp-content\/uploads\/sites\/10\/2026\/04\/Logo-Excel.png\" alt=\"\" width=\"48\" height=\"48\"><\/strong><\/a><\/span><\/strong><\/li>\n<\/ol>\n<\/div>\n<\/div>\n<div><strong>Sur le web<\/strong><\/div>\n<div class=\"sous-resource\">\n<div class=\"titre-sous-resource\" style=\"color: #ff625b;\"><span style=\"color: #000000;\">La pr\u00e9vention des risques professionnels \u00e0 domicile<\/span><\/div>\n<div style=\"padding-left: 20px; margin-top: 10px; padding-right: 20px; margin-bottom: 20px;\"><span style=\"color: #000000;\">Le site prevention-domicile.fr (cr\u00e9\u00e9 \u00e0 l&rsquo;initiative de la CNAM TS, de l&rsquo;INRS et du Groupe IRCEM) met \u00e0 disposition, gratuitement, des contenus (vid\u00e9o, brochures, jeu 3D..) sur la pr\u00e9vention des risques professionnels \u00e0 domicile. Un jeu 3D sur le rep\u00e9rage des risques au domicile est tr\u00e8s appr\u00e9ci\u00e9 des \u00e9l\u00e8ves. Il est disponible depuis le site ou sur application mobile : <a style=\"color: #000000;\" href=\"https:\/\/www.prevention-domicile.fr\/\" target=\"_blank\" rel=\"noopener noreferrer\">Le site de r\u00e9f\u00e9rence pour la pr\u00e9vention des risques professionnels au domicile<\/a><\/span><\/div>\n<div class=\"titre-sous-resource\"><span style=\"color: #000000;\"><a style=\"color: #000000;\" href=\"http:\/\/rnrsms.ac-creteil.fr\/\" target=\"_blank\" rel=\"noopener noreferrer\">R\u00e9seau national de ressources en Sciences M\u00e9dico-Sociales &#8211; RNRSMS<\/a><\/span><\/div>\n<div style=\"padding-left: 20px; margin-top: 10px;\">\n<p><span style=\"color: #000000;\">Des outils de formation :<\/span><\/p>\n<ul>\n<li><span style=\"color: #000000;\"><a style=\"color: #000000;\" href=\"https:\/\/www.pedagogie.ac-nice.fr\/sbssa\/wp-content\/uploads\/sites\/10\/2018\/02\/5._plateforme_ludomedic.pdf\" target=\"_blank\" rel=\"noopener noreferrer\">Plateforme Ludom\u00e9dic<\/a><\/span><\/li>\n<li><span style=\"color: #000000;\"><a style=\"color: #000000;\" href=\"https:\/\/www.pedagogie.ac-nice.fr\/sbssa\/wp-content\/uploads\/sites\/10\/2018\/02\/4._simulateur_de_vieillissement.pdf\" target=\"_blank\" rel=\"noopener noreferrer\">Simulateur de vieillissement<\/a><\/span><\/li>\n<li><span style=\"color: #000000;\"><a style=\"color: #000000;\" href=\"https:\/\/www.pedagogie.ac-nice.fr\/sbssa\/wp-content\/uploads\/sites\/10\/2018\/02\/3._mobiqual.pdf\" target=\"_blank\" rel=\"noopener noreferrer\">Mobiqual<\/a><\/span><\/li>\n<li><span style=\"color: #000000;\"><a style=\"color: #000000;\" href=\"https:\/\/www.pedagogie.ac-nice.fr\/sbssa\/wp-content\/uploads\/sites\/10\/2018\/02\/2._caisson_de_formation_a_la_technique_de_friction_dg.pdf\" target=\"_blank\" rel=\"noopener noreferrer\">Boite \u00e0 Coucou<\/a><\/span><\/li>\n<\/ul>\n<\/div>\n<\/div>\n<\/div>\n","protected":false},"excerpt":{"rendered":"<p>Ressources acad\u00e9miques Vade mecum Livret de suivi des PFMP Lieux de PFMP Exemple de progression E31 exemple de support d&rsquo;aide PFMP CCF E32 exemple de document pour pr\u00e9parer l&rsquo;oral Ressources nationales R\u00e9f\u00e9rentiels des dipl\u00f4mes professionnels &#8211; annexes (education.fr) Equivalences BCP ASSP\/ DEAS \/ DEAP Grille d&rsquo;\u00e9valuation par CCF Sur le web La pr\u00e9vention des risques [&hellip;]<\/p>\n","protected":false},"author":1,"featured_media":0,"parent":0,"menu_order":0,"comment_status":"closed","ping_status":"closed","template":"","meta":{"ngg_post_thumbnail":0,"footnotes":""},"class_list":["post-137","page","type-page","status-publish","hentry"],"rttpg_featured_image_url":null,"rttpg_author":{"display_name":"norco","author_link":"https:\/\/www.pedagogie.ac-nice.fr\/sbssa\/author\/norco\/"},"rttpg_comment":0,"rttpg_category":null,"rttpg_excerpt":"Ressources acad\u00e9miques Vade mecum Livret de suivi des PFMP Lieux de PFMP Exemple de progression E31 exemple de support d&rsquo;aide PFMP CCF E32 exemple de document pour pr\u00e9parer l&rsquo;oral Ressources nationales R\u00e9f\u00e9rentiels des dipl\u00f4mes professionnels &#8211; annexes (education.fr) Equivalences BCP ASSP\/ DEAS \/ DEAP Grille d&rsquo;\u00e9valuation par CCF Sur le web La pr\u00e9vention des risques\u2026","post_mailing_queue_ids":[],"_links":{"self":[{"href":"https:\/\/www.pedagogie.ac-nice.fr\/sbssa\/wp-json\/wp\/v2\/pages\/137","targetHints":{"allow":["GET"]}}],"collection":[{"href":"https:\/\/www.pedagogie.ac-nice.fr\/sbssa\/wp-json\/wp\/v2\/pages"}],"about":[{"href":"https:\/\/www.pedagogie.ac-nice.fr\/sbssa\/wp-json\/wp\/v2\/types\/page"}],"author":[{"embeddable":true,"href":"https:\/\/www.pedagogie.ac-nice.fr\/sbssa\/wp-json\/wp\/v2\/users\/1"}],"replies":[{"embeddable":true,"href":"https:\/\/www.pedagogie.ac-nice.fr\/sbssa\/wp-json\/wp\/v2\/comments?post=137"}],"version-history":[{"count":92,"href":"https:\/\/www.pedagogie.ac-nice.fr\/sbssa\/wp-json\/wp\/v2\/pages\/137\/revisions"}],"predecessor-version":[{"id":2472,"href":"https:\/\/www.pedagogie.ac-nice.fr\/sbssa\/wp-json\/wp\/v2\/pages\/137\/revisions\/2472"}],"wp:attachment":[{"href":"https:\/\/www.pedagogie.ac-nice.fr\/sbssa\/wp-json\/wp\/v2\/media?parent=137"}],"curies":[{"name":"wp","href":"https:\/\/api.w.org\/{rel}","templated":true}]}}