{"id":1481,"date":"2022-08-13T10:11:46","date_gmt":"2022-08-13T08:11:46","guid":{"rendered":"https:\/\/www.pedagogie.ac-nice.fr\/sbssa\/?page_id=1481"},"modified":"2026-03-21T18:58:10","modified_gmt":"2026-03-21T17:58:10","slug":"sst","status":"publish","type":"page","link":"https:\/\/www.pedagogie.ac-nice.fr\/sbssa\/sst\/","title":{"rendered":"ES&#038;ST"},"content":{"rendered":"<p>La Formation pratique de secourisme est obligatoirement assur\u00e9e par un formateur SST \u00e0 jour de ses Maintien et actualisation des comp\u00e9tences MAC (recyclages). Le programme INRS est disponible sur le site OGELI (Outil de Gestion en Ligne).<\/p>\n<p><a href=\"http:\/\/www.esst-inrs.fr\/gestion\/\" target=\"_blank\" rel=\"noopener\"><strong><span style=\"color: #000000;\"><u>Site de gestion des formations SST ( OGELI])<\/u>:&nbsp;<\/span><\/strong><\/a><\/p>\n<p><a href=\"https:\/\/www.esst-inrs.fr\/gestion\/\" target=\"_blank\" rel=\"noopener\"><img loading=\"lazy\" decoding=\"async\" class=\"alignnone wp-image-1887\" src=\"https:\/\/www.pedagogie.ac-nice.fr\/sbssa\/wp-content\/uploads\/sites\/10\/2024\/02\/esst-300x153.jpg\" alt=\"\" width=\"263\" height=\"134\" srcset=\"https:\/\/www.pedagogie.ac-nice.fr\/sbssa\/wp-content\/uploads\/sites\/10\/2024\/02\/esst-300x153.jpg 300w, https:\/\/www.pedagogie.ac-nice.fr\/sbssa\/wp-content\/uploads\/sites\/10\/2024\/02\/esst.jpg 500w\" sizes=\"auto, (max-width: 263px) 100vw, 263px\" \/><\/a><\/p>\n<p><a href=\"https:\/\/www.pedagogie.ac-nice.fr\/sbssa\/wp-content\/uploads\/sites\/10\/2022\/08\/guide-des-donnees-techniques-v4.pdf\" target=\"_blank\" rel=\"noopener\"><strong><span style=\"color: #000000;\"><u>Donn\u00e9es Techniques version 2022<\/u><\/span><\/strong><\/a><\/p>\n<p><a href=\"https:\/\/www.pedagogie.ac-nice.fr\/sbssa\/wp-content\/uploads\/sites\/10\/2022\/08\/guide-des-donnees-techniques-v4.pdf\" target=\"_blank\" rel=\"noopener\"><strong><span style=\"color: #000000;\"><img loading=\"lazy\" decoding=\"async\" class=\"wp-image-1888 alignleft\" src=\"https:\/\/www.pedagogie.ac-nice.fr\/sbssa\/wp-content\/uploads\/sites\/10\/2024\/02\/PDF_file_icon.svg_-244x300.png\" alt=\"\" width=\"110\" height=\"135\" srcset=\"https:\/\/www.pedagogie.ac-nice.fr\/sbssa\/wp-content\/uploads\/sites\/10\/2024\/02\/PDF_file_icon.svg_-244x300.png 244w, https:\/\/www.pedagogie.ac-nice.fr\/sbssa\/wp-content\/uploads\/sites\/10\/2024\/02\/PDF_file_icon.svg_.png 391w\" sizes=\"auto, (max-width: 110px) 100vw, 110px\" \/><\/span><\/strong><\/a><\/p>\n","protected":false},"excerpt":{"rendered":"<p>La Formation pratique de secourisme est obligatoirement assur\u00e9e par un formateur SST \u00e0 jour de ses Maintien et actualisation des comp\u00e9tences MAC (recyclages). Le programme INRS est disponible sur le site OGELI (Outil de Gestion en Ligne). Site de gestion des formations SST ( OGELI]):&nbsp; Donn\u00e9es Techniques version 2022<\/p>\n","protected":false},"author":323,"featured_media":0,"parent":0,"menu_order":0,"comment_status":"closed","ping_status":"closed","template":"","meta":{"ngg_post_thumbnail":0,"footnotes":""},"class_list":["post-1481","page","type-page","status-publish","hentry"],"rttpg_featured_image_url":null,"rttpg_author":{"display_name":"nbsbssa","author_link":"https:\/\/www.pedagogie.ac-nice.fr\/sbssa\/author\/nbsbssa\/"},"rttpg_comment":0,"rttpg_category":null,"rttpg_excerpt":"La Formation pratique de secourisme est obligatoirement assur\u00e9e par un formateur SST \u00e0 jour de ses Maintien et actualisation des comp\u00e9tences MAC (recyclages). Le programme INRS est disponible sur le site OGELI (Outil de Gestion en Ligne). Site de gestion des formations SST ( OGELI]):&nbsp; Donn\u00e9es Techniques version 2022","post_mailing_queue_ids":[],"_links":{"self":[{"href":"https:\/\/www.pedagogie.ac-nice.fr\/sbssa\/wp-json\/wp\/v2\/pages\/1481","targetHints":{"allow":["GET"]}}],"collection":[{"href":"https:\/\/www.pedagogie.ac-nice.fr\/sbssa\/wp-json\/wp\/v2\/pages"}],"about":[{"href":"https:\/\/www.pedagogie.ac-nice.fr\/sbssa\/wp-json\/wp\/v2\/types\/page"}],"author":[{"embeddable":true,"href":"https:\/\/www.pedagogie.ac-nice.fr\/sbssa\/wp-json\/wp\/v2\/users\/323"}],"replies":[{"embeddable":true,"href":"https:\/\/www.pedagogie.ac-nice.fr\/sbssa\/wp-json\/wp\/v2\/comments?post=1481"}],"version-history":[{"count":22,"href":"https:\/\/www.pedagogie.ac-nice.fr\/sbssa\/wp-json\/wp\/v2\/pages\/1481\/revisions"}],"predecessor-version":[{"id":2336,"href":"https:\/\/www.pedagogie.ac-nice.fr\/sbssa\/wp-json\/wp\/v2\/pages\/1481\/revisions\/2336"}],"wp:attachment":[{"href":"https:\/\/www.pedagogie.ac-nice.fr\/sbssa\/wp-json\/wp\/v2\/media?parent=1481"}],"curies":[{"name":"wp","href":"https:\/\/api.w.org\/{rel}","templated":true}]}}