{"id":1598,"date":"2023-11-13T17:19:27","date_gmt":"2023-11-13T16:19:27","guid":{"rendered":"https:\/\/www.pedagogie.ac-nice.fr\/sbssa\/?page_id=1598"},"modified":"2026-03-21T18:58:39","modified_gmt":"2026-03-21T17:58:39","slug":"sst-prap-ibc","status":"publish","type":"page","link":"https:\/\/www.pedagogie.ac-nice.fr\/sbssa\/sst-prap-ibc\/","title":{"rendered":"SST"},"content":{"rendered":"<p>La Formation pratique de secourisme est obligatoirement assur\u00e9e par un formateur SST \u00e0 jour de ses Maintien et actualisation des comp\u00e9tences MAC (recyclages). Le programme INRS est disponible sur le site OGELI (Outil de Gestion en Ligne).<\/p>\n<p><span style=\"text-decoration: underline; color: #000000;\"><a style=\"color: #000000; text-decoration: underline;\" href=\"http:\/\/www.esst-inrs.fr\/gestion\/\" target=\"_blank\" rel=\"noopener\"><strong>Site de gestion des formations SST ( OGELI]): <img loading=\"lazy\" decoding=\"async\" class=\"alignnone wp-image-1890\" src=\"https:\/\/www.pedagogie.ac-nice.fr\/sbssa\/wp-content\/uploads\/sites\/10\/2024\/02\/ogeli-12572-300x118.jpg\" alt=\"\" width=\"89\" height=\"35\" srcset=\"https:\/\/www.pedagogie.ac-nice.fr\/sbssa\/wp-content\/uploads\/sites\/10\/2024\/02\/ogeli-12572-300x118.jpg 300w, https:\/\/www.pedagogie.ac-nice.fr\/sbssa\/wp-content\/uploads\/sites\/10\/2024\/02\/ogeli-12572.jpg 314w\" sizes=\"auto, (max-width: 89px) 100vw, 89px\" \/><\/strong><\/a><\/span><\/p>\n<p>&nbsp;<\/p>\n<p><span style=\"text-decoration: underline; color: #000000;\"><a style=\"color: #000000; text-decoration: underline;\" href=\"https:\/\/www.esst-inrs.fr\/\" target=\"_blank\" rel=\"noopener\"><strong>Enseignement de la Sant\u00e9 et S\u00e9curit\u00e9 au Travail<\/strong><\/a><\/span><a href=\"https:\/\/www.esst-inrs.fr\/\" target=\"_blank\" rel=\"noopener\"><img loading=\"lazy\" decoding=\"async\" class=\"alignnone wp-image-1887\" src=\"https:\/\/www.pedagogie.ac-nice.fr\/sbssa\/wp-content\/uploads\/sites\/10\/2024\/02\/esst-300x153.jpg\" alt=\"\" width=\"71\" height=\"36\" srcset=\"https:\/\/www.pedagogie.ac-nice.fr\/sbssa\/wp-content\/uploads\/sites\/10\/2024\/02\/esst-300x153.jpg 300w, https:\/\/www.pedagogie.ac-nice.fr\/sbssa\/wp-content\/uploads\/sites\/10\/2024\/02\/esst.jpg 500w\" sizes=\"auto, (max-width: 71px) 100vw, 71px\" \/><\/a><\/p>\n<p><span style=\"text-decoration: underline; color: #000000;\"><a style=\"color: #000000; text-decoration: underline;\" href=\"https:\/\/www.pedagogie.ac-nice.fr\/sbssa\/wp-content\/uploads\/sites\/10\/2024\/01\/Guide-des-donnees-techniques-v5.01_2024-version-surlignee-1.pdf\" target=\"_blank\" rel=\"noopener\"><strong>Guide&nbsp; des donn\u00e9es techniques<\/strong><\/a><\/span><a href=\"https:\/\/www.pedagogie.ac-nice.fr\/sbssa\/wp-content\/uploads\/sites\/10\/2024\/01\/Guide-des-donnees-techniques-v5.01_2024-version-surlignee-1.pdf\" target=\"_blank\" rel=\"noopener\"><img loading=\"lazy\" decoding=\"async\" class=\"alignnone wp-image-1885\" src=\"https:\/\/www.pedagogie.ac-nice.fr\/sbssa\/wp-content\/uploads\/sites\/10\/2024\/02\/images.png\" alt=\"\" width=\"61\" height=\"61\" srcset=\"https:\/\/www.pedagogie.ac-nice.fr\/sbssa\/wp-content\/uploads\/sites\/10\/2024\/02\/images.png 155w, https:\/\/www.pedagogie.ac-nice.fr\/sbssa\/wp-content\/uploads\/sites\/10\/2024\/02\/images-150x150.png 150w\" sizes=\"auto, (max-width: 61px) 100vw, 61px\" \/><\/a><\/p>\n<p><span style=\"text-decoration: underline; color: #000000;\"><a style=\"color: #000000; text-decoration: underline;\" href=\"https:\/\/www.pedagogie.ac-nice.fr\/sbssa\/wp-content\/uploads\/sites\/10\/2023\/11\/Vade-mecum-SST-1.pdf\" target=\"_blank\" rel=\"noopener\"><strong>Vade -mecum SST<\/strong><\/a><\/span><a href=\"https:\/\/www.pedagogie.ac-nice.fr\/sbssa\/wp-content\/uploads\/sites\/10\/2023\/11\/Vade-mecum-SST-1.pdf\" target=\"_blank\" rel=\"noopener\"><img loading=\"lazy\" decoding=\"async\" class=\"alignnone wp-image-1879\" src=\"https:\/\/www.pedagogie.ac-nice.fr\/sbssa\/wp-content\/uploads\/sites\/10\/2024\/02\/sauveteur-secouriste-du-travail-300x286.jpg\" alt=\"\" width=\"71\" height=\"68\" srcset=\"https:\/\/www.pedagogie.ac-nice.fr\/sbssa\/wp-content\/uploads\/sites\/10\/2024\/02\/sauveteur-secouriste-du-travail-300x286.jpg 300w, https:\/\/www.pedagogie.ac-nice.fr\/sbssa\/wp-content\/uploads\/sites\/10\/2024\/02\/sauveteur-secouriste-du-travail.jpg 440w\" sizes=\"auto, (max-width: 71px) 100vw, 71px\" \/><\/a><\/p>\n<p>&nbsp;<\/p>\n<p><span style=\"text-decoration: underline; color: #000000;\"><a style=\"color: #000000; text-decoration: underline;\" href=\"https:\/\/www.pedagogie.ac-nice.fr\/sbssa\/wp-content\/uploads\/sites\/10\/2024\/01\/FAQ-SST-janvier-2024.pdf\" target=\"_blank\" rel=\"noopener\"><strong>Foire aux questions<\/strong><\/a><\/span><a href=\"https:\/\/www.pedagogie.ac-nice.fr\/sbssa\/wp-content\/uploads\/sites\/10\/2024\/01\/FAQ-SST-janvier-2024.pdf\" target=\"_blank\" rel=\"noopener\"><img loading=\"lazy\" decoding=\"async\" class=\"alignnone wp-image-1881\" src=\"https:\/\/www.pedagogie.ac-nice.fr\/sbssa\/wp-content\/uploads\/sites\/10\/2024\/02\/blogue-faq-banner-300x83.png\" alt=\"\" width=\"101\" height=\"28\" srcset=\"https:\/\/www.pedagogie.ac-nice.fr\/sbssa\/wp-content\/uploads\/sites\/10\/2024\/02\/blogue-faq-banner-300x83.png 300w, https:\/\/www.pedagogie.ac-nice.fr\/sbssa\/wp-content\/uploads\/sites\/10\/2024\/02\/blogue-faq-banner-1024x282.png 1024w, https:\/\/www.pedagogie.ac-nice.fr\/sbssa\/wp-content\/uploads\/sites\/10\/2024\/02\/blogue-faq-banner-768x211.png 768w, https:\/\/www.pedagogie.ac-nice.fr\/sbssa\/wp-content\/uploads\/sites\/10\/2024\/02\/blogue-faq-banner-1536x422.png 1536w, https:\/\/www.pedagogie.ac-nice.fr\/sbssa\/wp-content\/uploads\/sites\/10\/2024\/02\/blogue-faq-banner.png 2000w\" sizes=\"auto, (max-width: 101px) 100vw, 101px\" \/><\/a><\/p>\n<p><span style=\"color: #000000;\"><span style=\"text-decoration: underline;\"><strong><a href=\"https:\/\/www.pedagogie.ac-nice.fr\/sbssa\/wp-content\/uploads\/sites\/10\/2024\/02\/Manuel-du-Formateur-SST-janvier-2024-version-surlignee.pdf\" target=\"_blank\" rel=\"noopener\"><span style=\"color: #000000; text-decoration: underline;\">Manuel du formateur SST<\/span><\/a><a style=\"color: #000000;\" href=\"https:\/\/www.secourisme.net\/IMG\/pdf\/guide_des_donne_es_techniques_et_conduites_a_tenir_sst_-_v5_01_2024.pdf\" target=\"_blank\" rel=\"noopener\"><img loading=\"lazy\" decoding=\"async\" class=\"alignnone wp-image-1869\" src=\"https:\/\/www.pedagogie.ac-nice.fr\/sbssa\/wp-content\/uploads\/sites\/10\/2024\/02\/sst-300x300.png\" alt=\"\" width=\"57\" height=\"57\" srcset=\"https:\/\/www.pedagogie.ac-nice.fr\/sbssa\/wp-content\/uploads\/sites\/10\/2024\/02\/sst-300x300.png 300w, https:\/\/www.pedagogie.ac-nice.fr\/sbssa\/wp-content\/uploads\/sites\/10\/2024\/02\/sst-1024x1024.png 1024w, https:\/\/www.pedagogie.ac-nice.fr\/sbssa\/wp-content\/uploads\/sites\/10\/2024\/02\/sst-150x150.png 150w, https:\/\/www.pedagogie.ac-nice.fr\/sbssa\/wp-content\/uploads\/sites\/10\/2024\/02\/sst-768x768.png 768w, https:\/\/www.pedagogie.ac-nice.fr\/sbssa\/wp-content\/uploads\/sites\/10\/2024\/02\/sst-720x720.png 720w, https:\/\/www.pedagogie.ac-nice.fr\/sbssa\/wp-content\/uploads\/sites\/10\/2024\/02\/sst.png 1200w\" sizes=\"auto, (max-width: 57px) 100vw, 57px\" \/><\/a><\/strong><\/span><\/span><\/p>\n<p>&nbsp;<\/p>\n<p>&nbsp;<\/p>\n<p>&nbsp;<\/p>\n<p>&nbsp;<\/p>\n","protected":false},"excerpt":{"rendered":"<p>La Formation pratique de secourisme est obligatoirement assur\u00e9e par un formateur SST \u00e0 jour de ses Maintien et actualisation des comp\u00e9tences MAC (recyclages). Le programme INRS est disponible sur le site OGELI (Outil de Gestion en Ligne). Site de gestion des formations SST ( OGELI]): &nbsp; Enseignement de la Sant\u00e9 et S\u00e9curit\u00e9 au Travail Guide&nbsp; [&hellip;]<\/p>\n","protected":false},"author":323,"featured_media":0,"parent":0,"menu_order":0,"comment_status":"closed","ping_status":"closed","template":"","meta":{"ngg_post_thumbnail":0,"footnotes":""},"class_list":["post-1598","page","type-page","status-publish","hentry"],"rttpg_featured_image_url":null,"rttpg_author":{"display_name":"nbsbssa","author_link":"https:\/\/www.pedagogie.ac-nice.fr\/sbssa\/author\/nbsbssa\/"},"rttpg_comment":0,"rttpg_category":null,"rttpg_excerpt":"La Formation pratique de secourisme est obligatoirement assur\u00e9e par un formateur SST \u00e0 jour de ses Maintien et actualisation des comp\u00e9tences MAC (recyclages). Le programme INRS est disponible sur le site OGELI (Outil de Gestion en Ligne). Site de gestion des formations SST ( OGELI]): &nbsp; Enseignement de la Sant\u00e9 et S\u00e9curit\u00e9 au Travail Guide&nbsp;\u2026","post_mailing_queue_ids":[],"_links":{"self":[{"href":"https:\/\/www.pedagogie.ac-nice.fr\/sbssa\/wp-json\/wp\/v2\/pages\/1598","targetHints":{"allow":["GET"]}}],"collection":[{"href":"https:\/\/www.pedagogie.ac-nice.fr\/sbssa\/wp-json\/wp\/v2\/pages"}],"about":[{"href":"https:\/\/www.pedagogie.ac-nice.fr\/sbssa\/wp-json\/wp\/v2\/types\/page"}],"author":[{"embeddable":true,"href":"https:\/\/www.pedagogie.ac-nice.fr\/sbssa\/wp-json\/wp\/v2\/users\/323"}],"replies":[{"embeddable":true,"href":"https:\/\/www.pedagogie.ac-nice.fr\/sbssa\/wp-json\/wp\/v2\/comments?post=1598"}],"version-history":[{"count":27,"href":"https:\/\/www.pedagogie.ac-nice.fr\/sbssa\/wp-json\/wp\/v2\/pages\/1598\/revisions"}],"predecessor-version":[{"id":2337,"href":"https:\/\/www.pedagogie.ac-nice.fr\/sbssa\/wp-json\/wp\/v2\/pages\/1598\/revisions\/2337"}],"wp:attachment":[{"href":"https:\/\/www.pedagogie.ac-nice.fr\/sbssa\/wp-json\/wp\/v2\/media?parent=1598"}],"curies":[{"name":"wp","href":"https:\/\/api.w.org\/{rel}","templated":true}]}}