{"id":1613,"date":"2023-11-13T17:25:01","date_gmt":"2023-11-13T16:25:01","guid":{"rendered":"https:\/\/www.pedagogie.ac-nice.fr\/sbssa\/?page_id=1613"},"modified":"2026-04-16T22:58:45","modified_gmt":"2026-04-16T20:58:45","slug":"svt","status":"publish","type":"page","link":"https:\/\/www.pedagogie.ac-nice.fr\/sbssa\/svt\/","title":{"rendered":"3e Pr\u00e9pa M\u00e9tiers SEGPA"},"content":{"rendered":"<p><span style=\"font-size: 14pt;\"><strong>DNB s\u00e9rie professionnelle<\/strong><\/span><\/p>\n<p style=\"text-align: center;\">Pr\u00e9sentation du nouveau DNB pro &#8211; Points de vigilance sur les apprentissages et l&rsquo;\u00e9valuation<\/p>\n<p><a href=\"https:\/\/www.pedagogie.ac-nice.fr\/sbssa\/wp-content\/uploads\/sites\/10\/2026\/04\/WEBINAIRE-DNB-pro.pptx\" target=\"_blank\" rel=\"noopener\"><img loading=\"lazy\" decoding=\"async\" class=\"aligncenter\" src=\"https:\/\/www.pedagogie.ac-nice.fr\/sbssa\/wp-content\/uploads\/sites\/10\/2026\/04\/presentation-du-DNB-pro.png\" width=\"557\" height=\"296\"><\/a><\/p>\n<p style=\"text-align: center;\">Cliquer sur l&rsquo;image pour t\u00e9l\u00e9charger le diaporama <img loading=\"lazy\" decoding=\"async\" class=\"alignnone wp-image-2433\" src=\"https:\/\/www.pedagogie.ac-nice.fr\/sbssa\/wp-content\/uploads\/sites\/10\/2026\/04\/Logo-ppt.png\" alt=\"\" width=\"30\" height=\"33\"><\/p>\n<p>Arr\u00eat\u00e9 2019&nbsp;<\/p>\n<p><span style=\"color: #000000;\"><a style=\"color: #000000;\" href=\"http:\/\/DIPL\u00d4ME NATIONAL DU BREVET SESSION 2023\" target=\"_blank\" rel=\"noopener\">Dipl\u00f4me National du Brevet session 2023 &#8211; Sujet<\/a><\/span><\/p>\n<p><span style=\"color: #000000;\"><a style=\"color: #000000;\" href=\"https:\/\/www.pedagogie.ac-nice.fr\/sbssa\/wp-content\/uploads\/sites\/10\/2024\/01\/La-propagation-dune-maladie-infectieuse-telle-que-la-grippe-serie-pro-SVT-2029-DNB.pdf\" target=\"_blank\" rel=\"noopener\">Dipl\u00f4me National du Brevet session 2019 &#8211; Sujet<\/a><\/span><\/p>\n<p class=\"v1MsoListParagraph\"><span style=\"color: #000000;\"><a style=\"color: #000000;\" href=\"https:\/\/eduscol.education.fr\/90\/j-enseigne-au-cycle-4\" target=\"_blank\" rel=\"noopener noreferrer\">J&rsquo;enseigne au cycle 4 | \u00e9duscol | Minist\u00e8re de l&rsquo;Education Nationale, de la Jeunesse, des Sports et des Jeux Olympiques et Paralympiques &#8211; Dgesco <img loading=\"lazy\" decoding=\"async\" class=\"alignnone wp-image-1938\" src=\"https:\/\/www.pedagogie.ac-nice.fr\/sbssa\/wp-content\/uploads\/sites\/10\/2024\/02\/Image1-150x108.png\" alt=\"\" width=\"81\" height=\"58\"><\/a><\/span><\/p>\n<p class=\"v1MsoListParagraph\"><span style=\"color: #000000;\"><a style=\"color: #000000;\" href=\"https:\/\/www.education.gouv.fr\/bo\/19\/Hebdo20\/MENE1908820A.htm?cid_bo=141487\" target=\"_blank\" rel=\"noopener noreferrer\">Organisation des enseignements dans les classes de troisi\u00e8me dites \u00ab pr\u00e9pa-m\u00e9tiers \u00bb | Minist\u00e8re de l&rsquo;Education Nationale, de la Jeunesse, des Sports et des Jeux Olympiques et Paralympiques<\/a><\/span><\/p>\n<p>&nbsp;<\/p>\n<p><span style=\"font-size: 12pt;\"><strong>3e Pr\u00e9pa M\u00e9tiers <\/strong><\/span><\/p>\n<p>&nbsp;<\/p>\n<p><span style=\"font-size: 12pt;\"><strong>SEGPA champ HAS<\/strong><\/span><\/p>\n","protected":false},"excerpt":{"rendered":"<p>DNB s\u00e9rie professionnelle Pr\u00e9sentation du nouveau DNB pro &#8211; Points de vigilance sur les apprentissages et l&rsquo;\u00e9valuation Cliquer sur l&rsquo;image pour t\u00e9l\u00e9charger le diaporama Arr\u00eat\u00e9 2019&nbsp; Dipl\u00f4me National du Brevet session 2023 &#8211; Sujet Dipl\u00f4me National du Brevet session 2019 &#8211; Sujet J&rsquo;enseigne au cycle 4 | \u00e9duscol | Minist\u00e8re de l&rsquo;Education Nationale, de la [&hellip;]<\/p>\n","protected":false},"author":323,"featured_media":0,"parent":0,"menu_order":0,"comment_status":"closed","ping_status":"closed","template":"","meta":{"ngg_post_thumbnail":0,"footnotes":""},"class_list":["post-1613","page","type-page","status-publish","hentry"],"rttpg_featured_image_url":null,"rttpg_author":{"display_name":"nbsbssa","author_link":"https:\/\/www.pedagogie.ac-nice.fr\/sbssa\/author\/nbsbssa\/"},"rttpg_comment":0,"rttpg_category":null,"rttpg_excerpt":"DNB s\u00e9rie professionnelle Pr\u00e9sentation du nouveau DNB pro &#8211; Points de vigilance sur les apprentissages et l&rsquo;\u00e9valuation Cliquer sur l&rsquo;image pour t\u00e9l\u00e9charger le diaporama Arr\u00eat\u00e9 2019&nbsp; Dipl\u00f4me National du Brevet session 2023 &#8211; Sujet Dipl\u00f4me National du Brevet session 2019 &#8211; Sujet J&rsquo;enseigne au cycle 4 | \u00e9duscol | Minist\u00e8re de l&rsquo;Education Nationale, de la\u2026","post_mailing_queue_ids":[],"_links":{"self":[{"href":"https:\/\/www.pedagogie.ac-nice.fr\/sbssa\/wp-json\/wp\/v2\/pages\/1613","targetHints":{"allow":["GET"]}}],"collection":[{"href":"https:\/\/www.pedagogie.ac-nice.fr\/sbssa\/wp-json\/wp\/v2\/pages"}],"about":[{"href":"https:\/\/www.pedagogie.ac-nice.fr\/sbssa\/wp-json\/wp\/v2\/types\/page"}],"author":[{"embeddable":true,"href":"https:\/\/www.pedagogie.ac-nice.fr\/sbssa\/wp-json\/wp\/v2\/users\/323"}],"replies":[{"embeddable":true,"href":"https:\/\/www.pedagogie.ac-nice.fr\/sbssa\/wp-json\/wp\/v2\/comments?post=1613"}],"version-history":[{"count":21,"href":"https:\/\/www.pedagogie.ac-nice.fr\/sbssa\/wp-json\/wp\/v2\/pages\/1613\/revisions"}],"predecessor-version":[{"id":2453,"href":"https:\/\/www.pedagogie.ac-nice.fr\/sbssa\/wp-json\/wp\/v2\/pages\/1613\/revisions\/2453"}],"wp:attachment":[{"href":"https:\/\/www.pedagogie.ac-nice.fr\/sbssa\/wp-json\/wp\/v2\/media?parent=1613"}],"curies":[{"name":"wp","href":"https:\/\/api.w.org\/{rel}","templated":true}]}}