{"id":1663,"date":"2023-11-16T18:53:03","date_gmt":"2023-11-16T17:53:03","guid":{"rendered":"https:\/\/www.pedagogie.ac-nice.fr\/sbssa\/?page_id=1663"},"modified":"2026-04-20T15:20:41","modified_gmt":"2026-04-20T13:20:41","slug":"apprentissage-2","status":"publish","type":"page","link":"https:\/\/www.pedagogie.ac-nice.fr\/sbssa\/apprentissage-2\/","title":{"rendered":"Chef d&rsquo;oeuve\/Projet"},"content":{"rendered":"<p><strong>Collection ressource Chef d\u2019\u0153uvre en CAP- acad\u00e9mie de Nice sur Pearltrees<\/strong><\/p>\n<p><a href=\"https:\/\/www.pearltrees.com\/private\/id38070105?access=46bdeeb7c4f.244e759.367d08fa74afd2d983f42b233f402267\" target=\"_blank\" rel=\"noopener\"><img loading=\"lazy\" decoding=\"async\" class=\"wp-image-2077\" src=\"https:\/\/www.pedagogie.ac-nice.fr\/sbssa\/wp-content\/uploads\/sites\/10\/2024\/03\/Image1-150x150.png\" alt=\"\" width=\"220\" height=\"220\" srcset=\"https:\/\/www.pedagogie.ac-nice.fr\/sbssa\/wp-content\/uploads\/sites\/10\/2024\/03\/Image1-150x150.png 150w, https:\/\/www.pedagogie.ac-nice.fr\/sbssa\/wp-content\/uploads\/sites\/10\/2024\/03\/Image1-300x300.png 300w\" sizes=\"auto, (max-width: 220px) 100vw, 220px\" \/><\/a> &nbsp;&nbsp;&nbsp;&nbsp;&nbsp;&nbsp;&nbsp; Fermer la fen\u00eatre \u00ab\u00a0se connecter\u00a0\u00bb une fois Pearltrees lanc\u00e9.<\/p>\n<p><span style=\"color: #000000;\"><a style=\"color: #000000;\" href=\"https:\/\/www.pedagogie.ac-nice.fr\/sbssa\/wp-content\/uploads\/sites\/10\/2026\/04\/ChefdOeuvre-grille-CAP-CCF.xlsx\">Grille de notation du Chef-d&rsquo;oeuvre en CAP<\/a><a href=\"https:\/\/www.pedagogie.ac-nice.fr\/sbssa\/wp-content\/uploads\/sites\/10\/2024\/05\/Grille-daide-a-levaluation-du-chef-doeuvre-en-CAP.xlsx\" target=\"_blank\" rel=\"noopener\"> <img loading=\"lazy\" decoding=\"async\" class=\"alignnone wp-image-1969\" src=\"https:\/\/www.pedagogie.ac-nice.fr\/sbssa\/wp-content\/uploads\/sites\/10\/2024\/03\/xls-jpeg-icon-150x150.jpg\" alt=\"\" width=\"42\" height=\"42\" srcset=\"https:\/\/www.pedagogie.ac-nice.fr\/sbssa\/wp-content\/uploads\/sites\/10\/2024\/03\/xls-jpeg-icon-150x150.jpg 150w, https:\/\/www.pedagogie.ac-nice.fr\/sbssa\/wp-content\/uploads\/sites\/10\/2024\/03\/xls-jpeg-icon-300x300.jpg 300w\" sizes=\"auto, (max-width: 42px) 100vw, 42px\" \/><\/a><\/span><\/p>\n<p><strong>Ressources Projet en BCP:<\/strong><\/p>\n<p><span style=\"color: #000000;\"><a style=\"color: #000000;\" href=\"https:\/\/www.pedagogie.ac-nice.fr\/sbssa\/wp-content\/uploads\/sites\/10\/2026\/04\/Grille-Evaluation-CCF-PROJET-en-BCP.xlsx\">Grille de notation du Projet en BCP<\/a><a href=\"https:\/\/www.pedagogie.ac-nice.fr\/sbssa\/wp-content\/uploads\/sites\/10\/2024\/05\/Grille-daide-a-levaluation-du-chef-doeuvre-en-BCP.xlsx\" target=\"_blank\" rel=\"noopener\"><img loading=\"lazy\" decoding=\"async\" class=\"alignnone wp-image-1969\" src=\"https:\/\/www.pedagogie.ac-nice.fr\/sbssa\/wp-content\/uploads\/sites\/10\/2024\/03\/xls-jpeg-icon-150x150.jpg\" alt=\"\" width=\"42\" height=\"42\" srcset=\"https:\/\/www.pedagogie.ac-nice.fr\/sbssa\/wp-content\/uploads\/sites\/10\/2024\/03\/xls-jpeg-icon-150x150.jpg 150w, https:\/\/www.pedagogie.ac-nice.fr\/sbssa\/wp-content\/uploads\/sites\/10\/2024\/03\/xls-jpeg-icon-300x300.jpg 300w\" sizes=\"auto, (max-width: 42px) 100vw, 42px\" \/><\/a><\/span><\/p>\n<p><span style=\"color: #000000;\"><a style=\"color: #000000;\" href=\"https:\/\/www.pedagogie.ac-nice.fr\/sbssa\/wp-content\/uploads\/sites\/10\/2026\/04\/circulaire-2-7-24-projet-vs-co.docx\">Circulaire du 2 juillet relative au Projet en BCP<\/a> <img loading=\"lazy\" decoding=\"async\" class=\"alignnone wp-image-2380\" src=\"https:\/\/www.pedagogie.ac-nice.fr\/sbssa\/wp-content\/uploads\/sites\/10\/2026\/04\/logo-Word.png\" alt=\"\" width=\"42\" height=\"42\"><\/span><\/p>\n<p>&nbsp;<\/p>\n<p>Autres ressources pour le chef d\u2019\u0153uvre en CAP:<\/p>\n<a href=\"https:\/\/www.pedagogie.ac-nice.fr\/sbssa\/wp-content\/uploads\/sites\/10\/2024\/05\/Manuel-de-lenseignant.pdf\" class=\"pdfemb-viewer\" style=\"\" data-width=\"max\" data-height=\"max\" data-toolbar=\"bottom\" data-toolbar-fixed=\"off\">Manuel de lenseignant<\/a>\n<a href=\"https:\/\/www.pedagogie.ac-nice.fr\/sbssa\/wp-content\/uploads\/sites\/10\/2024\/05\/Carnet-de-bord-individuel.pdf\" class=\"pdfemb-viewer\" style=\"\" data-width=\"max\" data-height=\"max\" data-toolbar=\"bottom\" data-toolbar-fixed=\"off\">Carnet de bord individuel<\/a>\n<a href=\"https:\/\/www.pedagogie.ac-nice.fr\/sbssa\/wp-content\/uploads\/sites\/10\/2024\/05\/Carnet-de-bord-collectif.pdf\" class=\"pdfemb-viewer\" style=\"\" data-width=\"max\" data-height=\"max\" data-toolbar=\"bottom\" data-toolbar-fixed=\"off\">Carnet de bord collectif<\/a>\n<p>&nbsp;<\/p>\n","protected":false},"excerpt":{"rendered":"<p>Collection ressource Chef d\u2019\u0153uvre en CAP- acad\u00e9mie de Nice sur Pearltrees &nbsp;&nbsp;&nbsp;&nbsp;&nbsp;&nbsp;&nbsp; Fermer la fen\u00eatre \u00ab\u00a0se connecter\u00a0\u00bb une fois Pearltrees lanc\u00e9. Grille de notation du Chef-d&rsquo;oeuvre en CAP Ressources Projet en BCP: Grille de notation du Projet en BCP Circulaire du 2 juillet relative au Projet en BCP &nbsp; Autres ressources pour le chef d\u2019\u0153uvre [&hellip;]<\/p>\n","protected":false},"author":323,"featured_media":0,"parent":0,"menu_order":0,"comment_status":"closed","ping_status":"closed","template":"","meta":{"ngg_post_thumbnail":0,"footnotes":""},"class_list":["post-1663","page","type-page","status-publish","hentry"],"rttpg_featured_image_url":null,"rttpg_author":{"display_name":"nbsbssa","author_link":"https:\/\/www.pedagogie.ac-nice.fr\/sbssa\/author\/nbsbssa\/"},"rttpg_comment":0,"rttpg_category":null,"rttpg_excerpt":"Collection ressource Chef d\u2019\u0153uvre en CAP- acad\u00e9mie de Nice sur Pearltrees &nbsp;&nbsp;&nbsp;&nbsp;&nbsp;&nbsp;&nbsp; Fermer la fen\u00eatre \u00ab\u00a0se connecter\u00a0\u00bb une fois Pearltrees lanc\u00e9. Grille de notation du Chef-d&rsquo;oeuvre en CAP Ressources Projet en BCP: Grille de notation du Projet en BCP Circulaire du 2 juillet relative au Projet en BCP &nbsp; Autres ressources pour le chef d\u2019\u0153uvre\u2026","post_mailing_queue_ids":[],"_links":{"self":[{"href":"https:\/\/www.pedagogie.ac-nice.fr\/sbssa\/wp-json\/wp\/v2\/pages\/1663","targetHints":{"allow":["GET"]}}],"collection":[{"href":"https:\/\/www.pedagogie.ac-nice.fr\/sbssa\/wp-json\/wp\/v2\/pages"}],"about":[{"href":"https:\/\/www.pedagogie.ac-nice.fr\/sbssa\/wp-json\/wp\/v2\/types\/page"}],"author":[{"embeddable":true,"href":"https:\/\/www.pedagogie.ac-nice.fr\/sbssa\/wp-json\/wp\/v2\/users\/323"}],"replies":[{"embeddable":true,"href":"https:\/\/www.pedagogie.ac-nice.fr\/sbssa\/wp-json\/wp\/v2\/comments?post=1663"}],"version-history":[{"count":24,"href":"https:\/\/www.pedagogie.ac-nice.fr\/sbssa\/wp-json\/wp\/v2\/pages\/1663\/revisions"}],"predecessor-version":[{"id":2451,"href":"https:\/\/www.pedagogie.ac-nice.fr\/sbssa\/wp-json\/wp\/v2\/pages\/1663\/revisions\/2451"}],"wp:attachment":[{"href":"https:\/\/www.pedagogie.ac-nice.fr\/sbssa\/wp-json\/wp\/v2\/media?parent=1663"}],"curies":[{"name":"wp","href":"https:\/\/api.w.org\/{rel}","templated":true}]}}