{"id":1835,"date":"2024-01-28T09:27:22","date_gmt":"2024-01-28T08:27:22","guid":{"rendered":"https:\/\/www.pedagogie.ac-nice.fr\/sbssa\/?page_id=1835"},"modified":"2024-03-30T18:45:17","modified_gmt":"2024-03-30T17:45:17","slug":"seconde-metiers-de-la-beaute-et-bien-etre","status":"publish","type":"page","link":"https:\/\/www.pedagogie.ac-nice.fr\/sbssa\/seconde-metiers-de-la-beaute-et-bien-etre\/","title":{"rendered":"Seconde M\u00e9tiers de la Beaut\u00e9 et Bien \u00eatre"},"content":{"rendered":"<div class=\"padlet-embed\" style=\"border: 1px solid rgba(0,0,0,0.1); border-radius: 2px; box-sizing: border-box; overflow: hidden; position: relative; width: 100%; background: #F4F4F4;\">\n<p><span style=\"color: #000000;\"><a style=\"color: #000000;\" href=\"https:\/\/www.pedagogie.ac-nice.fr\/sbssa\/wp-content\/uploads\/sites\/10\/2024\/01\/vademecum-seconde-famille-metiers-beaute-bien-etre-1258319-pdf-1906-1.pdf\" target=\"_blank\" rel=\"noopener\">Vademecum<\/a><\/span><\/p>\n<p style=\"padding: 0; margin: 0;\"><iframe style=\"width: 100%; height: 608px; display: block; padding: 0; margin: 0;\" src=\"https:\/\/padlet.com\/embed\/zmsuryfm7e78qpcy\" frameborder=\"0\"><\/iframe><\/p>\n<div style=\"display: flex; align-items: center; justify-content: end; margin: 0; height: 28px;\">\n<p>&nbsp;<\/p>\n<div style=\"display: flex; align-items: center;\"><img loading=\"lazy\" decoding=\"async\" style=\"padding: 0; margin: 0; background: 0 0; border: none; box-shadow: none;\" src=\"https:\/\/padlet.net\/embeds\/made_with_padlet_2022.png\" alt=\"Fait avec Padlet\" width=\"114\" height=\"28\"><\/div>\n<p>&nbsp;<\/p>\n<\/div>\n<\/div>\n","protected":false},"excerpt":{"rendered":"<p>Vademecum &nbsp; &nbsp;<\/p>\n","protected":false},"author":323,"featured_media":0,"parent":0,"menu_order":0,"comment_status":"closed","ping_status":"closed","template":"","meta":{"ngg_post_thumbnail":0,"footnotes":""},"class_list":["post-1835","page","type-page","status-publish","hentry"],"rttpg_featured_image_url":null,"rttpg_author":{"display_name":"nbsbssa","author_link":"https:\/\/www.pedagogie.ac-nice.fr\/sbssa\/author\/nbsbssa\/"},"rttpg_comment":0,"rttpg_category":null,"rttpg_excerpt":"Vademecum &nbsp; &nbsp;","post_mailing_queue_ids":[],"_links":{"self":[{"href":"https:\/\/www.pedagogie.ac-nice.fr\/sbssa\/wp-json\/wp\/v2\/pages\/1835","targetHints":{"allow":["GET"]}}],"collection":[{"href":"https:\/\/www.pedagogie.ac-nice.fr\/sbssa\/wp-json\/wp\/v2\/pages"}],"about":[{"href":"https:\/\/www.pedagogie.ac-nice.fr\/sbssa\/wp-json\/wp\/v2\/types\/page"}],"author":[{"embeddable":true,"href":"https:\/\/www.pedagogie.ac-nice.fr\/sbssa\/wp-json\/wp\/v2\/users\/323"}],"replies":[{"embeddable":true,"href":"https:\/\/www.pedagogie.ac-nice.fr\/sbssa\/wp-json\/wp\/v2\/comments?post=1835"}],"version-history":[{"count":6,"href":"https:\/\/www.pedagogie.ac-nice.fr\/sbssa\/wp-json\/wp\/v2\/pages\/1835\/revisions"}],"predecessor-version":[{"id":2086,"href":"https:\/\/www.pedagogie.ac-nice.fr\/sbssa\/wp-json\/wp\/v2\/pages\/1835\/revisions\/2086"}],"wp:attachment":[{"href":"https:\/\/www.pedagogie.ac-nice.fr\/sbssa\/wp-json\/wp\/v2\/media?parent=1835"}],"curies":[{"name":"wp","href":"https:\/\/api.w.org\/{rel}","templated":true}]}}