{"id":211,"date":"2015-02-03T21:32:40","date_gmt":"2015-02-03T20:32:40","guid":{"rendered":"http:\/\/.\/?page_id=211"},"modified":"2026-04-20T15:16:07","modified_gmt":"2026-04-20T13:16:07","slug":"bac-pro-esthetique-cosmetique-parfumerie","status":"publish","type":"page","link":"https:\/\/www.pedagogie.ac-nice.fr\/sbssa\/bac-pro-esthetique-cosmetique-parfumerie\/","title":{"rendered":"Bac Pro Esth\u00e9tique cosm\u00e9tique parfumerie"},"content":{"rendered":"<div class=\"f_center\">\n<div class=\"resource\">Ressources acad\u00e9miques<\/div>\n<div class=\"sous-resource\">\n<ol>\n<li><strong><span style=\"color: #000000;\"><a style=\"color: #000000;\" href=\"https:\/\/www.pedagogie.ac-nice.fr\/sbssa\/wp-content\/uploads\/sites\/10\/2024\/05\/VM-ECP-Fevrier24.pdf\" target=\"_blank\" rel=\"noopener\">Vademecum mars 2026<\/a><img loading=\"lazy\" decoding=\"async\" class=\"https:\/\/www.pedagogie.ac-nice.fr\/sbssa\/wp-content\/uploads\/sites\/10\/2024\/03\/Guide-daccompagnement-BCP-ECP-1-ATTENTE-NOUVEAU.pdf alignnone wp-image-1982\" title=\"https:\/\/www.pedagogie.ac-nice.fr\/sbssa\/wp-content\/uploads\/sites\/10\/2024\/03\/Guide-daccompagnement-BCP-ECP-1-ATTENTE-NOUVEAU.pdf\" src=\"https:\/\/www.pedagogie.ac-nice.fr\/sbssa\/wp-content\/uploads\/sites\/10\/2024\/03\/icone-pdf-1-150x150.png\" alt=\"\" width=\"31\" height=\"31\" srcset=\"https:\/\/www.pedagogie.ac-nice.fr\/sbssa\/wp-content\/uploads\/sites\/10\/2024\/03\/icone-pdf-1-150x150.png 150w, https:\/\/www.pedagogie.ac-nice.fr\/sbssa\/wp-content\/uploads\/sites\/10\/2024\/03\/icone-pdf-1.png 300w\" sizes=\"auto, (max-width: 31px) 100vw, 31px\" \/><\/span><\/strong><\/li>\n<li><strong><span style=\"color: #000000;\"><a style=\"color: #000000;\" href=\"https:\/\/www.pedagogie.ac-nice.fr\/sbssa\/wp-content\/uploads\/sites\/10\/2024\/03\/livret-bcp-ecp-R22.docx\" target=\"_blank\" rel=\"noopener\">Livret de suivi des PFMP <img loading=\"lazy\" decoding=\"async\" class=\"alignnone wp-image-1995\" src=\"https:\/\/www.pedagogie.ac-nice.fr\/sbssa\/wp-content\/uploads\/sites\/10\/2024\/03\/microsoft-office-png-hd-ozellikle-windows-i-letim-sistemine-sahip-olan-hemen-her-bilgisayar-n-icerisinde-yer-alan-olmazsa-olmaz-microsoft-urunlerind-150x150.png\" alt=\"\" width=\"33\" height=\"33\" srcset=\"https:\/\/www.pedagogie.ac-nice.fr\/sbssa\/wp-content\/uploads\/sites\/10\/2024\/03\/microsoft-office-png-hd-ozellikle-windows-i-letim-sistemine-sahip-olan-hemen-her-bilgisayar-n-icerisinde-yer-alan-olmazsa-olmaz-microsoft-urunlerind-150x150.png 150w, https:\/\/www.pedagogie.ac-nice.fr\/sbssa\/wp-content\/uploads\/sites\/10\/2024\/03\/microsoft-office-png-hd-ozellikle-windows-i-letim-sistemine-sahip-olan-hemen-her-bilgisayar-n-icerisinde-yer-alan-olmazsa-olmaz-microsoft-urunlerind-300x300.png 300w, https:\/\/www.pedagogie.ac-nice.fr\/sbssa\/wp-content\/uploads\/sites\/10\/2024\/03\/microsoft-office-png-hd-ozellikle-windows-i-letim-sistemine-sahip-olan-hemen-her-bilgisayar-n-icerisinde-yer-alan-olmazsa-olmaz-microsoft-urunlerind-768x768.png 768w, https:\/\/www.pedagogie.ac-nice.fr\/sbssa\/wp-content\/uploads\/sites\/10\/2024\/03\/microsoft-office-png-hd-ozellikle-windows-i-letim-sistemine-sahip-olan-hemen-her-bilgisayar-n-icerisinde-yer-alan-olmazsa-olmaz-microsoft-urunlerind-720x720.png 720w, https:\/\/www.pedagogie.ac-nice.fr\/sbssa\/wp-content\/uploads\/sites\/10\/2024\/03\/microsoft-office-png-hd-ozellikle-windows-i-letim-sistemine-sahip-olan-hemen-her-bilgisayar-n-icerisinde-yer-alan-olmazsa-olmaz-microsoft-urunlerind.png 1024w\" sizes=\"auto, (max-width: 33px) 100vw, 33px\" \/><\/a><\/span><\/strong><\/li>\n<li><strong><span style=\"color: #000000;\"><a style=\"color: #000000;\" href=\"https:\/\/www.pedagogie.ac-nice.fr\/sbssa\/wp-content\/uploads\/sites\/10\/2024\/03\/GRILLE-BCP-ECP-ccf.xlsx\" target=\"_blank\" rel=\"noopener\">Grille d&rsquo;\u00e9valuation par CCF en BCP&nbsp;<img loading=\"lazy\" decoding=\"async\" class=\"alignnone wp-image-1969\" src=\"https:\/\/www.pedagogie.ac-nice.fr\/sbssa\/wp-content\/uploads\/sites\/10\/2024\/03\/xls-jpeg-icon-150x150.jpg\" alt=\"\" width=\"29\" height=\"29\" srcset=\"https:\/\/www.pedagogie.ac-nice.fr\/sbssa\/wp-content\/uploads\/sites\/10\/2024\/03\/xls-jpeg-icon-150x150.jpg 150w, https:\/\/www.pedagogie.ac-nice.fr\/sbssa\/wp-content\/uploads\/sites\/10\/2024\/03\/xls-jpeg-icon-300x300.jpg 300w\" sizes=\"auto, (max-width: 29px) 100vw, 29px\" \/><\/a><\/span><\/strong><\/li>\n<\/ol>\n<\/div>\n<div class=\"resource\">Ressources nationales<\/div>\n<div class=\"sous-resource\">\n<ol>\n<li><strong><span style=\"color: #000000;\">Le guide d&rsquo;\u00e9quipement BCP ECP<\/span><\/strong><img loading=\"lazy\" decoding=\"async\" class=\"https:\/\/www.pedagogie.ac-nice.fr\/sbssa\/wp-content\/uploads\/sites\/10\/2024\/03\/Guide-daccompagnement-BCP-ECP-1-ATTENTE-NOUVEAU.pdf alignnone wp-image-1982\" title=\"https:\/\/www.pedagogie.ac-nice.fr\/sbssa\/wp-content\/uploads\/sites\/10\/2024\/03\/Guide-daccompagnement-BCP-ECP-1-ATTENTE-NOUVEAU.pdf\" src=\"https:\/\/www.pedagogie.ac-nice.fr\/sbssa\/wp-content\/uploads\/sites\/10\/2024\/03\/icone-pdf-1-150x150.png\" alt=\"\" width=\"31\" height=\"31\" srcset=\"https:\/\/www.pedagogie.ac-nice.fr\/sbssa\/wp-content\/uploads\/sites\/10\/2024\/03\/icone-pdf-1-150x150.png 150w, https:\/\/www.pedagogie.ac-nice.fr\/sbssa\/wp-content\/uploads\/sites\/10\/2024\/03\/icone-pdf-1.png 300w\" sizes=\"auto, (max-width: 31px) 100vw, 31px\" \/><\/li>\n<\/ol>\n<\/div>\n<\/div>\n","protected":false},"excerpt":{"rendered":"<p>Ressources acad\u00e9miques Vademecum mars 2026 Livret de suivi des PFMP Grille d&rsquo;\u00e9valuation par CCF en BCP&nbsp; Ressources nationales Le guide d&rsquo;\u00e9quipement BCP ECP<\/p>\n","protected":false},"author":1,"featured_media":0,"parent":0,"menu_order":0,"comment_status":"closed","ping_status":"closed","template":"","meta":{"ngg_post_thumbnail":0,"footnotes":""},"class_list":["post-211","page","type-page","status-publish","hentry"],"rttpg_featured_image_url":null,"rttpg_author":{"display_name":"norco","author_link":"https:\/\/www.pedagogie.ac-nice.fr\/sbssa\/author\/norco\/"},"rttpg_comment":0,"rttpg_category":null,"rttpg_excerpt":"Ressources acad\u00e9miques Vademecum mars 2026 Livret de suivi des PFMP Grille d&rsquo;\u00e9valuation par CCF en BCP&nbsp; Ressources nationales Le guide d&rsquo;\u00e9quipement BCP ECP","post_mailing_queue_ids":[],"_links":{"self":[{"href":"https:\/\/www.pedagogie.ac-nice.fr\/sbssa\/wp-json\/wp\/v2\/pages\/211","targetHints":{"allow":["GET"]}}],"collection":[{"href":"https:\/\/www.pedagogie.ac-nice.fr\/sbssa\/wp-json\/wp\/v2\/pages"}],"about":[{"href":"https:\/\/www.pedagogie.ac-nice.fr\/sbssa\/wp-json\/wp\/v2\/types\/page"}],"author":[{"embeddable":true,"href":"https:\/\/www.pedagogie.ac-nice.fr\/sbssa\/wp-json\/wp\/v2\/users\/1"}],"replies":[{"embeddable":true,"href":"https:\/\/www.pedagogie.ac-nice.fr\/sbssa\/wp-json\/wp\/v2\/comments?post=211"}],"version-history":[{"count":36,"href":"https:\/\/www.pedagogie.ac-nice.fr\/sbssa\/wp-json\/wp\/v2\/pages\/211\/revisions"}],"predecessor-version":[{"id":2471,"href":"https:\/\/www.pedagogie.ac-nice.fr\/sbssa\/wp-json\/wp\/v2\/pages\/211\/revisions\/2471"}],"wp:attachment":[{"href":"https:\/\/www.pedagogie.ac-nice.fr\/sbssa\/wp-json\/wp\/v2\/media?parent=211"}],"curies":[{"name":"wp","href":"https:\/\/api.w.org\/{rel}","templated":true}]}}