{"id":244,"date":"2015-02-08T22:16:57","date_gmt":"2015-02-08T21:16:57","guid":{"rendered":"http:\/\/.\/?page_id=244"},"modified":"2024-04-15T11:14:54","modified_gmt":"2024-04-15T09:14:54","slug":"bac-pro-services-de-proximite-et-vie-sociale","status":"publish","type":"page","link":"https:\/\/www.pedagogie.ac-nice.fr\/sbssa\/bac-pro-services-de-proximite-et-vie-sociale\/","title":{"rendered":"Bac Pro AEPA (Animation-enfance et personnes \u00e2g\u00e9es)"},"content":{"rendered":"<div class=\"f_center\">\n<p><strong>Ressources acad\u00e9miques<\/strong><\/p>\n<div class=\"padlet-embed\" style=\"border: 1px solid rgba(0,0,0,0.1); border-radius: 2px; box-sizing: border-box; overflow: hidden; position: relative; width: 100%; background: #F4F4F4;\">\n<p style=\"padding: 0; margin: 0;\"><iframe style=\"width: 100%; height: 608px; display: block; padding: 0; margin: 0;\" src=\"https:\/\/padlet.com\/embed\/grhaia1bf2uvsn3q\" frameborder=\"0\"><\/iframe><\/p>\n<div style=\"display: flex; align-items: center; justify-content: end; margin: 0; height: 28px;\">\n<p>&nbsp;<\/p>\n<div style=\"display: flex; align-items: center;\"><img loading=\"lazy\" decoding=\"async\" style=\"padding: 0; margin: 0; background: 0 0; border: none; box-shadow: none;\" src=\"https:\/\/padlet.net\/embeds\/made_with_padlet_2022.png\" alt=\"Fait avec Padlet\" width=\"114\" height=\"28\"><\/div>\n<p>&nbsp;<\/p>\n<\/div>\n<\/div>\n<p><strong>Ressources nationales<\/strong><\/p>\n<p><span style=\"color: #000000;\"><a style=\"color: #000000;\" href=\"https:\/\/referentiels-professionnels.eduscol.education.fr\/bac_pro_Animation.html\" target=\"_blank\" rel=\"noopener noreferrer\">R\u00e9f\u00e9rentiels des dipl\u00f4mes professionnels &#8211; annexes (education.fr)<\/a><\/span><\/p>\n<\/div>\n","protected":false},"excerpt":{"rendered":"<p>Ressources acad\u00e9miques &nbsp; &nbsp; Ressources nationales R\u00e9f\u00e9rentiels des dipl\u00f4mes professionnels &#8211; annexes (education.fr)<\/p>\n","protected":false},"author":1,"featured_media":0,"parent":0,"menu_order":0,"comment_status":"closed","ping_status":"closed","template":"","meta":{"ngg_post_thumbnail":0,"footnotes":""},"class_list":["post-244","page","type-page","status-publish","hentry"],"rttpg_featured_image_url":null,"rttpg_author":{"display_name":"norco","author_link":"https:\/\/www.pedagogie.ac-nice.fr\/sbssa\/author\/norco\/"},"rttpg_comment":0,"rttpg_category":null,"rttpg_excerpt":"Ressources acad\u00e9miques &nbsp; &nbsp; Ressources nationales R\u00e9f\u00e9rentiels des dipl\u00f4mes professionnels &#8211; annexes (education.fr)","post_mailing_queue_ids":[],"_links":{"self":[{"href":"https:\/\/www.pedagogie.ac-nice.fr\/sbssa\/wp-json\/wp\/v2\/pages\/244","targetHints":{"allow":["GET"]}}],"collection":[{"href":"https:\/\/www.pedagogie.ac-nice.fr\/sbssa\/wp-json\/wp\/v2\/pages"}],"about":[{"href":"https:\/\/www.pedagogie.ac-nice.fr\/sbssa\/wp-json\/wp\/v2\/types\/page"}],"author":[{"embeddable":true,"href":"https:\/\/www.pedagogie.ac-nice.fr\/sbssa\/wp-json\/wp\/v2\/users\/1"}],"replies":[{"embeddable":true,"href":"https:\/\/www.pedagogie.ac-nice.fr\/sbssa\/wp-json\/wp\/v2\/comments?post=244"}],"version-history":[{"count":18,"href":"https:\/\/www.pedagogie.ac-nice.fr\/sbssa\/wp-json\/wp\/v2\/pages\/244\/revisions"}],"predecessor-version":[{"id":2169,"href":"https:\/\/www.pedagogie.ac-nice.fr\/sbssa\/wp-json\/wp\/v2\/pages\/244\/revisions\/2169"}],"wp:attachment":[{"href":"https:\/\/www.pedagogie.ac-nice.fr\/sbssa\/wp-json\/wp\/v2\/media?parent=244"}],"curies":[{"name":"wp","href":"https:\/\/api.w.org\/{rel}","templated":true}]}}