{"id":2457,"date":"2026-04-18T17:32:20","date_gmt":"2026-04-18T15:32:20","guid":{"rendered":"https:\/\/www.pedagogie.ac-nice.fr\/sbssa\/?page_id=2457"},"modified":"2026-04-18T17:37:53","modified_gmt":"2026-04-18T15:37:53","slug":"tutoprev","status":"publish","type":"page","link":"https:\/\/www.pedagogie.ac-nice.fr\/sbssa\/tutoprev\/","title":{"rendered":"TutoPr\u00e9v"},"content":{"rendered":"<p>L&rsquo;INRS diffuse un nouveau TutoPr\u00e9v&rsquo; Accueil. Il concerne les m\u00e9tiers de la beaut\u00e9 :<br \/>\nLes 3 planches concernent :<br \/>\n&#8211; la coiffure,<br \/>\n&#8211; les soins esth\u00e9tiques et<br \/>\n&#8211; la proth\u00e9sie ongulaire.<br \/>\nIl est t\u00e9l\u00e9chargeable ici :&nbsp;<a href=\"https:\/\/www.inrs.fr\/media.html?refINRS=ED%204474\" target=\"_blank\" rel=\"noopener noreferrer\" data-saferedirecturl=\"https:\/\/www.google.com\/url?q=https:\/\/www.inrs.fr\/media.html?refINRS%3DED%25204474&amp;source=gmail&amp;ust=1708698170542000&amp;usg=AOvVaw3KmokZnilHmjxIfl5UStuM\">https:\/\/www.inrs.fr\/media.<wbr>html?refINRS=ED%204474<\/a><\/p>\n<p>Ce document permet aux enseignants de PSE et de discipline professionnelle de pr\u00e9parer leurs \u00e9l\u00e8ves aux PFMP et d&rsquo;apporter les comp\u00e9tences utiles aux futurs salari\u00e9s sur :<br \/>\n&#8211; le rep\u00e9rage des situations \u00e0 risque,&nbsp;<br \/>\n&#8211; la proposition de mesures de pr\u00e9vention.<\/p>\n","protected":false},"excerpt":{"rendered":"<p>L&rsquo;INRS diffuse un nouveau TutoPr\u00e9v&rsquo; Accueil. Il concerne les m\u00e9tiers de la beaut\u00e9 : Les 3 planches concernent : &#8211; la coiffure, &#8211; les soins esth\u00e9tiques et &#8211; la proth\u00e9sie ongulaire. Il est t\u00e9l\u00e9chargeable ici :&nbsp;https:\/\/www.inrs.fr\/media.html?refINRS=ED%204474 Ce document permet aux enseignants de PSE et de discipline professionnelle de pr\u00e9parer leurs \u00e9l\u00e8ves aux PFMP et d&rsquo;apporter [&hellip;]<\/p>\n","protected":false},"author":795,"featured_media":0,"parent":0,"menu_order":0,"comment_status":"closed","ping_status":"closed","template":"","meta":{"ngg_post_thumbnail":0,"footnotes":""},"class_list":["post-2457","page","type-page","status-publish","hentry"],"rttpg_featured_image_url":null,"rttpg_author":{"display_name":"admssbsa8","author_link":"https:\/\/www.pedagogie.ac-nice.fr\/sbssa\/author\/admssbsa8\/"},"rttpg_comment":0,"rttpg_category":null,"rttpg_excerpt":"L&rsquo;INRS diffuse un nouveau TutoPr\u00e9v&rsquo; Accueil. Il concerne les m\u00e9tiers de la beaut\u00e9 : Les 3 planches concernent : &#8211; la coiffure, &#8211; les soins esth\u00e9tiques et &#8211; la proth\u00e9sie ongulaire. Il est t\u00e9l\u00e9chargeable ici :&nbsp;https:\/\/www.inrs.fr\/media.html?refINRS=ED%204474 Ce document permet aux enseignants de PSE et de discipline professionnelle de pr\u00e9parer leurs \u00e9l\u00e8ves aux PFMP et d&rsquo;apporter\u2026","post_mailing_queue_ids":[],"_links":{"self":[{"href":"https:\/\/www.pedagogie.ac-nice.fr\/sbssa\/wp-json\/wp\/v2\/pages\/2457","targetHints":{"allow":["GET"]}}],"collection":[{"href":"https:\/\/www.pedagogie.ac-nice.fr\/sbssa\/wp-json\/wp\/v2\/pages"}],"about":[{"href":"https:\/\/www.pedagogie.ac-nice.fr\/sbssa\/wp-json\/wp\/v2\/types\/page"}],"author":[{"embeddable":true,"href":"https:\/\/www.pedagogie.ac-nice.fr\/sbssa\/wp-json\/wp\/v2\/users\/795"}],"replies":[{"embeddable":true,"href":"https:\/\/www.pedagogie.ac-nice.fr\/sbssa\/wp-json\/wp\/v2\/comments?post=2457"}],"version-history":[{"count":2,"href":"https:\/\/www.pedagogie.ac-nice.fr\/sbssa\/wp-json\/wp\/v2\/pages\/2457\/revisions"}],"predecessor-version":[{"id":2460,"href":"https:\/\/www.pedagogie.ac-nice.fr\/sbssa\/wp-json\/wp\/v2\/pages\/2457\/revisions\/2460"}],"wp:attachment":[{"href":"https:\/\/www.pedagogie.ac-nice.fr\/sbssa\/wp-json\/wp\/v2\/media?parent=2457"}],"curies":[{"name":"wp","href":"https:\/\/api.w.org\/{rel}","templated":true}]}}