{"id":28,"date":"2014-10-16T22:27:19","date_gmt":"2014-10-16T21:27:19","guid":{"rendered":"http:\/\/.\/?page_id=28"},"modified":"2026-04-16T16:07:51","modified_gmt":"2026-04-16T14:07:51","slug":"bac-pro-assp","status":"publish","type":"page","link":"https:\/\/www.pedagogie.ac-nice.fr\/sbssa\/bac-pro-assp\/","title":{"rendered":"CAP Esth\u00e9tique cosm\u00e9tique parfumerie"},"content":{"rendered":"<div class=\"f_center\">\n<div class=\"resource\">Ressources acad\u00e9miques<\/div>\n<div class=\"sous-resource\">\n<ol>\n<li><strong><span style=\"color: #000000;\"><a style=\"color: #000000;\" href=\"https:\/\/www.pedagogie.ac-nice.fr\/sbssa\/wp-content\/uploads\/sites\/10\/2026\/04\/ens-doc-cap-ecp-septembre24.docx\">Ensemble documentaire acad\u00e9mique: grille horaire, PFMP, document de liaison CF-Milieu professionnel, co-intervention, chef d&rsquo;oeuvre, cahier des charges des CCF<\/a> <img loading=\"lazy\" decoding=\"async\" class=\"alignnone wp-image-105 size-full\" src=\"\/wp-content\/uploads\/2014\/10\/Word.png\" alt=\"Word\" width=\"24\" height=\"24\"><\/span><\/strong><\/li>\n<li><strong><span style=\"color: #000000;\"><a style=\"color: #000000;\" href=\"https:\/\/www.pedagogie.ac-nice.fr\/sbssa\/wp-content\/uploads\/sites\/10\/2024\/03\/grille-cap-ecp-ccf-1.xlsx\">Grille d\u2019\u00e9valuation par CCF en CAP&nbsp; <\/a><a href=\"https:\/\/www.pedagogie.ac-nice.fr\/sbssa\/wp-content\/uploads\/sites\/10\/2024\/03\/grille-cap-ecp-ccf-1.xlsx\" target=\"_blank\" rel=\"noopener\"><img loading=\"lazy\" decoding=\"async\" class=\"alignnone wp-image-1969\" src=\"https:\/\/www.pedagogie.ac-nice.fr\/sbssa\/wp-content\/uploads\/sites\/10\/2024\/03\/xls-jpeg-icon-150x150.jpg\" alt=\"\" width=\"35\" height=\"35\" srcset=\"https:\/\/www.pedagogie.ac-nice.fr\/sbssa\/wp-content\/uploads\/sites\/10\/2024\/03\/xls-jpeg-icon-150x150.jpg 150w, https:\/\/www.pedagogie.ac-nice.fr\/sbssa\/wp-content\/uploads\/sites\/10\/2024\/03\/xls-jpeg-icon-300x300.jpg 300w\" sizes=\"auto, (max-width: 35px) 100vw, 35px\" \/><\/a><\/span><\/strong><\/li>\n<\/ol>\n<\/div>\n<div>&nbsp;<\/div>\n<div class=\"resource\">Ressources nationales<\/div>\n<div class=\"sous-resource\">\n<ol>\n<li><span style=\"color: #000000;\"><a style=\"color: #000000;\" href=\"https:\/\/www.pedagogie.ac-nice.fr\/sbssa\/wp-content\/uploads\/sites\/10\/2026\/04\/GAP-GEquipement-CAP-ECP.pdf\" target=\"_blank\" rel=\"noopener noreferrer\"><strong>Guide d&rsquo;accompagnement p\u00e9dagogique et guide d&rsquo;\u00e9quipement<\/strong> <img loading=\"lazy\" decoding=\"async\" class=\"alignnone wp-image-1982\" src=\"https:\/\/www.pedagogie.ac-nice.fr\/sbssa\/wp-content\/uploads\/sites\/10\/2024\/03\/icone-pdf-1.png\" alt=\"\" width=\"40\" height=\"40\" srcset=\"https:\/\/www.pedagogie.ac-nice.fr\/sbssa\/wp-content\/uploads\/sites\/10\/2024\/03\/icone-pdf-1.png 300w, https:\/\/www.pedagogie.ac-nice.fr\/sbssa\/wp-content\/uploads\/sites\/10\/2024\/03\/icone-pdf-1-150x150.png 150w\" sizes=\"auto, (max-width: 40px) 100vw, 40px\" \/><\/a><\/span><\/li>\n<\/ol>\n<\/div>\n<\/div>\n","protected":false},"excerpt":{"rendered":"<p>Ressources acad\u00e9miques Ensemble documentaire acad\u00e9mique: grille horaire, PFMP, document de liaison CF-Milieu professionnel, co-intervention, chef d&rsquo;oeuvre, cahier des charges des CCF Grille d\u2019\u00e9valuation par CCF en CAP&nbsp; &nbsp; Ressources nationales Guide d&rsquo;accompagnement p\u00e9dagogique et guide d&rsquo;\u00e9quipement<\/p>\n","protected":false},"author":1,"featured_media":0,"parent":0,"menu_order":0,"comment_status":"closed","ping_status":"closed","template":"","meta":{"ngg_post_thumbnail":0,"footnotes":""},"class_list":["post-28","page","type-page","status-publish","hentry"],"rttpg_featured_image_url":null,"rttpg_author":{"display_name":"norco","author_link":"https:\/\/www.pedagogie.ac-nice.fr\/sbssa\/author\/norco\/"},"rttpg_comment":0,"rttpg_category":null,"rttpg_excerpt":"Ressources acad\u00e9miques Ensemble documentaire acad\u00e9mique: grille horaire, PFMP, document de liaison CF-Milieu professionnel, co-intervention, chef d&rsquo;oeuvre, cahier des charges des CCF Grille d\u2019\u00e9valuation par CCF en CAP&nbsp; &nbsp; Ressources nationales Guide d&rsquo;accompagnement p\u00e9dagogique et guide d&rsquo;\u00e9quipement","post_mailing_queue_ids":[],"_links":{"self":[{"href":"https:\/\/www.pedagogie.ac-nice.fr\/sbssa\/wp-json\/wp\/v2\/pages\/28","targetHints":{"allow":["GET"]}}],"collection":[{"href":"https:\/\/www.pedagogie.ac-nice.fr\/sbssa\/wp-json\/wp\/v2\/pages"}],"about":[{"href":"https:\/\/www.pedagogie.ac-nice.fr\/sbssa\/wp-json\/wp\/v2\/types\/page"}],"author":[{"embeddable":true,"href":"https:\/\/www.pedagogie.ac-nice.fr\/sbssa\/wp-json\/wp\/v2\/users\/1"}],"replies":[{"embeddable":true,"href":"https:\/\/www.pedagogie.ac-nice.fr\/sbssa\/wp-json\/wp\/v2\/comments?post=28"}],"version-history":[{"count":28,"href":"https:\/\/www.pedagogie.ac-nice.fr\/sbssa\/wp-json\/wp\/v2\/pages\/28\/revisions"}],"predecessor-version":[{"id":2361,"href":"https:\/\/www.pedagogie.ac-nice.fr\/sbssa\/wp-json\/wp\/v2\/pages\/28\/revisions\/2361"}],"wp:attachment":[{"href":"https:\/\/www.pedagogie.ac-nice.fr\/sbssa\/wp-json\/wp\/v2\/media?parent=28"}],"curies":[{"name":"wp","href":"https:\/\/api.w.org\/{rel}","templated":true}]}}