{"id":301,"date":"2015-02-08T23:23:38","date_gmt":"2015-02-08T22:23:38","guid":{"rendered":"http:\/\/.\/?page_id=301"},"modified":"2026-03-16T10:19:13","modified_gmt":"2026-03-16T09:19:13","slug":"mention-complementaire-aide-a-domicile","status":"publish","type":"page","link":"https:\/\/www.pedagogie.ac-nice.fr\/sbssa\/mention-complementaire-aide-a-domicile\/","title":{"rendered":"Certificat de sp\u00e9cialisation Aide \u00e0 domicile"},"content":{"rendered":"<div class=\"f_center\">\n<div class=\"resource\">Ressources acad\u00e9miques<\/div>\n<div class=\"sous-resource\">\n<p><strong><span style=\"color: #000000;\"><a style=\"color: #000000;\" href=\"https:\/\/www.pedagogie.ac-nice.fr\/sbssa\/wp-content\/uploads\/sites\/10\/2024\/05\/livret-suivi-pfmp-mcad-R24.docx\" target=\"_blank\" rel=\"noopener\">Livret de stage<\/a>&nbsp; <\/span><\/strong><\/p>\n<p><strong><span style=\"color: #000000;\"><a style=\"color: #000000;\" href=\"https:\/\/www.pedagogie.ac-nice.fr\/sbssa\/wp-content\/uploads\/sites\/10\/2024\/05\/grille-aca-CAP-2.0-ccf-1.xlsx\" target=\"_blank\" rel=\"noopener\">Grilles d&rsquo;\u00e9valuation CCF<\/a><\/span><\/strong><\/p>\n<\/div>\n<div class=\"resource\">Ressources nationales<\/div>\n<div class=\"sous-resource\">\n<div class=\"titre-sous-resource\"><span style=\"color: #000000;\"><a style=\"color: #000000;\" href=\"https:\/\/www.pedagogie.ac-nice.fr\/sbssa\/wp-content\/uploads\/sites\/10\/2024\/05\/arrete_du_10_fevrier_2023-_referentiel_mcad.pdf\" target=\"_blank\" rel=\"noopener\">R\u00e9f\u00e9rentiels des dipl\u00f4mes professionnels<\/a><\/span><\/div>\n<div class=\"titre-sous-resource\"><strong><span style=\"color: #000000;\"><a style=\"color: #000000;\" href=\"https:\/\/www.pedagogie.ac-nice.fr\/sbssa\/wp-content\/uploads\/sites\/10\/2024\/05\/GAP-12-juin.pdf\" target=\"_blank\" rel=\"noopener\">Guide d&rsquo;accompagnement p\u00e9dagogique<\/a><\/span><\/strong><\/div>\n<p>&nbsp;<\/p>\n<\/div>\n<\/div>\n","protected":false},"excerpt":{"rendered":"<p>Ressources acad\u00e9miques Livret de stage&nbsp; Grilles d&rsquo;\u00e9valuation CCF Ressources nationales R\u00e9f\u00e9rentiels des dipl\u00f4mes professionnels Guide d&rsquo;accompagnement p\u00e9dagogique &nbsp;<\/p>\n","protected":false},"author":1,"featured_media":0,"parent":0,"menu_order":0,"comment_status":"closed","ping_status":"closed","template":"","meta":{"ngg_post_thumbnail":0,"footnotes":""},"class_list":["post-301","page","type-page","status-publish","hentry"],"rttpg_featured_image_url":null,"rttpg_author":{"display_name":"norco","author_link":"https:\/\/www.pedagogie.ac-nice.fr\/sbssa\/author\/norco\/"},"rttpg_comment":0,"rttpg_category":null,"rttpg_excerpt":"Ressources acad\u00e9miques Livret de stage&nbsp; Grilles d&rsquo;\u00e9valuation CCF Ressources nationales R\u00e9f\u00e9rentiels des dipl\u00f4mes professionnels Guide d&rsquo;accompagnement p\u00e9dagogique &nbsp;","post_mailing_queue_ids":[],"_links":{"self":[{"href":"https:\/\/www.pedagogie.ac-nice.fr\/sbssa\/wp-json\/wp\/v2\/pages\/301","targetHints":{"allow":["GET"]}}],"collection":[{"href":"https:\/\/www.pedagogie.ac-nice.fr\/sbssa\/wp-json\/wp\/v2\/pages"}],"about":[{"href":"https:\/\/www.pedagogie.ac-nice.fr\/sbssa\/wp-json\/wp\/v2\/types\/page"}],"author":[{"embeddable":true,"href":"https:\/\/www.pedagogie.ac-nice.fr\/sbssa\/wp-json\/wp\/v2\/users\/1"}],"replies":[{"embeddable":true,"href":"https:\/\/www.pedagogie.ac-nice.fr\/sbssa\/wp-json\/wp\/v2\/comments?post=301"}],"version-history":[{"count":15,"href":"https:\/\/www.pedagogie.ac-nice.fr\/sbssa\/wp-json\/wp\/v2\/pages\/301\/revisions"}],"predecessor-version":[{"id":2314,"href":"https:\/\/www.pedagogie.ac-nice.fr\/sbssa\/wp-json\/wp\/v2\/pages\/301\/revisions\/2314"}],"wp:attachment":[{"href":"https:\/\/www.pedagogie.ac-nice.fr\/sbssa\/wp-json\/wp\/v2\/media?parent=301"}],"curies":[{"name":"wp","href":"https:\/\/api.w.org\/{rel}","templated":true}]}}