{"id":342,"date":"2015-02-09T00:10:12","date_gmt":"2015-02-08T23:10:12","guid":{"rendered":"http:\/\/.\/?page_id=342"},"modified":"2024-05-30T15:58:02","modified_gmt":"2024-05-30T13:58:02","slug":"pse-cap-niveau-5","status":"publish","type":"page","link":"https:\/\/www.pedagogie.ac-nice.fr\/sbssa\/pse-cap-niveau-5\/","title":{"rendered":"PSE CAP"},"content":{"rendered":"<div class=\"f_center\">\n<div class=\"resource\">Ressources acad\u00e9miques<\/div>\n<div class=\"sous-resource\">\n<p>Aide \u00e0 l\u2019\u00e9laboration d\u2019une SE2<\/p>\n<ol>\n<li><span style=\"color: #000000;\"><a style=\"color: #000000;\" href=\"https:\/\/www.pedagogie.ac-nice.fr\/sbssa\/wp-content\/uploads\/sites\/10\/2024\/05\/document-accompagnement-ccf-cap1.pdf\" target=\"_blank\" rel=\"noopener\">Document d&rsquo;accompagnement<\/a>&nbsp;<\/span><a href=\"https:\/\/www.pedagogie.ac-nice.fr\/sbssa\/wp-content\/uploads\/sites\/10\/dlm_uploads\/2022\/06\/PSE-CAP-Simulation-grille-evaluation-sujet.pdf\" target=\"_blank\" rel=\"noopener\"><img loading=\"lazy\" decoding=\"async\" class=\"alignnone wp-image-1979\" src=\"https:\/\/www.pedagogie.ac-nice.fr\/sbssa\/wp-content\/uploads\/sites\/10\/2024\/03\/PDF_file_icon.svg_-1-150x150.png\" alt=\"\" width=\"33\" height=\"33\" srcset=\"https:\/\/www.pedagogie.ac-nice.fr\/sbssa\/wp-content\/uploads\/sites\/10\/2024\/03\/PDF_file_icon.svg_-1-150x150.png 150w, https:\/\/www.pedagogie.ac-nice.fr\/sbssa\/wp-content\/uploads\/sites\/10\/2024\/03\/PDF_file_icon.svg_-1-300x300.png 300w\" sizes=\"auto, (max-width: 33px) 100vw, 33px\" \/><\/a><\/li>\n<li><span style=\"color: #000000;\"><a style=\"color: #000000;\" href=\"https:\/\/www.pedagogie.ac-nice.fr\/sbssa\/wp-content\/uploads\/sites\/10\/2024\/05\/Padlet-PSE.docx\" target=\"_blank\" rel=\"noopener\">Padlet des ressources<img loading=\"lazy\" decoding=\"async\" class=\"alignnone wp-image-1995\" src=\"https:\/\/www.pedagogie.ac-nice.fr\/sbssa\/wp-content\/uploads\/sites\/10\/2024\/03\/microsoft-office-png-hd-ozellikle-windows-i-letim-sistemine-sahip-olan-hemen-her-bilgisayar-n-icerisinde-yer-alan-olmazsa-olmaz-microsoft-urunlerind-150x150.png\" alt=\"\" width=\"34\" height=\"34\" srcset=\"https:\/\/www.pedagogie.ac-nice.fr\/sbssa\/wp-content\/uploads\/sites\/10\/2024\/03\/microsoft-office-png-hd-ozellikle-windows-i-letim-sistemine-sahip-olan-hemen-her-bilgisayar-n-icerisinde-yer-alan-olmazsa-olmaz-microsoft-urunlerind-150x150.png 150w, https:\/\/www.pedagogie.ac-nice.fr\/sbssa\/wp-content\/uploads\/sites\/10\/2024\/03\/microsoft-office-png-hd-ozellikle-windows-i-letim-sistemine-sahip-olan-hemen-her-bilgisayar-n-icerisinde-yer-alan-olmazsa-olmaz-microsoft-urunlerind-300x300.png 300w, https:\/\/www.pedagogie.ac-nice.fr\/sbssa\/wp-content\/uploads\/sites\/10\/2024\/03\/microsoft-office-png-hd-ozellikle-windows-i-letim-sistemine-sahip-olan-hemen-her-bilgisayar-n-icerisinde-yer-alan-olmazsa-olmaz-microsoft-urunlerind-768x768.png 768w, https:\/\/www.pedagogie.ac-nice.fr\/sbssa\/wp-content\/uploads\/sites\/10\/2024\/03\/microsoft-office-png-hd-ozellikle-windows-i-letim-sistemine-sahip-olan-hemen-her-bilgisayar-n-icerisinde-yer-alan-olmazsa-olmaz-microsoft-urunlerind-720x720.png 720w, https:\/\/www.pedagogie.ac-nice.fr\/sbssa\/wp-content\/uploads\/sites\/10\/2024\/03\/microsoft-office-png-hd-ozellikle-windows-i-letim-sistemine-sahip-olan-hemen-her-bilgisayar-n-icerisinde-yer-alan-olmazsa-olmaz-microsoft-urunlerind.png 1024w\" sizes=\"auto, (max-width: 34px) 100vw, 34px\" \/><\/a><\/span><\/li>\n<li><span style=\"color: #000000;\"><a style=\"color: #000000;\" href=\"https:\/\/www.pedagogie.ac-nice.fr\/sbssa\/wp-content\/uploads\/sites\/10\/2024\/05\/proposition-repartition-horaire-cap.pdf\" target=\"_blank\" rel=\"noopener\">Proposition de r\u00e9partition horaire&nbsp;&nbsp; <\/a><a href=\"https:\/\/www.pedagogie.ac-nice.fr\/sbssa\/wp-content\/uploads\/sites\/10\/dlm_uploads\/2022\/06\/PSE-CAP-Simulation-grille-evaluation-sujet.pdf\" target=\"_blank\" rel=\"noopener\"><img loading=\"lazy\" decoding=\"async\" class=\"alignnone wp-image-1979\" src=\"https:\/\/www.pedagogie.ac-nice.fr\/sbssa\/wp-content\/uploads\/sites\/10\/2024\/03\/PDF_file_icon.svg_-1-150x150.png\" alt=\"\" width=\"33\" height=\"33\" srcset=\"https:\/\/www.pedagogie.ac-nice.fr\/sbssa\/wp-content\/uploads\/sites\/10\/2024\/03\/PDF_file_icon.svg_-1-150x150.png 150w, https:\/\/www.pedagogie.ac-nice.fr\/sbssa\/wp-content\/uploads\/sites\/10\/2024\/03\/PDF_file_icon.svg_-1-300x300.png 300w\" sizes=\"auto, (max-width: 33px) 100vw, 33px\" \/><\/a><\/span><\/li>\n<li><span style=\"color: #000000;\"><a style=\"color: #000000;\" href=\"https:\/\/www.pedagogie.ac-nice.fr\/sbssa\/wp-content\/uploads\/sites\/10\/2024\/05\/Vade-mecum-SST.pdf\" target=\"_blank\" rel=\"noopener\">Vade Mecum sst<\/a><\/span><span style=\"color: #000000;\"><span style=\"color: #000000;\"><a href=\"https:\/\/www.pedagogie.ac-nice.fr\/sbssa\/wp-content\/uploads\/sites\/10\/dlm_uploads\/2022\/06\/PSE-CAP-Simulation-grille-evaluation-sujet.pdf\" target=\"_blank\" rel=\"noopener\"><img loading=\"lazy\" decoding=\"async\" class=\"alignnone wp-image-1979\" src=\"https:\/\/www.pedagogie.ac-nice.fr\/sbssa\/wp-content\/uploads\/sites\/10\/2024\/03\/PDF_file_icon.svg_-1-150x150.png\" alt=\"\" width=\"33\" height=\"33\" srcset=\"https:\/\/www.pedagogie.ac-nice.fr\/sbssa\/wp-content\/uploads\/sites\/10\/2024\/03\/PDF_file_icon.svg_-1-150x150.png 150w, https:\/\/www.pedagogie.ac-nice.fr\/sbssa\/wp-content\/uploads\/sites\/10\/2024\/03\/PDF_file_icon.svg_-1-300x300.png 300w\" sizes=\"auto, (max-width: 33px) 100vw, 33px\" \/><\/a><\/span><\/span><\/li>\n<li><span style=\"color: #000000;\">M\u00e9thodologie pour construite SE2 CCF &#8211; Exemple de situation SE2 :&nbsp;<br \/>\n<a style=\"color: #000000;\" href=\"https:\/\/www.pedagogie.ac-nice.fr\/sbssa\/wp-content\/uploads\/sites\/10\/2024\/05\/construction-SE2-CAP.docx\" target=\"_blank\" rel=\"noopener\">Construction<\/a><a style=\"color: #000000;\" href=\"https:\/\/www.pedagogie.ac-nice.fr\/sbssa\/wp-content\/uploads\/sites\/10\/2024\/05\/Padlet-PSE.docx\" target=\"_blank\" rel=\"noopener\"><img loading=\"lazy\" decoding=\"async\" class=\"alignnone wp-image-1995\" src=\"https:\/\/www.pedagogie.ac-nice.fr\/sbssa\/wp-content\/uploads\/sites\/10\/2024\/03\/microsoft-office-png-hd-ozellikle-windows-i-letim-sistemine-sahip-olan-hemen-her-bilgisayar-n-icerisinde-yer-alan-olmazsa-olmaz-microsoft-urunlerind-150x150.png\" alt=\"\" width=\"34\" height=\"34\" srcset=\"https:\/\/www.pedagogie.ac-nice.fr\/sbssa\/wp-content\/uploads\/sites\/10\/2024\/03\/microsoft-office-png-hd-ozellikle-windows-i-letim-sistemine-sahip-olan-hemen-her-bilgisayar-n-icerisinde-yer-alan-olmazsa-olmaz-microsoft-urunlerind-150x150.png 150w, https:\/\/www.pedagogie.ac-nice.fr\/sbssa\/wp-content\/uploads\/sites\/10\/2024\/03\/microsoft-office-png-hd-ozellikle-windows-i-letim-sistemine-sahip-olan-hemen-her-bilgisayar-n-icerisinde-yer-alan-olmazsa-olmaz-microsoft-urunlerind-300x300.png 300w, https:\/\/www.pedagogie.ac-nice.fr\/sbssa\/wp-content\/uploads\/sites\/10\/2024\/03\/microsoft-office-png-hd-ozellikle-windows-i-letim-sistemine-sahip-olan-hemen-her-bilgisayar-n-icerisinde-yer-alan-olmazsa-olmaz-microsoft-urunlerind-768x768.png 768w, https:\/\/www.pedagogie.ac-nice.fr\/sbssa\/wp-content\/uploads\/sites\/10\/2024\/03\/microsoft-office-png-hd-ozellikle-windows-i-letim-sistemine-sahip-olan-hemen-her-bilgisayar-n-icerisinde-yer-alan-olmazsa-olmaz-microsoft-urunlerind-720x720.png 720w, https:\/\/www.pedagogie.ac-nice.fr\/sbssa\/wp-content\/uploads\/sites\/10\/2024\/03\/microsoft-office-png-hd-ozellikle-windows-i-letim-sistemine-sahip-olan-hemen-her-bilgisayar-n-icerisinde-yer-alan-olmazsa-olmaz-microsoft-urunlerind.png 1024w\" sizes=\"auto, (max-width: 34px) 100vw, 34px\" \/><\/a> <a style=\"color: #000000;\" href=\"https:\/\/www.pedagogie.ac-nice.fr\/sbssa\/wp-content\/uploads\/sites\/10\/2024\/05\/controle-conformite-SE2-CAP.docx\" target=\"_blank\" rel=\"noopener\">Contr\u00f4le de conformit\u00e9<\/a><a style=\"color: #000000;\" href=\"https:\/\/www.pedagogie.ac-nice.fr\/sbssa\/wp-content\/uploads\/sites\/10\/2024\/05\/Padlet-PSE.docx\" target=\"_blank\" rel=\"noopener\"><img loading=\"lazy\" decoding=\"async\" class=\"alignnone wp-image-1995\" src=\"https:\/\/www.pedagogie.ac-nice.fr\/sbssa\/wp-content\/uploads\/sites\/10\/2024\/03\/microsoft-office-png-hd-ozellikle-windows-i-letim-sistemine-sahip-olan-hemen-her-bilgisayar-n-icerisinde-yer-alan-olmazsa-olmaz-microsoft-urunlerind-150x150.png\" alt=\"\" width=\"34\" height=\"34\" srcset=\"https:\/\/www.pedagogie.ac-nice.fr\/sbssa\/wp-content\/uploads\/sites\/10\/2024\/03\/microsoft-office-png-hd-ozellikle-windows-i-letim-sistemine-sahip-olan-hemen-her-bilgisayar-n-icerisinde-yer-alan-olmazsa-olmaz-microsoft-urunlerind-150x150.png 150w, https:\/\/www.pedagogie.ac-nice.fr\/sbssa\/wp-content\/uploads\/sites\/10\/2024\/03\/microsoft-office-png-hd-ozellikle-windows-i-letim-sistemine-sahip-olan-hemen-her-bilgisayar-n-icerisinde-yer-alan-olmazsa-olmaz-microsoft-urunlerind-300x300.png 300w, https:\/\/www.pedagogie.ac-nice.fr\/sbssa\/wp-content\/uploads\/sites\/10\/2024\/03\/microsoft-office-png-hd-ozellikle-windows-i-letim-sistemine-sahip-olan-hemen-her-bilgisayar-n-icerisinde-yer-alan-olmazsa-olmaz-microsoft-urunlerind-768x768.png 768w, https:\/\/www.pedagogie.ac-nice.fr\/sbssa\/wp-content\/uploads\/sites\/10\/2024\/03\/microsoft-office-png-hd-ozellikle-windows-i-letim-sistemine-sahip-olan-hemen-her-bilgisayar-n-icerisinde-yer-alan-olmazsa-olmaz-microsoft-urunlerind-720x720.png 720w, https:\/\/www.pedagogie.ac-nice.fr\/sbssa\/wp-content\/uploads\/sites\/10\/2024\/03\/microsoft-office-png-hd-ozellikle-windows-i-letim-sistemine-sahip-olan-hemen-her-bilgisayar-n-icerisinde-yer-alan-olmazsa-olmaz-microsoft-urunlerind.png 1024w\" sizes=\"auto, (max-width: 34px) 100vw, 34px\" \/><\/a> <a style=\"color: #000000;\" href=\"https:\/\/www.pedagogie.ac-nice.fr\/sbssa\/wp-content\/uploads\/sites\/10\/2024\/05\/ex-commente-SE2-pse-CAP.docx\" target=\"_blank\" rel=\"noopener\">Exemple de SE2 comment\u00e9<\/a><a style=\"color: #000000;\" href=\"https:\/\/www.pedagogie.ac-nice.fr\/sbssa\/wp-content\/uploads\/sites\/10\/2024\/05\/Padlet-PSE.docx\" target=\"_blank\" rel=\"noopener\"><img loading=\"lazy\" decoding=\"async\" class=\"alignnone wp-image-1995\" src=\"https:\/\/www.pedagogie.ac-nice.fr\/sbssa\/wp-content\/uploads\/sites\/10\/2024\/03\/microsoft-office-png-hd-ozellikle-windows-i-letim-sistemine-sahip-olan-hemen-her-bilgisayar-n-icerisinde-yer-alan-olmazsa-olmaz-microsoft-urunlerind-150x150.png\" alt=\"\" width=\"34\" height=\"34\" srcset=\"https:\/\/www.pedagogie.ac-nice.fr\/sbssa\/wp-content\/uploads\/sites\/10\/2024\/03\/microsoft-office-png-hd-ozellikle-windows-i-letim-sistemine-sahip-olan-hemen-her-bilgisayar-n-icerisinde-yer-alan-olmazsa-olmaz-microsoft-urunlerind-150x150.png 150w, https:\/\/www.pedagogie.ac-nice.fr\/sbssa\/wp-content\/uploads\/sites\/10\/2024\/03\/microsoft-office-png-hd-ozellikle-windows-i-letim-sistemine-sahip-olan-hemen-her-bilgisayar-n-icerisinde-yer-alan-olmazsa-olmaz-microsoft-urunlerind-300x300.png 300w, https:\/\/www.pedagogie.ac-nice.fr\/sbssa\/wp-content\/uploads\/sites\/10\/2024\/03\/microsoft-office-png-hd-ozellikle-windows-i-letim-sistemine-sahip-olan-hemen-her-bilgisayar-n-icerisinde-yer-alan-olmazsa-olmaz-microsoft-urunlerind-768x768.png 768w, https:\/\/www.pedagogie.ac-nice.fr\/sbssa\/wp-content\/uploads\/sites\/10\/2024\/03\/microsoft-office-png-hd-ozellikle-windows-i-letim-sistemine-sahip-olan-hemen-her-bilgisayar-n-icerisinde-yer-alan-olmazsa-olmaz-microsoft-urunlerind-720x720.png 720w, https:\/\/www.pedagogie.ac-nice.fr\/sbssa\/wp-content\/uploads\/sites\/10\/2024\/03\/microsoft-office-png-hd-ozellikle-windows-i-letim-sistemine-sahip-olan-hemen-her-bilgisayar-n-icerisinde-yer-alan-olmazsa-olmaz-microsoft-urunlerind.png 1024w\" sizes=\"auto, (max-width: 34px) 100vw, 34px\" \/><\/a> <a style=\"color: #000000;\" href=\"https:\/\/www.pedagogie.ac-nice.fr\/sbssa\/wp-content\/uploads\/sites\/10\/2024\/05\/grille-SE2-exemple-pse-CAP.docx\" target=\"_blank\" rel=\"noopener\">Grille de notation<\/a><\/span><a href=\"https:\/\/www.pedagogie.ac-nice.fr\/sbssa\/wp-content\/uploads\/sites\/10\/2024\/05\/Padlet-PSE.docx\" target=\"_blank\" rel=\"noopener\"><img loading=\"lazy\" decoding=\"async\" class=\"alignnone wp-image-1995\" src=\"https:\/\/www.pedagogie.ac-nice.fr\/sbssa\/wp-content\/uploads\/sites\/10\/2024\/03\/microsoft-office-png-hd-ozellikle-windows-i-letim-sistemine-sahip-olan-hemen-her-bilgisayar-n-icerisinde-yer-alan-olmazsa-olmaz-microsoft-urunlerind-150x150.png\" alt=\"\" width=\"34\" height=\"34\" srcset=\"https:\/\/www.pedagogie.ac-nice.fr\/sbssa\/wp-content\/uploads\/sites\/10\/2024\/03\/microsoft-office-png-hd-ozellikle-windows-i-letim-sistemine-sahip-olan-hemen-her-bilgisayar-n-icerisinde-yer-alan-olmazsa-olmaz-microsoft-urunlerind-150x150.png 150w, https:\/\/www.pedagogie.ac-nice.fr\/sbssa\/wp-content\/uploads\/sites\/10\/2024\/03\/microsoft-office-png-hd-ozellikle-windows-i-letim-sistemine-sahip-olan-hemen-her-bilgisayar-n-icerisinde-yer-alan-olmazsa-olmaz-microsoft-urunlerind-300x300.png 300w, https:\/\/www.pedagogie.ac-nice.fr\/sbssa\/wp-content\/uploads\/sites\/10\/2024\/03\/microsoft-office-png-hd-ozellikle-windows-i-letim-sistemine-sahip-olan-hemen-her-bilgisayar-n-icerisinde-yer-alan-olmazsa-olmaz-microsoft-urunlerind-768x768.png 768w, https:\/\/www.pedagogie.ac-nice.fr\/sbssa\/wp-content\/uploads\/sites\/10\/2024\/03\/microsoft-office-png-hd-ozellikle-windows-i-letim-sistemine-sahip-olan-hemen-her-bilgisayar-n-icerisinde-yer-alan-olmazsa-olmaz-microsoft-urunlerind-720x720.png 720w, https:\/\/www.pedagogie.ac-nice.fr\/sbssa\/wp-content\/uploads\/sites\/10\/2024\/03\/microsoft-office-png-hd-ozellikle-windows-i-letim-sistemine-sahip-olan-hemen-her-bilgisayar-n-icerisinde-yer-alan-olmazsa-olmaz-microsoft-urunlerind.png 1024w\" sizes=\"auto, (max-width: 34px) 100vw, 34px\" \/><\/a><\/li>\n<\/ol>\n<\/div>\n<div class=\"resource\">Ressources nationales<\/div>\n<div class=\"sous-resource\">\n<ol>\n<li><span style=\"color: #000000;\"><a style=\"color: #000000;\" href=\"https:\/\/www.pedagogie.ac-nice.fr\/sbssa\/wp-content\/uploads\/sites\/10\/dlm_uploads\/2022\/06\/PSE-CAP-Simulation-grille-evaluation-sujet.pdf\" target=\"_blank\" rel=\"noopener\">Evaluation PSE en CAP<img loading=\"lazy\" decoding=\"async\" class=\"alignnone wp-image-1979\" src=\"https:\/\/www.pedagogie.ac-nice.fr\/sbssa\/wp-content\/uploads\/sites\/10\/2024\/03\/PDF_file_icon.svg_-1-150x150.png\" alt=\"\" width=\"33\" height=\"33\" srcset=\"https:\/\/www.pedagogie.ac-nice.fr\/sbssa\/wp-content\/uploads\/sites\/10\/2024\/03\/PDF_file_icon.svg_-1-150x150.png 150w, https:\/\/www.pedagogie.ac-nice.fr\/sbssa\/wp-content\/uploads\/sites\/10\/2024\/03\/PDF_file_icon.svg_-1-300x300.png 300w\" sizes=\"auto, (max-width: 33px) 100vw, 33px\" \/><\/a><\/span><\/li>\n<li><span style=\"color: #000000;\"><a style=\"color: #000000;\" href=\"https:\/\/www.pedagogie.ac-nice.fr\/sbssa\/wp-content\/uploads\/sites\/10\/dlm_uploads\/2022\/06\/Programme-de-PSE-en-CAP.pdf\" target=\"_blank\" rel=\"noopener\">Programme de PSE en CAP<img loading=\"lazy\" decoding=\"async\" class=\"alignnone wp-image-1979\" src=\"https:\/\/www.pedagogie.ac-nice.fr\/sbssa\/wp-content\/uploads\/sites\/10\/2024\/03\/PDF_file_icon.svg_-1-150x150.png\" alt=\"\" width=\"34\" height=\"34\" srcset=\"https:\/\/www.pedagogie.ac-nice.fr\/sbssa\/wp-content\/uploads\/sites\/10\/2024\/03\/PDF_file_icon.svg_-1-150x150.png 150w, https:\/\/www.pedagogie.ac-nice.fr\/sbssa\/wp-content\/uploads\/sites\/10\/2024\/03\/PDF_file_icon.svg_-1-300x300.png 300w\" sizes=\"auto, (max-width: 34px) 100vw, 34px\" \/><\/a><\/span><\/li>\n<li><span style=\"color: #000000;\"><a style=\"color: #000000;\" href=\"https:\/\/www.pedagogie.ac-nice.fr\/sbssa\/wp-content\/uploads\/sites\/10\/2023\/11\/CAP_PSE_id23R_2306ME_Suj_v3-1.pdf\" target=\"_blank\" rel=\"noopener\">Sujet CAP 2023<img loading=\"lazy\" decoding=\"async\" class=\"alignnone wp-image-1979\" src=\"https:\/\/www.pedagogie.ac-nice.fr\/sbssa\/wp-content\/uploads\/sites\/10\/2024\/03\/PDF_file_icon.svg_-1-150x150.png\" alt=\"\" width=\"33\" height=\"33\" srcset=\"https:\/\/www.pedagogie.ac-nice.fr\/sbssa\/wp-content\/uploads\/sites\/10\/2024\/03\/PDF_file_icon.svg_-1-150x150.png 150w, https:\/\/www.pedagogie.ac-nice.fr\/sbssa\/wp-content\/uploads\/sites\/10\/2024\/03\/PDF_file_icon.svg_-1-300x300.png 300w\" sizes=\"auto, (max-width: 33px) 100vw, 33px\" \/><\/a> <a style=\"color: #000000;\" href=\"https:\/\/www.pedagogie.ac-nice.fr\/sbssa\/wp-content\/uploads\/sites\/10\/2024\/04\/19-06-2023-Correction-CAP-PSE-2022-VDefinitive-1.pdf\" target=\"_blank\" rel=\"noopener\">Corrig\u00e9 CAP 2023<\/a><\/span><img loading=\"lazy\" decoding=\"async\" class=\"alignnone wp-image-1979\" src=\"https:\/\/www.pedagogie.ac-nice.fr\/sbssa\/wp-content\/uploads\/sites\/10\/2024\/03\/PDF_file_icon.svg_-1-150x150.png\" alt=\"\" width=\"34\" height=\"34\" srcset=\"https:\/\/www.pedagogie.ac-nice.fr\/sbssa\/wp-content\/uploads\/sites\/10\/2024\/03\/PDF_file_icon.svg_-1-150x150.png 150w, https:\/\/www.pedagogie.ac-nice.fr\/sbssa\/wp-content\/uploads\/sites\/10\/2024\/03\/PDF_file_icon.svg_-1-300x300.png 300w\" sizes=\"auto, (max-width: 34px) 100vw, 34px\" \/><\/li>\n<li><span style=\"color: #000000;\"><a style=\"color: #000000;\" href=\"https:\/\/www.pedagogie.ac-nice.fr\/sbssa\/wp-content\/uploads\/sites\/10\/2024\/04\/CAP_PSE_idA__2206_MEAG_P_N_Suj_v3.pdf\" target=\"_blank\" rel=\"noopener\">Sujet CAP 2022<\/a><\/span> <img loading=\"lazy\" decoding=\"async\" class=\"alignnone wp-image-1979\" src=\"https:\/\/www.pedagogie.ac-nice.fr\/sbssa\/wp-content\/uploads\/sites\/10\/2024\/03\/PDF_file_icon.svg_-1-150x150.png\" alt=\"\" width=\"32\" height=\"32\" srcset=\"https:\/\/www.pedagogie.ac-nice.fr\/sbssa\/wp-content\/uploads\/sites\/10\/2024\/03\/PDF_file_icon.svg_-1-150x150.png 150w, https:\/\/www.pedagogie.ac-nice.fr\/sbssa\/wp-content\/uploads\/sites\/10\/2024\/03\/PDF_file_icon.svg_-1-300x300.png 300w\" sizes=\"auto, (max-width: 32px) 100vw, 32px\" \/><span style=\"color: #000000;\"><a style=\"color: #000000;\" href=\"https:\/\/www.pedagogie.ac-nice.fr\/sbssa\/wp-content\/uploads\/sites\/10\/2024\/04\/CAP_PSE_idA__2206_MEAG_P_N_Suj_v3.pdf\" target=\"_blank\" rel=\"noopener\">Corrig\u00e9 CAP 2022<\/a><\/span><\/li>\n<\/ol>\n<\/div>\n<\/div>\n<p>SST<\/p>\n<p><span style=\"color: #000000;\"><a style=\"color: #000000;\" href=\"https:\/\/www.pedagogie.ac-nice.fr\/sbssa\/wp-content\/uploads\/sites\/10\/2024\/03\/Vade-mecum-SST.pdf\" target=\"_blank\" rel=\"noopener\">Vade Mecum SST<\/a><\/span><img loading=\"lazy\" decoding=\"async\" class=\"alignnone wp-image-1979\" src=\"https:\/\/www.pedagogie.ac-nice.fr\/sbssa\/wp-content\/uploads\/sites\/10\/2024\/03\/PDF_file_icon.svg_-1-150x150.png\" alt=\"\" width=\"32\" height=\"32\" srcset=\"https:\/\/www.pedagogie.ac-nice.fr\/sbssa\/wp-content\/uploads\/sites\/10\/2024\/03\/PDF_file_icon.svg_-1-150x150.png 150w, https:\/\/www.pedagogie.ac-nice.fr\/sbssa\/wp-content\/uploads\/sites\/10\/2024\/03\/PDF_file_icon.svg_-1-300x300.png 300w\" sizes=\"auto, (max-width: 32px) 100vw, 32px\" \/><\/p>\n","protected":false},"excerpt":{"rendered":"<p>Ressources acad\u00e9miques Aide \u00e0 l\u2019\u00e9laboration d\u2019une SE2 Document d&rsquo;accompagnement&nbsp; Padlet des ressources Proposition de r\u00e9partition horaire&nbsp;&nbsp; Vade Mecum sst M\u00e9thodologie pour construite SE2 CCF &#8211; Exemple de situation SE2 :&nbsp; Construction Contr\u00f4le de conformit\u00e9 Exemple de SE2 comment\u00e9 Grille de notation Ressources nationales Evaluation PSE en CAP Programme de PSE en CAP Sujet CAP 2023 [&hellip;]<\/p>\n","protected":false},"author":1,"featured_media":0,"parent":0,"menu_order":0,"comment_status":"closed","ping_status":"closed","template":"","meta":{"ngg_post_thumbnail":0,"footnotes":""},"class_list":["post-342","page","type-page","status-publish","hentry"],"rttpg_featured_image_url":null,"rttpg_author":{"display_name":"norco","author_link":"https:\/\/www.pedagogie.ac-nice.fr\/sbssa\/author\/norco\/"},"rttpg_comment":0,"rttpg_category":null,"rttpg_excerpt":"Ressources acad\u00e9miques Aide \u00e0 l\u2019\u00e9laboration d\u2019une SE2 Document d&rsquo;accompagnement&nbsp; Padlet des ressources Proposition de r\u00e9partition horaire&nbsp;&nbsp; Vade Mecum sst M\u00e9thodologie pour construite SE2 CCF &#8211; Exemple de situation SE2 :&nbsp; Construction Contr\u00f4le de conformit\u00e9 Exemple de SE2 comment\u00e9 Grille de notation Ressources nationales Evaluation PSE en CAP Programme de PSE en CAP Sujet CAP 2023\u2026","post_mailing_queue_ids":[],"_links":{"self":[{"href":"https:\/\/www.pedagogie.ac-nice.fr\/sbssa\/wp-json\/wp\/v2\/pages\/342","targetHints":{"allow":["GET"]}}],"collection":[{"href":"https:\/\/www.pedagogie.ac-nice.fr\/sbssa\/wp-json\/wp\/v2\/pages"}],"about":[{"href":"https:\/\/www.pedagogie.ac-nice.fr\/sbssa\/wp-json\/wp\/v2\/types\/page"}],"author":[{"embeddable":true,"href":"https:\/\/www.pedagogie.ac-nice.fr\/sbssa\/wp-json\/wp\/v2\/users\/1"}],"replies":[{"embeddable":true,"href":"https:\/\/www.pedagogie.ac-nice.fr\/sbssa\/wp-json\/wp\/v2\/comments?post=342"}],"version-history":[{"count":45,"href":"https:\/\/www.pedagogie.ac-nice.fr\/sbssa\/wp-json\/wp\/v2\/pages\/342\/revisions"}],"predecessor-version":[{"id":2272,"href":"https:\/\/www.pedagogie.ac-nice.fr\/sbssa\/wp-json\/wp\/v2\/pages\/342\/revisions\/2272"}],"wp:attachment":[{"href":"https:\/\/www.pedagogie.ac-nice.fr\/sbssa\/wp-json\/wp\/v2\/media?parent=342"}],"curies":[{"name":"wp","href":"https:\/\/api.w.org\/{rel}","templated":true}]}}