{"id":354,"date":"2015-02-09T00:21:29","date_gmt":"2015-02-08T23:21:29","guid":{"rendered":"http:\/\/.\/?page_id=354"},"modified":"2024-05-23T16:20:08","modified_gmt":"2024-05-23T14:20:08","slug":"pse-bac-pro-niveau-4","status":"publish","type":"page","link":"https:\/\/www.pedagogie.ac-nice.fr\/sbssa\/pse-bac-pro-niveau-4\/","title":{"rendered":"PSE BAC PRO"},"content":{"rendered":"<div class=\"f_center\">\n<div>\n<div class=\"resource\">\n<div class=\"resource\">Epreuve de contr\u00f4le&nbsp;<\/div>\n<\/div>\n<div class=\"sous-resource\">\n<ol>\n<li><a href=\"https:\/\/www.education.gouv.fr\/bo\/22\/Hebdo4\/MENE2139306N.htm\" target=\"_blank\" rel=\"noopener\">Le texte officiel&nbsp;BO n\u00b04 du 27 janvier 2022<\/a><\/li>\n<li><a href=\"https:\/\/www.pedagogie.ac-nice.fr\/sbssa\/wp-content\/uploads\/sites\/10\/2022\/08\/grille-eval-PSE_annexe3.pdf\" target=\"_blank\" rel=\"noopener\">L&rsquo;\u00e9valuation par comp\u00e9tences s&rsquo;appuiera sur une Grille d&rsquo;\u00e9valuation<\/a><\/li>\n<\/ol>\n<\/div>\n<\/div>\n<div class=\"resource\">Ressources nationales&nbsp;<\/div>\n<\/div>\n<div class=\"f_center\">\n<div class=\"sous-resource\">\n<ol>\n<li><span style=\"color: #000000;\"><a style=\"color: #000000;\" href=\"https:\/\/www.pedagogie.ac-nice.fr\/sbssa\/wp-content\/uploads\/sites\/10\/dlm_uploads\/2022\/06\/programe-seconde.pdf\" target=\"_blank\" rel=\"noopener\">Programme PSE Seconde<\/a><a style=\"color: #000000;\" href=\"https:\/\/www.pedagogie.ac-nice.fr\/sbssa\/wp-content\/uploads\/sites\/10\/dlm_uploads\/2022\/06\/programe-seconde.pdf\" target=\"_blank\" rel=\"noopener\"><img loading=\"lazy\" decoding=\"async\" class=\"alignnone wp-image-1982\" src=\"https:\/\/www.pedagogie.ac-nice.fr\/sbssa\/wp-content\/uploads\/sites\/10\/2024\/03\/icone-pdf-1-150x150.png\" alt=\"\" width=\"42\" height=\"42\" srcset=\"https:\/\/www.pedagogie.ac-nice.fr\/sbssa\/wp-content\/uploads\/sites\/10\/2024\/03\/icone-pdf-1-150x150.png 150w, https:\/\/www.pedagogie.ac-nice.fr\/sbssa\/wp-content\/uploads\/sites\/10\/2024\/03\/icone-pdf-1.png 300w\" sizes=\"auto, (max-width: 42px) 100vw, 42px\" \/><\/a><\/span><\/li>\n<li><span style=\"color: #000000;\"><a style=\"color: #000000;\" href=\"https:\/\/www.pedagogie.ac-nice.fr\/sbssa\/wp-content\/uploads\/sites\/10\/dlm_uploads\/2022\/06\/Programme-PSE-Premiere-1.pdf\" target=\"_blank\" rel=\"noopener\">Programme PSE Premi\u00e8re<img loading=\"lazy\" decoding=\"async\" class=\"alignnone wp-image-1982\" src=\"https:\/\/www.pedagogie.ac-nice.fr\/sbssa\/wp-content\/uploads\/sites\/10\/2024\/03\/icone-pdf-1-150x150.png\" alt=\"\" width=\"39\" height=\"39\" srcset=\"https:\/\/www.pedagogie.ac-nice.fr\/sbssa\/wp-content\/uploads\/sites\/10\/2024\/03\/icone-pdf-1-150x150.png 150w, https:\/\/www.pedagogie.ac-nice.fr\/sbssa\/wp-content\/uploads\/sites\/10\/2024\/03\/icone-pdf-1.png 300w\" sizes=\"auto, (max-width: 39px) 100vw, 39px\" \/><\/a><\/span><\/li>\n<li><span style=\"color: #000000;\"><a style=\"color: #000000;\" href=\"https:\/\/www.pedagogie.ac-nice.fr\/sbssa\/wp-content\/uploads\/sites\/10\/dlm_uploads\/2022\/06\/Programme-PSE-Terminale-1.pdf\" target=\"_blank\" rel=\"noopener\">Programme PSE Terminale<\/a><\/span><span style=\"color: #000000;\"><a style=\"color: #000000;\" href=\"https:\/\/www.pedagogie.ac-nice.fr\/sbssa\/wp-content\/uploads\/sites\/10\/dlm_uploads\/2022\/06\/Programme-PSE-Terminale-1.pdf\" target=\"_blank\" rel=\"noopener\"><img loading=\"lazy\" decoding=\"async\" class=\"alignnone wp-image-1982\" src=\"https:\/\/www.pedagogie.ac-nice.fr\/sbssa\/wp-content\/uploads\/sites\/10\/2024\/03\/icone-pdf-1-150x150.png\" alt=\"\" width=\"39\" height=\"39\" srcset=\"https:\/\/www.pedagogie.ac-nice.fr\/sbssa\/wp-content\/uploads\/sites\/10\/2024\/03\/icone-pdf-1-150x150.png 150w, https:\/\/www.pedagogie.ac-nice.fr\/sbssa\/wp-content\/uploads\/sites\/10\/2024\/03\/icone-pdf-1.png 300w\" sizes=\"auto, (max-width: 39px) 100vw, 39px\" \/><\/a><\/span><\/li>\n<li><span style=\"color: #000000;\"><a style=\"color: #000000;\" href=\"https:\/\/www.pedagogie.ac-nice.fr\/sbssa\/wp-content\/uploads\/sites\/10\/dlm_uploads\/2022\/06\/Arrete_du_17_juin_2020_PSE-BacPro_0.pdf\">D\u00e9finition&nbsp; de l&rsquo;\u00e9preuve de Pr\u00e9vention Sant\u00e9 Environnement au Baccalaur\u00e9at professionnel.<\/a><\/span><\/li>\n<\/ol>\n<\/div>\n<\/div>\n<div>Sujets BCP PSE<\/div>\n<div class=\"f_center\">\n<ul style=\"list-style-type: circle;\">\n<li><span style=\"color: #000000;\"><a style=\"color: #000000;\" href=\"https:\/\/www.pedagogie.ac-nice.fr\/sbssa\/wp-content\/uploads\/sites\/10\/2023\/11\/BCP-PSE-SUJET-Protoxyde.pdf\">Sujet 2023<\/a><a style=\"color: #000000;\" href=\"https:\/\/www.pedagogie.ac-nice.fr\/sbssa\/wp-content\/uploads\/sites\/10\/2023\/11\/BCP-PSE-SUJET-Protoxyde.pdf\" target=\"_blank\" rel=\"noopener\"><img loading=\"lazy\" decoding=\"async\" class=\"alignnone wp-image-2205\" src=\"https:\/\/www.pedagogie.ac-nice.fr\/sbssa\/wp-content\/uploads\/sites\/10\/2024\/05\/image-pse-300x200.jpeg\" alt=\"\" width=\"45\" height=\"30\" srcset=\"https:\/\/www.pedagogie.ac-nice.fr\/sbssa\/wp-content\/uploads\/sites\/10\/2024\/05\/image-pse-300x200.jpeg 300w, https:\/\/www.pedagogie.ac-nice.fr\/sbssa\/wp-content\/uploads\/sites\/10\/2024\/05\/image-pse-768x512.jpeg 768w, https:\/\/www.pedagogie.ac-nice.fr\/sbssa\/wp-content\/uploads\/sites\/10\/2024\/05\/image-pse-474x324.jpeg 474w, https:\/\/www.pedagogie.ac-nice.fr\/sbssa\/wp-content\/uploads\/sites\/10\/2024\/05\/image-pse-391x260.jpeg 391w, https:\/\/www.pedagogie.ac-nice.fr\/sbssa\/wp-content\/uploads\/sites\/10\/2024\/05\/image-pse.jpeg 960w\" sizes=\"auto, (max-width: 45px) 100vw, 45px\" \/><\/a><\/span><\/li>\n<li><span style=\"color: #000000;\"><a style=\"color: #000000;\" href=\"https:\/\/www.pedagogie.ac-nice.fr\/sbssa\/wp-content\/uploads\/sites\/10\/2024\/04\/BAC-PSE-2023-Correction-27-28-06-2023-VFinale-2.pdf\" target=\"_blank\" rel=\"noopener\">Corrig\u00e9 2023<\/a><a style=\"color: #000000;\" href=\"https:\/\/www.pedagogie.ac-nice.fr\/sbssa\/wp-content\/uploads\/sites\/10\/2024\/04\/BAC-PSE-2023-Correction-27-28-06-2023-VFinale-2.pdf\" target=\"_blank\" rel=\"noopener\"><img loading=\"lazy\" decoding=\"async\" class=\"alignnone wp-image-2205\" src=\"https:\/\/www.pedagogie.ac-nice.fr\/sbssa\/wp-content\/uploads\/sites\/10\/2024\/05\/image-pse-300x200.jpeg\" alt=\"\" width=\"45\" height=\"30\" srcset=\"https:\/\/www.pedagogie.ac-nice.fr\/sbssa\/wp-content\/uploads\/sites\/10\/2024\/05\/image-pse-300x200.jpeg 300w, https:\/\/www.pedagogie.ac-nice.fr\/sbssa\/wp-content\/uploads\/sites\/10\/2024\/05\/image-pse-768x512.jpeg 768w, https:\/\/www.pedagogie.ac-nice.fr\/sbssa\/wp-content\/uploads\/sites\/10\/2024\/05\/image-pse-474x324.jpeg 474w, https:\/\/www.pedagogie.ac-nice.fr\/sbssa\/wp-content\/uploads\/sites\/10\/2024\/05\/image-pse-391x260.jpeg 391w, https:\/\/www.pedagogie.ac-nice.fr\/sbssa\/wp-content\/uploads\/sites\/10\/2024\/05\/image-pse.jpeg 960w\" sizes=\"auto, (max-width: 45px) 100vw, 45px\" \/><\/a><\/span><\/li>\n<li><span style=\"color: #000000;\"><a style=\"color: #000000;\" href=\"https:\/\/www.pedagogie.ac-nice.fr\/sbssa\/wp-content\/uploads\/sites\/10\/dlm_uploads\/2022\/08\/BCP_PSE_SUJET.pdf\" target=\"_blank\" rel=\"noopener\">Sujet 2022<\/a><a style=\"color: #000000;\" href=\"https:\/\/www.pedagogie.ac-nice.fr\/sbssa\/wp-content\/uploads\/sites\/10\/dlm_uploads\/2022\/08\/BCP_PSE_SUJET.pdf\" target=\"_blank\" rel=\"noopener\"><img loading=\"lazy\" decoding=\"async\" class=\"alignnone wp-image-2205\" src=\"https:\/\/www.pedagogie.ac-nice.fr\/sbssa\/wp-content\/uploads\/sites\/10\/2024\/05\/image-pse-300x200.jpeg\" alt=\"\" width=\"45\" height=\"30\" srcset=\"https:\/\/www.pedagogie.ac-nice.fr\/sbssa\/wp-content\/uploads\/sites\/10\/2024\/05\/image-pse-300x200.jpeg 300w, https:\/\/www.pedagogie.ac-nice.fr\/sbssa\/wp-content\/uploads\/sites\/10\/2024\/05\/image-pse-768x512.jpeg 768w, https:\/\/www.pedagogie.ac-nice.fr\/sbssa\/wp-content\/uploads\/sites\/10\/2024\/05\/image-pse-474x324.jpeg 474w, https:\/\/www.pedagogie.ac-nice.fr\/sbssa\/wp-content\/uploads\/sites\/10\/2024\/05\/image-pse-391x260.jpeg 391w, https:\/\/www.pedagogie.ac-nice.fr\/sbssa\/wp-content\/uploads\/sites\/10\/2024\/05\/image-pse.jpeg 960w\" sizes=\"auto, (max-width: 45px) 100vw, 45px\" \/><\/a><\/span><\/li>\n<li><span style=\"color: #000000;\"><a style=\"color: #000000;\" href=\"https:\/\/www.pedagogie.ac-nice.fr\/sbssa\/wp-content\/uploads\/sites\/10\/2024\/04\/Copie-de-BAC-PSE-2022-Correction-27-28-06-08-VFinale.pdf\" target=\"_blank\" rel=\"noopener\">Corrig\u00e9 2022<\/a><a style=\"color: #000000;\" href=\"https:\/\/www.pedagogie.ac-nice.fr\/sbssa\/wp-content\/uploads\/sites\/10\/2024\/04\/Copie-de-BAC-PSE-2022-Correction-27-28-06-08-VFinale.pdf\" target=\"_blank\" rel=\"noopener\"><img loading=\"lazy\" decoding=\"async\" class=\"alignnone wp-image-2205\" src=\"https:\/\/www.pedagogie.ac-nice.fr\/sbssa\/wp-content\/uploads\/sites\/10\/2024\/05\/image-pse-300x200.jpeg\" alt=\"\" width=\"45\" height=\"30\" srcset=\"https:\/\/www.pedagogie.ac-nice.fr\/sbssa\/wp-content\/uploads\/sites\/10\/2024\/05\/image-pse-300x200.jpeg 300w, https:\/\/www.pedagogie.ac-nice.fr\/sbssa\/wp-content\/uploads\/sites\/10\/2024\/05\/image-pse-768x512.jpeg 768w, https:\/\/www.pedagogie.ac-nice.fr\/sbssa\/wp-content\/uploads\/sites\/10\/2024\/05\/image-pse-474x324.jpeg 474w, https:\/\/www.pedagogie.ac-nice.fr\/sbssa\/wp-content\/uploads\/sites\/10\/2024\/05\/image-pse-391x260.jpeg 391w, https:\/\/www.pedagogie.ac-nice.fr\/sbssa\/wp-content\/uploads\/sites\/10\/2024\/05\/image-pse.jpeg 960w\" sizes=\"auto, (max-width: 45px) 100vw, 45px\" \/><\/a><\/span><\/li>\n<li><span style=\"color: #000000;\"><a style=\"color: #000000;\" href=\"https:\/\/www.pedagogie.ac-nice.fr\/sbssa\/wp-content\/uploads\/sites\/10\/2022\/08\/lesitedubacproassp_pse_sujet-metropole2021.pdf\" target=\"_blank\" rel=\"noopener\">Sujet 2021<\/a><a style=\"color: #000000;\" href=\"https:\/\/www.pedagogie.ac-nice.fr\/sbssa\/wp-content\/uploads\/sites\/10\/2022\/08\/lesitedubacproassp_pse_sujet-metropole2021.pdf\" target=\"_blank\" rel=\"noopener\"><img loading=\"lazy\" decoding=\"async\" class=\"alignnone wp-image-2205\" src=\"https:\/\/www.pedagogie.ac-nice.fr\/sbssa\/wp-content\/uploads\/sites\/10\/2024\/05\/image-pse-300x200.jpeg\" alt=\"\" width=\"45\" height=\"30\" srcset=\"https:\/\/www.pedagogie.ac-nice.fr\/sbssa\/wp-content\/uploads\/sites\/10\/2024\/05\/image-pse-300x200.jpeg 300w, https:\/\/www.pedagogie.ac-nice.fr\/sbssa\/wp-content\/uploads\/sites\/10\/2024\/05\/image-pse-768x512.jpeg 768w, https:\/\/www.pedagogie.ac-nice.fr\/sbssa\/wp-content\/uploads\/sites\/10\/2024\/05\/image-pse-474x324.jpeg 474w, https:\/\/www.pedagogie.ac-nice.fr\/sbssa\/wp-content\/uploads\/sites\/10\/2024\/05\/image-pse-391x260.jpeg 391w, https:\/\/www.pedagogie.ac-nice.fr\/sbssa\/wp-content\/uploads\/sites\/10\/2024\/05\/image-pse.jpeg 960w\" sizes=\"auto, (max-width: 45px) 100vw, 45px\" \/><\/a><\/span><\/li>\n<li><span style=\"color: #000000;\"><a style=\"color: #000000;\" href=\"https:\/\/www.pedagogie.ac-nice.fr\/sbssa\/wp-content\/uploads\/sites\/10\/dlm_uploads\/2022\/08\/BCP_PSE_SUJET.pdf\" target=\"_blank\" rel=\"noopener\">Corrig\u00e9 2021<\/a><a style=\"color: #000000;\" href=\"https:\/\/www.pedagogie.ac-nice.fr\/sbssa\/wp-content\/uploads\/sites\/10\/2023\/11\/BCP-PSE-SUJET-Protoxyde.pdf\" target=\"_blank\" rel=\"noopener\"><img loading=\"lazy\" decoding=\"async\" class=\"alignnone wp-image-2205\" src=\"https:\/\/www.pedagogie.ac-nice.fr\/sbssa\/wp-content\/uploads\/sites\/10\/2024\/05\/image-pse-300x200.jpeg\" alt=\"\" width=\"45\" height=\"30\" srcset=\"https:\/\/www.pedagogie.ac-nice.fr\/sbssa\/wp-content\/uploads\/sites\/10\/2024\/05\/image-pse-300x200.jpeg 300w, https:\/\/www.pedagogie.ac-nice.fr\/sbssa\/wp-content\/uploads\/sites\/10\/2024\/05\/image-pse-768x512.jpeg 768w, https:\/\/www.pedagogie.ac-nice.fr\/sbssa\/wp-content\/uploads\/sites\/10\/2024\/05\/image-pse-474x324.jpeg 474w, https:\/\/www.pedagogie.ac-nice.fr\/sbssa\/wp-content\/uploads\/sites\/10\/2024\/05\/image-pse-391x260.jpeg 391w, https:\/\/www.pedagogie.ac-nice.fr\/sbssa\/wp-content\/uploads\/sites\/10\/2024\/05\/image-pse.jpeg 960w\" sizes=\"auto, (max-width: 45px) 100vw, 45px\" \/><\/a><\/span><\/li>\n<\/ul>\n<\/div>\n","protected":false},"excerpt":{"rendered":"<p>Epreuve de contr\u00f4le&nbsp; Le texte officiel&nbsp;BO n\u00b04 du 27 janvier 2022 L&rsquo;\u00e9valuation par comp\u00e9tences s&rsquo;appuiera sur une Grille d&rsquo;\u00e9valuation Ressources nationales&nbsp; Programme PSE Seconde Programme PSE Premi\u00e8re Programme PSE Terminale D\u00e9finition&nbsp; de l&rsquo;\u00e9preuve de Pr\u00e9vention Sant\u00e9 Environnement au Baccalaur\u00e9at professionnel. Sujets BCP PSE Sujet 2023 Corrig\u00e9 2023 Sujet 2022 Corrig\u00e9 2022 Sujet 2021 Corrig\u00e9 2021<\/p>\n","protected":false},"author":1,"featured_media":0,"parent":0,"menu_order":0,"comment_status":"closed","ping_status":"closed","template":"","meta":{"ngg_post_thumbnail":0,"footnotes":""},"class_list":["post-354","page","type-page","status-publish","hentry"],"rttpg_featured_image_url":null,"rttpg_author":{"display_name":"norco","author_link":"https:\/\/www.pedagogie.ac-nice.fr\/sbssa\/author\/norco\/"},"rttpg_comment":0,"rttpg_category":null,"rttpg_excerpt":"Epreuve de contr\u00f4le&nbsp; Le texte officiel&nbsp;BO n\u00b04 du 27 janvier 2022 L&rsquo;\u00e9valuation par comp\u00e9tences s&rsquo;appuiera sur une Grille d&rsquo;\u00e9valuation Ressources nationales&nbsp; Programme PSE Seconde Programme PSE Premi\u00e8re Programme PSE Terminale D\u00e9finition&nbsp; de l&rsquo;\u00e9preuve de Pr\u00e9vention Sant\u00e9 Environnement au Baccalaur\u00e9at professionnel. Sujets BCP PSE Sujet 2023 Corrig\u00e9 2023 Sujet 2022 Corrig\u00e9 2022 Sujet 2021 Corrig\u00e9 2021","post_mailing_queue_ids":[],"_links":{"self":[{"href":"https:\/\/www.pedagogie.ac-nice.fr\/sbssa\/wp-json\/wp\/v2\/pages\/354","targetHints":{"allow":["GET"]}}],"collection":[{"href":"https:\/\/www.pedagogie.ac-nice.fr\/sbssa\/wp-json\/wp\/v2\/pages"}],"about":[{"href":"https:\/\/www.pedagogie.ac-nice.fr\/sbssa\/wp-json\/wp\/v2\/types\/page"}],"author":[{"embeddable":true,"href":"https:\/\/www.pedagogie.ac-nice.fr\/sbssa\/wp-json\/wp\/v2\/users\/1"}],"replies":[{"embeddable":true,"href":"https:\/\/www.pedagogie.ac-nice.fr\/sbssa\/wp-json\/wp\/v2\/comments?post=354"}],"version-history":[{"count":49,"href":"https:\/\/www.pedagogie.ac-nice.fr\/sbssa\/wp-json\/wp\/v2\/pages\/354\/revisions"}],"predecessor-version":[{"id":2210,"href":"https:\/\/www.pedagogie.ac-nice.fr\/sbssa\/wp-json\/wp\/v2\/pages\/354\/revisions\/2210"}],"wp:attachment":[{"href":"https:\/\/www.pedagogie.ac-nice.fr\/sbssa\/wp-json\/wp\/v2\/media?parent=354"}],"curies":[{"name":"wp","href":"https:\/\/api.w.org\/{rel}","templated":true}]}}