{"id":377,"date":"2015-02-10T23:22:19","date_gmt":"2015-02-10T22:22:19","guid":{"rendered":"http:\/\/.\/?page_id=377"},"modified":"2024-03-29T12:01:39","modified_gmt":"2024-03-29T11:01:39","slug":"segpa-2","status":"publish","type":"page","link":"https:\/\/www.pedagogie.ac-nice.fr\/sbssa\/segpa-2\/","title":{"rendered":"SEGPA"},"content":{"rendered":"<div class=\"f_center\">\n<div><span style=\"color: #000000;\"><a style=\"color: #000000;\" href=\"https:\/\/www.pedagogie.ac-nice.fr\/sbssa\/wp-content\/uploads\/sites\/10\/2024\/01\/guide_accompagnement_et_equipement_segpa_2022-09-13_17-21-8_508.pdf\" target=\"_blank\" rel=\"noopener\">Document d\u2019accompagnement et d\u2019\u00e9quipement pour les champs professionnels des SEGPA<\/a><\/span><\/div>\n<div>&nbsp;<\/div>\n<div class=\"resource\">Ressources acad\u00e9miques<\/div>\n<div class=\"sous-resource\">\n<ol>\n<li><a href=\"\/wp-content\/uploads\/2015\/02\/document-liaison-segpa-has.doc\" target=\"_blank\" rel=\"noopener\">Document de liaison coll\u00e8ge-milieu professionnel<img loading=\"lazy\" decoding=\"async\" class=\"alignnone size-full wp-image-79\" src=\"\/wp-content\/uploads\/2014\/10\/Word.png\" alt=\"fichier word\" width=\"24\" height=\"24\"><\/a><\/li>\n<li><a href=\"\/wp-content\/uploads\/2015\/02\/document-reference-segpa-has.doc\" target=\"_blank\" rel=\"noopener\">Document de r\u00e9f\u00e9rence<img loading=\"lazy\" decoding=\"async\" class=\"alignnone size-full wp-image-79\" src=\"\/wp-content\/uploads\/2014\/10\/Word.png\" alt=\"fichier word\" width=\"24\" height=\"24\"><\/a><\/li>\n<li><a href=\"\/wp-content\/uploads\/2015\/02\/ensemble-documentaire-segpa-has-part1.pdf\" target=\"_blank\" rel=\"noopener\">Ensemble documentaire &#8211; Partie 1<img loading=\"lazy\" decoding=\"async\" class=\"alignnone size-full wp-image-79\" src=\"\/wp-content\/uploads\/2014\/10\/fichier-pdf.png\" alt=\"fichier-pdf\" width=\"24\" height=\"24\"><\/a><\/li>\n<li><a href=\"\/wp-content\/uploads\/2015\/02\/ensemble-documentaire-segpa-has-part2.pdf\" target=\"_blank\" rel=\"noopener\">Ensemble documentaire &#8211; Partie 2<img loading=\"lazy\" decoding=\"async\" class=\"alignnone size-full wp-image-79\" src=\"\/wp-content\/uploads\/2014\/10\/fichier-pdf.png\" alt=\"fichier-pdf\" width=\"24\" height=\"24\"><\/a><\/li>\n<li><a href=\"\/wp-content\/uploads\/2015\/02\/Guide-equipement-segpa-has.doc\" target=\"_blank\" rel=\"noopener\">Guide d&rsquo;\u00e9quipement<img loading=\"lazy\" decoding=\"async\" class=\"alignnone size-full wp-image-79\" src=\"\/wp-content\/uploads\/2014\/10\/Word.png\" alt=\"fichier word\" width=\"24\" height=\"24\"><\/a><\/li>\n<li><a href=\"\/wp-content\/uploads\/2015\/02\/pedagogie-segpa-has.pdf\" target=\"_blank\" rel=\"noopener\">El\u00e9ments de p\u00e9dagogie<img loading=\"lazy\" decoding=\"async\" class=\"alignnone size-full wp-image-79\" src=\"\/wp-content\/uploads\/2014\/10\/fichier-pdf.png\" alt=\"fichier-pdf\" width=\"24\" height=\"24\"><\/a><\/li>\n<\/ol>\n<\/div>\n<div class=\"resource\">Ressources nationales<\/div>\n<div class=\"sous-resource\">\n<p><span style=\"color: #000000;\"><a style=\"color: #000000;\" href=\"https:\/\/eduscol.education.fr\/1184\/sections-d-enseignement-general-et-professionnel-adapte\" target=\"_blank\" rel=\"noopener noreferrer\">Sections d&rsquo;enseignement g\u00e9n\u00e9ral et professionnel adapt\u00e9 | \u00e9duscol | Minist\u00e8re de l&rsquo;Education Nationale et de la Jeunesse | Direction g\u00e9n\u00e9rale de l&rsquo;enseignement scolaire<\/a><\/span><\/p>\n<\/div>\n<\/div>\n","protected":false},"excerpt":{"rendered":"<p>Document d\u2019accompagnement et d\u2019\u00e9quipement pour les champs professionnels des SEGPA &nbsp; Ressources acad\u00e9miques Document de liaison coll\u00e8ge-milieu professionnel Document de r\u00e9f\u00e9rence Ensemble documentaire &#8211; Partie 1 Ensemble documentaire &#8211; Partie 2 Guide d&rsquo;\u00e9quipement El\u00e9ments de p\u00e9dagogie Ressources nationales Sections d&rsquo;enseignement g\u00e9n\u00e9ral et professionnel adapt\u00e9 | \u00e9duscol | Minist\u00e8re de l&rsquo;Education Nationale et de la Jeunesse [&hellip;]<\/p>\n","protected":false},"author":1,"featured_media":0,"parent":0,"menu_order":0,"comment_status":"closed","ping_status":"closed","template":"","meta":{"ngg_post_thumbnail":0,"footnotes":""},"class_list":["post-377","page","type-page","status-publish","hentry"],"rttpg_featured_image_url":null,"rttpg_author":{"display_name":"norco","author_link":"https:\/\/www.pedagogie.ac-nice.fr\/sbssa\/author\/norco\/"},"rttpg_comment":0,"rttpg_category":null,"rttpg_excerpt":"Document d\u2019accompagnement et d\u2019\u00e9quipement pour les champs professionnels des SEGPA &nbsp; Ressources acad\u00e9miques Document de liaison coll\u00e8ge-milieu professionnel Document de r\u00e9f\u00e9rence Ensemble documentaire &#8211; Partie 1 Ensemble documentaire &#8211; Partie 2 Guide d&rsquo;\u00e9quipement El\u00e9ments de p\u00e9dagogie Ressources nationales Sections d&rsquo;enseignement g\u00e9n\u00e9ral et professionnel adapt\u00e9 | \u00e9duscol | Minist\u00e8re de l&rsquo;Education Nationale et de la Jeunesse\u2026","post_mailing_queue_ids":[],"_links":{"self":[{"href":"https:\/\/www.pedagogie.ac-nice.fr\/sbssa\/wp-json\/wp\/v2\/pages\/377","targetHints":{"allow":["GET"]}}],"collection":[{"href":"https:\/\/www.pedagogie.ac-nice.fr\/sbssa\/wp-json\/wp\/v2\/pages"}],"about":[{"href":"https:\/\/www.pedagogie.ac-nice.fr\/sbssa\/wp-json\/wp\/v2\/types\/page"}],"author":[{"embeddable":true,"href":"https:\/\/www.pedagogie.ac-nice.fr\/sbssa\/wp-json\/wp\/v2\/users\/1"}],"replies":[{"embeddable":true,"href":"https:\/\/www.pedagogie.ac-nice.fr\/sbssa\/wp-json\/wp\/v2\/comments?post=377"}],"version-history":[{"count":8,"href":"https:\/\/www.pedagogie.ac-nice.fr\/sbssa\/wp-json\/wp\/v2\/pages\/377\/revisions"}],"predecessor-version":[{"id":2075,"href":"https:\/\/www.pedagogie.ac-nice.fr\/sbssa\/wp-json\/wp\/v2\/pages\/377\/revisions\/2075"}],"wp:attachment":[{"href":"https:\/\/www.pedagogie.ac-nice.fr\/sbssa\/wp-json\/wp\/v2\/media?parent=377"}],"curies":[{"name":"wp","href":"https:\/\/api.w.org\/{rel}","templated":true}]}}