{"id":490,"date":"2015-05-07T22:11:20","date_gmt":"2015-05-07T21:11:20","guid":{"rendered":"http:\/\/.\/?page_id=490"},"modified":"2024-03-30T18:35:07","modified_gmt":"2024-03-30T17:35:07","slug":"cap-coiffure","status":"publish","type":"page","link":"https:\/\/www.pedagogie.ac-nice.fr\/sbssa\/cap-coiffure\/","title":{"rendered":"CAP M\u00e9tiers de la Coiffure"},"content":{"rendered":"<div class=\"f_center\">\n<div class=\"resource\">Ressources acad\u00e9miques<\/div>\n<div>\n<p><strong>Ensemble documentaire<\/strong><\/p>\n<\/div>\n<div class=\"sous-resource\">\n<div>&nbsp;<\/div>\n<ol>\n<li><a href=\"\/wp-content\/uploads\/2015\/02\/Livret-de-suivi-PFMPCAP-coiffure.doc\" target=\"_blank\" rel=\"noopener\">Livret de suivi des PFMP&nbsp;<\/a><a href=\"\/wp-content\/uploads\/2015\/02\/Livret-de-suivi-PFMPCAP-coiffure.doc\" target=\"_blank\" rel=\"noopener\"><img loading=\"lazy\" decoding=\"async\" class=\"alignnone wp-image-1995\" src=\"https:\/\/www.pedagogie.ac-nice.fr\/sbssa\/wp-content\/uploads\/sites\/10\/2024\/03\/microsoft-office-png-hd-ozellikle-windows-i-letim-sistemine-sahip-olan-hemen-her-bilgisayar-n-icerisinde-yer-alan-olmazsa-olmaz-microsoft-urunlerind-150x150.png\" alt=\"\" width=\"35\" height=\"35\" srcset=\"https:\/\/www.pedagogie.ac-nice.fr\/sbssa\/wp-content\/uploads\/sites\/10\/2024\/03\/microsoft-office-png-hd-ozellikle-windows-i-letim-sistemine-sahip-olan-hemen-her-bilgisayar-n-icerisinde-yer-alan-olmazsa-olmaz-microsoft-urunlerind-150x150.png 150w, https:\/\/www.pedagogie.ac-nice.fr\/sbssa\/wp-content\/uploads\/sites\/10\/2024\/03\/microsoft-office-png-hd-ozellikle-windows-i-letim-sistemine-sahip-olan-hemen-her-bilgisayar-n-icerisinde-yer-alan-olmazsa-olmaz-microsoft-urunlerind-300x300.png 300w, https:\/\/www.pedagogie.ac-nice.fr\/sbssa\/wp-content\/uploads\/sites\/10\/2024\/03\/microsoft-office-png-hd-ozellikle-windows-i-letim-sistemine-sahip-olan-hemen-her-bilgisayar-n-icerisinde-yer-alan-olmazsa-olmaz-microsoft-urunlerind-768x768.png 768w, https:\/\/www.pedagogie.ac-nice.fr\/sbssa\/wp-content\/uploads\/sites\/10\/2024\/03\/microsoft-office-png-hd-ozellikle-windows-i-letim-sistemine-sahip-olan-hemen-her-bilgisayar-n-icerisinde-yer-alan-olmazsa-olmaz-microsoft-urunlerind-720x720.png 720w, https:\/\/www.pedagogie.ac-nice.fr\/sbssa\/wp-content\/uploads\/sites\/10\/2024\/03\/microsoft-office-png-hd-ozellikle-windows-i-letim-sistemine-sahip-olan-hemen-her-bilgisayar-n-icerisinde-yer-alan-olmazsa-olmaz-microsoft-urunlerind.png 1024w\" sizes=\"auto, (max-width: 35px) 100vw, 35px\" \/><\/a><\/li>\n<li><a href=\"https:\/\/www.pedagogie.ac-nice.fr\/sbssa\/wp-content\/uploads\/sites\/10\/2024\/03\/FORMATION-DISTANCIELLE-CCF-CAP-METIERS-DE-LA-COIFFURE-11-FEVRIER-2021-1.pdf\" target=\"_blank\" rel=\"noopener\">Formation distancielle<img loading=\"lazy\" decoding=\"async\" class=\"alignnone wp-image-1982\" src=\"https:\/\/www.pedagogie.ac-nice.fr\/sbssa\/wp-content\/uploads\/sites\/10\/2024\/03\/icone-pdf-1-150x150.png\" alt=\"\" width=\"35\" height=\"35\" srcset=\"https:\/\/www.pedagogie.ac-nice.fr\/sbssa\/wp-content\/uploads\/sites\/10\/2024\/03\/icone-pdf-1-150x150.png 150w, https:\/\/www.pedagogie.ac-nice.fr\/sbssa\/wp-content\/uploads\/sites\/10\/2024\/03\/icone-pdf-1.png 300w\" sizes=\"auto, (max-width: 35px) 100vw, 35px\" \/><\/a><\/li>\n<li><a href=\"https:\/\/www.pedagogie.ac-nice.fr\/sbssa\/wp-content\/uploads\/sites\/10\/2024\/03\/CdC-CCF-CAP-MC-1.xlsx\" target=\"_blank\" rel=\"noopener\">Grille d&rsquo;\u00e9valuation <img loading=\"lazy\" decoding=\"async\" class=\"alignnone wp-image-1969\" src=\"https:\/\/www.pedagogie.ac-nice.fr\/sbssa\/wp-content\/uploads\/sites\/10\/2024\/03\/xls-jpeg-icon-150x150.jpg\" alt=\"\" width=\"35\" height=\"35\" srcset=\"https:\/\/www.pedagogie.ac-nice.fr\/sbssa\/wp-content\/uploads\/sites\/10\/2024\/03\/xls-jpeg-icon-150x150.jpg 150w, https:\/\/www.pedagogie.ac-nice.fr\/sbssa\/wp-content\/uploads\/sites\/10\/2024\/03\/xls-jpeg-icon-300x300.jpg 300w\" sizes=\"auto, (max-width: 35px) 100vw, 35px\" \/><\/a><\/li>\n<li><a href=\"https:\/\/www.pedagogie.ac-nice.fr\/sbssa\/wp-content\/uploads\/sites\/10\/2024\/03\/Ac-NICE-Consignes-CCF-CAP-MdCOIFFURErevu-1-2.doc\" target=\"_blank\" rel=\"noopener\">Ensemble documentaire: consignes acad\u00e9miques pour le CCF <\/a><strong><img loading=\"lazy\" decoding=\"async\" class=\"alignnone wp-image-1995\" src=\"https:\/\/www.pedagogie.ac-nice.fr\/sbssa\/wp-content\/uploads\/sites\/10\/2024\/03\/microsoft-office-png-hd-ozellikle-windows-i-letim-sistemine-sahip-olan-hemen-her-bilgisayar-n-icerisinde-yer-alan-olmazsa-olmaz-microsoft-urunlerind-150x150.png\" alt=\"\" width=\"35\" height=\"35\" srcset=\"https:\/\/www.pedagogie.ac-nice.fr\/sbssa\/wp-content\/uploads\/sites\/10\/2024\/03\/microsoft-office-png-hd-ozellikle-windows-i-letim-sistemine-sahip-olan-hemen-her-bilgisayar-n-icerisinde-yer-alan-olmazsa-olmaz-microsoft-urunlerind-150x150.png 150w, https:\/\/www.pedagogie.ac-nice.fr\/sbssa\/wp-content\/uploads\/sites\/10\/2024\/03\/microsoft-office-png-hd-ozellikle-windows-i-letim-sistemine-sahip-olan-hemen-her-bilgisayar-n-icerisinde-yer-alan-olmazsa-olmaz-microsoft-urunlerind-300x300.png 300w, https:\/\/www.pedagogie.ac-nice.fr\/sbssa\/wp-content\/uploads\/sites\/10\/2024\/03\/microsoft-office-png-hd-ozellikle-windows-i-letim-sistemine-sahip-olan-hemen-her-bilgisayar-n-icerisinde-yer-alan-olmazsa-olmaz-microsoft-urunlerind-768x768.png 768w, https:\/\/www.pedagogie.ac-nice.fr\/sbssa\/wp-content\/uploads\/sites\/10\/2024\/03\/microsoft-office-png-hd-ozellikle-windows-i-letim-sistemine-sahip-olan-hemen-her-bilgisayar-n-icerisinde-yer-alan-olmazsa-olmaz-microsoft-urunlerind-720x720.png 720w, https:\/\/www.pedagogie.ac-nice.fr\/sbssa\/wp-content\/uploads\/sites\/10\/2024\/03\/microsoft-office-png-hd-ozellikle-windows-i-letim-sistemine-sahip-olan-hemen-her-bilgisayar-n-icerisinde-yer-alan-olmazsa-olmaz-microsoft-urunlerind.png 1024w\" sizes=\"auto, (max-width: 35px) 100vw, 35px\" \/><\/strong><\/li>\n<\/ol>\n<\/div>\n<div class=\"resource\">Ressources nationales<\/div>\n<div class=\"sous-resource\">\n<p class=\"v1MsoNormal\"><span style=\"color: #000000;\"><a style=\"color: #000000;\" href=\"https:\/\/eduscol.education.fr\/referentiels-professionnels\/cap_MDC.html\" target=\"_blank\" rel=\"noopener noreferrer\">R\u00e9f\u00e9rentiels des dipl\u00f4mes professionnels &#8211; annexes (education.fr)<\/a><\/span><\/p>\n<\/div>\n<\/div>\n","protected":false},"excerpt":{"rendered":"<p>Ressources acad\u00e9miques Ensemble documentaire &nbsp; Livret de suivi des PFMP&nbsp; Formation distancielle Grille d&rsquo;\u00e9valuation Ensemble documentaire: consignes acad\u00e9miques pour le CCF Ressources nationales R\u00e9f\u00e9rentiels des dipl\u00f4mes professionnels &#8211; annexes (education.fr)<\/p>\n","protected":false},"author":1,"featured_media":0,"parent":0,"menu_order":0,"comment_status":"closed","ping_status":"closed","template":"","meta":{"ngg_post_thumbnail":0,"footnotes":""},"class_list":["post-490","page","type-page","status-publish","hentry"],"rttpg_featured_image_url":null,"rttpg_author":{"display_name":"norco","author_link":"https:\/\/www.pedagogie.ac-nice.fr\/sbssa\/author\/norco\/"},"rttpg_comment":0,"rttpg_category":null,"rttpg_excerpt":"Ressources acad\u00e9miques Ensemble documentaire &nbsp; Livret de suivi des PFMP&nbsp; Formation distancielle Grille d&rsquo;\u00e9valuation Ensemble documentaire: consignes acad\u00e9miques pour le CCF Ressources nationales R\u00e9f\u00e9rentiels des dipl\u00f4mes professionnels &#8211; annexes (education.fr)","post_mailing_queue_ids":[],"_links":{"self":[{"href":"https:\/\/www.pedagogie.ac-nice.fr\/sbssa\/wp-json\/wp\/v2\/pages\/490","targetHints":{"allow":["GET"]}}],"collection":[{"href":"https:\/\/www.pedagogie.ac-nice.fr\/sbssa\/wp-json\/wp\/v2\/pages"}],"about":[{"href":"https:\/\/www.pedagogie.ac-nice.fr\/sbssa\/wp-json\/wp\/v2\/types\/page"}],"author":[{"embeddable":true,"href":"https:\/\/www.pedagogie.ac-nice.fr\/sbssa\/wp-json\/wp\/v2\/users\/1"}],"replies":[{"embeddable":true,"href":"https:\/\/www.pedagogie.ac-nice.fr\/sbssa\/wp-json\/wp\/v2\/comments?post=490"}],"version-history":[{"count":12,"href":"https:\/\/www.pedagogie.ac-nice.fr\/sbssa\/wp-json\/wp\/v2\/pages\/490\/revisions"}],"predecessor-version":[{"id":2080,"href":"https:\/\/www.pedagogie.ac-nice.fr\/sbssa\/wp-json\/wp\/v2\/pages\/490\/revisions\/2080"}],"wp:attachment":[{"href":"https:\/\/www.pedagogie.ac-nice.fr\/sbssa\/wp-json\/wp\/v2\/media?parent=490"}],"curies":[{"name":"wp","href":"https:\/\/api.w.org\/{rel}","templated":true}]}}