{"id":498,"date":"2015-05-07T23:13:28","date_gmt":"2015-05-07T22:13:28","guid":{"rendered":"http:\/\/.\/?page_id=498"},"modified":"2024-03-31T17:12:04","modified_gmt":"2024-03-31T15:12:04","slug":"brevet-professionnel-coiffure","status":"publish","type":"page","link":"https:\/\/www.pedagogie.ac-nice.fr\/sbssa\/brevet-professionnel-coiffure\/","title":{"rendered":"Bac Professionnel m\u00e9tiers de la coiffure"},"content":{"rendered":"<div class=\"f_center\">\n<div class=\"resource\">Ressources nationales<\/div>\n<div class=\"sous-resource\">\n<p><span style=\"color: #000000;\"><a style=\"color: #000000;\" href=\"https:\/\/eduscol.education.fr\/referentiels-professionnels\/bac_pro_MDC.html\" target=\"_blank\" rel=\"noopener noreferrer\">R\u00e9f\u00e9rentiels des dipl\u00f4mes professionnels &#8211; annexes (education.fr)<\/a><\/span><\/p>\n<\/div>\n<p>Ressources acad\u00e9miques<\/p>\n<\/div>\n<p>&nbsp;<\/p>\n","protected":false},"excerpt":{"rendered":"<p>Ressources nationales R\u00e9f\u00e9rentiels des dipl\u00f4mes professionnels &#8211; annexes (education.fr) Ressources acad\u00e9miques &nbsp;<\/p>\n","protected":false},"author":1,"featured_media":0,"parent":0,"menu_order":0,"comment_status":"closed","ping_status":"closed","template":"","meta":{"ngg_post_thumbnail":0,"footnotes":""},"class_list":["post-498","page","type-page","status-publish","hentry"],"rttpg_featured_image_url":null,"rttpg_author":{"display_name":"norco","author_link":"https:\/\/www.pedagogie.ac-nice.fr\/sbssa\/author\/norco\/"},"rttpg_comment":0,"rttpg_category":null,"rttpg_excerpt":"Ressources nationales R\u00e9f\u00e9rentiels des dipl\u00f4mes professionnels &#8211; annexes (education.fr) Ressources acad\u00e9miques &nbsp;","post_mailing_queue_ids":[],"_links":{"self":[{"href":"https:\/\/www.pedagogie.ac-nice.fr\/sbssa\/wp-json\/wp\/v2\/pages\/498","targetHints":{"allow":["GET"]}}],"collection":[{"href":"https:\/\/www.pedagogie.ac-nice.fr\/sbssa\/wp-json\/wp\/v2\/pages"}],"about":[{"href":"https:\/\/www.pedagogie.ac-nice.fr\/sbssa\/wp-json\/wp\/v2\/types\/page"}],"author":[{"embeddable":true,"href":"https:\/\/www.pedagogie.ac-nice.fr\/sbssa\/wp-json\/wp\/v2\/users\/1"}],"replies":[{"embeddable":true,"href":"https:\/\/www.pedagogie.ac-nice.fr\/sbssa\/wp-json\/wp\/v2\/comments?post=498"}],"version-history":[{"count":11,"href":"https:\/\/www.pedagogie.ac-nice.fr\/sbssa\/wp-json\/wp\/v2\/pages\/498\/revisions"}],"predecessor-version":[{"id":2138,"href":"https:\/\/www.pedagogie.ac-nice.fr\/sbssa\/wp-json\/wp\/v2\/pages\/498\/revisions\/2138"}],"wp:attachment":[{"href":"https:\/\/www.pedagogie.ac-nice.fr\/sbssa\/wp-json\/wp\/v2\/media?parent=498"}],"curies":[{"name":"wp","href":"https:\/\/api.w.org\/{rel}","templated":true}]}}