{"id":549,"date":"2015-05-08T00:37:41","date_gmt":"2015-05-07T23:37:41","guid":{"rendered":"http:\/\/.\/?page_id=549"},"modified":"2026-03-16T11:32:46","modified_gmt":"2026-03-16T10:32:46","slug":"bac-pro-hygiene-proprete-sterilisation","status":"publish","type":"page","link":"https:\/\/www.pedagogie.ac-nice.fr\/sbssa\/bac-pro-hygiene-proprete-sterilisation\/","title":{"rendered":"Bac Pro Hygi\u00e8ne propret\u00e9 st\u00e9rilisation"},"content":{"rendered":"<div class=\"f_center\">\n<div class=\"resource\">Ressources acad\u00e9miques Bac Pro HPS 2012<\/div>\n<div class=\"sous-resource\">\n<ol>\n<li><a href=\"https:\/\/www.pedagogie.ac-nice.fr\/sbssa\/wp-content\/uploads\/sites\/10\/2024\/03\/Version-definitive-GUIDE-ACADEMIQUE-MISE-EN-OEUVRE-DU-CCF-BAC-HPS-def.docx\" target=\"_blank\" rel=\"noopener\">Guide acad\u00e9mique de mise en oeuvre <\/a><a href=\"\/wp-content\/uploads\/2014\/10\/Livret-suivi-PFMP_HPS_version_Vierge_2013.docx\"><img loading=\"lazy\" decoding=\"async\" class=\"alignnone size-full wp-image-105\" src=\"\/wp-content\/uploads\/2014\/10\/Word.png\" alt=\"Word\" width=\"24\" height=\"24\"><\/a><\/li>\n<li><a href=\"\/wp-content\/uploads\/2014\/10\/Livret-suivi-PFMP_HPS_version_Vierge_2013.docx\">Livret de suivi PFMP <img loading=\"lazy\" decoding=\"async\" class=\"alignnone size-full wp-image-105\" src=\"\/wp-content\/uploads\/2014\/10\/Word.png\" alt=\"Word\" width=\"24\" height=\"24\"><\/a><\/li>\n<li><a href=\"\/wp-content\/uploads\/2014\/10\/Dossier-evaluation-CCF-BAC-pRO-HPS.doc\">Dossier \u00e9valuation CCF <img loading=\"lazy\" decoding=\"async\" class=\"alignnone size-full wp-image-105\" src=\"\/wp-content\/uploads\/2014\/10\/Word.png\" alt=\"Word\" width=\"24\" height=\"24\"><\/a><\/li>\n<\/ol>\n<\/div>\n<div class=\"resource\">Ressources nationales<\/div>\n<div class=\"sous-resource\">\n<p><a href=\"https:\/\/eduscol.education.fr\/referentiels-professionnels\/indexee40.html\">R\u00e9f\u00e9rentiel Bac Pro HPS 2012<\/a><\/p>\n<\/div>\n<\/div>\n","protected":false},"excerpt":{"rendered":"<p>Ressources acad\u00e9miques Bac Pro HPS 2012 Guide acad\u00e9mique de mise en oeuvre Livret de suivi PFMP Dossier \u00e9valuation CCF Ressources nationales R\u00e9f\u00e9rentiel Bac Pro HPS 2012<\/p>\n","protected":false},"author":1,"featured_media":0,"parent":0,"menu_order":0,"comment_status":"closed","ping_status":"closed","template":"","meta":{"ngg_post_thumbnail":0,"footnotes":""},"class_list":["post-549","page","type-page","status-publish","hentry"],"rttpg_featured_image_url":null,"rttpg_author":{"display_name":"norco","author_link":"https:\/\/www.pedagogie.ac-nice.fr\/sbssa\/author\/norco\/"},"rttpg_comment":0,"rttpg_category":null,"rttpg_excerpt":"Ressources acad\u00e9miques Bac Pro HPS 2012 Guide acad\u00e9mique de mise en oeuvre Livret de suivi PFMP Dossier \u00e9valuation CCF Ressources nationales R\u00e9f\u00e9rentiel Bac Pro HPS 2012","post_mailing_queue_ids":[],"_links":{"self":[{"href":"https:\/\/www.pedagogie.ac-nice.fr\/sbssa\/wp-json\/wp\/v2\/pages\/549","targetHints":{"allow":["GET"]}}],"collection":[{"href":"https:\/\/www.pedagogie.ac-nice.fr\/sbssa\/wp-json\/wp\/v2\/pages"}],"about":[{"href":"https:\/\/www.pedagogie.ac-nice.fr\/sbssa\/wp-json\/wp\/v2\/types\/page"}],"author":[{"embeddable":true,"href":"https:\/\/www.pedagogie.ac-nice.fr\/sbssa\/wp-json\/wp\/v2\/users\/1"}],"replies":[{"embeddable":true,"href":"https:\/\/www.pedagogie.ac-nice.fr\/sbssa\/wp-json\/wp\/v2\/comments?post=549"}],"version-history":[{"count":8,"href":"https:\/\/www.pedagogie.ac-nice.fr\/sbssa\/wp-json\/wp\/v2\/pages\/549\/revisions"}],"predecessor-version":[{"id":2326,"href":"https:\/\/www.pedagogie.ac-nice.fr\/sbssa\/wp-json\/wp\/v2\/pages\/549\/revisions\/2326"}],"wp:attachment":[{"href":"https:\/\/www.pedagogie.ac-nice.fr\/sbssa\/wp-json\/wp\/v2\/media?parent=549"}],"curies":[{"name":"wp","href":"https:\/\/api.w.org\/{rel}","templated":true}]}}