{"id":559,"date":"2015-05-08T00:45:10","date_gmt":"2015-05-07T23:45:10","guid":{"rendered":"http:\/\/.\/?page_id=559"},"modified":"2026-03-16T10:15:12","modified_gmt":"2026-03-16T09:15:12","slug":"cap-assistant-technique-en-milieux-familial-et-collectif","status":"publish","type":"page","link":"https:\/\/www.pedagogie.ac-nice.fr\/sbssa\/cap-assistant-technique-en-milieux-familial-et-collectif\/","title":{"rendered":"CAP Agent Accompagnant au Grand Age (AAGA)"},"content":{"rendered":"<div class=\"f_center\">\n<div><img loading=\"lazy\" decoding=\"async\" class=\"\" src=\"https:\/\/www.lyc-magnan.ac-nice.fr\/lp-magnan\/images\/michel.sicart\/aide-senior_0.jpg\" width=\"159\" height=\"75\"><\/div>\n<div>&nbsp; &nbsp; &nbsp; CAP AAGA<\/div>\n<div>&nbsp;<\/div>\n<div><span style=\"color: #000000;\"><a style=\"color: #000000;\" href=\"https:\/\/www.pedagogie.ac-nice.fr\/sbssa\/wp-content\/uploads\/sites\/10\/2024\/01\/livret-suivi-PFMP-CAP-2AGA-Ac-de-Nice-Nov2023-V1.pdf\" target=\"_blank\" rel=\"noopener\">Livret de suivi PFMP (P\u00e9riode de Formation en Milieu Professionnel).<\/a><\/span><\/div>\n<div>&nbsp;<\/div>\n<div><strong>Ressources nationales<\/strong><\/div>\n<div class=\"sous-resource\">\n<ol>\n<li><a href=\"https:\/\/www.pedagogie.ac-nice.fr\/sbssa\/wp-content\/uploads\/sites\/10\/2024\/01\/referentiel_cap_aaga.pdf\" target=\"_blank\" rel=\"noopener\">R\u00e9f\u00e9rentiel CAP Agent Accompagna<\/a><a href=\"https:\/\/www.pedagogie.ac-nice.fr\/sbssa\/wp-content\/uploads\/sites\/10\/2024\/01\/referentiel_cap_aaga.pdf\" target=\"_blank\" rel=\"noopener\">nt au Grand Age (CAP AAGA).<\/a><\/li>\n<li><a href=\"https:\/\/www.pedagogie.ac-nice.fr\/sbssa\/wp-content\/uploads\/sites\/10\/2024\/01\/GAP-12-juin58184-2.docx\" target=\"_blank\" rel=\"noopener\">Guide d&rsquo;accompagnement p\u00e9dagogique.<\/a><\/li>\n<\/ol>\n<\/div>\n<\/div>\n","protected":false},"excerpt":{"rendered":"<p>&nbsp; &nbsp; &nbsp; CAP AAGA &nbsp; Livret de suivi PFMP (P\u00e9riode de Formation en Milieu Professionnel). &nbsp; Ressources nationales R\u00e9f\u00e9rentiel CAP Agent Accompagnant au Grand Age (CAP AAGA). Guide d&rsquo;accompagnement p\u00e9dagogique.<\/p>\n","protected":false},"author":1,"featured_media":0,"parent":0,"menu_order":0,"comment_status":"closed","ping_status":"closed","template":"","meta":{"ngg_post_thumbnail":0,"footnotes":""},"class_list":["post-559","page","type-page","status-publish","hentry"],"rttpg_featured_image_url":null,"rttpg_author":{"display_name":"norco","author_link":"https:\/\/www.pedagogie.ac-nice.fr\/sbssa\/author\/norco\/"},"rttpg_comment":0,"rttpg_category":null,"rttpg_excerpt":"&nbsp; &nbsp; &nbsp; CAP AAGA &nbsp; Livret de suivi PFMP (P\u00e9riode de Formation en Milieu Professionnel). &nbsp; Ressources nationales R\u00e9f\u00e9rentiel CAP Agent Accompagnant au Grand Age (CAP AAGA). Guide d&rsquo;accompagnement p\u00e9dagogique.","post_mailing_queue_ids":[],"_links":{"self":[{"href":"https:\/\/www.pedagogie.ac-nice.fr\/sbssa\/wp-json\/wp\/v2\/pages\/559","targetHints":{"allow":["GET"]}}],"collection":[{"href":"https:\/\/www.pedagogie.ac-nice.fr\/sbssa\/wp-json\/wp\/v2\/pages"}],"about":[{"href":"https:\/\/www.pedagogie.ac-nice.fr\/sbssa\/wp-json\/wp\/v2\/types\/page"}],"author":[{"embeddable":true,"href":"https:\/\/www.pedagogie.ac-nice.fr\/sbssa\/wp-json\/wp\/v2\/users\/1"}],"replies":[{"embeddable":true,"href":"https:\/\/www.pedagogie.ac-nice.fr\/sbssa\/wp-json\/wp\/v2\/comments?post=559"}],"version-history":[{"count":15,"href":"https:\/\/www.pedagogie.ac-nice.fr\/sbssa\/wp-json\/wp\/v2\/pages\/559\/revisions"}],"predecessor-version":[{"id":2310,"href":"https:\/\/www.pedagogie.ac-nice.fr\/sbssa\/wp-json\/wp\/v2\/pages\/559\/revisions\/2310"}],"wp:attachment":[{"href":"https:\/\/www.pedagogie.ac-nice.fr\/sbssa\/wp-json\/wp\/v2\/media?parent=559"}],"curies":[{"name":"wp","href":"https:\/\/api.w.org\/{rel}","templated":true}]}}