{"id":1101,"date":"2025-02-05T08:49:37","date_gmt":"2025-02-05T07:49:37","guid":{"rendered":"https:\/\/www.pedagogie.ac-nice.fr\/ses\/?page_id=1101"},"modified":"2025-02-07T13:16:49","modified_gmt":"2025-02-07T12:16:49","slug":"orientation","status":"publish","type":"page","link":"https:\/\/www.pedagogie.ac-nice.fr\/ses\/orientation\/","title":{"rendered":"Orientation"},"content":{"rendered":"<p><a href=\"https:\/\/www.pedagogie.ac-nice.fr\/ses\/wp-content\/uploads\/sites\/9\/2024\/12\/Specialites-BACS-etudes-post-bac.pptx\">Choix des sp\u00e9cialit\u00e9s : parcours orientation <\/a><\/p>\n<p><span style=\"font-size: 14pt;\"><strong>La sp\u00e9cialit\u00e9 SES en Premi\u00e8re&nbsp;<\/strong><\/span><\/p>\n<p><a href=\"https:\/\/www.pedagogie.ac-nice.fr\/ses\/wp-content\/uploads\/sites\/9\/2024\/11\/Debouches-SPE-SES.pdf\">Les d\u00e9bouch\u00e9s de la sp\u00e9cialit\u00e9 SES<\/a><\/p>\n<p><span style=\"font-size: 14pt;\"><strong>La sp\u00e9cialit\u00e9 SES en Terminale&nbsp;<\/strong><\/span><\/p>\n<p><a href=\"https:\/\/www.pedagogie.ac-nice.fr\/ses\/wp-content\/uploads\/sites\/9\/2024\/11\/Au-lycee-je-prepare-mon-orientation.pdf\">Je pr\u00e9pare mon orientation en Terminal <\/a><\/p>\n<p><span style=\"font-size: 14pt;\"><strong>Les SES apr\u00e8s le Baccalaur\u00e9at<\/strong><\/span><\/p>\n<p><a href=\"https:\/\/www.pedagogie.ac-nice.fr\/ses\/wp-content\/uploads\/sites\/9\/2024\/12\/schema-etudes-superieures-scaled.jpg\">Sch\u00e9ma \u00e9tudes scientifiques<\/a><\/p>\n<p><a href=\"https:\/\/www.pedagogie.ac-nice.fr\/ses\/wp-content\/uploads\/sites\/9\/2024\/12\/GUIDE-POST-BAC-2024.pdf\">Guide Post Bac<\/a><\/p>\n<p><strong><a href=\"https:\/\/formation.univ-orleans.fr\/fr\/offre-de-formation\/licence-lmd-XA\/licence-double-economie-informatique-intelligence-artificielle-sciences-des-donnees-et-des-organisations-iasdo-M5M7BBME.html\">Licence Double Economie informatique &#8211; Intelligence Artificielle : Sciences des Donn\u00e9es et des Organisations (IASDO)<\/a><\/strong><\/p>\n<p><strong><a href=\"https:\/\/dcg.bonaparte.education\/\">Dipl\u00f4me de Comptabilit\u00e9 et de Gestion<\/a><\/strong><\/p>\n<p><a href=\"https:\/\/www.pedagogie.ac-nice.fr\/ses\/wp-content\/uploads\/sites\/9\/2024\/11\/Ouverture-DCG-Bonaparte-Toulon.pdf\">Lettre d&rsquo;information DCG Lyc\u00e9e Bonaparte, Toulon. <\/a><\/p>\n<p><span style=\"font-size: 12pt;\"><strong><a href=\"https:\/\/www.pedagogie.ac-nice.fr\/ses\/wp-content\/uploads\/sites\/9\/2024\/11\/Plaquette-Licence-EG.pdf\">Licence Economie et Gestion <\/a><\/strong><\/span><\/p>\n<p><strong><a href=\"https:\/\/www.pedagogie.ac-nice.fr\/ses\/wp-content\/uploads\/sites\/9\/2024\/11\/Plaquette-Double-licence-SocioEco.pdf\">Plaquette Double Licence Eco\/Socio<\/a><\/strong><\/p>\n<p><strong><a href=\"https:\/\/www.pedagogie.ac-nice.fr\/ses\/wp-content\/uploads\/sites\/9\/2024\/11\/plaquette_CPES.pdf\">Plaquette CPES<\/a><\/strong><\/p>\n<p><a href=\"https:\/\/www.pedagogie.ac-nice.fr\/ses\/wp-content\/uploads\/sites\/9\/2024\/11\/Formations-post-bac-Eco-Socio-Gestion-management.pdf\"><strong>Post bac : \u00e9conomie\/ sociologie et management<\/strong>&nbsp;<\/a><\/p>\n<p>Veuillez trouver ci-joint la pr\u00e9sentation de la pr\u00e9pa ECG du CIV<\/p>\n<a href=\"https:\/\/www.pedagogie.ac-nice.fr\/ses\/wp-content\/uploads\/sites\/9\/2024\/02\/Prepa-ECG-au-CIV-1.pdf\" class=\"pdfemb-viewer\" style=\"\" data-width=\"max\" data-height=\"max\" data-toolbar=\"bottom\" data-toolbar-fixed=\"off\">Pr\u00e9pa ECG au CIV-1<\/a>\n<p><a href=\"https:\/\/www.pedagogie.ac-nice.fr\/ses\/wp-content\/uploads\/sites\/9\/2023\/12\/Prepa-ECG-au-CIV.pdf\">https:\/\/www.pedagogie.ac-nice.fr\/ses\/wp-content\/uploads\/sites\/9\/2023\/12\/Prepa-ECG-au-CIV.pdf<\/a><\/p>\n<p><a href=\"https:\/\/www.pedagogie.ac-nice.fr\/ses\/wp-content\/uploads\/sites\/9\/2024\/03\/Au-lycee-je-prepare-mon-orientation-2023-2024.pdf\">Au lyc\u00e9e je pr\u00e9pare mon orientation<\/a><\/p>\n<p>&nbsp;<\/p>\n","protected":false},"excerpt":{"rendered":"<p>Choix des sp\u00e9cialit\u00e9s : parcours orientation La sp\u00e9cialit\u00e9 SES en Premi\u00e8re&nbsp; Les d\u00e9bouch\u00e9s de la sp\u00e9cialit\u00e9 SES La sp\u00e9cialit\u00e9 SES en Terminale&nbsp; Je pr\u00e9pare mon orientation en Terminal Les SES apr\u00e8s le Baccalaur\u00e9at Sch\u00e9ma \u00e9tudes scientifiques Guide Post Bac Licence &hellip; <a href=\"https:\/\/www.pedagogie.ac-nice.fr\/ses\/orientation\/\">Continuer la lecture <span class=\"meta-nav\">&rarr;<\/span><\/a><\/p>\n","protected":false},"author":83,"featured_media":0,"parent":0,"menu_order":0,"comment_status":"closed","ping_status":"closed","template":"","meta":{"ngg_post_thumbnail":0,"footnotes":""},"class_list":["post-1101","page","type-page","status-publish","hentry"],"rttpg_featured_image_url":null,"rttpg_author":{"display_name":"stoucas","author_link":"https:\/\/www.pedagogie.ac-nice.fr\/ses\/author\/stoucas\/"},"rttpg_comment":0,"rttpg_category":null,"rttpg_excerpt":"Choix des sp\u00e9cialit\u00e9s : parcours orientation La sp\u00e9cialit\u00e9 SES en Premi\u00e8re&nbsp; Les d\u00e9bouch\u00e9s de la sp\u00e9cialit\u00e9 SES La sp\u00e9cialit\u00e9 SES en Terminale&nbsp; Je pr\u00e9pare mon orientation en Terminal Les SES apr\u00e8s le Baccalaur\u00e9at Sch\u00e9ma \u00e9tudes scientifiques Guide Post Bac Licence &hellip; Continuer la lecture &rarr;","post_mailing_queue_ids":[],"_links":{"self":[{"href":"https:\/\/www.pedagogie.ac-nice.fr\/ses\/wp-json\/wp\/v2\/pages\/1101","targetHints":{"allow":["GET"]}}],"collection":[{"href":"https:\/\/www.pedagogie.ac-nice.fr\/ses\/wp-json\/wp\/v2\/pages"}],"about":[{"href":"https:\/\/www.pedagogie.ac-nice.fr\/ses\/wp-json\/wp\/v2\/types\/page"}],"author":[{"embeddable":true,"href":"https:\/\/www.pedagogie.ac-nice.fr\/ses\/wp-json\/wp\/v2\/users\/83"}],"replies":[{"embeddable":true,"href":"https:\/\/www.pedagogie.ac-nice.fr\/ses\/wp-json\/wp\/v2\/comments?post=1101"}],"version-history":[{"count":16,"href":"https:\/\/www.pedagogie.ac-nice.fr\/ses\/wp-json\/wp\/v2\/pages\/1101\/revisions"}],"predecessor-version":[{"id":2009,"href":"https:\/\/www.pedagogie.ac-nice.fr\/ses\/wp-json\/wp\/v2\/pages\/1101\/revisions\/2009"}],"wp:attachment":[{"href":"https:\/\/www.pedagogie.ac-nice.fr\/ses\/wp-json\/wp\/v2\/media?parent=1101"}],"curies":[{"name":"wp","href":"https:\/\/api.w.org\/{rel}","templated":true}]}}