{"id":1239,"date":"2025-03-05T08:42:11","date_gmt":"2025-03-05T07:42:11","guid":{"rendered":"https:\/\/www.pedagogie.ac-nice.fr\/ses\/?page_id=1239"},"modified":"2025-03-07T13:05:38","modified_gmt":"2025-03-07T12:05:38","slug":"terminale","status":"publish","type":"page","link":"https:\/\/www.pedagogie.ac-nice.fr\/ses\/terminale\/","title":{"rendered":"Terminale"},"content":{"rendered":"<p><span style=\"font-size: 14pt;\"><strong>Terminale&nbsp;<\/strong><\/span><\/p>\n<p><strong>Science \u00e9conomique&nbsp;<\/strong><\/p>\n<p><span style=\"font-size: 18pt;\"><em>Quels sont les sources et les d\u00e9fis de la croissance \u00e9conomique ?<\/em><\/span><\/p>\n<p><strong>Cours<\/strong><\/p>\n<p><a href=\"https:\/\/www.pedagogie.ac-nice.fr\/ses\/wp-content\/uploads\/sites\/9\/2024\/09\/COURS-CROISSANCE-2025-VERSION-ELEVE.pdf\">Version \u00e9l\u00e8ves (Juliette HAY)<\/a><\/p>\n<p><a href=\"https:\/\/www.pedagogie.ac-nice.fr\/ses\/wp-content\/uploads\/sites\/9\/2024\/09\/COURS-CROISSANCE-2025-VERSION-PROFESSEUR.pdf\">Version professeur (Juliette HAY)<\/a><\/p>\n<p><a href=\"https:\/\/www.pedagogie.ac-nice.fr\/ses\/wp-content\/uploads\/sites\/9\/2024\/09\/FICHE-DE-DEFINITIONS-CHAPITRE-1-SOURCES-et-DEFIS-de-la-CROISSANCE.pdf\">Fiche vocabulaire(Juliette HAY)<\/a><\/p>\n<p><strong>Projets<\/strong><\/p>\n<p><a href=\"https:\/\/www.pedagogie.ac-nice.fr\/ses\/wp-content\/uploads\/sites\/9\/2024\/03\/Sources-et-defis-de-la-croissance-economique.pdf\">https:\/\/www.pedagogie.ac-nice.fr\/ses\/wp-content\/uploads\/sites\/9\/2024\/03\/Sources-et-defis-de-la-croissance-economique.pdf<\/a><\/p>\n<p><span style=\"font-size: 18pt;\"><em>Quels sont les fondements du commerce international et de <\/em><\/span><span style=\"font-size: 18pt;\"><em>l\u2019internationalisation de la production ?<\/em><\/span><\/p>\n<p>Juliette HAY&nbsp;<\/p>\n<p><a href=\"https:\/\/www.pedagogie.ac-nice.fr\/ses\/wp-content\/uploads\/sites\/9\/2025\/02\/SYNTHESE-COMMERCE-INTERNATIONAL-COMPLETE.pdf\">Synth\u00e8se Quels sont les fondements du commerce international et de l\u2019internationalisation de la production ?<\/a><\/p>\n<p><a href=\"https:\/\/www.pedagogie.ac-nice.fr\/ses\/wp-content\/uploads\/sites\/9\/2025\/02\/FICHE-DE-DEFINTIONS-CHAPITRE-COMMERCE-INTER.pdf\">Fiche d\u00e9finition Quels sont les fondements du commerce international et de l\u2019internationalisation de la production ?<\/a><\/p>\n<p><a href=\"https:\/\/www.pedagogie.ac-nice.fr\/ses\/wp-content\/uploads\/sites\/9\/2024\/03\/Fondements-du-commerce-international-et-de-linternationalisation-de-la-production.pdf\">https:\/\/www.pedagogie.ac-nice.fr\/ses\/wp-content\/uploads\/sites\/9\/2024\/03\/Fondements-du-commerce-international-et-de-linternationalisation-de-la-production.pdf<\/a><\/p>\n<p><span style=\"font-size: 18pt;\"><em>Comment expliquer les crises financi\u00e8res <\/em><\/span><span style=\"font-size: 18pt;\"><em>et r\u00e9guler le syst\u00e8me financier ?<\/em><\/span><\/p>\n<p><a href=\"https:\/\/www.pedagogie.ac-nice.fr\/ses\/wp-content\/uploads\/sites\/9\/2024\/03\/Comment-expliquer-les-crises-financieres-et-reguler-le-systeme-financier.pdf\">https:\/\/www.pedagogie.ac-nice.fr\/ses\/wp-content\/uploads\/sites\/9\/2024\/03\/Comment-expliquer-les-crises-financieres-et-reguler-le-systeme-financier.pdf<\/a><\/p>\n<p><a href=\"https:\/\/www.pedagogie.ac-nice.fr\/ses\/wp-content\/uploads\/sites\/9\/2024\/02\/Crises-financieres-analyse-programme.docx\">https:\/\/www.pedagogie.ac-nice.fr\/ses\/wp-content\/uploads\/sites\/9\/2024\/02\/Crises-financieres-analyse-programme.docx<\/a><\/p>\n<p><span style=\"font-size: 18pt;\"><em>Quelles politiques \u00e9conomiques dans le <\/em><em>cadre europ\u00e9en?<\/em><\/span><\/p>\n<p><strong>COURS&nbsp;<\/strong><\/p>\n<p>Juliette HAY&nbsp;<\/p>\n<p><a href=\"https:\/\/www.pedagogie.ac-nice.fr\/ses\/wp-content\/uploads\/sites\/9\/2025\/03\/CHAPITRE-PROF-EUROPE-2025.pdf\">Quelles politiques \u00e9conomiques dans le cadre europ\u00e9en ? Version professeur<\/a><\/p>\n<p><a href=\"https:\/\/www.pedagogie.ac-nice.fr\/ses\/wp-content\/uploads\/sites\/9\/2025\/03\/cours-VE-EUROPE-2025.pdf\">Quelles politiques \u00e9conomiques dans le cadre europ\u00e9en ? VE<\/a><\/p>\n<p><a href=\"https:\/\/www.pedagogie.ac-nice.fr\/ses\/wp-content\/uploads\/sites\/9\/2024\/02\/SYNTHESE-EUROPE-2024-1.pdf\">https:\/\/www.pedagogie.ac-nice.fr\/ses\/wp-content\/uploads\/sites\/9\/2024\/02\/SYNTHESE-EUROPE-2024-1.pdf<\/a><\/p>\n<p><a href=\"https:\/\/www.pedagogie.ac-nice.fr\/ses\/wp-content\/uploads\/sites\/9\/2024\/02\/FICHE-DEFINITIONS-EUROPE-1-1.pdf\">https:\/\/www.pedagogie.ac-nice.fr\/ses\/wp-content\/uploads\/sites\/9\/2024\/02\/FICHE-DEFINITIONS-EUROPE-1-1.pdf<\/a><\/p>\n<p><span style=\"font-size: 18pt;\"><em>Comment lutter contre le ch\u00f4mage ?&nbsp;<\/em><\/span><\/p>\n<p><a href=\"https:\/\/www.pedagogie.ac-nice.fr\/ses\/wp-content\/uploads\/sites\/9\/2024\/03\/Comment-lutter-contre-le-chomage.pdf\">https:\/\/www.pedagogie.ac-nice.fr\/ses\/wp-content\/uploads\/sites\/9\/2024\/03\/Comment-lutter-contre-le-chomage.pdf<\/a><\/p>\n<p><a href=\"https:\/\/www.pedagogie.ac-nice.fr\/ses\/wp-content\/uploads\/sites\/9\/2024\/02\/Chomage-analyse-programme.docx\">https:\/\/www.pedagogie.ac-nice.fr\/ses\/wp-content\/uploads\/sites\/9\/2024\/02\/Chomage-analyse-programme.docx<\/a><\/p>\n<p><strong>Sociologie et science politique&nbsp;<\/strong><\/p>\n<p><span style=\"font-size: 18pt;\"><em>Comment est structur\u00e9e la soci\u00e9t\u00e9 fran\u00e7aise actuelle ?<\/em><\/span><\/p>\n<p><a href=\"https:\/\/www.pedagogie.ac-nice.fr\/ses\/wp-content\/uploads\/sites\/9\/2024\/03\/La-structure-de-la-societe-francaise-actuelle.pdf\">https:\/\/www.pedagogie.ac-nice.fr\/ses\/wp-content\/uploads\/sites\/9\/2024\/03\/La-structure-de-la-societe-francaise-actuelle.pdf<\/a><\/p>\n<p><a href=\"https:\/\/www.pedagogie.ac-nice.fr\/ses\/wp-content\/uploads\/sites\/9\/2025\/01\/CHAPITRE-STRUCTURE-SOCIALE-VERSION-PROF-2024-2025.pdf\">Cours Version Prof Comment est structur\u00e9e la soci\u00e9t\u00e9 fran\u00e7aise actuelle ?<\/a><\/p>\n<p><a href=\"https:\/\/www.pedagogie.ac-nice.fr\/ses\/wp-content\/uploads\/sites\/9\/2025\/01\/CHAPITRE-STRUCTURE-SOCIALE-VERSION-ELEVE-2024-2025.pdf\">Cours version \u00e9l\u00e8ve Comment est structur\u00e9e la soci\u00e9t\u00e9 fran\u00e7aise actuelle ?<\/a><\/p>\n<p><a href=\"https:\/\/www.pedagogie.ac-nice.fr\/ses\/wp-content\/uploads\/sites\/9\/2025\/01\/FICHE-de-SYNTHESE-CHAPITRE-STRUCTURE-SOCIALE-2024-2025.pdf\">Fiche synth\u00e8se : comment est structur\u00e9e la soci\u00e9t\u00e9 fran\u00e7aise actuelle ?<\/a><\/p>\n<p><a href=\"https:\/\/www.pedagogie.ac-nice.fr\/ses\/wp-content\/uploads\/sites\/9\/2025\/01\/FICHE-DE-DEFINITIONS-CHAPITRE-STRUCTURE-SOCIALE.pdf\">Fiche d\u00e9finition : comment est structur\u00e9e la soci\u00e9t\u00e9 fran\u00e7aise actuelle ? <\/a><\/p>\n<p><span style=\"font-size: 18pt;\"><em>Quelle est l\u2019action de <\/em><em>l\u2019\u00c9cole sur les destins <\/em><em>individuels et sur <\/em><em>l\u2019\u00e9volution de la soci\u00e9t\u00e9 ?<\/em><\/span><\/p>\n<p><span style=\"font-size: 18pt;\"><em>Quels sont les <\/em><em>caract\u00e9ristiques <\/em><em>contemporaines et les <\/em><em>facteurs de la mobilit\u00e9 <\/em><em>sociale ?<\/em><\/span><\/p>\n<p><span style=\"font-size: 18pt;\">Quelles mutations du travail et de l\u2019emploi ?<\/span><\/p>\n<p><a href=\"https:\/\/www.pedagogie.ac-nice.fr\/ses\/wp-content\/uploads\/sites\/9\/2024\/03\/Les-mutations-du-travail-et-de-lemploi.pdf\">https:\/\/www.pedagogie.ac-nice.fr\/ses\/wp-content\/uploads\/sites\/9\/2024\/03\/Les-mutations-du-travail-et-de-lemploi.pdf<\/a><\/p>\n<p><span style=\"font-size: 18pt;\"><em>Comment expliquer l\u2019engagement politique dans les soci\u00e9t\u00e9s d\u00e9mocratiques ?<\/em><\/span><\/p>\n<p>Juliette HAY<\/p>\n<p><a href=\"https:\/\/www.pedagogie.ac-nice.fr\/ses\/wp-content\/uploads\/sites\/9\/2025\/02\/SYNTHESE-ENGAGEMENT-POLITIQUE-2025.pdf\">Synth\u00e8se Comment expliquer l\u2019engagement politique dans les soci\u00e9t\u00e9s d\u00e9mocratiques ?<\/a><\/p>\n<p><a href=\"https:\/\/www.pedagogie.ac-nice.fr\/ses\/wp-content\/uploads\/sites\/9\/2025\/02\/DEFINITIONS-ENGAGEMENT-POLITIQUE.pdf\">Fiche vocabulaire Comment expliquer l\u2019engagement politique dans les soci\u00e9t\u00e9s d\u00e9mocratiques ?<\/a><\/p>\n<p><a href=\"https:\/\/www.pedagogie.ac-nice.fr\/ses\/wp-content\/uploads\/sites\/9\/2025\/02\/ENGAGEMENT-POLITIQUE-VERSION-PROF.pdf\">Version Professeur Comment expliquer l\u2019engagement politique dans les soci\u00e9t\u00e9s d\u00e9mocratiques ?<\/a><\/p>\n<p><a href=\"https:\/\/www.pedagogie.ac-nice.fr\/ses\/wp-content\/uploads\/sites\/9\/2025\/02\/nouvel-engagement-politique-version-eleve-finale.pdf\">Version \u00e9l\u00e8ves Comment expliquer l\u2019engagement politique dans les soci\u00e9t\u00e9s d\u00e9mocratiques ?<\/a><\/p>\n<p><a href=\"https:\/\/www.pedagogie.ac-nice.fr\/ses\/wp-content\/uploads\/sites\/9\/2024\/05\/Term_Engagement_politique-1.docx\">https:\/\/www.pedagogie.ac-nice.fr\/ses\/wp-content\/uploads\/sites\/9\/2024\/05\/Term_Engagement_politique-1.docx (Morgan HOBEIKA)<\/a><\/p>\n<p><strong>Regards crois\u00e9s&nbsp;<\/strong><\/p>\n<p><span style=\"font-size: 18pt;\"><em>Quelles in\u00e9galit\u00e9s sont compatibles avec les diff\u00e9rentes conceptions de <\/em><em>la justice sociale ?<\/em><\/span><\/p>\n<p><a href=\"https:\/\/www.pedagogie.ac-nice.fr\/ses\/wp-content\/uploads\/sites\/9\/2024\/03\/Les-inegalites-et-les-differentes-conceptions-de-la-justice-sociale.pdf\">https:\/\/www.pedagogie.ac-nice.fr\/ses\/wp-content\/uploads\/sites\/9\/2024\/03\/Les-inegalites-et-les-differentes-conceptions-de-la-justice-sociale.pdf<\/a><\/p>\n<p><span style=\"font-size: 18pt;\"><em>Quelle action publique pour l\u2019environnement ?<\/em><\/span><\/p>\n","protected":false},"excerpt":{"rendered":"<p>Terminale&nbsp; Science \u00e9conomique&nbsp; Quels sont les sources et les d\u00e9fis de la croissance \u00e9conomique ? Cours Version \u00e9l\u00e8ves (Juliette HAY) Version professeur (Juliette HAY) Fiche vocabulaire(Juliette HAY) Projets https:\/\/www.pedagogie.ac-nice.fr\/ses\/wp-content\/uploads\/sites\/9\/2024\/03\/Sources-et-defis-de-la-croissance-economique.pdf Quels sont les fondements du commerce international et de l\u2019internationalisation de &hellip; <a href=\"https:\/\/www.pedagogie.ac-nice.fr\/ses\/terminale\/\">Continuer la lecture <span class=\"meta-nav\">&rarr;<\/span><\/a><\/p>\n","protected":false},"author":399,"featured_media":0,"parent":0,"menu_order":0,"comment_status":"closed","ping_status":"closed","template":"","meta":{"ngg_post_thumbnail":0,"footnotes":""},"class_list":["post-1239","page","type-page","status-publish","hentry"],"rttpg_featured_image_url":null,"rttpg_author":{"display_name":"rcouillet","author_link":"https:\/\/www.pedagogie.ac-nice.fr\/ses\/author\/rcouillet\/"},"rttpg_comment":0,"rttpg_category":null,"rttpg_excerpt":"Terminale&nbsp; Science \u00e9conomique&nbsp; Quels sont les sources et les d\u00e9fis de la croissance \u00e9conomique ? Cours Version \u00e9l\u00e8ves (Juliette HAY) Version professeur (Juliette HAY) Fiche vocabulaire(Juliette HAY) Projets https:\/\/www.pedagogie.ac-nice.fr\/ses\/wp-content\/uploads\/sites\/9\/2024\/03\/Sources-et-defis-de-la-croissance-economique.pdf Quels sont les fondements du commerce international et de l\u2019internationalisation de &hellip; Continuer la lecture &rarr;","post_mailing_queue_ids":[],"_links":{"self":[{"href":"https:\/\/www.pedagogie.ac-nice.fr\/ses\/wp-json\/wp\/v2\/pages\/1239","targetHints":{"allow":["GET"]}}],"collection":[{"href":"https:\/\/www.pedagogie.ac-nice.fr\/ses\/wp-json\/wp\/v2\/pages"}],"about":[{"href":"https:\/\/www.pedagogie.ac-nice.fr\/ses\/wp-json\/wp\/v2\/types\/page"}],"author":[{"embeddable":true,"href":"https:\/\/www.pedagogie.ac-nice.fr\/ses\/wp-json\/wp\/v2\/users\/399"}],"replies":[{"embeddable":true,"href":"https:\/\/www.pedagogie.ac-nice.fr\/ses\/wp-json\/wp\/v2\/comments?post=1239"}],"version-history":[{"count":11,"href":"https:\/\/www.pedagogie.ac-nice.fr\/ses\/wp-json\/wp\/v2\/pages\/1239\/revisions"}],"predecessor-version":[{"id":2044,"href":"https:\/\/www.pedagogie.ac-nice.fr\/ses\/wp-json\/wp\/v2\/pages\/1239\/revisions\/2044"}],"wp:attachment":[{"href":"https:\/\/www.pedagogie.ac-nice.fr\/ses\/wp-json\/wp\/v2\/media?parent=1239"}],"curies":[{"name":"wp","href":"https:\/\/api.w.org\/{rel}","templated":true}]}}