{"id":1243,"date":"2024-03-11T18:01:34","date_gmt":"2024-03-11T17:01:34","guid":{"rendered":"https:\/\/www.pedagogie.ac-nice.fr\/ses\/?page_id=1243"},"modified":"2024-05-21T08:11:55","modified_gmt":"2024-05-21T06:11:55","slug":"premiere","status":"publish","type":"page","link":"https:\/\/www.pedagogie.ac-nice.fr\/ses\/premiere\/","title":{"rendered":"Premi\u00e8re"},"content":{"rendered":"<p><strong>Premi\u00e8re&nbsp;<\/strong><\/p>\n<p><strong>Sciences \u00e9conomiques&nbsp;<\/strong><\/p>\n<p><em>Comment un march\u00e9 concurrentiel fonctionne-t-il ?<\/em><\/p>\n<p><em>Comment les march\u00e9s imparfaitement concurrentiels fonctionnent-ils ?<\/em><\/p>\n<p><em>Quelles sont les principales d\u00e9faillances du march\u00e9 ?<\/em><\/p>\n<p><em>Comment les agents \u00e9conomiques se financent-ils ?<\/em><\/p>\n<p><em>Qu\u2019est-ce que la monnaie et comment est-elle cr\u00e9\u00e9e ?<\/em><\/p>\n<p><strong>Sociologie et science politique&nbsp;<\/strong><\/p>\n<p><em>Comment la socialisation contribue-t-elle \u00e0 expliquer les diff\u00e9rences de comportement des individus ?<\/em><\/p>\n<p><em>Comment se construisent et \u00e9voluent les liens sociaux ?<\/em><\/p>\n<p><em>Quels sont les processus sociaux qui contribuent \u00e0 la d\u00e9viance ?<\/em><\/p>\n<p><a href=\"https:\/\/www.pedagogie.ac-nice.fr\/ses\/wp-content\/uploads\/sites\/9\/2024\/05\/1ere_Controlesocial_deviance_delinquance-1.docx\">https:\/\/www.pedagogie.ac-nice.fr\/ses\/wp-content\/uploads\/sites\/9\/2024\/05\/1ere_Controlesocial_deviance_delinquance-1.docx (Morgan HOBEIKA)<\/a><\/p>\n<p><em>Comment se forme et s\u2019exprime l\u2019opinion publique ?<\/em><\/p>\n<p><em>Voter : une affaire individuelle ou collective ?<\/em><\/p>\n<p><strong>Regards crois\u00e9s&nbsp;<\/strong><\/p>\n<p><em>Comment l\u2019assurance et la protection sociale contribuent-elles \u00e0 la gestion des risques dans les soci\u00e9t\u00e9s d\u00e9velopp\u00e9es ?<\/em><\/p>\n<p><em>Comment les entreprises sont-elles organis\u00e9es et gouvern\u00e9es ?<\/em><\/p>\n","protected":false},"excerpt":{"rendered":"<p>Premi\u00e8re&nbsp; Sciences \u00e9conomiques&nbsp; Comment un march\u00e9 concurrentiel fonctionne-t-il ? Comment les march\u00e9s imparfaitement concurrentiels fonctionnent-ils ? Quelles sont les principales d\u00e9faillances du march\u00e9 ? Comment les agents \u00e9conomiques se financent-ils ? Qu\u2019est-ce que la monnaie et comment est-elle cr\u00e9\u00e9e ? &hellip; <a href=\"https:\/\/www.pedagogie.ac-nice.fr\/ses\/premiere\/\">Continuer la lecture <span class=\"meta-nav\">&rarr;<\/span><\/a><\/p>\n","protected":false},"author":399,"featured_media":0,"parent":0,"menu_order":0,"comment_status":"closed","ping_status":"closed","template":"","meta":{"ngg_post_thumbnail":0,"footnotes":""},"class_list":["post-1243","page","type-page","status-publish","hentry"],"rttpg_featured_image_url":null,"rttpg_author":{"display_name":"rcouillet","author_link":"https:\/\/www.pedagogie.ac-nice.fr\/ses\/author\/rcouillet\/"},"rttpg_comment":0,"rttpg_category":null,"rttpg_excerpt":"Premi\u00e8re&nbsp; Sciences \u00e9conomiques&nbsp; Comment un march\u00e9 concurrentiel fonctionne-t-il ? Comment les march\u00e9s imparfaitement concurrentiels fonctionnent-ils ? Quelles sont les principales d\u00e9faillances du march\u00e9 ? Comment les agents \u00e9conomiques se financent-ils ? Qu\u2019est-ce que la monnaie et comment est-elle cr\u00e9\u00e9e ? &hellip; Continuer la lecture &rarr;","post_mailing_queue_ids":[],"_links":{"self":[{"href":"https:\/\/www.pedagogie.ac-nice.fr\/ses\/wp-json\/wp\/v2\/pages\/1243","targetHints":{"allow":["GET"]}}],"collection":[{"href":"https:\/\/www.pedagogie.ac-nice.fr\/ses\/wp-json\/wp\/v2\/pages"}],"about":[{"href":"https:\/\/www.pedagogie.ac-nice.fr\/ses\/wp-json\/wp\/v2\/types\/page"}],"author":[{"embeddable":true,"href":"https:\/\/www.pedagogie.ac-nice.fr\/ses\/wp-json\/wp\/v2\/users\/399"}],"replies":[{"embeddable":true,"href":"https:\/\/www.pedagogie.ac-nice.fr\/ses\/wp-json\/wp\/v2\/comments?post=1243"}],"version-history":[{"count":5,"href":"https:\/\/www.pedagogie.ac-nice.fr\/ses\/wp-json\/wp\/v2\/pages\/1243\/revisions"}],"predecessor-version":[{"id":1721,"href":"https:\/\/www.pedagogie.ac-nice.fr\/ses\/wp-json\/wp\/v2\/pages\/1243\/revisions\/1721"}],"wp:attachment":[{"href":"https:\/\/www.pedagogie.ac-nice.fr\/ses\/wp-json\/wp\/v2\/media?parent=1243"}],"curies":[{"name":"wp","href":"https:\/\/api.w.org\/{rel}","templated":true}]}}