{"id":1244,"date":"2025-03-05T11:01:34","date_gmt":"2025-03-05T10:01:34","guid":{"rendered":"https:\/\/www.pedagogie.ac-nice.fr\/ses\/?page_id=1244"},"modified":"2025-03-07T13:26:28","modified_gmt":"2025-03-07T12:26:28","slug":"seconde","status":"publish","type":"page","link":"https:\/\/www.pedagogie.ac-nice.fr\/ses\/seconde\/","title":{"rendered":"Seconde"},"content":{"rendered":"<p><span style=\"font-size: 18pt;\"><em>Comment les \u00e9conomistes, les sociologues et les politistes raisonnent-ils et travaillent-ils ?<\/em><\/span><\/p>\n<p><strong>Cours<\/strong>&nbsp;<\/p>\n<p><a href=\"https:\/\/www.pedagogie.ac-nice.fr\/ses\/wp-content\/uploads\/sites\/9\/2024\/09\/CHAPITRE-1-SECONDE-version-ELEVE-2024-2025.pdf\">version \u00e9l\u00e8ves (Juliette HAY)<\/a><\/p>\n<p><a href=\"https:\/\/www.pedagogie.ac-nice.fr\/ses\/wp-content\/uploads\/sites\/9\/2024\/09\/CHAPITRE-1-SECONDE-version-PROFESSEUR.pdf\">Version professeur (Juliette HAY)<\/a><\/p>\n<p><strong>Projets&nbsp;<\/strong><\/p>\n<p><a href=\"https:\/\/www.pedagogie.ac-nice.fr\/ses\/wp-content\/uploads\/sites\/9\/2024\/07\/2nde-Outils-et-methodes-des-SES-presentation-dynamique.docx\">https:\/\/www.pedagogie.ac-nice.fr\/ses\/wp-content\/uploads\/sites\/9\/2024\/07\/2nde-Outils-et-methodes-des-SES-presentation-dynamique.docx<\/a><\/p>\n<p><span style=\"font-size: 14pt;\"><strong>Sciences \u00e9conomiques&nbsp;<\/strong><\/span><\/p>\n<p><span style=\"font-size: 18pt;\"><em>Comment cr\u00e9e-t-on des richesses et comment les mesure-t-on ?<\/em><\/span><\/p>\n<p><strong>Cours&nbsp;<\/strong><\/p>\n<p>Juliette HAY<\/p>\n<p><a href=\"https:\/\/www.pedagogie.ac-nice.fr\/ses\/wp-content\/uploads\/sites\/9\/2025\/03\/CHAPITRE-PROF-PRODUCTION-2026.pdf\">Comment cr\u00e9e-t-on des richesses et comment les mesure-t-on ? VP<\/a><\/p>\n<p><a href=\"https:\/\/www.pedagogie.ac-nice.fr\/ses\/wp-content\/uploads\/sites\/9\/2025\/03\/CHAPITRE-2-SECONDE-VERSION-ELEVE-2026-1.pdf\">Comment cr\u00e9e-t-on des richesses et comment les mesure ? VE<\/a><\/p>\n<p><strong>Projets&nbsp;<\/strong><\/p>\n<p><a href=\"https:\/\/www.pedagogie.ac-nice.fr\/ses\/wp-content\/uploads\/sites\/9\/2024\/07\/2nde-Creation-de-richesses-empreinte-ecologique-affiche-1.docx\">https:\/\/www.pedagogie.ac-nice.fr\/ses\/wp-content\/uploads\/sites\/9\/2024\/07\/2nde-Creation-de-richesses-empreinte-ecologique-affiche-1.docx<\/a><\/p>\n<p><a href=\"https:\/\/www.pedagogie.ac-nice.fr\/ses\/wp-content\/uploads\/sites\/9\/2024\/07\/2nde-Entreprise-et-creation-de-richesses-visite-entreprise-dossier-relie.doc\">https:\/\/www.pedagogie.ac-nice.fr\/ses\/wp-content\/uploads\/sites\/9\/2024\/07\/2nde-Entreprise-et-creation-de-richesses-visite-entreprise-dossier-relie.doc<\/a><\/p>\n<p><span style=\"font-size: 18pt;\"><em>Comment se forment les prix sur un march\u00e9 ?<\/em><\/span><\/p>\n<p><strong>Cours<\/strong><\/p>\n<p>&nbsp;<\/p>\n<p><strong>Projets&nbsp;<\/strong><\/p>\n<p><a href=\"https:\/\/www.pedagogie.ac-nice.fr\/ses\/wp-content\/uploads\/sites\/9\/2024\/07\/2nde-Etude-dun-marche-observations-entretiens.docx\">https:\/\/www.pedagogie.ac-nice.fr\/ses\/wp-content\/uploads\/sites\/9\/2024\/07\/2nde-Etude-dun-marche-observations-entretiens.docx<\/a><\/p>\n<p>&nbsp;<\/p>\n<p><span style=\"font-size: 14pt;\"><strong>Sociologie et science politique&nbsp;<\/strong><\/span><\/p>\n<p><span style=\"font-size: 18pt;\"><em>Comment devenons-nous des acteurs sociaux ?<\/em><\/span><\/p>\n<p><strong>Cours<\/strong><\/p>\n<p>Juliette HAY<\/p>\n<p><a href=\"https:\/\/www.pedagogie.ac-nice.fr\/ses\/wp-content\/uploads\/sites\/9\/2025\/03\/SECONDE-SOCIALISATION-PROF-2025.pdf\">Comment devenons nous des acteurs sociaux ? version prof<\/a><\/p>\n<p><a href=\"https:\/\/www.pedagogie.ac-nice.fr\/ses\/wp-content\/uploads\/sites\/9\/2025\/03\/SECONDE-SOCIALISATION-ELEVE-2025.pdf\">Comment devenons nous des acteurs sociaux ? Version \u00e9l\u00e8ves<\/a><\/p>\n<p><strong>Projets&nbsp;<\/strong><\/p>\n<p><a href=\"https:\/\/www.pedagogie.ac-nice.fr\/ses\/wp-content\/uploads\/sites\/9\/2024\/07\/2nde-Acteurs-sociaux-piece-theatre-Mindmap.docx\">https:\/\/www.pedagogie.ac-nice.fr\/ses\/wp-content\/uploads\/sites\/9\/2024\/07\/2nde-Acteurs-sociaux-piece-theatre-Mindmap.docx<\/a><\/p>\n<p><a href=\"https:\/\/www.pedagogie.ac-nice.fr\/ses\/wp-content\/uploads\/sites\/9\/2024\/07\/2nde-Acteurs-sociaux-reportage-photo.docx\">https:\/\/www.pedagogie.ac-nice.fr\/ses\/wp-content\/uploads\/sites\/9\/2024\/07\/2nde-Acteurs-sociaux-reportage-photo.docx<\/a><\/p>\n<p><a href=\"https:\/\/www.pedagogie.ac-nice.fr\/ses\/wp-content\/uploads\/sites\/9\/2024\/07\/2nde-Acteurs-sociaux-article-de-presse-publicite.odt\">https:\/\/www.pedagogie.ac-nice.fr\/ses\/wp-content\/uploads\/sites\/9\/2024\/07\/2nde-Acteurs-sociaux-article-de-presse-publicite.odt<\/a><\/p>\n<p>&nbsp;<\/p>\n<p><span style=\"font-size: 18pt;\"><em>Comment s\u2019organise la vie politique ?<\/em><\/span><\/p>\n<p><strong>Cours<\/strong><\/p>\n<p><a href=\"https:\/\/www.pedagogie.ac-nice.fr\/ses\/wp-content\/uploads\/sites\/9\/2020\/04\/Chapitre-V-comment-sorganise-la-vie-politique-\u00e9l\u00e8ves.docx\">Chapitre V comment s&rsquo;organise la vie politique (\u00e9l\u00e8ves)<\/a><\/p>\n<p><a href=\"https:\/\/www.pedagogie.ac-nice.fr\/ses\/wp-content\/uploads\/sites\/9\/2020\/04\/Chapitre-V-comment-sorganise-la-vie-politique-profs.docx\">Chapitre V comment s&rsquo;organise la vie politique (profs)<\/a><\/p>\n<p><strong>Projets&nbsp;<\/strong><\/p>\n<p><a href=\"https:\/\/www.pedagogie.ac-nice.fr\/ses\/wp-content\/uploads\/sites\/9\/2024\/07\/2nde-Organisation-de-la-vie-politique-article-journal.docx\">https:\/\/www.pedagogie.ac-nice.fr\/ses\/wp-content\/uploads\/sites\/9\/2024\/07\/2nde-Organisation-de-la-vie-politique-article-journal.docx<\/a><\/p>\n<p><a href=\"https:\/\/www.pedagogie.ac-nice.fr\/ses\/wp-content\/uploads\/sites\/9\/2024\/07\/2nde-Organisation-de-la-vie-politique-QR-code.docx\">https:\/\/www.pedagogie.ac-nice.fr\/ses\/wp-content\/uploads\/sites\/9\/2024\/07\/2nde-Organisation-de-la-vie-politique-QR-code.docx<\/a><\/p>\n<p><span style=\"font-size: 14pt;\"><strong>Regards crois\u00e9s&nbsp;<\/strong><\/span><\/p>\n<p><span style=\"font-size: 18pt;\"><em>Quelles relations entre le dipl\u00f4me, l\u2019emploi et le salaire ?<\/em><\/span><\/p>\n<p><strong>Cours<\/strong><\/p>\n<p><a href=\"https:\/\/www.pedagogie.ac-nice.fr\/ses\/wp-content\/uploads\/sites\/9\/2024\/05\/2nde_emploi_formation-1.docx\">https:\/\/www.pedagogie.ac-nice.fr\/ses\/wp-content\/uploads\/sites\/9\/2024\/05\/2nde_emploi_formation-1.docx (Morgan HOBEIKA)<\/a><\/p>\n<p><strong>Projets&nbsp;<\/strong><\/p>\n<p><a href=\"https:\/\/www.pedagogie.ac-nice.fr\/ses\/wp-content\/uploads\/sites\/9\/2024\/07\/2nde-Diplome-emploi-salaire-video-podcast.docx\">https:\/\/www.pedagogie.ac-nice.fr\/ses\/wp-content\/uploads\/sites\/9\/2024\/07\/2nde-Diplome-emploi-salaire-video-podcast.docx<\/a><\/p>\n<p>&nbsp;<\/p>\n","protected":false},"excerpt":{"rendered":"<p>Comment les \u00e9conomistes, les sociologues et les politistes raisonnent-ils et travaillent-ils ? Cours&nbsp; version \u00e9l\u00e8ves (Juliette HAY) Version professeur (Juliette HAY) Projets&nbsp; https:\/\/www.pedagogie.ac-nice.fr\/ses\/wp-content\/uploads\/sites\/9\/2024\/07\/2nde-Outils-et-methodes-des-SES-presentation-dynamique.docx Sciences \u00e9conomiques&nbsp; Comment cr\u00e9e-t-on des richesses et comment les mesure-t-on ? Cours&nbsp; Juliette HAY Comment cr\u00e9e-t-on des &hellip; <a href=\"https:\/\/www.pedagogie.ac-nice.fr\/ses\/seconde\/\">Continuer la lecture <span class=\"meta-nav\">&rarr;<\/span><\/a><\/p>\n","protected":false},"author":399,"featured_media":0,"parent":0,"menu_order":0,"comment_status":"closed","ping_status":"closed","template":"","meta":{"ngg_post_thumbnail":0,"footnotes":""},"class_list":["post-1244","page","type-page","status-publish","hentry"],"rttpg_featured_image_url":null,"rttpg_author":{"display_name":"rcouillet","author_link":"https:\/\/www.pedagogie.ac-nice.fr\/ses\/author\/rcouillet\/"},"rttpg_comment":0,"rttpg_category":null,"rttpg_excerpt":"Comment les \u00e9conomistes, les sociologues et les politistes raisonnent-ils et travaillent-ils ? Cours&nbsp; version \u00e9l\u00e8ves (Juliette HAY) Version professeur (Juliette HAY) Projets&nbsp; https:\/\/www.pedagogie.ac-nice.fr\/ses\/wp-content\/uploads\/sites\/9\/2024\/07\/2nde-Outils-et-methodes-des-SES-presentation-dynamique.docx Sciences \u00e9conomiques&nbsp; Comment cr\u00e9e-t-on des richesses et comment les mesure-t-on ? Cours&nbsp; Juliette HAY Comment cr\u00e9e-t-on des &hellip; Continuer la lecture &rarr;","post_mailing_queue_ids":[],"_links":{"self":[{"href":"https:\/\/www.pedagogie.ac-nice.fr\/ses\/wp-json\/wp\/v2\/pages\/1244","targetHints":{"allow":["GET"]}}],"collection":[{"href":"https:\/\/www.pedagogie.ac-nice.fr\/ses\/wp-json\/wp\/v2\/pages"}],"about":[{"href":"https:\/\/www.pedagogie.ac-nice.fr\/ses\/wp-json\/wp\/v2\/types\/page"}],"author":[{"embeddable":true,"href":"https:\/\/www.pedagogie.ac-nice.fr\/ses\/wp-json\/wp\/v2\/users\/399"}],"replies":[{"embeddable":true,"href":"https:\/\/www.pedagogie.ac-nice.fr\/ses\/wp-json\/wp\/v2\/comments?post=1244"}],"version-history":[{"count":15,"href":"https:\/\/www.pedagogie.ac-nice.fr\/ses\/wp-json\/wp\/v2\/pages\/1244\/revisions"}],"predecessor-version":[{"id":2050,"href":"https:\/\/www.pedagogie.ac-nice.fr\/ses\/wp-json\/wp\/v2\/pages\/1244\/revisions\/2050"}],"wp:attachment":[{"href":"https:\/\/www.pedagogie.ac-nice.fr\/ses\/wp-json\/wp\/v2\/media?parent=1244"}],"curies":[{"name":"wp","href":"https:\/\/api.w.org\/{rel}","templated":true}]}}