{"id":1246,"date":"2025-04-11T18:01:34","date_gmt":"2025-04-11T16:01:34","guid":{"rendered":"https:\/\/www.pedagogie.ac-nice.fr\/ses\/?page_id=1246"},"modified":"2025-12-12T10:18:33","modified_gmt":"2025-12-12T09:18:33","slug":"formation-disciplinaire","status":"publish","type":"page","link":"https:\/\/www.pedagogie.ac-nice.fr\/ses\/formation-disciplinaire\/","title":{"rendered":"Formations disciplinaires"},"content":{"rendered":"<div class=\"v1moz-cite-prefix\">Liens formations acad\u00e9miques (pr\u00e9-inscriptions) : t\u00e9l\u00e9charger le document =&gt;&nbsp; <a href=\"https:\/\/www.pedagogie.ac-nice.fr\/ses\/wp-content\/uploads\/sites\/9\/2025\/12\/Liens-pre-inscriptions-formations-PrAF-2025-2026-semestre-2-1.docx\">pr\u00e9 inscripitions <\/a><\/div>\n<div>&nbsp;<\/div>\n<div class=\"v1moz-cite-prefix\"><a href=\"https:\/\/www.pedagogie.ac-nice.fr\/ses\/wp-content\/uploads\/sites\/9\/2025\/12\/Liens-pre-inscriptions-formations-PrAF-2025-2026-semestre-2-1.docx\">Liens pr\u00e9-inscriptions formations PrAF 2025 2026 &#8211; semestre 2 (1)<\/a><\/div>\n<p><i>Formation en direction des enseignants de SES de l&rsquo;acad\u00e9mie de la R\u00e9union par F. Carluer (IGESR) sur le questionnement de terminale \u00ab\u00a0Quels sont les fondements du commerce international et de l&rsquo;internationalisation de la production?\u00a0\u00bb<\/i><\/p>\n<div class=\"v1moz-forward-container\"><a class=\"v1moz-txt-link-freetext\" href=\"https:\/\/www.ac-reunion.fr\/formations-et-stages-en-ses-130389\" target=\"_blank\" rel=\"noopener noreferrer\">https:\/\/www.ac-reunion.fr\/formations-et-stages-en-ses-130389<\/a><\/div>\n<p><span style=\"font-size: 12pt;\"><strong>Informations pour la rentr\u00e9e 2024-2025<\/strong><\/span><\/p>\n<div class=\"v1moz-cite-prefix\">\n<p class=\"v1MsoNormal\">* CONFERENCE COLLEGE DE FRANCE<\/p>\n<p class=\"v1MsoNormal\">Bienvenue au webinaire donn\u00e9 par le Pr. Philippe Aghion, du Coll\u00e8ge de France, et organis\u00e9 dans le cadre du Campus de l&rsquo;Innovation pour les Lyc\u00e9es.<\/p>\n<p class=\"v1MsoNormal\">&nbsp;&nbsp;<b><span dir=\"ltr\">Le jeudi 19 septembre de 18h \u00e0 19h<\/span><\/b><\/p>\n<p class=\"v1MsoNormal\"><b>Th\u00e8me&nbsp;: Les impacts \u00e9conomiques et sociaux de l&rsquo;IA<\/b><\/p>\n<p class=\"v1MsoNormal\">&nbsp; Veuillez trouver le lien zoom ci-dessous&nbsp;:&nbsp;<\/p>\n<p class=\"v1MsoNormal\">&nbsp;&nbsp;<a class=\"v1moz-txt-link-freetext\" href=\"https:\/\/zoom.us\/j\/96922340941\" target=\"_blank\" rel=\"noopener noreferrer\">https:\/\/zoom.us\/j\/96922340941<\/a><\/p>\n<p class=\"v1MsoNormal\">&nbsp; Le nombre d&rsquo;auditeurs \u00e9tant limit\u00e9 \u00e0 1&nbsp;000, nous prendrons les premiers connect\u00e9s.<\/p>\n<p class=\"v1MsoNormal\">Nous esp\u00e9rons vous y retrouver nombreux.<\/p>\n<\/div>\n<div class=\"v1moz-cite-prefix\">&nbsp;<\/div>\n<div class=\"v1moz-cite-prefix\">*CONFERENCES BANQUE DE FRANCE<\/div>\n<div class=\"v1moz-cite-prefix\">\n<p>Calendrier des visioconf\u00e9rences destin\u00e9es aux enseignants pour la rentr\u00e9e 2024-2025.<\/p>\n<p class=\"v1MsoNormal\">Les conf\u00e9rences auront lieu des mercredis, de 14 \u00e0 16h&nbsp;:<\/p>\n<p class=\"v1MsoNormal\">1.&nbsp;&nbsp;&nbsp;&nbsp;&nbsp;<b>&nbsp;Les crises \u00e9conomiques et financi\u00e8res<\/b>&nbsp;:&nbsp;02\/10\/2024- Adrien Lehman<\/p>\n<p class=\"v1MsoNormal\">&nbsp;2.&nbsp;&nbsp;&nbsp;&nbsp;&nbsp;&nbsp;<b>R\u00f4les et missions de la Banque de France<\/b>&nbsp;: 04\/12\/2024&nbsp;-Philippe Faure &nbsp;<\/p>\n<p class=\"v1MsoNormal\">&nbsp;3.&nbsp;&nbsp;&nbsp;&nbsp;&nbsp;&nbsp;<b>La monnaie sous toutes ses formes<\/b>&nbsp;: 05\/02\/2025- Jean-Marc Lherm &nbsp;<\/p>\n<p class=\"v1MsoNormal\">&nbsp;4.&nbsp;&nbsp;&nbsp;&nbsp;&nbsp;&nbsp;<b>Les arnaques<\/b>&nbsp;: 02\/04\/2025&nbsp;-Marguerite Collignan &nbsp;<\/p>\n<p class=\"v1MsoNormal\">&nbsp;Les liens de connexion seront transmis ult\u00e9rieurement.<\/p>\n<p><strong>Documents pour la formation disciplinaire<\/strong><\/p>\n<p><a href=\"https:\/\/www.pedagogie.ac-nice.fr\/ses\/wp-content\/uploads\/sites\/9\/2024\/09\/Reflexions-sur-Economie-pour-le-XXIe-siecle-de-L.-Eloi.pdf\">L&rsquo;\u00e9conomie pour le XXI iem si\u00e8cle : r\u00e9flexion de L. Eloi <\/a><\/p>\n<\/div>\n<p><a href=\"https:\/\/www.pedagogie.ac-nice.fr\/ses\/wp-content\/uploads\/sites\/9\/2024\/04\/Nouveaux-enjeux-de-politique-monetaire-et-son-articulation.pptx\">Nouveaux enjeux de la politique mon\u00e9taire et de son articulation avec la politique budg\u00e9taire<\/a><\/p>\n<p><a href=\"https:\/\/www.pedagogie.ac-nice.fr\/ses\/wp-content\/uploads\/sites\/9\/2024\/03\/Comment-expliquer-les-crises-financieres-et-reguler-le-systeme-financier.pdf\">Comment expliquer les crises financi\u00e8res et r\u00e9guler le syst\u00e8me financier ? <\/a><\/p>\n<p><a href=\"https:\/\/www.pedagogie.ac-nice.fr\/ses\/wp-content\/uploads\/sites\/9\/2024\/03\/Comment-lutter-contre-le-chomage.pdf\">Comment lutter contre le ch\u00f4mage ? <\/a><\/p>\n<p><a href=\"https:\/\/www.pedagogie.ac-nice.fr\/ses\/wp-content\/uploads\/sites\/9\/2024\/02\/Reflexions-sur-Les-structures-fondamentales-des-societes-humaines-de-B.-Lahire.pdf\">B. Lahire Les structures fondamentales des soci\u00e9t\u00e9s humaines<\/a><\/p>\n<p>&nbsp;<\/p>\n<p>&nbsp;<\/p>\n<p>&nbsp;<\/p>\n<p>&nbsp;<\/p>\n<p>&nbsp;<\/p>\n<p>&nbsp;<\/p>\n<p>&nbsp;<\/p>\n<p>&nbsp;<\/p>\n<p>&nbsp;<\/p>\n","protected":false},"excerpt":{"rendered":"<p>Liens formations acad\u00e9miques (pr\u00e9-inscriptions) : t\u00e9l\u00e9charger le document =&gt;&nbsp; pr\u00e9 inscripitions &nbsp; Liens pr\u00e9-inscriptions formations PrAF 2025 2026 &#8211; semestre 2 (1) Formation en direction des enseignants de SES de l&rsquo;acad\u00e9mie de la R\u00e9union par F. Carluer (IGESR) sur le &hellip; <a href=\"https:\/\/www.pedagogie.ac-nice.fr\/ses\/formation-disciplinaire\/\">Continuer la lecture <span class=\"meta-nav\">&rarr;<\/span><\/a><\/p>\n","protected":false},"author":399,"featured_media":0,"parent":0,"menu_order":0,"comment_status":"closed","ping_status":"closed","template":"","meta":{"ngg_post_thumbnail":0,"footnotes":""},"class_list":["post-1246","page","type-page","status-publish","hentry"],"rttpg_featured_image_url":null,"rttpg_author":{"display_name":"rcouillet","author_link":"https:\/\/www.pedagogie.ac-nice.fr\/ses\/author\/rcouillet\/"},"rttpg_comment":0,"rttpg_category":null,"rttpg_excerpt":"Liens formations acad\u00e9miques (pr\u00e9-inscriptions) : t\u00e9l\u00e9charger le document =&gt;&nbsp; pr\u00e9 inscripitions &nbsp; Liens pr\u00e9-inscriptions formations PrAF 2025 2026 &#8211; semestre 2 (1) Formation en direction des enseignants de SES de l&rsquo;acad\u00e9mie de la R\u00e9union par F. Carluer (IGESR) sur le &hellip; Continuer la lecture &rarr;","post_mailing_queue_ids":[],"_links":{"self":[{"href":"https:\/\/www.pedagogie.ac-nice.fr\/ses\/wp-json\/wp\/v2\/pages\/1246","targetHints":{"allow":["GET"]}}],"collection":[{"href":"https:\/\/www.pedagogie.ac-nice.fr\/ses\/wp-json\/wp\/v2\/pages"}],"about":[{"href":"https:\/\/www.pedagogie.ac-nice.fr\/ses\/wp-json\/wp\/v2\/types\/page"}],"author":[{"embeddable":true,"href":"https:\/\/www.pedagogie.ac-nice.fr\/ses\/wp-json\/wp\/v2\/users\/399"}],"replies":[{"embeddable":true,"href":"https:\/\/www.pedagogie.ac-nice.fr\/ses\/wp-json\/wp\/v2\/comments?post=1246"}],"version-history":[{"count":18,"href":"https:\/\/www.pedagogie.ac-nice.fr\/ses\/wp-json\/wp\/v2\/pages\/1246\/revisions"}],"predecessor-version":[{"id":2236,"href":"https:\/\/www.pedagogie.ac-nice.fr\/ses\/wp-json\/wp\/v2\/pages\/1246\/revisions\/2236"}],"wp:attachment":[{"href":"https:\/\/www.pedagogie.ac-nice.fr\/ses\/wp-json\/wp\/v2\/media?parent=1246"}],"curies":[{"name":"wp","href":"https:\/\/api.w.org\/{rel}","templated":true}]}}