{"id":1291,"date":"2025-03-20T09:08:51","date_gmt":"2025-03-20T08:08:51","guid":{"rendered":"https:\/\/www.pedagogie.ac-nice.fr\/ses\/?page_id=1291"},"modified":"2025-03-27T11:11:44","modified_gmt":"2025-03-27T10:11:44","slug":"grand-oral","status":"publish","type":"page","link":"https:\/\/www.pedagogie.ac-nice.fr\/ses\/grand-oral\/","title":{"rendered":"Grand Oral"},"content":{"rendered":"<p><a href=\"https:\/\/www.pedagogie.ac-nice.fr\/ses\/wp-content\/uploads\/sites\/9\/2024\/05\/Fiche_grand_oral.docx\">https:\/\/www.pedagogie.ac-nice.fr\/ses\/wp-content\/uploads\/sites\/9\/2024\/05\/Fiche_grand_oral.docx<\/a><\/p>\n<p>Morgan HOBEIKA<\/p>\n<p><a href=\"https:\/\/www.pedagogie.ac-nice.fr\/ses\/wp-content\/uploads\/sites\/9\/2025\/03\/Les-differentes-etapes-de-preparation-du-grand-oral.pdf\">Les diff\u00e9rentes \u00e9tapes de pr\u00e9paration au grand oral en SES.<\/a><\/p>\n<p><a href=\"https:\/\/www.pedagogie.ac-nice.fr\/ses\/wp-content\/uploads\/sites\/9\/2024\/03\/Livret-de-preparation-au-Grand-oral.docx\">Livret de preparation au Grand oral<\/a><\/p>\n<p><a href=\"https:\/\/www.pedagogie.ac-nice.fr\/ses\/wp-content\/uploads\/sites\/9\/2024\/03\/FEUILLE-PREPARATOIRE-Grand-oral-1.docx\">FEUILLE PREPARATOIRE Grand oral<\/a><\/p>\n<p><a href=\"https:\/\/www.pedagogie.ac-nice.fr\/ses\/wp-content\/uploads\/sites\/9\/2024\/03\/Ressources-grand-oral.docx\">Ressources grand oral<\/a><\/p>\n<p><a href=\"https:\/\/www.pedagogie.ac-nice.fr\/ses\/wp-content\/uploads\/sites\/9\/2024\/03\/Ressources-utilisables-par-theme.docx\">Ressources utilisables par th\u00e8me<\/a><\/p>\n<p>&nbsp;<\/p>\n","protected":false},"excerpt":{"rendered":"<p>https:\/\/www.pedagogie.ac-nice.fr\/ses\/wp-content\/uploads\/sites\/9\/2024\/05\/Fiche_grand_oral.docx Morgan HOBEIKA Les diff\u00e9rentes \u00e9tapes de pr\u00e9paration au grand oral en SES. Livret de preparation au Grand oral FEUILLE PREPARATOIRE Grand oral Ressources grand oral Ressources utilisables par th\u00e8me &nbsp;<\/p>\n","protected":false},"author":399,"featured_media":0,"parent":0,"menu_order":0,"comment_status":"closed","ping_status":"closed","template":"","meta":{"ngg_post_thumbnail":0,"footnotes":""},"class_list":["post-1291","page","type-page","status-publish","hentry"],"rttpg_featured_image_url":null,"rttpg_author":{"display_name":"rcouillet","author_link":"https:\/\/www.pedagogie.ac-nice.fr\/ses\/author\/rcouillet\/"},"rttpg_comment":0,"rttpg_category":null,"rttpg_excerpt":"https:\/\/www.pedagogie.ac-nice.fr\/ses\/wp-content\/uploads\/sites\/9\/2024\/05\/Fiche_grand_oral.docx Morgan HOBEIKA Les diff\u00e9rentes \u00e9tapes de pr\u00e9paration au grand oral en SES. Livret de preparation au Grand oral FEUILLE PREPARATOIRE Grand oral Ressources grand oral Ressources utilisables par th\u00e8me &nbsp;","post_mailing_queue_ids":[],"_links":{"self":[{"href":"https:\/\/www.pedagogie.ac-nice.fr\/ses\/wp-json\/wp\/v2\/pages\/1291","targetHints":{"allow":["GET"]}}],"collection":[{"href":"https:\/\/www.pedagogie.ac-nice.fr\/ses\/wp-json\/wp\/v2\/pages"}],"about":[{"href":"https:\/\/www.pedagogie.ac-nice.fr\/ses\/wp-json\/wp\/v2\/types\/page"}],"author":[{"embeddable":true,"href":"https:\/\/www.pedagogie.ac-nice.fr\/ses\/wp-json\/wp\/v2\/users\/399"}],"replies":[{"embeddable":true,"href":"https:\/\/www.pedagogie.ac-nice.fr\/ses\/wp-json\/wp\/v2\/comments?post=1291"}],"version-history":[{"count":7,"href":"https:\/\/www.pedagogie.ac-nice.fr\/ses\/wp-json\/wp\/v2\/pages\/1291\/revisions"}],"predecessor-version":[{"id":2060,"href":"https:\/\/www.pedagogie.ac-nice.fr\/ses\/wp-json\/wp\/v2\/pages\/1291\/revisions\/2060"}],"wp:attachment":[{"href":"https:\/\/www.pedagogie.ac-nice.fr\/ses\/wp-json\/wp\/v2\/media?parent=1291"}],"curies":[{"name":"wp","href":"https:\/\/api.w.org\/{rel}","templated":true}]}}