{"id":1322,"date":"2024-05-05T08:29:47","date_gmt":"2024-05-05T06:29:47","guid":{"rendered":"https:\/\/www.pedagogie.ac-nice.fr\/ses\/?page_id=1322"},"modified":"2025-09-23T11:21:30","modified_gmt":"2025-09-23T09:21:30","slug":"sociologie","status":"publish","type":"page","link":"https:\/\/www.pedagogie.ac-nice.fr\/ses\/sociologie\/","title":{"rendered":"Sociologie et science politique"},"content":{"rendered":"<p><strong>Sociologie et science politique&nbsp;<\/strong><\/p>\n<p><em>Comment est structur\u00e9e la soci\u00e9t\u00e9 fran\u00e7aise actuelle ?<\/em><\/p>\n<p><a href=\"https:\/\/www.pedagogie.ac-nice.fr\/ses\/wp-content\/uploads\/sites\/9\/2024\/03\/La-structure-de-la-societe-francaise-actuelle.pdf\">https:\/\/www.pedagogie.ac-nice.fr\/ses\/wp-content\/uploads\/sites\/9\/2024\/03\/La-structure-de-la-societe-francaise-actuelle.pdf<\/a><\/p>\n<p><a href=\"https:\/\/www.pedagogie.ac-nice.fr\/ses\/wp-content\/uploads\/sites\/9\/2025\/09\/TERM.SES_.CHAP_.STRUCT.SOC_.2025.ELEVES_compressed.pdf\">Cours version \u00e9l\u00e8ves (Nicole DUVERT)<\/a><\/p>\n<p><a href=\"https:\/\/www.pedagogie.ac-nice.fr\/ses\/wp-content\/uploads\/sites\/9\/2025\/01\/CHAPITRE-STRUCTURE-SOCIALE-VERSION-PROF-2024-2025.pdf\">Cours Version Prof Comment est structur\u00e9e la soci\u00e9t\u00e9 fran\u00e7aise actuelle ?<\/a><\/p>\n<p><a href=\"https:\/\/www.pedagogie.ac-nice.fr\/ses\/wp-content\/uploads\/sites\/9\/2025\/01\/CHAPITRE-STRUCTURE-SOCIALE-VERSION-ELEVE-2024-2025.pdf\">Cours version \u00e9l\u00e8ve Comment est structur\u00e9e la soci\u00e9t\u00e9 fran\u00e7aise actuelle ?<\/a><\/p>\n<p><a href=\"https:\/\/www.pedagogie.ac-nice.fr\/ses\/wp-content\/uploads\/sites\/9\/2025\/01\/FICHE-de-SYNTHESE-CHAPITRE-STRUCTURE-SOCIALE-2024-2025.pdf\">Fiche synth\u00e8se : comment est structur\u00e9e la soci\u00e9t\u00e9 fran\u00e7aise actuelle ?<\/a><\/p>\n<p><a href=\"https:\/\/www.pedagogie.ac-nice.fr\/ses\/wp-content\/uploads\/sites\/9\/2025\/01\/FICHE-DE-DEFINITIONS-CHAPITRE-STRUCTURE-SOCIALE.pdf\">Fiche d\u00e9finition : comment est structur\u00e9e la soci\u00e9t\u00e9 fran\u00e7aise actuelle ? <\/a><\/p>\n<p>&nbsp;<\/p>\n<p><em>Quelle est l\u2019action de <\/em><em>l\u2019\u00c9cole sur les destins <\/em><em>individuels et sur <\/em><em>l\u2019\u00e9volution de la soci\u00e9t\u00e9 ?<\/em><\/p>\n<p><em>Quels sont les <\/em><em>caract\u00e9ristiques <\/em><em>contemporaines et les <\/em><em>facteurs de la mobilit\u00e9 <\/em><em>sociale ?<\/em><\/p>\n<p>Quelles mutations du travail et de l\u2019emploi ?<\/p>\n<p><a href=\"https:\/\/www.pedagogie.ac-nice.fr\/ses\/wp-content\/uploads\/sites\/9\/2024\/03\/Les-mutations-du-travail-et-de-lemploi.pdf\">https:\/\/www.pedagogie.ac-nice.fr\/ses\/wp-content\/uploads\/sites\/9\/2024\/03\/Les-mutations-du-travail-et-de-lemploi.pdf<\/a><\/p>\n<p><em>Comment expliquer l\u2019engagement politique dans les soci\u00e9t\u00e9s d\u00e9mocratiques ?<\/em><\/p>\n<p>Juliette HAY<\/p>\n<p><a href=\"https:\/\/www.pedagogie.ac-nice.fr\/ses\/wp-content\/uploads\/sites\/9\/2025\/02\/SYNTHESE-ENGAGEMENT-POLITIQUE-2025.pdf\">Synth\u00e8se Comment expliquer l\u2019engagement politique dans les soci\u00e9t\u00e9s d\u00e9mocratiques ?<\/a><\/p>\n<p><a href=\"https:\/\/www.pedagogie.ac-nice.fr\/ses\/wp-content\/uploads\/sites\/9\/2025\/02\/DEFINITIONS-ENGAGEMENT-POLITIQUE.pdf\">Fiche vocabulaire Comment expliquer l\u2019engagement politique dans les soci\u00e9t\u00e9s d\u00e9mocratiques ?<\/a><\/p>\n<p><a href=\"https:\/\/www.pedagogie.ac-nice.fr\/ses\/wp-content\/uploads\/sites\/9\/2025\/02\/ENGAGEMENT-POLITIQUE-VERSION-PROF.pdf\">Version Professeur Comment expliquer l\u2019engagement politique dans les soci\u00e9t\u00e9s d\u00e9mocratiques ?<\/a><\/p>\n<p><a href=\"https:\/\/www.pedagogie.ac-nice.fr\/ses\/wp-content\/uploads\/sites\/9\/2025\/02\/nouvel-engagement-politique-version-eleve-finale.pdf\">Version \u00e9l\u00e8ves Comment expliquer l\u2019engagement politique dans les soci\u00e9t\u00e9s d\u00e9mocratiques ?<\/a><\/p>\n<p>&nbsp;<\/p>\n<p><a href=\"https:\/\/www.pedagogie.ac-nice.fr\/ses\/wp-content\/uploads\/sites\/9\/2024\/05\/Term_Engagement_politique-1.docx\">https:\/\/www.pedagogie.ac-nice.fr\/ses\/wp-content\/uploads\/sites\/9\/2024\/05\/Term_Engagement_politique-1.docx (Morgan HOBEIKA)<\/a><\/p>\n","protected":false},"excerpt":{"rendered":"<p>Sociologie et science politique&nbsp; Comment est structur\u00e9e la soci\u00e9t\u00e9 fran\u00e7aise actuelle ? https:\/\/www.pedagogie.ac-nice.fr\/ses\/wp-content\/uploads\/sites\/9\/2024\/03\/La-structure-de-la-societe-francaise-actuelle.pdf Cours version \u00e9l\u00e8ves (Nicole DUVERT) Cours Version Prof Comment est structur\u00e9e la soci\u00e9t\u00e9 fran\u00e7aise actuelle ? Cours version \u00e9l\u00e8ve Comment est structur\u00e9e la soci\u00e9t\u00e9 fran\u00e7aise actuelle ? &hellip; <a href=\"https:\/\/www.pedagogie.ac-nice.fr\/ses\/sociologie\/\">Continuer la lecture <span class=\"meta-nav\">&rarr;<\/span><\/a><\/p>\n","protected":false},"author":399,"featured_media":0,"parent":0,"menu_order":0,"comment_status":"closed","ping_status":"closed","template":"","meta":{"ngg_post_thumbnail":0,"footnotes":""},"class_list":["post-1322","page","type-page","status-publish","hentry"],"rttpg_featured_image_url":null,"rttpg_author":{"display_name":"rcouillet","author_link":"https:\/\/www.pedagogie.ac-nice.fr\/ses\/author\/rcouillet\/"},"rttpg_comment":0,"rttpg_category":null,"rttpg_excerpt":"Sociologie et science politique&nbsp; Comment est structur\u00e9e la soci\u00e9t\u00e9 fran\u00e7aise actuelle ? https:\/\/www.pedagogie.ac-nice.fr\/ses\/wp-content\/uploads\/sites\/9\/2024\/03\/La-structure-de-la-societe-francaise-actuelle.pdf Cours version \u00e9l\u00e8ves (Nicole DUVERT) Cours Version Prof Comment est structur\u00e9e la soci\u00e9t\u00e9 fran\u00e7aise actuelle ? Cours version \u00e9l\u00e8ve Comment est structur\u00e9e la soci\u00e9t\u00e9 fran\u00e7aise actuelle ? &hellip; Continuer la lecture &rarr;","post_mailing_queue_ids":[],"_links":{"self":[{"href":"https:\/\/www.pedagogie.ac-nice.fr\/ses\/wp-json\/wp\/v2\/pages\/1322","targetHints":{"allow":["GET"]}}],"collection":[{"href":"https:\/\/www.pedagogie.ac-nice.fr\/ses\/wp-json\/wp\/v2\/pages"}],"about":[{"href":"https:\/\/www.pedagogie.ac-nice.fr\/ses\/wp-json\/wp\/v2\/types\/page"}],"author":[{"embeddable":true,"href":"https:\/\/www.pedagogie.ac-nice.fr\/ses\/wp-json\/wp\/v2\/users\/399"}],"replies":[{"embeddable":true,"href":"https:\/\/www.pedagogie.ac-nice.fr\/ses\/wp-json\/wp\/v2\/comments?post=1322"}],"version-history":[{"count":8,"href":"https:\/\/www.pedagogie.ac-nice.fr\/ses\/wp-json\/wp\/v2\/pages\/1322\/revisions"}],"predecessor-version":[{"id":2183,"href":"https:\/\/www.pedagogie.ac-nice.fr\/ses\/wp-json\/wp\/v2\/pages\/1322\/revisions\/2183"}],"wp:attachment":[{"href":"https:\/\/www.pedagogie.ac-nice.fr\/ses\/wp-json\/wp\/v2\/media?parent=1322"}],"curies":[{"name":"wp","href":"https:\/\/api.w.org\/{rel}","templated":true}]}}