{"id":1323,"date":"2024-03-13T09:29:47","date_gmt":"2024-03-13T08:29:47","guid":{"rendered":"https:\/\/www.pedagogie.ac-nice.fr\/ses\/?page_id=1323"},"modified":"2024-04-02T18:08:30","modified_gmt":"2024-04-02T16:08:30","slug":"regards-croises","status":"publish","type":"page","link":"https:\/\/www.pedagogie.ac-nice.fr\/ses\/regards-croises\/","title":{"rendered":"Regards crois\u00e9s"},"content":{"rendered":"<p><strong>Regards crois\u00e9s&nbsp;<\/strong><\/p>\n<p><em>Quelles in\u00e9galit\u00e9s sont compatibles avec les diff\u00e9rentes conceptions de <\/em><em>la justice sociale ?<\/em><\/p>\n<p><a href=\"https:\/\/www.pedagogie.ac-nice.fr\/ses\/wp-content\/uploads\/sites\/9\/2024\/03\/Les-inegalites-et-les-differentes-conceptions-de-la-justice-sociale.pdf\">https:\/\/www.pedagogie.ac-nice.fr\/ses\/wp-content\/uploads\/sites\/9\/2024\/03\/Les-inegalites-et-les-differentes-conceptions-de-la-justice-sociale.pdf<\/a><\/p>\n<p><em>Quelle action publique pour l\u2019environnement ?<\/em><\/p>\n","protected":false},"excerpt":{"rendered":"<p>Regards crois\u00e9s&nbsp; Quelles in\u00e9galit\u00e9s sont compatibles avec les diff\u00e9rentes conceptions de la justice sociale ? https:\/\/www.pedagogie.ac-nice.fr\/ses\/wp-content\/uploads\/sites\/9\/2024\/03\/Les-inegalites-et-les-differentes-conceptions-de-la-justice-sociale.pdf Quelle action publique pour l\u2019environnement ?<\/p>\n","protected":false},"author":399,"featured_media":0,"parent":0,"menu_order":0,"comment_status":"closed","ping_status":"closed","template":"","meta":{"ngg_post_thumbnail":0,"footnotes":""},"class_list":["post-1323","page","type-page","status-publish","hentry"],"rttpg_featured_image_url":null,"rttpg_author":{"display_name":"rcouillet","author_link":"https:\/\/www.pedagogie.ac-nice.fr\/ses\/author\/rcouillet\/"},"rttpg_comment":0,"rttpg_category":null,"rttpg_excerpt":"Regards crois\u00e9s&nbsp; Quelles in\u00e9galit\u00e9s sont compatibles avec les diff\u00e9rentes conceptions de la justice sociale ? https:\/\/www.pedagogie.ac-nice.fr\/ses\/wp-content\/uploads\/sites\/9\/2024\/03\/Les-inegalites-et-les-differentes-conceptions-de-la-justice-sociale.pdf Quelle action publique pour l\u2019environnement ?","post_mailing_queue_ids":[],"_links":{"self":[{"href":"https:\/\/www.pedagogie.ac-nice.fr\/ses\/wp-json\/wp\/v2\/pages\/1323","targetHints":{"allow":["GET"]}}],"collection":[{"href":"https:\/\/www.pedagogie.ac-nice.fr\/ses\/wp-json\/wp\/v2\/pages"}],"about":[{"href":"https:\/\/www.pedagogie.ac-nice.fr\/ses\/wp-json\/wp\/v2\/types\/page"}],"author":[{"embeddable":true,"href":"https:\/\/www.pedagogie.ac-nice.fr\/ses\/wp-json\/wp\/v2\/users\/399"}],"replies":[{"embeddable":true,"href":"https:\/\/www.pedagogie.ac-nice.fr\/ses\/wp-json\/wp\/v2\/comments?post=1323"}],"version-history":[{"count":2,"href":"https:\/\/www.pedagogie.ac-nice.fr\/ses\/wp-json\/wp\/v2\/pages\/1323\/revisions"}],"predecessor-version":[{"id":1657,"href":"https:\/\/www.pedagogie.ac-nice.fr\/ses\/wp-json\/wp\/v2\/pages\/1323\/revisions\/1657"}],"wp:attachment":[{"href":"https:\/\/www.pedagogie.ac-nice.fr\/ses\/wp-json\/wp\/v2\/media?parent=1323"}],"curies":[{"name":"wp","href":"https:\/\/api.w.org\/{rel}","templated":true}]}}