{"id":1341,"date":"2024-03-13T14:17:44","date_gmt":"2024-03-13T13:17:44","guid":{"rendered":"https:\/\/www.pedagogie.ac-nice.fr\/ses\/?page_id=1341"},"modified":"2024-07-09T10:20:04","modified_gmt":"2024-07-09T08:20:04","slug":"science-economique","status":"publish","type":"page","link":"https:\/\/www.pedagogie.ac-nice.fr\/ses\/science-economique\/","title":{"rendered":"Sciences Economiques"},"content":{"rendered":"<p><strong>Sciences \u00e9conomiques&nbsp;<\/strong><\/p>\n<p><em>Comment un march\u00e9 concurrentiel fonctionne-t-il ?<\/em><\/p>\n<p><em>Comment les march\u00e9s imparfaitement concurrentiels fonctionnent-ils ?<\/em><\/p>\n<p><em>Quelles sont les principales d\u00e9faillances du march\u00e9 ?<\/em><\/p>\n<p><em>Comment les agents \u00e9conomiques se financent-ils ?<\/em><\/p>\n<p><em>Qu\u2019est-ce que la monnaie et comment est-elle cr\u00e9\u00e9e ?<\/em><\/p>\n","protected":false},"excerpt":{"rendered":"<p>Sciences \u00e9conomiques&nbsp; Comment un march\u00e9 concurrentiel fonctionne-t-il ? Comment les march\u00e9s imparfaitement concurrentiels fonctionnent-ils ? Quelles sont les principales d\u00e9faillances du march\u00e9 ? Comment les agents \u00e9conomiques se financent-ils ? Qu\u2019est-ce que la monnaie et comment est-elle cr\u00e9\u00e9e ?<\/p>\n","protected":false},"author":399,"featured_media":0,"parent":0,"menu_order":0,"comment_status":"closed","ping_status":"closed","template":"","meta":{"ngg_post_thumbnail":0,"footnotes":""},"class_list":["post-1341","page","type-page","status-publish","hentry"],"rttpg_featured_image_url":null,"rttpg_author":{"display_name":"rcouillet","author_link":"https:\/\/www.pedagogie.ac-nice.fr\/ses\/author\/rcouillet\/"},"rttpg_comment":0,"rttpg_category":null,"rttpg_excerpt":"Sciences \u00e9conomiques&nbsp; Comment un march\u00e9 concurrentiel fonctionne-t-il ? Comment les march\u00e9s imparfaitement concurrentiels fonctionnent-ils ? Quelles sont les principales d\u00e9faillances du march\u00e9 ? Comment les agents \u00e9conomiques se financent-ils ? Qu\u2019est-ce que la monnaie et comment est-elle cr\u00e9\u00e9e ?","post_mailing_queue_ids":[],"_links":{"self":[{"href":"https:\/\/www.pedagogie.ac-nice.fr\/ses\/wp-json\/wp\/v2\/pages\/1341","targetHints":{"allow":["GET"]}}],"collection":[{"href":"https:\/\/www.pedagogie.ac-nice.fr\/ses\/wp-json\/wp\/v2\/pages"}],"about":[{"href":"https:\/\/www.pedagogie.ac-nice.fr\/ses\/wp-json\/wp\/v2\/types\/page"}],"author":[{"embeddable":true,"href":"https:\/\/www.pedagogie.ac-nice.fr\/ses\/wp-json\/wp\/v2\/users\/399"}],"replies":[{"embeddable":true,"href":"https:\/\/www.pedagogie.ac-nice.fr\/ses\/wp-json\/wp\/v2\/comments?post=1341"}],"version-history":[{"count":3,"href":"https:\/\/www.pedagogie.ac-nice.fr\/ses\/wp-json\/wp\/v2\/pages\/1341\/revisions"}],"predecessor-version":[{"id":1763,"href":"https:\/\/www.pedagogie.ac-nice.fr\/ses\/wp-json\/wp\/v2\/pages\/1341\/revisions\/1763"}],"wp:attachment":[{"href":"https:\/\/www.pedagogie.ac-nice.fr\/ses\/wp-json\/wp\/v2\/media?parent=1341"}],"curies":[{"name":"wp","href":"https:\/\/api.w.org\/{rel}","templated":true}]}}