{"id":1344,"date":"2025-03-05T11:17:44","date_gmt":"2025-03-05T10:17:44","guid":{"rendered":"https:\/\/www.pedagogie.ac-nice.fr\/ses\/?page_id=1344"},"modified":"2025-09-23T11:19:16","modified_gmt":"2025-09-23T09:19:16","slug":"science-economique-2","status":"publish","type":"page","link":"https:\/\/www.pedagogie.ac-nice.fr\/ses\/science-economique-2\/","title":{"rendered":"Sciences Economiques"},"content":{"rendered":"<p><span style=\"font-size: 14pt;\"><strong>Sciences \u00e9conomiques&nbsp;<\/strong><\/span><\/p>\n<p><span style=\"font-size: 18pt;\"><em>Quels sont les sources et les d\u00e9fis de la croissance \u00e9conomique ?<\/em><\/span><\/p>\n<p><strong>Cours<\/strong><\/p>\n<p><a href=\"https:\/\/www.pedagogie.ac-nice.fr\/ses\/wp-content\/uploads\/sites\/9\/2025\/09\/TERM.SPE_.CHAP_.CROISSANCE.ELEVE_.2025_compressed.pdf\">Version \u00e9l\u00e8ves (Nicole DUVERT)<\/a><\/p>\n<p><a href=\"https:\/\/www.pedagogie.ac-nice.fr\/ses\/wp-content\/uploads\/sites\/9\/2024\/09\/COURS-CROISSANCE-2025-VERSION-ELEVE.pdf\">Version \u00e9l\u00e8ves (Juliette HAY)<\/a><\/p>\n<p><a href=\"https:\/\/www.pedagogie.ac-nice.fr\/ses\/wp-content\/uploads\/sites\/9\/2024\/09\/COURS-CROISSANCE-2025-VERSION-PROFESSEUR.pdf\">Version professeur (Juliette HAY)<\/a><\/p>\n<p><a href=\"https:\/\/www.pedagogie.ac-nice.fr\/ses\/wp-content\/uploads\/sites\/9\/2024\/09\/FICHE-DE-DEFINITIONS-CHAPITRE-1-SOURCES-et-DEFIS-de-la-CROISSANCE.pdf\">Fiche vocabulaire(Juliette HAY)<\/a><\/p>\n<p><strong>Projets<\/strong><\/p>\n<p><a href=\"http:\/\/Sources et d\u00e9fis de la croissance \u00e9conomique\">https:\/\/www.pedagogie.ac-nice.fr\/ses\/wp-content\/uploads\/sites\/9\/2024\/03\/Sources-et-defis-de-la-croissance-economique.pdf<\/a><\/p>\n<p><span style=\"font-size: 18pt;\"><em>Quels sont les fondements du commerce international et de<\/em><\/span><br \/>\n<span style=\"font-size: 18pt;\"><em>l\u2019internationalisation de la production ?<\/em><\/span><\/p>\n<p>Juliette HAY&nbsp;<\/p>\n<p><a href=\"https:\/\/www.pedagogie.ac-nice.fr\/ses\/wp-content\/uploads\/sites\/9\/2025\/02\/SYNTHESE-COMMERCE-INTERNATIONAL-COMPLETE.pdf\">Synth\u00e8se Quels sont les fondements du commerce international et de l\u2019internationalisation de la production ?<\/a><\/p>\n<p><a href=\"https:\/\/www.pedagogie.ac-nice.fr\/ses\/wp-content\/uploads\/sites\/9\/2025\/02\/FICHE-DE-DEFINTIONS-CHAPITRE-COMMERCE-INTER.pdf\">Fiche d\u00e9finition Quels sont les fondements du commerce international et de l\u2019internationalisation de la production ?<\/a><\/p>\n<p><a href=\"https:\/\/www.pedagogie.ac-nice.fr\/ses\/wp-content\/uploads\/sites\/9\/2024\/03\/Fondements-du-commerce-international-et-de-linternationalisation-de-la-production.pdf\">https:\/\/www.pedagogie.ac-nice.fr\/ses\/wp-content\/uploads\/sites\/9\/2024\/03\/Fondements-du-commerce-international-et-de-linternationalisation-de-la-production.pdf<\/a><\/p>\n<p><span style=\"font-size: 18pt;\"><em>Comment expliquer les crises financi\u00e8res <\/em><\/span><span style=\"font-size: 18pt;\"><em>et r\u00e9guler le syst\u00e8me financier ?<\/em><\/span><\/p>\n<p><a href=\"https:\/\/www.pedagogie.ac-nice.fr\/ses\/wp-content\/uploads\/sites\/9\/2024\/03\/Comment-expliquer-les-crises-financieres-et-reguler-le-systeme-financier.pdf\">https:\/\/www.pedagogie.ac-nice.fr\/ses\/wp-content\/uploads\/sites\/9\/2024\/03\/Comment-expliquer-les-crises-financieres-et-reguler-le-systeme-financier.pdf<\/a><\/p>\n<p><a href=\"https:\/\/www.pedagogie.ac-nice.fr\/ses\/wp-content\/uploads\/sites\/9\/2024\/02\/Crises-financieres-analyse-programme.docx\">https:\/\/www.pedagogie.ac-nice.fr\/ses\/wp-content\/uploads\/sites\/9\/2024\/02\/Crises-financieres-analyse-programme.docx<\/a><\/p>\n<p><span style=\"font-size: 18pt;\"><em>Quelles politiques \u00e9conomiques dans le <\/em><em>cadre europ\u00e9en?<\/em><\/span><\/p>\n<p><strong>COURS&nbsp;<\/strong><\/p>\n<p>Juliette HAY&nbsp;<\/p>\n<p><a href=\"https:\/\/www.pedagogie.ac-nice.fr\/ses\/wp-content\/uploads\/sites\/9\/2025\/03\/CHAPITRE-PROF-EUROPE-2025.pdf\">Quelles politiques \u00e9conomiques dans le cadre europ\u00e9en ? Version professeur<\/a><\/p>\n<p><a href=\"https:\/\/www.pedagogie.ac-nice.fr\/ses\/wp-content\/uploads\/sites\/9\/2025\/03\/cours-VE-EUROPE-2025.pdf\">Quelles politiques \u00e9conomiques dans le cadre europ\u00e9en ? VE<\/a><\/p>\n<p><a href=\"https:\/\/www.pedagogie.ac-nice.fr\/ses\/wp-content\/uploads\/sites\/9\/2024\/02\/SYNTHESE-EUROPE-2024-1.pdf\">https:\/\/www.pedagogie.ac-nice.fr\/ses\/wp-content\/uploads\/sites\/9\/2024\/02\/SYNTHESE-EUROPE-2024-1.pdf<\/a><\/p>\n<p><a href=\"https:\/\/www.pedagogie.ac-nice.fr\/ses\/wp-content\/uploads\/sites\/9\/2024\/02\/FICHE-DEFINITIONS-EUROPE-1-1.pdf\">https:\/\/www.pedagogie.ac-nice.fr\/ses\/wp-content\/uploads\/sites\/9\/2024\/02\/FICHE-DEFINITIONS-EUROPE-1-1.pdf<\/a><\/p>\n<p><span style=\"font-size: 18pt;\"><em>Comment lutter contre le ch\u00f4mage ?&nbsp;<\/em><\/span><\/p>\n<p><a href=\"https:\/\/www.pedagogie.ac-nice.fr\/ses\/wp-content\/uploads\/sites\/9\/2024\/03\/Comment-lutter-contre-le-chomage.pdf\">https:\/\/www.pedagogie.ac-nice.fr\/ses\/wp-content\/uploads\/sites\/9\/2024\/03\/Comment-lutter-contre-le-chomage.pdf<\/a><\/p>\n<p><a href=\"https:\/\/www.pedagogie.ac-nice.fr\/ses\/wp-content\/uploads\/sites\/9\/2024\/02\/Chomage-analyse-programme.docx\">https:\/\/www.pedagogie.ac-nice.fr\/ses\/wp-content\/uploads\/sites\/9\/2024\/02\/Chomage-analyse-programme.docx<\/a><\/p>\n","protected":false},"excerpt":{"rendered":"<p>Sciences \u00e9conomiques&nbsp; Quels sont les sources et les d\u00e9fis de la croissance \u00e9conomique ? Cours Version \u00e9l\u00e8ves (Nicole DUVERT) Version \u00e9l\u00e8ves (Juliette HAY) Version professeur (Juliette HAY) Fiche vocabulaire(Juliette HAY) Projets https:\/\/www.pedagogie.ac-nice.fr\/ses\/wp-content\/uploads\/sites\/9\/2024\/03\/Sources-et-defis-de-la-croissance-economique.pdf Quels sont les fondements du commerce international et &hellip; <a href=\"https:\/\/www.pedagogie.ac-nice.fr\/ses\/science-economique-2\/\">Continuer la lecture <span class=\"meta-nav\">&rarr;<\/span><\/a><\/p>\n","protected":false},"author":399,"featured_media":0,"parent":0,"menu_order":0,"comment_status":"closed","ping_status":"closed","template":"","meta":{"ngg_post_thumbnail":0,"footnotes":""},"class_list":["post-1344","page","type-page","status-publish","hentry"],"rttpg_featured_image_url":null,"rttpg_author":{"display_name":"rcouillet","author_link":"https:\/\/www.pedagogie.ac-nice.fr\/ses\/author\/rcouillet\/"},"rttpg_comment":0,"rttpg_category":null,"rttpg_excerpt":"Sciences \u00e9conomiques&nbsp; Quels sont les sources et les d\u00e9fis de la croissance \u00e9conomique ? Cours Version \u00e9l\u00e8ves (Nicole DUVERT) Version \u00e9l\u00e8ves (Juliette HAY) Version professeur (Juliette HAY) Fiche vocabulaire(Juliette HAY) Projets https:\/\/www.pedagogie.ac-nice.fr\/ses\/wp-content\/uploads\/sites\/9\/2024\/03\/Sources-et-defis-de-la-croissance-economique.pdf Quels sont les fondements du commerce international et &hellip; Continuer la lecture &rarr;","post_mailing_queue_ids":[],"_links":{"self":[{"href":"https:\/\/www.pedagogie.ac-nice.fr\/ses\/wp-json\/wp\/v2\/pages\/1344","targetHints":{"allow":["GET"]}}],"collection":[{"href":"https:\/\/www.pedagogie.ac-nice.fr\/ses\/wp-json\/wp\/v2\/pages"}],"about":[{"href":"https:\/\/www.pedagogie.ac-nice.fr\/ses\/wp-json\/wp\/v2\/types\/page"}],"author":[{"embeddable":true,"href":"https:\/\/www.pedagogie.ac-nice.fr\/ses\/wp-json\/wp\/v2\/users\/399"}],"replies":[{"embeddable":true,"href":"https:\/\/www.pedagogie.ac-nice.fr\/ses\/wp-json\/wp\/v2\/comments?post=1344"}],"version-history":[{"count":12,"href":"https:\/\/www.pedagogie.ac-nice.fr\/ses\/wp-json\/wp\/v2\/pages\/1344\/revisions"}],"predecessor-version":[{"id":2180,"href":"https:\/\/www.pedagogie.ac-nice.fr\/ses\/wp-json\/wp\/v2\/pages\/1344\/revisions\/2180"}],"wp:attachment":[{"href":"https:\/\/www.pedagogie.ac-nice.fr\/ses\/wp-json\/wp\/v2\/media?parent=1344"}],"curies":[{"name":"wp","href":"https:\/\/api.w.org\/{rel}","templated":true}]}}