{"id":1363,"date":"2024-03-13T14:22:36","date_gmt":"2024-03-13T13:22:36","guid":{"rendered":"https:\/\/www.pedagogie.ac-nice.fr\/ses\/?page_id=1363"},"modified":"2026-03-06T09:49:40","modified_gmt":"2026-03-06T08:49:40","slug":"sujets","status":"publish","type":"page","link":"https:\/\/www.pedagogie.ac-nice.fr\/ses\/sujets\/","title":{"rendered":"Sujets"},"content":{"rendered":"<p><span style=\"font-size: 14pt;\"><strong>Sujets&nbsp;<\/strong><\/span><\/p>\n<p><em>Terminale&nbsp;<\/em><\/p>\n<p>Premi\u00e8re&nbsp;<\/p>\n<p><a href=\"https:\/\/www.pedagogie.ac-nice.fr\/ses\/wp-content\/uploads\/sites\/9\/2025\/10\/Banque-de-ressources-questions-EC1-sujets-EC3-1ere.pdf\">Banque de ressources questions EC1 et EC3<\/a><\/p>\n<p>&nbsp;<\/p>\n<p>Seconde<\/p>\n<p><em>L&rsquo;IA<\/em>&nbsp;pour&nbsp;<em>cr\u00e9er<\/em>&nbsp;des supports d&rsquo;<em>\u00e9valuation<\/em>&nbsp;en SES.<\/p>\n<p><a href=\"https:\/\/www.pedagogie.ac-nice.fr\/ses\/wp-content\/uploads\/sites\/9\/2026\/03\/Evaluation_diagnostique_Comment-se-forment-les-prix-sur-un-marche-1-1-2-1.docx\">Comment se forment les prix sur un march\u00e9 ? (\u00e9valuation diagnostique)<\/a><\/p>\n<p><a href=\"https:\/\/www.pedagogie.ac-nice.fr\/ses\/wp-content\/uploads\/sites\/9\/2026\/03\/Evaluation-formative-creation-de-richesse-1-2.docx\">Comment cr\u00e9e-t-on des richesses et comment les mesure-t-on ? (\u00e9valuation formative)<\/a><\/p>\n<p><a href=\"https:\/\/www.pedagogie.ac-nice.fr\/ses\/wp-content\/uploads\/sites\/9\/2026\/03\/Evaluation-sommative-creation-de-richesse-1-2-2.docx\">Comment cr\u00e9e-t-on des richesses et comment les mesure t-on ? (\u00e9valuation sommative)<\/a><\/p>\n<p>&nbsp;<\/p>\n","protected":false},"excerpt":{"rendered":"<p>Sujets&nbsp; Terminale&nbsp; Premi\u00e8re&nbsp; Banque de ressources questions EC1 et EC3 &nbsp; Seconde L&rsquo;IA&nbsp;pour&nbsp;cr\u00e9er&nbsp;des supports d&rsquo;\u00e9valuation&nbsp;en SES. Comment se forment les prix sur un march\u00e9 ? (\u00e9valuation diagnostique) Comment cr\u00e9e-t-on des richesses et comment les mesure-t-on ? (\u00e9valuation formative) Comment cr\u00e9e-t-on &hellip; <a href=\"https:\/\/www.pedagogie.ac-nice.fr\/ses\/sujets\/\">Continuer la lecture <span class=\"meta-nav\">&rarr;<\/span><\/a><\/p>\n","protected":false},"author":399,"featured_media":0,"parent":0,"menu_order":0,"comment_status":"closed","ping_status":"closed","template":"","meta":{"ngg_post_thumbnail":0,"footnotes":""},"class_list":["post-1363","page","type-page","status-publish","hentry"],"rttpg_featured_image_url":null,"rttpg_author":{"display_name":"rcouillet","author_link":"https:\/\/www.pedagogie.ac-nice.fr\/ses\/author\/rcouillet\/"},"rttpg_comment":0,"rttpg_category":null,"rttpg_excerpt":"Sujets&nbsp; Terminale&nbsp; Premi\u00e8re&nbsp; Banque de ressources questions EC1 et EC3 &nbsp; Seconde L&rsquo;IA&nbsp;pour&nbsp;cr\u00e9er&nbsp;des supports d&rsquo;\u00e9valuation&nbsp;en SES. Comment se forment les prix sur un march\u00e9 ? (\u00e9valuation diagnostique) Comment cr\u00e9e-t-on des richesses et comment les mesure-t-on ? (\u00e9valuation formative) Comment cr\u00e9e-t-on &hellip; Continuer la lecture &rarr;","post_mailing_queue_ids":[],"_links":{"self":[{"href":"https:\/\/www.pedagogie.ac-nice.fr\/ses\/wp-json\/wp\/v2\/pages\/1363","targetHints":{"allow":["GET"]}}],"collection":[{"href":"https:\/\/www.pedagogie.ac-nice.fr\/ses\/wp-json\/wp\/v2\/pages"}],"about":[{"href":"https:\/\/www.pedagogie.ac-nice.fr\/ses\/wp-json\/wp\/v2\/types\/page"}],"author":[{"embeddable":true,"href":"https:\/\/www.pedagogie.ac-nice.fr\/ses\/wp-json\/wp\/v2\/users\/399"}],"replies":[{"embeddable":true,"href":"https:\/\/www.pedagogie.ac-nice.fr\/ses\/wp-json\/wp\/v2\/comments?post=1363"}],"version-history":[{"count":5,"href":"https:\/\/www.pedagogie.ac-nice.fr\/ses\/wp-json\/wp\/v2\/pages\/1363\/revisions"}],"predecessor-version":[{"id":2248,"href":"https:\/\/www.pedagogie.ac-nice.fr\/ses\/wp-json\/wp\/v2\/pages\/1363\/revisions\/2248"}],"wp:attachment":[{"href":"https:\/\/www.pedagogie.ac-nice.fr\/ses\/wp-json\/wp\/v2\/media?parent=1363"}],"curies":[{"name":"wp","href":"https:\/\/api.w.org\/{rel}","templated":true}]}}