{"id":1389,"date":"2024-12-02T09:01:06","date_gmt":"2024-12-02T08:01:06","guid":{"rendered":"https:\/\/www.pedagogie.ac-nice.fr\/ses\/?page_id=1389"},"modified":"2024-12-04T07:38:47","modified_gmt":"2024-12-04T06:38:47","slug":"autres","status":"publish","type":"page","link":"https:\/\/www.pedagogie.ac-nice.fr\/ses\/autres\/","title":{"rendered":"Autres"},"content":{"rendered":"<p><a href=\"https:\/\/www.pedagogie.ac-nice.fr\/ses\/wp-content\/uploads\/sites\/9\/2024\/12\/Formation-les-SES-et-le-numerique-.pdf\">Formation sur le num\u00e9rique SES<\/a><\/p>\n<p><a href=\"https:\/\/www.pedagogie.ac-nice.fr\/ses\/wp-content\/uploads\/sites\/9\/2024\/09\/Flyer-Formations-EDD-2024-25-1.pdf\">Se former \u00e0 l&rsquo;\u00e9ducation au D\u00e9veloppement Durable<\/a><\/p>\n<p><a href=\"https:\/\/www.pedagogie.ac-nice.fr\/ses\/wp-content\/uploads\/sites\/9\/2024\/09\/PROFESSEURS-2D-LIENS-ABONNEMENT-FORMATIONS-CASNAV-24-25.pdf\">Liens abonnement formations CASNAV<\/a><\/p>\n<p><span style=\"color: #000000;\"><b>Formation \u00ab\u00a0Statistiques avec l&rsquo;Insee par l&rsquo;Insee\u00a0\u00bb<\/b><\/span><\/p>\n<p><a href=\"https:\/\/id.ac-nice.fr\/sofia-fmo-acad\/default\/session\/preregistrationadd\/globalSessionId\/12568\/tab\/trainee\/pill\/individualTrainingPlan\/infos\/60748%7C02%7CS1%7C2024-11-27_14:00:00%7C2024-11-27_17:00:00\">DISCRIMINATIONS ET ENGAGEMENT CITOYEN Groupe 1<\/a><\/p>\n<p><a href=\"https:\/\/id.ac-nice.fr\/sofia-fmo-acad\/default\/session\/preregistrationadd\/globalSessionId\/12566\/tab\/trainee\/pill\/individualTrainingPlan\/infos\/60748%7C01%7CS1%7C2025-01-08_14:00:00%7C2025-01-08_17:00:00\">DISCRIMINATIONS ET ENGAGEMENT CITOYEN Groupe 2<\/a><\/p>\n<p><strong>Diapositive INSEE : portrait et enjeux r\u00e9gion Provence Alpes C\u00f4te d&rsquo;Azur&nbsp;<\/strong><\/p>\n<p><a href=\"https:\/\/www.pedagogie.ac-nice.fr\/ses\/wp-content\/uploads\/sites\/9\/2024\/11\/insee_panorama_regional_2024.pdf\">Provence-Alpes-C\u00f4te d\u2019Azur : portrait et enjeux (Insee)<\/a><\/p>\n","protected":false},"excerpt":{"rendered":"<p>Formation sur le num\u00e9rique SES Se former \u00e0 l&rsquo;\u00e9ducation au D\u00e9veloppement Durable Liens abonnement formations CASNAV Formation \u00ab\u00a0Statistiques avec l&rsquo;Insee par l&rsquo;Insee\u00a0\u00bb DISCRIMINATIONS ET ENGAGEMENT CITOYEN Groupe 1 DISCRIMINATIONS ET ENGAGEMENT CITOYEN Groupe 2 Diapositive INSEE : portrait et enjeux &hellip; <a href=\"https:\/\/www.pedagogie.ac-nice.fr\/ses\/autres\/\">Continuer la lecture <span class=\"meta-nav\">&rarr;<\/span><\/a><\/p>\n","protected":false},"author":399,"featured_media":0,"parent":0,"menu_order":0,"comment_status":"closed","ping_status":"closed","template":"","meta":{"ngg_post_thumbnail":0,"footnotes":""},"class_list":["post-1389","page","type-page","status-publish","hentry"],"rttpg_featured_image_url":null,"rttpg_author":{"display_name":"rcouillet","author_link":"https:\/\/www.pedagogie.ac-nice.fr\/ses\/author\/rcouillet\/"},"rttpg_comment":0,"rttpg_category":null,"rttpg_excerpt":"Formation sur le num\u00e9rique SES Se former \u00e0 l&rsquo;\u00e9ducation au D\u00e9veloppement Durable Liens abonnement formations CASNAV Formation \u00ab\u00a0Statistiques avec l&rsquo;Insee par l&rsquo;Insee\u00a0\u00bb DISCRIMINATIONS ET ENGAGEMENT CITOYEN Groupe 1 DISCRIMINATIONS ET ENGAGEMENT CITOYEN Groupe 2 Diapositive INSEE : portrait et enjeux &hellip; Continuer la lecture &rarr;","post_mailing_queue_ids":[],"_links":{"self":[{"href":"https:\/\/www.pedagogie.ac-nice.fr\/ses\/wp-json\/wp\/v2\/pages\/1389","targetHints":{"allow":["GET"]}}],"collection":[{"href":"https:\/\/www.pedagogie.ac-nice.fr\/ses\/wp-json\/wp\/v2\/pages"}],"about":[{"href":"https:\/\/www.pedagogie.ac-nice.fr\/ses\/wp-json\/wp\/v2\/types\/page"}],"author":[{"embeddable":true,"href":"https:\/\/www.pedagogie.ac-nice.fr\/ses\/wp-json\/wp\/v2\/users\/399"}],"replies":[{"embeddable":true,"href":"https:\/\/www.pedagogie.ac-nice.fr\/ses\/wp-json\/wp\/v2\/comments?post=1389"}],"version-history":[{"count":11,"href":"https:\/\/www.pedagogie.ac-nice.fr\/ses\/wp-json\/wp\/v2\/pages\/1389\/revisions"}],"predecessor-version":[{"id":1915,"href":"https:\/\/www.pedagogie.ac-nice.fr\/ses\/wp-json\/wp\/v2\/pages\/1389\/revisions\/1915"}],"wp:attachment":[{"href":"https:\/\/www.pedagogie.ac-nice.fr\/ses\/wp-json\/wp\/v2\/media?parent=1389"}],"curies":[{"name":"wp","href":"https:\/\/api.w.org\/{rel}","templated":true}]}}