{"id":1454,"date":"2024-03-05T11:59:56","date_gmt":"2024-03-05T10:59:56","guid":{"rendered":"https:\/\/www.pedagogie.ac-nice.fr\/ses\/?page_id=1454"},"modified":"2025-03-07T13:04:44","modified_gmt":"2025-03-07T12:04:44","slug":"quelles-politiques-dans-le-cadre-europeen","status":"publish","type":"page","link":"https:\/\/www.pedagogie.ac-nice.fr\/ses\/quelles-politiques-dans-le-cadre-europeen\/","title":{"rendered":"Quelles politiques \u00e9conomiques dans le cadre europ\u00e9en ?"},"content":{"rendered":"<p><strong>COURS&nbsp;<\/strong><\/p>\n<p>Juliette HAY&nbsp;<\/p>\n<p><a href=\"https:\/\/www.pedagogie.ac-nice.fr\/ses\/wp-content\/uploads\/sites\/9\/2025\/03\/CHAPITRE-PROF-EUROPE-2025.pdf\">Quelles politiques \u00e9conomiques dans le cadre europ\u00e9en ? Version professeur<\/a><\/p>\n<p><a href=\"https:\/\/www.pedagogie.ac-nice.fr\/ses\/wp-content\/uploads\/sites\/9\/2025\/03\/cours-VE-EUROPE-2025.pdf\">Quelles politiques \u00e9conomiques dans le cadre europ\u00e9en ? VE<\/a><\/p>\n<a href=\"https:\/\/www.pedagogie.ac-nice.fr\/ses\/wp-content\/uploads\/sites\/9\/2024\/02\/SYNTHESE-EUROPE-2024-3.pdf\" class=\"pdfemb-viewer\" style=\"\" data-width=\"max\" data-height=\"max\" data-toolbar=\"bottom\" data-toolbar-fixed=\"off\">SYNTHESE EUROPE 2024<\/a>\n<p><a href=\"https:\/\/www.pedagogie.ac-nice.fr\/ses\/wp-content\/uploads\/sites\/9\/2024\/02\/SYNTHESE-EUROPE-2024-2.pdf\">https:\/\/www.pedagogie.ac-nice.fr\/ses\/wp-content\/uploads\/sites\/9\/2024\/02\/SYNTHESE-EUROPE-2024-2.pdf<\/a><\/p>\n<p><a href=\"https:\/\/www.pedagogie.ac-nice.fr\/ses\/wp-content\/uploads\/sites\/9\/2024\/02\/FICHE-DEFINITIONS-EUROPE-1-2.pdf\">https:\/\/www.pedagogie.ac-nice.fr\/ses\/wp-content\/uploads\/sites\/9\/2024\/02\/FICHE-DEFINITIONS-EUROPE-1-2.pdf<\/a><\/p>\n<p>&nbsp;<\/p>\n","protected":false},"excerpt":{"rendered":"<p>COURS&nbsp; Juliette HAY&nbsp; Quelles politiques \u00e9conomiques dans le cadre europ\u00e9en ? Version professeur Quelles politiques \u00e9conomiques dans le cadre europ\u00e9en ? VE https:\/\/www.pedagogie.ac-nice.fr\/ses\/wp-content\/uploads\/sites\/9\/2024\/02\/SYNTHESE-EUROPE-2024-2.pdf https:\/\/www.pedagogie.ac-nice.fr\/ses\/wp-content\/uploads\/sites\/9\/2024\/02\/FICHE-DEFINITIONS-EUROPE-1-2.pdf &nbsp;<\/p>\n","protected":false},"author":399,"featured_media":0,"parent":0,"menu_order":0,"comment_status":"closed","ping_status":"closed","template":"","meta":{"ngg_post_thumbnail":0,"footnotes":""},"class_list":["post-1454","page","type-page","status-publish","hentry"],"rttpg_featured_image_url":null,"rttpg_author":{"display_name":"rcouillet","author_link":"https:\/\/www.pedagogie.ac-nice.fr\/ses\/author\/rcouillet\/"},"rttpg_comment":0,"rttpg_category":null,"rttpg_excerpt":"COURS&nbsp; Juliette HAY&nbsp; Quelles politiques \u00e9conomiques dans le cadre europ\u00e9en ? Version professeur Quelles politiques \u00e9conomiques dans le cadre europ\u00e9en ? VE https:\/\/www.pedagogie.ac-nice.fr\/ses\/wp-content\/uploads\/sites\/9\/2024\/02\/SYNTHESE-EUROPE-2024-2.pdf https:\/\/www.pedagogie.ac-nice.fr\/ses\/wp-content\/uploads\/sites\/9\/2024\/02\/FICHE-DEFINITIONS-EUROPE-1-2.pdf &nbsp;","post_mailing_queue_ids":[],"_links":{"self":[{"href":"https:\/\/www.pedagogie.ac-nice.fr\/ses\/wp-json\/wp\/v2\/pages\/1454","targetHints":{"allow":["GET"]}}],"collection":[{"href":"https:\/\/www.pedagogie.ac-nice.fr\/ses\/wp-json\/wp\/v2\/pages"}],"about":[{"href":"https:\/\/www.pedagogie.ac-nice.fr\/ses\/wp-json\/wp\/v2\/types\/page"}],"author":[{"embeddable":true,"href":"https:\/\/www.pedagogie.ac-nice.fr\/ses\/wp-json\/wp\/v2\/users\/399"}],"replies":[{"embeddable":true,"href":"https:\/\/www.pedagogie.ac-nice.fr\/ses\/wp-json\/wp\/v2\/comments?post=1454"}],"version-history":[{"count":5,"href":"https:\/\/www.pedagogie.ac-nice.fr\/ses\/wp-json\/wp\/v2\/pages\/1454\/revisions"}],"predecessor-version":[{"id":2043,"href":"https:\/\/www.pedagogie.ac-nice.fr\/ses\/wp-json\/wp\/v2\/pages\/1454\/revisions\/2043"}],"wp:attachment":[{"href":"https:\/\/www.pedagogie.ac-nice.fr\/ses\/wp-json\/wp\/v2\/media?parent=1454"}],"curies":[{"name":"wp","href":"https:\/\/api.w.org\/{rel}","templated":true}]}}