{"id":1608,"date":"2025-09-15T19:12:16","date_gmt":"2025-09-15T17:12:16","guid":{"rendered":"https:\/\/www.pedagogie.ac-nice.fr\/ses\/?page_id=1608"},"modified":"2025-09-23T11:18:29","modified_gmt":"2025-09-23T09:18:29","slug":"quels-sont-les-sources-et-les-defis-de-la-croissance-economique","status":"publish","type":"page","link":"https:\/\/www.pedagogie.ac-nice.fr\/ses\/quels-sont-les-sources-et-les-defis-de-la-croissance-economique\/","title":{"rendered":"Quels sont les sources et les d\u00e9fis de la croissance \u00e9conomique ?"},"content":{"rendered":"<p><strong>Cours<\/strong><\/p>\n<p><a href=\"https:\/\/www.pedagogie.ac-nice.fr\/ses\/wp-content\/uploads\/sites\/9\/2025\/09\/TERM.SPE_.CHAP_.CROISSANCE.ELEVE_.2025_compressed.pdf\">Version \u00e9l\u00e8ves (Nicole DUVERT)<\/a><\/p>\n<p><a href=\"https:\/\/www.pedagogie.ac-nice.fr\/ses\/wp-content\/uploads\/sites\/9\/2024\/09\/COURS-CROISSANCE-2025-VERSION-ELEVE.pdf\">Version \u00e9l\u00e8ves (Juliette HAY)<\/a><\/p>\n<p><a href=\"https:\/\/www.pedagogie.ac-nice.fr\/ses\/wp-content\/uploads\/sites\/9\/2024\/09\/COURS-CROISSANCE-2025-VERSION-PROFESSEUR.pdf\">Version professeur (Juliette HAY)<\/a><\/p>\n<p><a href=\"https:\/\/www.pedagogie.ac-nice.fr\/ses\/wp-content\/uploads\/sites\/9\/2024\/09\/FICHE-DE-DEFINITIONS-CHAPITRE-1-SOURCES-et-DEFIS-de-la-CROISSANCE.pdf\">Fiche vocabulaire(Juliette HAY)<\/a><\/p>\n<p><strong>Projets<\/strong><\/p>\n<a href=\"https:\/\/www.pedagogie.ac-nice.fr\/ses\/wp-content\/uploads\/sites\/9\/2024\/03\/Sources-et-defis-de-la-croissance-economique.pdf\" class=\"pdfemb-viewer\" style=\"\" data-width=\"max\" data-height=\"max\" data-toolbar=\"bottom\" data-toolbar-fixed=\"off\">Sources et d\u00e9fis de la croissance \u00e9conomique<\/a>\n<p><a href=\"https:\/\/www.pedagogie.ac-nice.fr\/ses\/wp-content\/uploads\/sites\/9\/2024\/03\/Sources-et-defis-de-la-croissance-economique.pdf\">https:\/\/www.pedagogie.ac-nice.fr\/ses\/wp-content\/uploads\/sites\/9\/2024\/03\/Sources-et-defis-de-la-croissance-economique.pdf<\/a><\/p>\n","protected":false},"excerpt":{"rendered":"<p>Cours Version \u00e9l\u00e8ves (Nicole DUVERT) Version \u00e9l\u00e8ves (Juliette HAY) Version professeur (Juliette HAY) Fiche vocabulaire(Juliette HAY) Projets https:\/\/www.pedagogie.ac-nice.fr\/ses\/wp-content\/uploads\/sites\/9\/2024\/03\/Sources-et-defis-de-la-croissance-economique.pdf<\/p>\n","protected":false},"author":399,"featured_media":0,"parent":0,"menu_order":0,"comment_status":"closed","ping_status":"closed","template":"","meta":{"ngg_post_thumbnail":0,"footnotes":""},"class_list":["post-1608","page","type-page","status-publish","hentry"],"rttpg_featured_image_url":null,"rttpg_author":{"display_name":"rcouillet","author_link":"https:\/\/www.pedagogie.ac-nice.fr\/ses\/author\/rcouillet\/"},"rttpg_comment":0,"rttpg_category":null,"rttpg_excerpt":"Cours Version \u00e9l\u00e8ves (Nicole DUVERT) Version \u00e9l\u00e8ves (Juliette HAY) Version professeur (Juliette HAY) Fiche vocabulaire(Juliette HAY) Projets https:\/\/www.pedagogie.ac-nice.fr\/ses\/wp-content\/uploads\/sites\/9\/2024\/03\/Sources-et-defis-de-la-croissance-economique.pdf","post_mailing_queue_ids":[],"_links":{"self":[{"href":"https:\/\/www.pedagogie.ac-nice.fr\/ses\/wp-json\/wp\/v2\/pages\/1608","targetHints":{"allow":["GET"]}}],"collection":[{"href":"https:\/\/www.pedagogie.ac-nice.fr\/ses\/wp-json\/wp\/v2\/pages"}],"about":[{"href":"https:\/\/www.pedagogie.ac-nice.fr\/ses\/wp-json\/wp\/v2\/types\/page"}],"author":[{"embeddable":true,"href":"https:\/\/www.pedagogie.ac-nice.fr\/ses\/wp-json\/wp\/v2\/users\/399"}],"replies":[{"embeddable":true,"href":"https:\/\/www.pedagogie.ac-nice.fr\/ses\/wp-json\/wp\/v2\/comments?post=1608"}],"version-history":[{"count":5,"href":"https:\/\/www.pedagogie.ac-nice.fr\/ses\/wp-json\/wp\/v2\/pages\/1608\/revisions"}],"predecessor-version":[{"id":2178,"href":"https:\/\/www.pedagogie.ac-nice.fr\/ses\/wp-json\/wp\/v2\/pages\/1608\/revisions\/2178"}],"wp:attachment":[{"href":"https:\/\/www.pedagogie.ac-nice.fr\/ses\/wp-json\/wp\/v2\/media?parent=1608"}],"curies":[{"name":"wp","href":"https:\/\/api.w.org\/{rel}","templated":true}]}}