{"id":1611,"date":"2025-09-13T08:12:16","date_gmt":"2025-09-13T06:12:16","guid":{"rendered":"https:\/\/www.pedagogie.ac-nice.fr\/ses\/?page_id=1611"},"modified":"2025-09-23T11:20:41","modified_gmt":"2025-09-23T09:20:41","slug":"comment-est-structuree-la-societe-francaise-actuelle","status":"publish","type":"page","link":"https:\/\/www.pedagogie.ac-nice.fr\/ses\/comment-est-structuree-la-societe-francaise-actuelle\/","title":{"rendered":"Comment est structur\u00e9e la soci\u00e9t\u00e9 fran\u00e7aise actuelle ?"},"content":{"rendered":"<p><a href=\"https:\/\/www.pedagogie.ac-nice.fr\/ses\/wp-content\/uploads\/sites\/9\/2025\/09\/TERM.SES_.CHAP_.STRUCT.SOC_.2025.ELEVES_compressed.pdf\">Cours version \u00e9l\u00e8ves (Nicole DUVERT)<\/a><\/p>\n<p><a href=\"https:\/\/www.pedagogie.ac-nice.fr\/ses\/wp-content\/uploads\/sites\/9\/2025\/01\/CHAPITRE-STRUCTURE-SOCIALE-VERSION-PROF-2024-2025.pdf\">Cours Version Prof Comment est structur\u00e9e la soci\u00e9t\u00e9 fran\u00e7aise actuelle ?<\/a><\/p>\n<p><a href=\"https:\/\/www.pedagogie.ac-nice.fr\/ses\/wp-content\/uploads\/sites\/9\/2025\/01\/CHAPITRE-STRUCTURE-SOCIALE-VERSION-ELEVE-2024-2025.pdf\">Cours version \u00e9l\u00e8ve Comment est structur\u00e9e la soci\u00e9t\u00e9 fran\u00e7aise actuelle ?<\/a><\/p>\n<p><a href=\"https:\/\/www.pedagogie.ac-nice.fr\/ses\/wp-content\/uploads\/sites\/9\/2025\/01\/FICHE-de-SYNTHESE-CHAPITRE-STRUCTURE-SOCIALE-2024-2025.pdf\">Fiche synth\u00e8se : comment est structur\u00e9e la soci\u00e9t\u00e9 fran\u00e7aise actuelle ?<\/a><\/p>\n<p><a href=\"https:\/\/www.pedagogie.ac-nice.fr\/ses\/wp-content\/uploads\/sites\/9\/2025\/01\/FICHE-DE-DEFINITIONS-CHAPITRE-STRUCTURE-SOCIALE.pdf\">Fiche d\u00e9finition : comment est structur\u00e9e la soci\u00e9t\u00e9 fran\u00e7aise actuelle ? <\/a><\/p>\n<a href=\"https:\/\/www.pedagogie.ac-nice.fr\/ses\/wp-content\/uploads\/sites\/9\/2024\/03\/La-structure-de-la-societe-francaise-actuelle.pdf\" class=\"pdfemb-viewer\" style=\"\" data-width=\"max\" data-height=\"max\" data-toolbar=\"bottom\" data-toolbar-fixed=\"off\">La structure de la soci\u00e9t\u00e9 fran\u00e7aise actuelle<\/a>\n<p><a href=\"https:\/\/www.pedagogie.ac-nice.fr\/ses\/wp-content\/uploads\/sites\/9\/2024\/03\/La-structure-de-la-societe-francaise-actuelle.pdf\">https:\/\/www.pedagogie.ac-nice.fr\/ses\/wp-content\/uploads\/sites\/9\/2024\/03\/La-structure-de-la-societe-francaise-actuelle.pdf<\/a><\/p>\n","protected":false},"excerpt":{"rendered":"<p>Cours version \u00e9l\u00e8ves (Nicole DUVERT) Cours Version Prof Comment est structur\u00e9e la soci\u00e9t\u00e9 fran\u00e7aise actuelle ? Cours version \u00e9l\u00e8ve Comment est structur\u00e9e la soci\u00e9t\u00e9 fran\u00e7aise actuelle ? Fiche synth\u00e8se : comment est structur\u00e9e la soci\u00e9t\u00e9 fran\u00e7aise actuelle ? Fiche d\u00e9finition &hellip; <a href=\"https:\/\/www.pedagogie.ac-nice.fr\/ses\/comment-est-structuree-la-societe-francaise-actuelle\/\">Continuer la lecture <span class=\"meta-nav\">&rarr;<\/span><\/a><\/p>\n","protected":false},"author":399,"featured_media":0,"parent":0,"menu_order":0,"comment_status":"closed","ping_status":"closed","template":"","meta":{"ngg_post_thumbnail":0,"footnotes":""},"class_list":["post-1611","page","type-page","status-publish","hentry"],"rttpg_featured_image_url":null,"rttpg_author":{"display_name":"rcouillet","author_link":"https:\/\/www.pedagogie.ac-nice.fr\/ses\/author\/rcouillet\/"},"rttpg_comment":0,"rttpg_category":null,"rttpg_excerpt":"Cours version \u00e9l\u00e8ves (Nicole DUVERT) Cours Version Prof Comment est structur\u00e9e la soci\u00e9t\u00e9 fran\u00e7aise actuelle ? Cours version \u00e9l\u00e8ve Comment est structur\u00e9e la soci\u00e9t\u00e9 fran\u00e7aise actuelle ? Fiche synth\u00e8se : comment est structur\u00e9e la soci\u00e9t\u00e9 fran\u00e7aise actuelle ? Fiche d\u00e9finition &hellip; Continuer la lecture &rarr;","post_mailing_queue_ids":[],"_links":{"self":[{"href":"https:\/\/www.pedagogie.ac-nice.fr\/ses\/wp-json\/wp\/v2\/pages\/1611","targetHints":{"allow":["GET"]}}],"collection":[{"href":"https:\/\/www.pedagogie.ac-nice.fr\/ses\/wp-json\/wp\/v2\/pages"}],"about":[{"href":"https:\/\/www.pedagogie.ac-nice.fr\/ses\/wp-json\/wp\/v2\/types\/page"}],"author":[{"embeddable":true,"href":"https:\/\/www.pedagogie.ac-nice.fr\/ses\/wp-json\/wp\/v2\/users\/399"}],"replies":[{"embeddable":true,"href":"https:\/\/www.pedagogie.ac-nice.fr\/ses\/wp-json\/wp\/v2\/comments?post=1611"}],"version-history":[{"count":4,"href":"https:\/\/www.pedagogie.ac-nice.fr\/ses\/wp-json\/wp\/v2\/pages\/1611\/revisions"}],"predecessor-version":[{"id":2181,"href":"https:\/\/www.pedagogie.ac-nice.fr\/ses\/wp-json\/wp\/v2\/pages\/1611\/revisions\/2181"}],"wp:attachment":[{"href":"https:\/\/www.pedagogie.ac-nice.fr\/ses\/wp-json\/wp\/v2\/media?parent=1611"}],"curies":[{"name":"wp","href":"https:\/\/api.w.org\/{rel}","templated":true}]}}